{"id":922,"date":"2017-09-13T15:05:03","date_gmt":"2017-09-13T14:05:03","guid":{"rendered":"https:\/\/personal.pmf.uns.ac.rs\/tijana.prodanovic\/?page_id=922"},"modified":"2021-03-11T13:35:36","modified_gmt":"2021-03-11T12:35:36","slug":"astrogimnazija","status":"publish","type":"page","link":"https:\/\/personal.pmf.uns.ac.rs\/tijana.prodanovic\/teaching\/courses\/astrogimnazija\/","title":{"rendered":"Astronomija &#8211; gimnazija"},"content":{"rendered":"<div id=\"subnavBox\">\n<p>| Seminarski radovi | <a href=\"http:\/\/people.df.uns.ac.rs\/%7Eprodanvc\/predavanja\/astrogimnazija\/\">PowerPoint predavanja<\/a> |<br \/>\nDoma\u0107i zadatak: <a href=\"https:\/\/people.df.uns.ac.rs\/%7Eprodanvc\/predavanja\/astrogimnazija\/zadaci\/Domaci%20zadatak%20f1.pdf\">Doma\u0107i No. 1f<\/a> ; <a href=\"https:\/\/people.df.uns.ac.rs\/%7Eprodanvc\/predavanja\/astrogimnazija\/zadaci\/Domaci zadatak 1.pdf\" data-wplink-url-error=\"true\">Doma\u0107i No. 1\/Doma\u0107i No.2f<\/a><br \/>\nRe\u0161enja: <a href=\"https:\/\/people.df.uns.ac.rs\/%7Eprodanvc\/predavanja\/astrogimnazija\/zadaci\/kontrolni 3 resenje.pdf\" data-wplink-url-error=\"true\">Kontrolni No. 3<\/a><\/p>\n<\/div>\n<p><strong>Obave\u0161tenja:<\/strong><\/p>\n<p><strong>11.3.2021.<\/strong><\/p>\n<p><a href=\"https:\/\/people.df.uns.ac.rs\/%7Eprodanvc\/predavanja\/astrogimnazija\/zadaci\/kontrolni 3 resenje.pdf\" data-wplink-url-error=\"true\">Re\u0161enje<\/a> kontrolnog broj 3 je postavljeno i mo\u017eete ga pogledati.<\/p>\n<p><strong>9.12.2020.<\/strong><\/p>\n<p>Kontrolni broj 2 iz astronomije \u0107e biti online 9.12.2020. sa po\u010detkom u 20h za sva odeljenja kojima predajem. Link \u0107e vam biti postat na email u 20h.<\/p>\n<p><strong>27.10.2020.<\/strong><\/p>\n<p><a href=\"https:\/\/people.df.uns.ac.rs\/%7Eprodanvc\/predavanja\/astrogimnazija\/zadaci\/Domaci zadatak 1.pdf\" data-wplink-url-error=\"true\">Doma\u0107i zadatak br 1<\/a> za specijalno odeljenje matemati\u010dara kao i <a href=\"https:\/\/people.df.uns.ac.rs\/%7Eprodanvc\/predavanja\/astrogimnazija\/zadaci\/Domaci zadatak 1.pdf\" data-wplink-url-error=\"true\">Doma\u0107i zadatak broj 2<\/a> za odeljenje fizi\u010dara je postavljen. Rok za predaju je 4.11.2020.<\/p>\n<p><strong>6.9.2020.<\/strong><\/p>\n<p><a href=\"https:\/\/people.df.uns.ac.rs\/%7Eprodanvc\/predavanja\/astrogimnazija\/zadaci\/Domaci%20zadatak%20f1.pdf\">Doma\u0107i zadatak br 1<\/a> za specijalno odeljenje fizi\u010dara je postavljeno. Rok za predaju je 6.4.2021.<\/p>\n<address><strong>2<\/strong><strong>.9.2020.<\/strong><\/address>\n<p>Zbog\u00a0 COVID-19 epidemije, \u0161kolsku godinu zapo\u010dinjemo daljinskom\/online nastavom. Nastava \u0107e biti u obliku snimljenih lekcija (video snimci u .mp4 formatu i audio snimci zasebno)\u00a0 prezentacija sa predavanja u Power Point-u. Snimci i prezentacije nalaze se na linku gore ozna\u010denom sa &#8220;PowerPoint predavanja&#8221;.<\/p>\n<p>Snimci i prezentacije bi\u0107e isti za matemati\u010dka i fizi\u010darska odeljenja ali delovi koji budu samo za jedne ili za druge \u0107e biti nazna\u010deni.<\/p>\n<p>Ukoliko imate bilo kakvih pitanja i nejasno\u0107a u vezi lekcija po\u0161aljite mi ih na email ili ostavite ovde dole u kometaru pa \u0107u tu i odgovoriti.<\/p>\n","protected":false},"excerpt":{"rendered":"<p>| Seminarski radovi | PowerPoint predavanja | Doma\u0107i zadatak: Doma\u0107i No. 1f ; Doma\u0107i No. 1\/Doma\u0107i No.2f Re\u0161enja: Kontrolni No. 3 Obave\u0161tenja: 11.3.2021. Re\u0161enje kontrolnog broj 3 je postavljeno i mo\u017eete ga pogledati. 9.12.2020. Kontrolni broj 2 iz astronomije \u0107e biti online 9.12.2020. sa po\u010detkom u 20h za sva odeljenja kojima predajem. Link \u0107e vam [&hellip;]<\/p>\n","protected":false},"author":11,"featured_media":0,"parent":5,"menu_order":0,"comment_status":"open","ping_status":"closed","template":"","meta":{"_monsterinsights_skip_tracking":false,"_monsterinsights_sitenote_active":false,"_monsterinsights_sitenote_note":"","_monsterinsights_sitenote_category":0,"footnotes":""},"class_list":["post-922","page","type-page","status-publish","hentry"],"_links":{"self":[{"href":"https:\/\/personal.pmf.uns.ac.rs\/tijana.prodanovic\/wp-json\/wp\/v2\/pages\/922","targetHints":{"allow":["GET"]}}],"collection":[{"href":"https:\/\/personal.pmf.uns.ac.rs\/tijana.prodanovic\/wp-json\/wp\/v2\/pages"}],"about":[{"href":"https:\/\/personal.pmf.uns.ac.rs\/tijana.prodanovic\/wp-json\/wp\/v2\/types\/page"}],"author":[{"embeddable":true,"href":"https:\/\/personal.pmf.uns.ac.rs\/tijana.prodanovic\/wp-json\/wp\/v2\/users\/11"}],"replies":[{"embeddable":true,"href":"https:\/\/personal.pmf.uns.ac.rs\/tijana.prodanovic\/wp-json\/wp\/v2\/comments?post=922"}],"version-history":[{"count":25,"href":"https:\/\/personal.pmf.uns.ac.rs\/tijana.prodanovic\/wp-json\/wp\/v2\/pages\/922\/revisions"}],"predecessor-version":[{"id":1160,"href":"https:\/\/personal.pmf.uns.ac.rs\/tijana.prodanovic\/wp-json\/wp\/v2\/pages\/922\/revisions\/1160"}],"up":[{"embeddable":true,"href":"https:\/\/personal.pmf.uns.ac.rs\/tijana.prodanovic\/wp-json\/wp\/v2\/pages\/5"}],"wp:attachment":[{"href":"https:\/\/personal.pmf.uns.ac.rs\/tijana.prodanovic\/wp-json\/wp\/v2\/media?parent=922"}],"curies":[{"name":"wp","href":"https:\/\/api.w.org\/{rel}","templated":true}]}}