{"id":8,"date":"2012-12-28T10:59:46","date_gmt":"2012-12-28T09:59:46","guid":{"rendered":"http:\/\/personal.pmf.uns.ac.rs\/tijana.prodanovic\/?page_id=8"},"modified":"2019-11-06T10:52:58","modified_gmt":"2019-11-06T09:52:58","slug":"studentska_astro_radionica","status":"publish","type":"page","link":"https:\/\/personal.pmf.uns.ac.rs\/tijana.prodanovic\/teaching\/studentska_astro_radionica\/","title":{"rendered":"Studentska Astronomska Radionica (Workshop of Astronomy Students)"},"content":{"rendered":"<p><a href=\"https:\/\/personal.pmf.uns.ac.rs\/tijana.prodanovic\/teaching\/studentska_astro_radionica\/img_9150\/\" rel=\"attachment wp-att-1103\"><img loading=\"lazy\" decoding=\"async\" class=\"alignnone wp-image-1103 size-full\" src=\"https:\/\/personal.pmf.uns.ac.rs\/tijana.prodanovic\/wp-content\/uploads\/sites\/10\/2019\/11\/IMG_9150-e1573033861538.jpg\" alt=\"\" width=\"1024\" height=\"768\" srcset=\"https:\/\/personal.pmf.uns.ac.rs\/tijana.prodanovic\/wp-content\/uploads\/sites\/10\/2019\/11\/IMG_9150-e1573033861538.jpg 1024w, https:\/\/personal.pmf.uns.ac.rs\/tijana.prodanovic\/wp-content\/uploads\/sites\/10\/2019\/11\/IMG_9150-e1573033861538-300x225.jpg 300w, https:\/\/personal.pmf.uns.ac.rs\/tijana.prodanovic\/wp-content\/uploads\/sites\/10\/2019\/11\/IMG_9150-e1573033861538-768x576.jpg 768w, https:\/\/personal.pmf.uns.ac.rs\/tijana.prodanovic\/wp-content\/uploads\/sites\/10\/2019\/11\/IMG_9150-e1573033861538-624x468.jpg 624w\" sizes=\"auto, (max-width: 1024px) 100vw, 1024px\" \/><\/a><\/p>\n<div id=\"content\">\n<div>\n<h1><strong>XI SAR (WAS)<br \/>\n<\/strong><\/h1>\n<address><strong>Subota, 2.11.2019.<\/strong><\/address>\n<address>\n<address><strong><a href=\"https:\/\/goo.gl\/maps\/HGieWcwWpehB1dYcA\">Department of Astronomy, Faculty of Mathematic, University of Belgrade,\u00a0 Studentski Trg 16, Belgrade<\/a><br \/>\n<\/strong><\/address>\n<\/address>\n<p><a href=\"http:\/\/people.df.uns.ac.rs\/~prodanvc\/radionica\/XI_SAR_program.pdf\"><strong><em>PROGRAM<\/em><\/strong><\/a><\/p>\n<p>10:30 &#8211; 11:00 Dolazak koleginica i kolega iz Novog Sada<\/p>\n<p><b>Plenarno predavanje<br \/>\n<\/b><\/p>\n<p>11:00 &#8211; 11:45 <a href=\"http:\/\/people.df.uns.ac.rs\/%7Eprodanvc\/radionica\/predavanja\/jedanaesta\/Stalevski.pdf\">Marko Stalevski &#8211; Pra\u0161ina u aktivnim galakti\u010dkim jezgrima<\/a><em><br \/>\n<\/em><\/p>\n<p>11:45 &#8211; 12:00 Pauza<\/p>\n<p><b>Sesija I<\/b> (Chair:A. Kova\u010devi\u0107)<br \/>\n12:00 &#8211; 12:20 <a href=\"http:\/\/people.df.uns.ac.rs\/%7Eprodanvc\/radionica\/predavanja\/jedanaesta\/Savic.pdf\">Sara Savi\u0107: \u201cAutomatizacija procesa detekcije i pra\u0107enja magnetnih elemenata<\/a><br \/>\nsa HMI-SHARP snimaka\u201d<br \/>\n12:20 &#8211; 12:40 <a href=\"http:\/\/people.df.uns.ac.rs\/%7Eprodanvc\/radionica\/predavanja\/jedanaesta\/Stankovic.pdf\">Ivan Stankovi\u0107: \u201cPosmatranje meteora: \u0161kole, kampovi konferencije\u201d<\/a><br \/>\n12:40 &#8211; 13:00 <a href=\"http:\/\/people.df.uns.ac.rs\/%7Eprodanvc\/radionica\/predavanja\/jedanaesta\/Pavela.pdf\">Debora Pavela: \u201cDinami\u010dka evolucija Konig i Karma familije asteroida&#8221;<\/a><\/p>\n<p>13:00 &#8211; 14:00 Pauza za ru\u010dak<\/p>\n<p><b>Sesion II<\/b> (Chair: T. Prodanovi\u0107)<br \/>\n14:00 &#8211; 14:20 <a href=\"http:\/\/people.df.uns.ac.rs\/%7Eprodanvc\/radionica\/predavanja\/jedanaesta\/Milanovic.pdf\">Nikolina Milanovi\u0107: \u201cPotraga za najja\u010dim magnetnim poljima na povr\u0161ini Sunca u<\/a><br \/>\nposmatranjima sa HINODE SOT\/SP\u201d<br \/>\n14:20 &#8211; 14:40 <a href=\"http:\/\/people.df.uns.ac.rs\/%7Eprodanvc\/radionica\/predavanja\/jedanaesta\/Milovanovic.pdf\">An\u0111elka Milovanovi\u0107: \u201cOtklanjanje distorzije kod slike: pajton primer\u201d<\/a><br \/>\n14:40 &#8211; 15:00 <a href=\"http:\/\/people.df.uns.ac.rs\/%7Eprodanvc\/radionica\/predavanja\/jedanaesta\/Milic.pdf\">Damnjan Mili\u0107 i Milica Raki\u0107: \u201cVideti ili ne videti, Vidojevica 2019.\u201d<\/a><br \/>\n15:00 &#8211; 15:20<a href=\"http:\/\/people.df.uns.ac.rs\/%7Eprodanvc\/radionica\/predavanja\/jedanaesta\/Pavlovic.pdf\"> Marina Pavlovi\u0107: \u201c2019-Godina astronomije u Novom Sadu\u201d<\/a><\/p>\n<p>15:20 &#8211; 15:50 Kafe pauza<\/p>\n<p>15:50 &#8211; 16:50 <em>Diskusija: \u201cKako zapo\u010deti istra\u017eivanje?\u201d<\/em><\/p>\n<p>16:50 \u00a0\u00a0 Slobodan program<\/p>\n\n\t\t<style type=\"text\/css\">\n\t\t\t#gallery-1 {\n\t\t\t\tmargin: auto;\n\t\t\t}\n\t\t\t#gallery-1 .gallery-item {\n\t\t\t\tfloat: left;\n\t\t\t\tmargin-top: 10px;\n\t\t\t\ttext-align: center;\n\t\t\t\twidth: 33%;\n\t\t\t}\n\t\t\t#gallery-1 img {\n\t\t\t\tborder: 2px solid #cfcfcf;\n\t\t\t}\n\t\t\t#gallery-1 .gallery-caption {\n\t\t\t\tmargin-left: 0;\n\t\t\t}\n\t\t\t\/* see gallery_shortcode() in wp-includes\/media.php *\/\n\t\t<\/style>\n\t\t<div id='gallery-1' class='gallery galleryid-8 gallery-columns-3 gallery-size-thumbnail'><dl class='gallery-item'>\n\t\t\t<dt class='gallery-icon landscape'>\n\t\t\t\t<a href='https:\/\/personal.pmf.uns.ac.rs\/tijana.prodanovic\/teaching\/studentska_astro_radionica\/img_9155\/'><img loading=\"lazy\" decoding=\"async\" width=\"150\" height=\"150\" src=\"https:\/\/personal.pmf.uns.ac.rs\/tijana.prodanovic\/wp-content\/uploads\/sites\/10\/2019\/11\/IMG_9155-150x150.jpg\" class=\"attachment-thumbnail size-thumbnail\" alt=\"\" \/><\/a>\n\t\t\t<\/dt><\/dl><dl class='gallery-item'>\n\t\t\t<dt class='gallery-icon landscape'>\n\t\t\t\t<a href='https:\/\/personal.pmf.uns.ac.rs\/tijana.prodanovic\/teaching\/studentska_astro_radionica\/img_9154\/'><img loading=\"lazy\" decoding=\"async\" width=\"150\" height=\"150\" src=\"https:\/\/personal.pmf.uns.ac.rs\/tijana.prodanovic\/wp-content\/uploads\/sites\/10\/2019\/11\/IMG_9154-150x150.jpg\" class=\"attachment-thumbnail size-thumbnail\" alt=\"\" \/><\/a>\n\t\t\t<\/dt><\/dl><dl class='gallery-item'>\n\t\t\t<dt class='gallery-icon landscape'>\n\t\t\t\t<a href='https:\/\/personal.pmf.uns.ac.rs\/tijana.prodanovic\/teaching\/studentska_astro_radionica\/img_9153\/'><img loading=\"lazy\" decoding=\"async\" width=\"150\" height=\"150\" src=\"https:\/\/personal.pmf.uns.ac.rs\/tijana.prodanovic\/wp-content\/uploads\/sites\/10\/2019\/11\/IMG_9153-150x150.jpg\" class=\"attachment-thumbnail size-thumbnail\" alt=\"\" \/><\/a>\n\t\t\t<\/dt><\/dl><br style=\"clear: both\" \/><dl class='gallery-item'>\n\t\t\t<dt class='gallery-icon landscape'>\n\t\t\t\t<a href='https:\/\/personal.pmf.uns.ac.rs\/tijana.prodanovic\/teaching\/studentska_astro_radionica\/img_9162\/'><img loading=\"lazy\" decoding=\"async\" width=\"150\" height=\"150\" src=\"https:\/\/personal.pmf.uns.ac.rs\/tijana.prodanovic\/wp-content\/uploads\/sites\/10\/2019\/11\/IMG_9162-150x150.jpg\" class=\"attachment-thumbnail size-thumbnail\" alt=\"\" \/><\/a>\n\t\t\t<\/dt><\/dl><dl class='gallery-item'>\n\t\t\t<dt class='gallery-icon landscape'>\n\t\t\t\t<a href='https:\/\/personal.pmf.uns.ac.rs\/tijana.prodanovic\/teaching\/studentska_astro_radionica\/img_9161\/'><img loading=\"lazy\" decoding=\"async\" width=\"150\" height=\"150\" src=\"https:\/\/personal.pmf.uns.ac.rs\/tijana.prodanovic\/wp-content\/uploads\/sites\/10\/2019\/11\/IMG_9161-150x150.jpg\" class=\"attachment-thumbnail size-thumbnail\" alt=\"\" \/><\/a>\n\t\t\t<\/dt><\/dl><dl class='gallery-item'>\n\t\t\t<dt class='gallery-icon landscape'>\n\t\t\t\t<a href='https:\/\/personal.pmf.uns.ac.rs\/tijana.prodanovic\/teaching\/studentska_astro_radionica\/img_9160\/'><img loading=\"lazy\" decoding=\"async\" width=\"150\" height=\"150\" src=\"https:\/\/personal.pmf.uns.ac.rs\/tijana.prodanovic\/wp-content\/uploads\/sites\/10\/2019\/11\/IMG_9160-150x150.jpg\" class=\"attachment-thumbnail size-thumbnail\" alt=\"\" \/><\/a>\n\t\t\t<\/dt><\/dl><br style=\"clear: both\" \/><dl class='gallery-item'>\n\t\t\t<dt class='gallery-icon landscape'>\n\t\t\t\t<a href='https:\/\/personal.pmf.uns.ac.rs\/tijana.prodanovic\/teaching\/studentska_astro_radionica\/img_9159\/'><img loading=\"lazy\" decoding=\"async\" width=\"150\" height=\"150\" src=\"https:\/\/personal.pmf.uns.ac.rs\/tijana.prodanovic\/wp-content\/uploads\/sites\/10\/2019\/11\/IMG_9159-150x150.jpg\" class=\"attachment-thumbnail size-thumbnail\" alt=\"\" \/><\/a>\n\t\t\t<\/dt><\/dl><dl class='gallery-item'>\n\t\t\t<dt class='gallery-icon landscape'>\n\t\t\t\t<a href='https:\/\/personal.pmf.uns.ac.rs\/tijana.prodanovic\/teaching\/studentska_astro_radionica\/img_9158\/'><img loading=\"lazy\" decoding=\"async\" width=\"150\" height=\"150\" src=\"https:\/\/personal.pmf.uns.ac.rs\/tijana.prodanovic\/wp-content\/uploads\/sites\/10\/2019\/11\/IMG_9158-150x150.jpg\" class=\"attachment-thumbnail size-thumbnail\" alt=\"\" \/><\/a>\n\t\t\t<\/dt><\/dl><dl class='gallery-item'>\n\t\t\t<dt class='gallery-icon landscape'>\n\t\t\t\t<a href='https:\/\/personal.pmf.uns.ac.rs\/tijana.prodanovic\/teaching\/studentska_astro_radionica\/img_9157\/'><img loading=\"lazy\" decoding=\"async\" width=\"150\" height=\"150\" src=\"https:\/\/personal.pmf.uns.ac.rs\/tijana.prodanovic\/wp-content\/uploads\/sites\/10\/2019\/11\/IMG_9157-150x150.jpg\" class=\"attachment-thumbnail size-thumbnail\" alt=\"\" \/><\/a>\n\t\t\t<\/dt><\/dl><br style=\"clear: both\" \/><dl class='gallery-item'>\n\t\t\t<dt class='gallery-icon landscape'>\n\t\t\t\t<a href='https:\/\/personal.pmf.uns.ac.rs\/tijana.prodanovic\/teaching\/studentska_astro_radionica\/img_9156\/'><img loading=\"lazy\" decoding=\"async\" width=\"150\" height=\"150\" src=\"https:\/\/personal.pmf.uns.ac.rs\/tijana.prodanovic\/wp-content\/uploads\/sites\/10\/2019\/11\/IMG_9156-150x150.jpg\" class=\"attachment-thumbnail size-thumbnail\" alt=\"\" \/><\/a>\n\t\t\t<\/dt><\/dl>\n\t\t\t<br style='clear: both' \/>\n\t\t<\/div>\n\n<p><strong>Sva studentska predavanja\u00a0 su 15 min + 5 min za pitanja<\/strong><\/p>\n<p><b>U\u010desnici<\/b>: Studenti astronomije sa Univerziteta u Beogradu i Univerziteta u Novom Sadu<\/p>\n<p><b>Organizatori i prijatelji radionice<\/b>: <a href=\"http:\/\/astro.matf.bg.ac.rs\/beta\/index.php\">Katedra za astronomiju, Matemati\u010dki fakultet u Beogradu<\/a><br \/>\n<a href=\"http:\/\/www.df.uns.ac.rs\/\">Departman za fiziku, Prirodno-matemati\u010dki fakultet u Novom Sadu<\/a><br \/>\n<a href=\"http:\/\/www.das.org.rs\/\">Dru\u0161tvo astronoma Srbije<\/a><\/p>\n<\/div>\n<div>\n<div><\/div>\n<p>Past workshops: <a title=\"Prva Studentska Astronomska Radionica\" href=\"http:\/\/personal.pmf.uns.ac.rs\/tijana.prodanovic\/teaching\/studentska_astro_radionica\/1_studentska_astro_radionica\/\">I SAR<\/a>, <a title=\"II SAR\" href=\"http:\/\/personal.pmf.uns.ac.rs\/tijana.prodanovic\/teaching\/studentska_astro_radionica\/2_studentska_astro_radionica\/\">II SAR<\/a>, <a title=\"III SAR\" href=\"http:\/\/personal.pmf.uns.ac.rs\/tijana.prodanovic\/teaching\/studentska_astro_radionica\/3_studentska_astro_radionic\/\">III SAR <\/a>, <a title=\"IV SAR\" href=\"http:\/\/personal.pmf.uns.ac.rs\/tijana.prodanovic\/teaching\/studentska_astro_radionica\/4_studentska_astro_radionic\/\">IV SAR<\/a>, <a title=\"V SAR\" href=\"http:\/\/personal.pmf.uns.ac.rs\/tijana.prodanovic\/teaching\/studentska_astro_radionica\/v-sar\/\">V SAR <\/a>, <a href=\"http:\/\/personal.pmf.uns.ac.rs\/tijana.prodanovic\/teaching\/studentska_astro_radionica\/vi-sar\/\">VI SAR<\/a>, <a href=\"https:\/\/personal.pmf.uns.ac.rs\/tijana.prodanovic\/teaching\/studentska_astro_radionica\/vii-sar\/\">VII SAR<\/a>, <a href=\"https:\/\/personal.pmf.uns.ac.rs\/tijana.prodanovic\/teaching\/studentska_astro_radionica\/viii-sar\/\">VIII SAR <\/a>, <a href=\"https:\/\/personal.pmf.uns.ac.rs\/tijana.prodanovic\/teaching\/studentska_astro_radionica\/ix-sar\/\">IX SAR<\/a>, <a href=\"https:\/\/personal.pmf.uns.ac.rs\/tijana.prodanovic\/teaching\/studentska_astro_radionica\/x-sar\/\">X SAR<\/a><\/p>\n<\/div>\n<\/div>\n","protected":false},"excerpt":{"rendered":"<p>XI SAR (WAS) Subota, 2.11.2019. Department of Astronomy, Faculty of Mathematic, University of Belgrade,\u00a0 Studentski Trg 16, Belgrade PROGRAM 10:30 &#8211; 11:00 Dolazak koleginica i kolega iz Novog Sada Plenarno predavanje 11:00 &#8211; 11:45 Marko Stalevski &#8211; Pra\u0161ina u aktivnim galakti\u010dkim jezgrima 11:45 &#8211; 12:00 Pauza Sesija I (Chair:A. Kova\u010devi\u0107) 12:00 &#8211; 12:20 Sara Savi\u0107: [&hellip;]<\/p>\n","protected":false},"author":11,"featured_media":0,"parent":20,"menu_order":0,"comment_status":"closed","ping_status":"closed","template":"","meta":{"_monsterinsights_skip_tracking":false,"_monsterinsights_sitenote_active":false,"_monsterinsights_sitenote_note":"","_monsterinsights_sitenote_category":0,"footnotes":""},"class_list":["post-8","page","type-page","status-publish","hentry"],"_links":{"self":[{"href":"https:\/\/personal.pmf.uns.ac.rs\/tijana.prodanovic\/wp-json\/wp\/v2\/pages\/8","targetHints":{"allow":["GET"]}}],"collection":[{"href":"https:\/\/personal.pmf.uns.ac.rs\/tijana.prodanovic\/wp-json\/wp\/v2\/pages"}],"about":[{"href":"https:\/\/personal.pmf.uns.ac.rs\/tijana.prodanovic\/wp-json\/wp\/v2\/types\/page"}],"author":[{"embeddable":true,"href":"https:\/\/personal.pmf.uns.ac.rs\/tijana.prodanovic\/wp-json\/wp\/v2\/users\/11"}],"replies":[{"embeddable":true,"href":"https:\/\/personal.pmf.uns.ac.rs\/tijana.prodanovic\/wp-json\/wp\/v2\/comments?post=8"}],"version-history":[{"count":71,"href":"https:\/\/personal.pmf.uns.ac.rs\/tijana.prodanovic\/wp-json\/wp\/v2\/pages\/8\/revisions"}],"predecessor-version":[{"id":1108,"href":"https:\/\/personal.pmf.uns.ac.rs\/tijana.prodanovic\/wp-json\/wp\/v2\/pages\/8\/revisions\/1108"}],"up":[{"embeddable":true,"href":"https:\/\/personal.pmf.uns.ac.rs\/tijana.prodanovic\/wp-json\/wp\/v2\/pages\/20"}],"wp:attachment":[{"href":"https:\/\/personal.pmf.uns.ac.rs\/tijana.prodanovic\/wp-json\/wp\/v2\/media?parent=8"}],"curies":[{"name":"wp","href":"https:\/\/api.w.org\/{rel}","templated":true}]}}