{"id":766,"date":"2015-10-09T09:13:59","date_gmt":"2015-10-09T08:13:59","guid":{"rendered":"http:\/\/personal.pmf.uns.ac.rs\/tijana.prodanovic\/?page_id=766"},"modified":"2019-02-12T12:44:01","modified_gmt":"2019-02-12T11:44:01","slug":"astrocesticna-fizika","status":"publish","type":"page","link":"https:\/\/personal.pmf.uns.ac.rs\/tijana.prodanovic\/teaching\/courses\/astrocesticna-fizika\/","title":{"rendered":"Astro\u010desti\u010dna fizika"},"content":{"rendered":"<div id=\"subnavBox\">\n<p style=\"text-align: right\"><a title=\"Exams\/Ispiti\" href=\"http:\/\/personal.pmf.uns.ac.rs\/tijana.prodanovic\/teaching\/courses\/examsispiti\/\">ISPITI<\/a> | <a href=\"http:\/\/people.df.uns.ac.rs\/%7Eprodanvc\/predavanja\/astrocesticna\/plan.pdf\">Plan i program<\/a> | <a href=\"http:\/\/people.df.uns.ac.rs\/%7Eprodanvc\/predavanja\/astrocesticna\/seminari.pdf\">Seminarski radovi <\/a> | <a href=\"http:\/\/people.df.uns.ac.rs\/%7Eprodanvc\/predavanja\/astrocesticna\/\">PowerPoint predavanja <\/a> |<br \/>\nDoma\u0107i zadatak: <a href=\"http:\/\/people.df.uns.ac.rs\/%7Eprodanvc\/predavanja\/astrocesticna\/hw\/hw1.pdf\">No.1<\/a>, <a href=\"http:\/\/people.df.uns.ac.rs\/%7Eprodanvc\/predavanja\/astrocesticna\/hw\/hw2.pdf\">No. 2<\/a>, <a href=\"http:\/\/people.df.uns.ac.rs\/%7Eprodanvc\/predavanja\/astrocesticna\/hw\/hw3.pdf\">No. 3<\/a><br \/>\nRe\u0161enja: <a href=\"http:\/\/people.df.uns.ac.rs\/%7Eprodanvc\/predavanja\/astrocesticna\/hw\/hw1_sol.pdf\">No.1<\/a>, <a href=\"http:\/\/people.df.uns.ac.rs\/%7Eprodanvc\/predavanja\/astrocesticna\/hw\/hw2_sol.pdf\">No. 2<\/a>, <a href=\"http:\/\/people.df.uns.ac.rs\/%7Eprodanvc\/predavanja\/astrocesticna\/hw\/hw3_sol.pdf\">No. 3<\/a><\/p>\n<\/div>\n<address><strong>Obave\u0161tenja:<\/strong><\/address>\n<p><strong>18.1.2018. <\/strong><\/p>\n<p>Ispit pismeni i usmeni odrzace se u utorak, 23.1.2018. u 68 sa pocetkom u 14h.<\/p>\n<p><a href=\"http:\/\/people.df.uns.ac.rs\/%7Eprodanvc\/predavanja\/astrocesticna\/hw\/hw3_sol.pdf\"><strong>Re\u0161enje doma\u0107eg rada No. 3<\/strong><\/a> je postavljeno.<\/p>\n<p><strong>6.12.2017. <\/strong><\/p>\n<p><a href=\"http:\/\/people.df.uns.ac.rs\/%7Eprodanvc\/predavanja\/astrocesticna\/hw\/hw3.pdf\"><strong>Doma\u0107i rad No. 3<\/strong><\/a> je postavljen i rok za predaju je <strong>\u010detvrtak 14. decembar<\/strong>.<\/p>\n<p><a href=\"http:\/\/people.df.uns.ac.rs\/%7Eprodanvc\/predavanja\/astrocesticna\/hw\/hw2_sol.pdf\"><strong>Re\u0161enje doma\u0107eg rada No. 2<\/strong><\/a> je postavljeno.<\/p>\n<p><strong>1.12.2017. <\/strong><\/p>\n<p><a href=\"http:\/\/people.df.uns.ac.rs\/%7Eprodanvc\/predavanja\/astrocesticna\/hw\/hw1_sol.pdf\"><strong>Re\u0161enje doma\u0107eg rada No. 1<\/strong><\/a> je postavljeno.<\/p>\n<p><strong>19.11.2017. <\/strong><\/p>\n<p><a href=\"http:\/\/people.df.uns.ac.rs\/%7Eprodanvc\/predavanja\/astrocesticna\/hw\/hw2.pdf\"><strong>Doma\u0107i rad No. 2<\/strong><\/a> je postavljen i rok za predaju je utorak<strong> 28. oktobar<\/strong>.<\/p>\n<p><strong>1.11.2017. <\/strong><\/p>\n<p><a href=\"http:\/\/people.df.uns.ac.rs\/%7Eprodanvc\/predavanja\/astrocesticna\/hw\/hw1.pdf\"><strong>Doma\u0107i rad No. 1<\/strong><\/a> je postavljen i rok za predaju je utorak<strong> 14. oktobar<\/strong>.<\/p>\n<p>&nbsp;<\/p>\n","protected":false},"excerpt":{"rendered":"<p>ISPITI | Plan i program | Seminarski radovi | PowerPoint predavanja | Doma\u0107i zadatak: No.1, No. 2, No. 3 Re\u0161enja: No.1, No. 2, No. 3 Obave\u0161tenja: 18.1.2018. Ispit pismeni i usmeni odrzace se u utorak, 23.1.2018. u 68 sa pocetkom u 14h. Re\u0161enje doma\u0107eg rada No. 3 je postavljeno. 6.12.2017. Doma\u0107i rad No. 3 je [&hellip;]<\/p>\n","protected":false},"author":11,"featured_media":0,"parent":5,"menu_order":0,"comment_status":"closed","ping_status":"closed","template":"","meta":{"_monsterinsights_skip_tracking":false,"_monsterinsights_sitenote_active":false,"_monsterinsights_sitenote_note":"","_monsterinsights_sitenote_category":0,"footnotes":""},"class_list":["post-766","page","type-page","status-publish","hentry"],"_links":{"self":[{"href":"https:\/\/personal.pmf.uns.ac.rs\/tijana.prodanovic\/wp-json\/wp\/v2\/pages\/766","targetHints":{"allow":["GET"]}}],"collection":[{"href":"https:\/\/personal.pmf.uns.ac.rs\/tijana.prodanovic\/wp-json\/wp\/v2\/pages"}],"about":[{"href":"https:\/\/personal.pmf.uns.ac.rs\/tijana.prodanovic\/wp-json\/wp\/v2\/types\/page"}],"author":[{"embeddable":true,"href":"https:\/\/personal.pmf.uns.ac.rs\/tijana.prodanovic\/wp-json\/wp\/v2\/users\/11"}],"replies":[{"embeddable":true,"href":"https:\/\/personal.pmf.uns.ac.rs\/tijana.prodanovic\/wp-json\/wp\/v2\/comments?post=766"}],"version-history":[{"count":15,"href":"https:\/\/personal.pmf.uns.ac.rs\/tijana.prodanovic\/wp-json\/wp\/v2\/pages\/766\/revisions"}],"predecessor-version":[{"id":1078,"href":"https:\/\/personal.pmf.uns.ac.rs\/tijana.prodanovic\/wp-json\/wp\/v2\/pages\/766\/revisions\/1078"}],"up":[{"embeddable":true,"href":"https:\/\/personal.pmf.uns.ac.rs\/tijana.prodanovic\/wp-json\/wp\/v2\/pages\/5"}],"wp:attachment":[{"href":"https:\/\/personal.pmf.uns.ac.rs\/tijana.prodanovic\/wp-json\/wp\/v2\/media?parent=766"}],"curies":[{"name":"wp","href":"https:\/\/api.w.org\/{rel}","templated":true}]}}