{"id":7,"date":"2012-12-28T10:59:15","date_gmt":"2012-12-28T09:59:15","guid":{"rendered":"http:\/\/personal.pmf.uns.ac.rs\/tijana.prodanovic\/?page_id=7"},"modified":"2016-10-28T13:29:21","modified_gmt":"2016-10-28T12:29:21","slug":"popularna-predavanja","status":"publish","type":"page","link":"https:\/\/personal.pmf.uns.ac.rs\/tijana.prodanovic\/science-communication\/popularna-predavanja\/","title":{"rendered":"Popularna predavanja"},"content":{"rendered":"<p>&nbsp;<\/p>\n<div id=\"content\">\n<div><\/div>\n<div>\n<ul>\n<li><span style=\"color: #000000\"><strong>Serijal predavanja na Planetarijumu astronomskog dru\u0161tva Novi Sad<\/strong><\/span><\/li>\n<\/ul>\n<\/div>\n<p style=\"padding-left: 30px\"><a href=\"http:\/\/people.df.uns.ac.rs\/%7Eprodanvc\/popularno\/Prodanovic.pdf\" target=\"_blank\">Opasnost sa neba<\/a><br \/>\n<a href=\"http:\/\/people.df.uns.ac.rs\/%7Eprodanvc\/popularno\/sunce.ppt\" target=\"_blank\">Put u sredi\u0161te Sunca\u00a0<\/a><br \/>\n<a href=\"http:\/\/people.df.uns.ac.rs\/%7Eprodanvc\/popularno\/Merkur_Venera.ppt\" target=\"_blank\">Tajne Merkura i Venere<\/a><br \/>\n<a href=\"http:\/\/people.df.uns.ac.rs\/%7Eprodanvc\/popularno\/pluton.ppt\" target=\"_blank\">Izgubljena planeta: Ko je oterao Plutona?<\/a><br \/>\n<a href=\"http:\/\/people.df.uns.ac.rs\/%7Eprodanvc\/popularno\/mali_zeleni.ppt\" target=\"_blank\">Mali zeleni: Nauka i fantastika<\/a><\/p>\n<ul>\n<li><strong>Festivali Nauke<\/strong><\/li>\n<\/ul>\n<p style=\"padding-left: 30px\"><a href=\"http:\/\/people.df.uns.ac.rs\/%7Eprodanvc\/popularno\/tamna_materija.ppt\" target=\"_blank\">Tamna strana svemira <\/a>; Novi Sad 2009.<br \/>\n<a href=\"http:\/\/people.df.uns.ac.rs\/%7Eprodanvc\/popularno\/2012.ppt\" target=\"_blank\">Ho\u0107emo li do\u010dekati 2013? <\/a>; Beograd 2010.<br \/>\n<a href=\"http:\/\/people.df.uns.ac.rs\/%7Eprodanvc\/popularno\/Vatra_sa_neba.ppt\" target=\"_blank\">Vatra sa neba<\/a>; Novi Sad 2013.<\/p>\n<div><\/div>\n<div>\n<div>\n<ul>\n<li><strong>Predavanja na seminarima Istra\u017eiva\u010dke stanice Petnica<\/strong><\/li>\n<\/ul>\n<p style=\"padding-left: 30px\"><a href=\"http:\/\/people.df.uns.ac.rs\/%7Eprodanvc\/popularno\/kosmicko_zracenje.ppt\" target=\"_blank\">Put u mikro-Kosmos <\/a> (predavanje o kosmi\u010dkom zra\u010denju) ; leto 2009.<br \/>\n<a href=\"http:\/\/people.df.uns.ac.rs\/%7Eprodanvc\/popularno\/gama_zracenje.pdf\" target=\"_blank\">Galakti\u010dko gama zra\u010denje: spojite ta\u010dkice! <\/a> (predavanje o gama zra\u010denju) ; leto 2010.<\/p>\n<\/div>\n<div><\/div>\n<div>\n<ul>\n<li><strong>Serijal predavanja po srednjim \u0161kolama<\/strong><\/li>\n<\/ul>\n<p style=\"padding-left: 30px\"><a href=\"http:\/\/people.df.uns.ac.rs\/%7Eprodanvc\/popularno\/mali_zeleni_web.ppt\" target=\"_blank\">Mali zeleni: Nauka ili fantastika?<\/a> ; Za prate\u0107e media fajlove spakovane u .rar format kliknite <a href=\"http:\/\/www.if.ns.ac.yu\/%7Eprodanvc\/popularno\/mali_zeleni_media.rar\">ovde<\/a><\/p>\n<\/div>\n<div><\/div>\n<div>\n<ul>\n<li><strong>Ostala popularna predavanja<\/strong><\/li>\n<\/ul>\n<p style=\"padding-left: 30px\"><a href=\"http:\/\/people.df.uns.ac.rs\/%7Eprodanvc\/popularno\/BBN_letenka2007.ppt\" target=\"_blank\">Prva svemirska kuhinja<\/a> (predavanje o sintezi elemenata u Velikom prasku) by ; Astronomski kamp Letenka, leto 2007.<br \/>\n<a href=\"http:\/\/people.df.uns.ac.rs\/%7Eprodanvc\/popularno\/Vera_Rubin_i_tamna_materija.ppt\" target=\"_blank\">Svemir koji nedostaje &#8211; Prica Vere Rubin<\/a> ; Kolarac 2009<br \/>\n<a href=\"http:\/\/people.df.uns.ac.rs\/%7Eprodanvc\/popularno\/gama_zracenje.ppt\" target=\"_blank\">Gama teleskopi &#8211; pogled u najenergicnije procese u Svemiru<\/a>; Kolarac 2014. Tonski zapis preuzeti <a href=\"http:\/\/www.astronomija.co.rs\/predavanja\/8693-ciklus-teleskopi-dananjice-tonski-zapisi-predavanja.html\">ovde<\/a>.<br \/>\n<a href=\"http:\/\/people.df.uns.ac.rs\/%7Eprodanvc\/popularno\/Veliki prasak.ppt\">Na pocetku bejase&#8230;Veliki prasak<\/a>; Radio Cafe i Drustvo ateista Srbije 2014<br \/>\n<a href=\"http:\/\/people.df.uns.ac.rs\/%7Eprodanvc\/popularno\/Daruvar_tamna_materija.ppt\">Tamna strana svemira<\/a>; 10 Dana astronomije, Daruvar, Hrvatska, 2014<\/p>\n<\/div>\n<\/div>\n<\/div>\n","protected":false},"excerpt":{"rendered":"<p>&nbsp; Serijal predavanja na Planetarijumu astronomskog dru\u0161tva Novi Sad Opasnost sa neba Put u sredi\u0161te Sunca\u00a0 Tajne Merkura i Venere Izgubljena planeta: Ko je oterao Plutona? Mali zeleni: Nauka i fantastika Festivali Nauke Tamna strana svemira ; Novi Sad 2009. Ho\u0107emo li do\u010dekati 2013? ; Beograd 2010. Vatra sa neba; Novi Sad 2013. Predavanja na [&hellip;]<\/p>\n","protected":false},"author":11,"featured_media":0,"parent":6,"menu_order":0,"comment_status":"closed","ping_status":"closed","template":"","meta":{"_monsterinsights_skip_tracking":false,"_monsterinsights_sitenote_active":false,"_monsterinsights_sitenote_note":"","_monsterinsights_sitenote_category":0,"footnotes":""},"class_list":["post-7","page","type-page","status-publish","hentry"],"_links":{"self":[{"href":"https:\/\/personal.pmf.uns.ac.rs\/tijana.prodanovic\/wp-json\/wp\/v2\/pages\/7","targetHints":{"allow":["GET"]}}],"collection":[{"href":"https:\/\/personal.pmf.uns.ac.rs\/tijana.prodanovic\/wp-json\/wp\/v2\/pages"}],"about":[{"href":"https:\/\/personal.pmf.uns.ac.rs\/tijana.prodanovic\/wp-json\/wp\/v2\/types\/page"}],"author":[{"embeddable":true,"href":"https:\/\/personal.pmf.uns.ac.rs\/tijana.prodanovic\/wp-json\/wp\/v2\/users\/11"}],"replies":[{"embeddable":true,"href":"https:\/\/personal.pmf.uns.ac.rs\/tijana.prodanovic\/wp-json\/wp\/v2\/comments?post=7"}],"version-history":[{"count":13,"href":"https:\/\/personal.pmf.uns.ac.rs\/tijana.prodanovic\/wp-json\/wp\/v2\/pages\/7\/revisions"}],"predecessor-version":[{"id":888,"href":"https:\/\/personal.pmf.uns.ac.rs\/tijana.prodanovic\/wp-json\/wp\/v2\/pages\/7\/revisions\/888"}],"up":[{"embeddable":true,"href":"https:\/\/personal.pmf.uns.ac.rs\/tijana.prodanovic\/wp-json\/wp\/v2\/pages\/6"}],"wp:attachment":[{"href":"https:\/\/personal.pmf.uns.ac.rs\/tijana.prodanovic\/wp-json\/wp\/v2\/media?parent=7"}],"curies":[{"name":"wp","href":"https:\/\/api.w.org\/{rel}","templated":true}]}}