{"id":68,"date":"2012-12-28T11:36:25","date_gmt":"2012-12-28T10:36:25","guid":{"rendered":"http:\/\/personal.pmf.uns.ac.rs\/tijana.prodanovic\/?page_id=68"},"modified":"2016-01-27T12:29:36","modified_gmt":"2016-01-27T11:29:36","slug":"examsispiti","status":"publish","type":"page","link":"https:\/\/personal.pmf.uns.ac.rs\/tijana.prodanovic\/teaching\/courses\/examsispiti\/","title":{"rendered":"Exams\/Ispiti"},"content":{"rendered":"<address>\n<address>27.01.2016.<\/address>\n<p><strong>REZULTATI PISMENOG ISPITA ZA PREDMETA SPEKTROSKOPIJA VASIONE OD 27.01.2016.<\/strong><\/p>\n<dl>\n<dt><b>BROJ POENA <\/b><strong>(po zadacima,MAX 100)<\/strong><\/dt>\n<\/dl>\n<p>Dajana Posav\u010di\u0107=75 (10+0+35+25+5)<br \/>\nZoltan Varga=35 (0+0+35+0+0)<br \/>\nDarko Obradovi\u0107=113 (8+25+30+30+20)<br \/>\nBranko Kuzmanovi\u0107=105 (10+25+30+30+10)<br \/>\nIgor \u010calija=90 (0+25+35+30+0)<br \/>\nMarina Pavlovi\u0107=106 (8+25+28+25+20)<\/p>\n<\/address>\n<address>17.12.2012.<\/address>\n<h3><strong>INPA WRITTEN EXAM RESULTS<\/strong><\/h3>\n<p><strong>STUDENT SCORE<\/strong> (score on each problem, MAX 100)<\/p>\n<p>Aleksandra Dobardzic = 97 (25+25+22+25)<br \/>\nFahad Nasir = 95 (25+25+20+25)<br \/>\nGerardo Martinez Aviles = 66 (15+8+20+23)<br \/>\nLevan Kakabadze = 58 (13+5+20+2)<\/p>\n<address>11.12.2012.<\/address>\n<h3><strong>SPEKTROSKOPIJA VASIONE JANUARSKI ROK 2013.<\/strong><\/h3>\n<p><b>PISMENI<\/b> UTORAK, 22. JANUAR, 10:00 U\u010cIONICA 68<br \/>\n<b>USMENI<\/b> UTORAK, 29. JANUAR, 10:00 U\u010cIONICA 68<\/p>\n<address>3.12.2012.<\/address>\n<p><strong>INTRODUCTION TO NUCLEAR AND PARTICLE ASTROPHYSICS<\/strong><\/p>\n<p><b>WRITEN<\/b> THURSDAY, DECEMBER 13th., 11:00-13:00 ASTRONOMY CLASSROOM<br \/>\n<b>ORAL<\/b> THURSDAY, DECEMBER 20th, 13:00 ASTRONOMY CLASSROOM<\/p>\n<address>13.06.2012.<\/address>\n<p><strong>REZULTATI PISMENOG ISPITA ZA PREDMET INTERSTELARNI MEDIJUM OD 12.6.2012.<\/strong><\/p>\n<dl>\n<dt><b>BROJ POENA <\/b><strong>(po zadacima,MAX 100)<\/strong><\/dt>\n<\/dl>\n<p>Robert D\u017eud\u017ear=77 (22+20+20+15)<br \/>\nKristina Savi\u0107=77 (22+20+20+15)<br \/>\nRade Marjanovi\u0107=55 (20+0+20+15)<\/p>\n<address>06.06.2012.<\/address>\n<p><strong>INTERSTELARNI MEDIJUM JUNSKI ROK 2012.<\/strong><\/p>\n<p><b>PISMENI<\/b> UTORAK, 12. JUN, 12:00 U\u010cIONICA 68<br \/>\n<b>USMENI<\/b> \u010cETVRTAK, 21. JUN, 12:00 U\u010cIONICA 68<\/p>\n<address>18.01.2012.<\/address>\n<h3><strong>REZULTATI PISMENOG ISPITA OD 18.01.2012.<\/strong><\/h3>\n<dl>\n<dt><b>BROJ POENA <\/b><strong>(po zadacima,MAX 100)<\/strong><\/dt>\n<\/dl>\n<p>Robert D\u017eud\u017ear = 69 (5+20+25+15+4)<br \/>\nKristina Savi\u0107 = 70 (15+10+27+18+0)<br \/>\nAndrea Taka\u010d = 53 (0+20+15+18+0)<\/p>\n<address>11.01.2012.<\/address>\n<p><strong>INTRODUCTION TO NUCLEAR AND PARTICLE ASTROPHYSICS<\/strong><\/p>\n<p><b>WRITEN<\/b> THURSDAY, JANUARY 30th., 11:00-13:00 ASTRONOMY CLASSROOM<br \/>\n<b>ORAL<\/b> THURSDAY, JANUARY 30th, 14:00 ASTRONOMY CLASSROOM<\/p>\n<p><strong>SPEKTROSKOPIJA VASIONE JANUARSKI ROK 2012.<\/strong><\/p>\n<p><b>PISMENI<\/b> SREDA, 18. JANUAR, 12:00 U\u010cIONICA 68<br \/>\n<b>USMENI<\/b> PETAK, 10. FEBRUAR, 11:00 U\u010cIONICA 68<\/p>\n<p>&nbsp;<\/p>\n<address>11.06.2008.<\/address>\n<p><strong>JUNSKI ROK 2008.<\/strong><\/p>\n<p><b>PISMENI<\/b> SREDA, 18. JUN, 12:00 U\u010cIONICA 68<br \/>\n<b>USMENI<\/b> SREDA, 25. JUN, 12:00 U\u010cIONICA 68<\/p>\n<p>Sve potrebne <a href=\"http:\/\/people.df.uns.ac.rs\/%7Eprodanvc\/formule_v3.pdf\">formule i jedna\u010dine<\/a> \u0107e vam biti date te je kori\u0161\u0107enje literature nepotrebno (zabranjeno). Poneti digitron i olovku. Savet: ponoviti doma\u0107e zadatke.<\/p>\n<p>.ppt fajl sa predispitnih ve\u017ebi mo\u017eete na\u0107i <a href=\"http:\/\/people.df.uns.ac.rs\/%7Eprodanvc\/Predispitne_vezbe.ppt\">ovde<\/a><\/p>\n","protected":false},"excerpt":{"rendered":"<p>27.01.2016. REZULTATI PISMENOG ISPITA ZA PREDMETA SPEKTROSKOPIJA VASIONE OD 27.01.2016. BROJ POENA (po zadacima,MAX 100) Dajana Posav\u010di\u0107=75 (10+0+35+25+5) Zoltan Varga=35 (0+0+35+0+0) Darko Obradovi\u0107=113 (8+25+30+30+20) Branko Kuzmanovi\u0107=105 (10+25+30+30+10) Igor \u010calija=90 (0+25+35+30+0) Marina Pavlovi\u0107=106 (8+25+28+25+20) 17.12.2012. INPA WRITTEN EXAM RESULTS STUDENT SCORE (score on each problem, MAX 100) Aleksandra Dobardzic = 97 (25+25+22+25) Fahad Nasir = 95 [&hellip;]<\/p>\n","protected":false},"author":11,"featured_media":0,"parent":5,"menu_order":0,"comment_status":"closed","ping_status":"closed","template":"","meta":{"_monsterinsights_skip_tracking":false,"_monsterinsights_sitenote_active":false,"_monsterinsights_sitenote_note":"","_monsterinsights_sitenote_category":0,"footnotes":""},"class_list":["post-68","page","type-page","status-publish","hentry"],"_links":{"self":[{"href":"https:\/\/personal.pmf.uns.ac.rs\/tijana.prodanovic\/wp-json\/wp\/v2\/pages\/68","targetHints":{"allow":["GET"]}}],"collection":[{"href":"https:\/\/personal.pmf.uns.ac.rs\/tijana.prodanovic\/wp-json\/wp\/v2\/pages"}],"about":[{"href":"https:\/\/personal.pmf.uns.ac.rs\/tijana.prodanovic\/wp-json\/wp\/v2\/types\/page"}],"author":[{"embeddable":true,"href":"https:\/\/personal.pmf.uns.ac.rs\/tijana.prodanovic\/wp-json\/wp\/v2\/users\/11"}],"replies":[{"embeddable":true,"href":"https:\/\/personal.pmf.uns.ac.rs\/tijana.prodanovic\/wp-json\/wp\/v2\/comments?post=68"}],"version-history":[{"count":6,"href":"https:\/\/personal.pmf.uns.ac.rs\/tijana.prodanovic\/wp-json\/wp\/v2\/pages\/68\/revisions"}],"predecessor-version":[{"id":809,"href":"https:\/\/personal.pmf.uns.ac.rs\/tijana.prodanovic\/wp-json\/wp\/v2\/pages\/68\/revisions\/809"}],"up":[{"embeddable":true,"href":"https:\/\/personal.pmf.uns.ac.rs\/tijana.prodanovic\/wp-json\/wp\/v2\/pages\/5"}],"wp:attachment":[{"href":"https:\/\/personal.pmf.uns.ac.rs\/tijana.prodanovic\/wp-json\/wp\/v2\/media?parent=68"}],"curies":[{"name":"wp","href":"https:\/\/api.w.org\/{rel}","templated":true}]}}