{"id":64,"date":"2012-12-28T11:35:55","date_gmt":"2012-12-28T10:35:55","guid":{"rendered":"http:\/\/personal.pmf.uns.ac.rs\/tijana.prodanovic\/?page_id=64"},"modified":"2021-04-12T20:41:50","modified_gmt":"2021-04-12T19:41:50","slug":"interstelarni-medijum","status":"publish","type":"page","link":"https:\/\/personal.pmf.uns.ac.rs\/tijana.prodanovic\/teaching\/courses\/interstelarni-medijum\/","title":{"rendered":"Interstelarni medijum"},"content":{"rendered":"<p style=\"text-align: right\">\u00a0<a title=\"Exams\/Ispiti\" href=\"http:\/\/personal.pmf.uns.ac.rs\/tijana.prodanovic\/teaching\/courses\/examsispiti\/\">ISPITI<\/a> | <a href=\"http:\/\/people.df.uns.ac.rs\/%7Eprodanvc\/predavanja\/ism\/plan.pdf\">Plan i opis kursa<\/a> | <a href=\"http:\/\/people.df.uns.ac.rs\/%7Eprodanvc\/predavanja\/ism\/seminari.pdf\">Teme za seminar<\/a> | <a href=\"http:\/\/people.df.uns.ac.rs\/%7Eprodanvc\/predavanja\/ism\/\">Predavanja u PowerPoint formatu<\/a> | <a href=\"http:\/\/people.df.uns.ac.rs\/%7Eprodanvc\/predavanja\/ism\/vezba.pdf\">Ve\u017eba<\/a><br \/>\nDoma\u0107i rad: <a href=\"http:\/\/people.df.uns.ac.rs\/%7Eprodanvc\/predavanja\/ism\/hw\/HW1.pdf\">No.1<\/a>, <a href=\"http:\/\/people.df.uns.ac.rs\/%7Eprodanvc\/predavanja\/ism\/hw\/HW2.pdf\">No. 2<\/a>, <a href=\"http:\/\/people.df.uns.ac.rs\/%7Eprodanvc\/predavanja\/ism\/hw\/HW3.pdf\">No. 3<\/a>, <a href=\"http:\/\/people.df.uns.ac.rs\/%7Eprodanvc\/predavanja\/ism\/hw\/HW4.pdf\">No. 4<\/a><br \/>\nRe\u0161enje: <a href=\"http:\/\/people.df.uns.ac.rs\/%7Eprodanvc\/predavanja\/ism\/hw\/HW1_sol.pdf\">No.1<\/a>, <a href=\"http:\/\/people.df.uns.ac.rs\/%7Eprodanvc\/predavanja\/ism\/hw\/HW2_sol.pdf\">No. 2<\/a>, <a href=\"http:\/\/people.df.uns.ac.rs\/%7Eprodanvc\/predavanja\/ism\/hw\/HW3_sol.pdf\">No. 3<\/a>, <a href=\"http:\/\/people.df.uns.ac.rs\/%7Eprodanvc\/predavanja\/ism\/hw\/HW4_sol.pdf\">No. 4<\/a>, <a href=\"http:\/\/people.df.uns.ac.rs\/~prodanvc\/predavanja\/ism\/vezba_sol.pdf\">Ve\u017eba<\/a><\/p>\n<div id=\"content\">\n<address><strong>Obave\u0161tenja:<\/strong><\/address>\n<div id=\"content\">\n<div id=\"content\">\n<p><strong>12.4.2021.<\/strong><\/p>\n<\/div>\n<div><a href=\"http:\/\/people.df.uns.ac.rs\/%7Eprodanvc\/predavanja\/ism\/hw\/HW3.pdf\">Doma\u0107i No.3<\/a> je postavljen. Rok za predaju je 20.4.2021. Postavljeno je i re\u0161enje doma\u0107eg No.2.<\/div>\n<div><\/div>\n<p><strong>22.3.2021.<\/strong><\/p>\n<\/div>\n<div><a href=\"http:\/\/people.df.uns.ac.rs\/%7Eprodanvc\/predavanja\/ism\/hw\/HW2.pdf\">Doma\u0107i No.2<\/a> je postavljen. Rok za predaju je 30.3.2021. Postavljeno je i re\u0161enje doma\u0107eg No.1.<\/div>\n<div><\/div>\n<p><strong>8.3.2021.<\/strong><\/p>\n<\/div>\n<div><a href=\"http:\/\/people.df.uns.ac.rs\/%7Eprodanvc\/predavanja\/ism\/hw\/HW1.pdf\">Doma\u0107i No.1<\/a> je postavljen. Rok za predaju je 16.3.2021.<\/p>\n<div id=\"content\">\n<div id=\"content\">\n<div id=\"content\">\n<div id=\"content\">\n<div id=\"content\"><\/div>\n<\/div>\n<div><\/div>\n<\/div>\n<\/div>\n<\/div>\n<\/div>\n","protected":false},"excerpt":{"rendered":"<p>\u00a0ISPITI | Plan i opis kursa | Teme za seminar | Predavanja u PowerPoint formatu | Ve\u017eba Doma\u0107i rad: No.1, No. 2, No. 3, No. 4 Re\u0161enje: No.1, No. 2, No. 3, No. 4, Ve\u017eba Obave\u0161tenja: 12.4.2021. Doma\u0107i No.3 je postavljen. Rok za predaju je 20.4.2021. Postavljeno je i re\u0161enje doma\u0107eg No.2. 22.3.2021. Doma\u0107i No.2 [&hellip;]<\/p>\n","protected":false},"author":11,"featured_media":0,"parent":5,"menu_order":0,"comment_status":"open","ping_status":"open","template":"","meta":{"_monsterinsights_skip_tracking":false,"_monsterinsights_sitenote_active":false,"_monsterinsights_sitenote_note":"","_monsterinsights_sitenote_category":0,"footnotes":""},"class_list":["post-64","page","type-page","status-publish","hentry"],"_links":{"self":[{"href":"https:\/\/personal.pmf.uns.ac.rs\/tijana.prodanovic\/wp-json\/wp\/v2\/pages\/64","targetHints":{"allow":["GET"]}}],"collection":[{"href":"https:\/\/personal.pmf.uns.ac.rs\/tijana.prodanovic\/wp-json\/wp\/v2\/pages"}],"about":[{"href":"https:\/\/personal.pmf.uns.ac.rs\/tijana.prodanovic\/wp-json\/wp\/v2\/types\/page"}],"author":[{"embeddable":true,"href":"https:\/\/personal.pmf.uns.ac.rs\/tijana.prodanovic\/wp-json\/wp\/v2\/users\/11"}],"replies":[{"embeddable":true,"href":"https:\/\/personal.pmf.uns.ac.rs\/tijana.prodanovic\/wp-json\/wp\/v2\/comments?post=64"}],"version-history":[{"count":38,"href":"https:\/\/personal.pmf.uns.ac.rs\/tijana.prodanovic\/wp-json\/wp\/v2\/pages\/64\/revisions"}],"predecessor-version":[{"id":1166,"href":"https:\/\/personal.pmf.uns.ac.rs\/tijana.prodanovic\/wp-json\/wp\/v2\/pages\/64\/revisions\/1166"}],"up":[{"embeddable":true,"href":"https:\/\/personal.pmf.uns.ac.rs\/tijana.prodanovic\/wp-json\/wp\/v2\/pages\/5"}],"wp:attachment":[{"href":"https:\/\/personal.pmf.uns.ac.rs\/tijana.prodanovic\/wp-json\/wp\/v2\/media?parent=64"}],"curies":[{"name":"wp","href":"https:\/\/api.w.org\/{rel}","templated":true}]}}