{"id":62,"date":"2012-12-28T11:35:32","date_gmt":"2012-12-28T10:35:32","guid":{"rendered":"http:\/\/personal.pmf.uns.ac.rs\/tijana.prodanovic\/?page_id=62"},"modified":"2020-12-08T12:20:55","modified_gmt":"2020-12-08T11:20:55","slug":"spektroskopija-vasione","status":"publish","type":"page","link":"https:\/\/personal.pmf.uns.ac.rs\/tijana.prodanovic\/teaching\/courses\/spektroskopija-vasione\/","title":{"rendered":"Spektroskopija vasione"},"content":{"rendered":"<p style=\"text-align: right\"><a title=\"Exams\/Ispiti\" href=\"http:\/\/personal.pmf.uns.ac.rs\/tijana.prodanovic\/teaching\/courses\/examsispiti\/\"> ISPITI<\/a> | <a href=\"http:\/\/people.df.uns.ac.rs\/%7Eprodanvc\/predavanja\/spektroskopija\/plan.pdf\">Plan i opis kursa<\/a> | <a href=\"http:\/\/people.df.uns.ac.rs\/%7Eprodanvc\/predavanja\/spektroskopija\/seminari.pdf\">Teme za seminar<\/a> | <a href=\"http:\/\/people.df.uns.ac.rs\/%7Eprodanvc\/predavanja\/spektroskopija\/\">Predavanja u PowerPoint formatu<\/a> | <a href=\"http:\/\/people.df.uns.ac.rs\/%7Eprodanvc\/predavanja\/spektroskopija\/vezba\/vezba_sol.pdf\">Ve\u017eba Re\u0161enje<\/a><br \/>\nDoma\u0107i rad: <a href=\"http:\/\/people.df.uns.ac.rs\/%7Eprodanvc\/predavanja\/spektroskopija\/hw\/HW1b.pdf\">No.1<\/a>, <a href=\"http:\/\/people.df.uns.ac.rs\/%7Eprodanvc\/predavanja\/spektroskopija\/hw\/HW2b.pdf\">No. 2<\/a>, <a href=\"http:\/\/people.df.uns.ac.rs\/%7Eprodanvc\/predavanja\/spektroskopija\/hw\/HW3.pdf\">No. 3<\/a>, <a href=\"http:\/\/people.df.uns.ac.rs\/%7Eprodanvc\/predavanja\/spektroskopija\/hw\/HW4.pdf\">No. 4<\/a><br \/>\nRe\u0161enje: <a href=\"http:\/\/people.df.uns.ac.rs\/%7Eprodanvc\/predavanja\/spektroskopija\/hw\/HW1b_sol.pdf\">No.1<\/a>, <a href=\"http:\/\/people.df.uns.ac.rs\/%7Eprodanvc\/predavanja\/spektroskopija\/hw\/HW2b_sol.pdf\">No. 2<\/a>, <a href=\"http:\/\/people.df.uns.ac.rs\/%7Eprodanvc\/predavanja\/spektroskopija\/hw\/HW3_sol.pdf\">No. 3<\/a>, <a href=\"http:\/\/people.df.uns.ac.rs\/%7Eprodanvc\/predavanja\/spektroskopija\/hw\/HW4_sol.pdf\">No. 4<\/a><\/p>\n<h2><em>Obave\u0161tenja:<\/em><\/h2>\n<p><strong>8.12.2020.<\/strong><\/p>\n<p><a href=\"http:\/\/people.df.uns.ac.rs\/%7Eprodanvc\/predavanja\/spektroskopija\/hw\/HW3.pdf\">Tre\u0107i Doma\u0107i zadatak<\/a> je postavljen kao i re\u0161enje drugog doma\u0107eg. <strong>Rok za predaju je 15.12.2020.<\/strong> Doma\u0107e uradite na papiru i ubacite mi ih u sandu\u010de.<\/p>\n<p><strong>15.11.2020.<\/strong><\/p>\n<p><a href=\"http:\/\/people.df.uns.ac.rs\/%7Eprodanvc\/predavanja\/spektroskopija\/hw\/HW2b.pdf\">Drugi Doma\u0107i zadatak<\/a> je postavljen kao i re\u0161enje prvog doma\u0107eg. <strong>Rok za predaju je 24.10-2020.<\/strong> Doma\u0107e uradite na papiru i ubacite mi ih u sandu\u010de.<\/p>\n<p><strong>2.11.2020.<\/strong><\/p>\n<p>Zbog epidemiolo\u0161ke situacije prelazimo na online nastavu. Sva predavanja \u0107e biti snimljena i mo\u017eete da ih preuzmete i u audio i u vide formatu na linku za predavanja.<\/p>\n<p>Tako\u0111e, <a href=\"http:\/\/people.df.uns.ac.rs\/%7Eprodanvc\/predavanja\/spektroskopija\/hw\/HW1b.pdf\">prvi Doma\u0107i zadatak<\/a> je postavljen. <strong>Rok za predaju je 10.11.2020.<\/strong> Doma\u0107e uradite na papiru i ubacite mi ih u sandu\u010de.<\/p>\n<p><strong>20.10.2020.<\/strong><\/p>\n<p>Nastava je po\u010dela. Predavanja su utorkom od 11-13h u u\u010dionici 60.<\/p>\n","protected":false},"excerpt":{"rendered":"<p>ISPITI | Plan i opis kursa | Teme za seminar | Predavanja u PowerPoint formatu | Ve\u017eba Re\u0161enje Doma\u0107i rad: No.1, No. 2, No. 3, No. 4 Re\u0161enje: No.1, No. 2, No. 3, No. 4 Obave\u0161tenja: 8.12.2020. Tre\u0107i Doma\u0107i zadatak je postavljen kao i re\u0161enje drugog doma\u0107eg. Rok za predaju je 15.12.2020. Doma\u0107e uradite na [&hellip;]<\/p>\n","protected":false},"author":11,"featured_media":0,"parent":5,"menu_order":0,"comment_status":"open","ping_status":"open","template":"","meta":{"_monsterinsights_skip_tracking":false,"_monsterinsights_sitenote_active":false,"_monsterinsights_sitenote_note":"","_monsterinsights_sitenote_category":0,"footnotes":""},"class_list":["post-62","page","type-page","status-publish","hentry"],"_links":{"self":[{"href":"https:\/\/personal.pmf.uns.ac.rs\/tijana.prodanovic\/wp-json\/wp\/v2\/pages\/62","targetHints":{"allow":["GET"]}}],"collection":[{"href":"https:\/\/personal.pmf.uns.ac.rs\/tijana.prodanovic\/wp-json\/wp\/v2\/pages"}],"about":[{"href":"https:\/\/personal.pmf.uns.ac.rs\/tijana.prodanovic\/wp-json\/wp\/v2\/types\/page"}],"author":[{"embeddable":true,"href":"https:\/\/personal.pmf.uns.ac.rs\/tijana.prodanovic\/wp-json\/wp\/v2\/users\/11"}],"replies":[{"embeddable":true,"href":"https:\/\/personal.pmf.uns.ac.rs\/tijana.prodanovic\/wp-json\/wp\/v2\/comments?post=62"}],"version-history":[{"count":42,"href":"https:\/\/personal.pmf.uns.ac.rs\/tijana.prodanovic\/wp-json\/wp\/v2\/pages\/62\/revisions"}],"predecessor-version":[{"id":1145,"href":"https:\/\/personal.pmf.uns.ac.rs\/tijana.prodanovic\/wp-json\/wp\/v2\/pages\/62\/revisions\/1145"}],"up":[{"embeddable":true,"href":"https:\/\/personal.pmf.uns.ac.rs\/tijana.prodanovic\/wp-json\/wp\/v2\/pages\/5"}],"wp:attachment":[{"href":"https:\/\/personal.pmf.uns.ac.rs\/tijana.prodanovic\/wp-json\/wp\/v2\/media?parent=62"}],"curies":[{"name":"wp","href":"https:\/\/api.w.org\/{rel}","templated":true}]}}