{"id":489,"date":"2014-03-10T10:59:50","date_gmt":"2014-03-10T09:59:50","guid":{"rendered":"http:\/\/personal.pmf.uns.ac.rs\/tijana.prodanovic\/?page_id=489"},"modified":"2015-04-14T08:57:29","modified_gmt":"2015-04-14T07:57:29","slug":"vi-sar","status":"publish","type":"page","link":"https:\/\/personal.pmf.uns.ac.rs\/tijana.prodanovic\/teaching\/studentska_astro_radionica\/vi-sar\/","title":{"rendered":"VI SAR"},"content":{"rendered":"<div>\n<address><strong>Subota, 20.04.2013.<\/strong><\/address>\n<address><strong>Departman za fiziku, prizemlje, \u010ditaonica, Prirodno-matemati\u010dki Fakultet<\/strong><\/address>\n<p><a href=\"http:\/\/people.df.uns.ac.rs\/%7Eprodanvc\/radionica\/VI_SAR_program.pdf\"><strong><em>PROGRAM<\/em><\/strong><\/a><\/p>\n<p>09:00 &#8211; 11:00 Dolazak Studenata iz Beograda i upoznavanje<\/p>\n<p><b>Plenarno predavanje <\/b><\/p>\n<p>11:00 &#8211; 11:45 <a href=\"http:\/\/people.df.uns.ac.rs\/%7Eprodanvc\/radionica\/predavanja\/sesta\/Novakovic Bojan.pdf\">Bojan Novakovi\u0107 &#8211; <\/a><em><a href=\"http:\/\/people.df.uns.ac.rs\/%7Eprodanvc\/radionica\/predavanja\/sesta\/Novakovic Bojan.pdf\">Objekti u blizini Zemlje: nastanak, evolucija i zna\u010daj<\/a><br \/>\n<\/em><\/p>\n<p>11:45 &#8211; 12:00 Pauza<\/p>\n<p><b>Sesija I<\/b> (Chair:D. Ili\u0107)<br \/>\n12:00 &#8211; 12:20 <a href=\"http:\/\/people.df.uns.ac.rs\/%7Eprodanvc\/radionica\/predavanja\/sesta\/Mitrasinovic Ana.pptx\">Darko Donevski, Ana Mitra\u0161inovi\u0107 &#8211; <em>Prezentacija SVAP 2012<\/em><\/a><br \/>\n12:20 &#8211; 12:40 <a href=\"http:\/\/people.df.uns.ac.rs\/%7Eprodanvc\/radionica\/predavanja\/sesta\/Kovacevic Milos.pptx\">Milo\u0161 Kova\u010devi\u0107 &#8211; <em>Difuzno gama zra\u010denje Mle\u010dnog puta<\/em><\/a><br \/>\n12:40 &#8211; 13:00 <a href=\"http:\/\/people.df.uns.ac.rs\/%7Eprodanvc\/radionica\/predavanja\/sesta\/Savic Djordje.pptx\">\u0110or\u0111e Savi\u0107: Projekat Alma i obrada posmatranja<\/a><\/p>\n<p>13:00 &#8211; 14:00 Pauza za ru\u010dak<\/p>\n<p><b>Sesija II<\/b> (Chair: T. Prodanovi\u0107)<br \/>\n14:00 &#8211; 14:20 <a href=\"http:\/\/people.df.uns.ac.rs\/%7Eprodanvc\/radionica\/predavanja\/sesta\/Smailagic Marijana.ppt\">Marijana Smailagi\u0107: Kako akrecija hladnog gasa uti\u010de na evoluciju kosmolo\u0161kih Lajman-alfa objekata<\/a><br \/>\n14:20 &#8211; 14:40 <a href=\"http:\/\/people.df.uns.ac.rs\/%7Eprodanvc\/radionica\/predavanja\/sesta\/Marjanovic Rade.ppt\">Rade Marjanovi\u0107 &#8211; <em>Me\u0111unarodna \u0161kola za mlade astronome &#8211; ISYA<\/em><\/a><br \/>\n14:40 &#8211; 15:00 <a href=\"http:\/\/people.df.uns.ac.rs\/%7Eprodanvc\/radionica\/predavanja\/sesta\/Sarcevic Nikolina.pptx\">Nikolina \u0160ar\u010devi\u0107 &#8211; <em>Princip rada i dizajn linearnih akceleratora<\/em><\/a><\/p>\n<p>15:00 &#8211; 15:30 Diskusija + pauza<\/p>\n<p>15:30 &#8211; 16:30 <em>\u0160ta je to istra\u017eiva\u010dki rad? <\/em>(Bojan Arbutina, Dragana Ili\u0107, An\u0111elka Kova\u010devi\u0107, Bojan Novakovi\u0107, Tijana Prodanovi\u0107)<\/p>\n<p>16:30 &#8211; Slobodan program<\/p>\n<p><strong>Predavanja traju 15 min + 5 min za pitanja (obezbe\u0111en projektor i ra\u010dunar)<\/strong><\/p>\n<p><strong>Zvani\u010dni jezik radionice: srpski<\/strong><\/p>\n\n\t\t<style type=\"text\/css\">\n\t\t\t#gallery-1 {\n\t\t\t\tmargin: auto;\n\t\t\t}\n\t\t\t#gallery-1 .gallery-item {\n\t\t\t\tfloat: left;\n\t\t\t\tmargin-top: 10px;\n\t\t\t\ttext-align: center;\n\t\t\t\twidth: 33%;\n\t\t\t}\n\t\t\t#gallery-1 img {\n\t\t\t\tborder: 2px solid #cfcfcf;\n\t\t\t}\n\t\t\t#gallery-1 .gallery-caption {\n\t\t\t\tmargin-left: 0;\n\t\t\t}\n\t\t\t\/* see gallery_shortcode() in wp-includes\/media.php *\/\n\t\t<\/style>\n\t\t<div id='gallery-1' class='gallery galleryid-489 gallery-columns-3 gallery-size-thumbnail'><dl class='gallery-item'>\n\t\t\t<dt class='gallery-icon landscape'>\n\t\t\t\t<a href='https:\/\/personal.pmf.uns.ac.rs\/tijana.prodanovic\/teaching\/studentska_astro_radionica\/6_radionica4\/'><img loading=\"lazy\" decoding=\"async\" width=\"150\" height=\"150\" src=\"https:\/\/personal.pmf.uns.ac.rs\/tijana.prodanovic\/wp-content\/uploads\/sites\/10\/2012\/12\/6_radionica4-150x150.jpg\" class=\"attachment-thumbnail size-thumbnail\" alt=\"\" aria-describedby=\"gallery-1-432\" \/><\/a>\n\t\t\t<\/dt>\n\t\t\t\t<dd class='wp-caption-text gallery-caption' id='gallery-1-432'>\n\t\t\t\tPauza za kafu, dru\u017eenje i koji zalogaj\n\t\t\t\t<\/dd><\/dl><dl class='gallery-item'>\n\t\t\t<dt class='gallery-icon landscape'>\n\t\t\t\t<a href='https:\/\/personal.pmf.uns.ac.rs\/tijana.prodanovic\/teaching\/studentska_astro_radionica\/6_radionica5\/'><img loading=\"lazy\" decoding=\"async\" width=\"150\" height=\"150\" src=\"https:\/\/personal.pmf.uns.ac.rs\/tijana.prodanovic\/wp-content\/uploads\/sites\/10\/2012\/12\/6_radionica5-150x150.jpg\" class=\"attachment-thumbnail size-thumbnail\" alt=\"\" aria-describedby=\"gallery-1-431\" \/><\/a>\n\t\t\t<\/dt>\n\t\t\t\t<dd class='wp-caption-text gallery-caption' id='gallery-1-431'>\n\t\t\t\tNa pauzi&#8230;\n\t\t\t\t<\/dd><\/dl><dl class='gallery-item'>\n\t\t\t<dt class='gallery-icon landscape'>\n\t\t\t\t<a href='https:\/\/personal.pmf.uns.ac.rs\/tijana.prodanovic\/teaching\/studentska_astro_radionica\/6_radionica6\/'><img loading=\"lazy\" decoding=\"async\" width=\"150\" height=\"150\" src=\"https:\/\/personal.pmf.uns.ac.rs\/tijana.prodanovic\/wp-content\/uploads\/sites\/10\/2012\/12\/6_radionica6-150x150.jpg\" class=\"attachment-thumbnail size-thumbnail\" alt=\"\" aria-describedby=\"gallery-1-430\" \/><\/a>\n\t\t\t<\/dt>\n\t\t\t\t<dd class='wp-caption-text gallery-caption' id='gallery-1-430'>\n\t\t\t\tDragana, jedan od glavnih organizatora SAR-a i SVAP-a, o SVAP-u\n\t\t\t\t<\/dd><\/dl><br style=\"clear: both\" \/><dl class='gallery-item'>\n\t\t\t<dt class='gallery-icon landscape'>\n\t\t\t\t<a href='https:\/\/personal.pmf.uns.ac.rs\/tijana.prodanovic\/teaching\/studentska_astro_radionica\/6_radionica7\/'><img loading=\"lazy\" decoding=\"async\" width=\"150\" height=\"150\" src=\"https:\/\/personal.pmf.uns.ac.rs\/tijana.prodanovic\/wp-content\/uploads\/sites\/10\/2012\/12\/6_radionica7-150x150.jpg\" class=\"attachment-thumbnail size-thumbnail\" alt=\"\" aria-describedby=\"gallery-1-429\" \/><\/a>\n\t\t\t<\/dt>\n\t\t\t\t<dd class='wp-caption-text gallery-caption' id='gallery-1-429'>\n\t\t\t\tAna o svom u\u010des\u0107u i iskustvu na SVAP-u\n\t\t\t\t<\/dd><\/dl><dl class='gallery-item'>\n\t\t\t<dt class='gallery-icon landscape'>\n\t\t\t\t<a href='https:\/\/personal.pmf.uns.ac.rs\/tijana.prodanovic\/teaching\/studentska_astro_radionica\/6_radionica8\/'><img loading=\"lazy\" decoding=\"async\" width=\"150\" height=\"150\" src=\"https:\/\/personal.pmf.uns.ac.rs\/tijana.prodanovic\/wp-content\/uploads\/sites\/10\/2012\/12\/6_radionica8-150x150.jpg\" class=\"attachment-thumbnail size-thumbnail\" alt=\"\" aria-describedby=\"gallery-1-428\" \/><\/a>\n\t\t\t<\/dt>\n\t\t\t\t<dd class='wp-caption-text gallery-caption' id='gallery-1-428'>\n\t\t\t\tPublika pomno prati&#8230;\n\t\t\t\t<\/dd><\/dl><dl class='gallery-item'>\n\t\t\t<dt class='gallery-icon landscape'>\n\t\t\t\t<a href='https:\/\/personal.pmf.uns.ac.rs\/tijana.prodanovic\/teaching\/studentska_astro_radionica\/6_radionica9\/'><img loading=\"lazy\" decoding=\"async\" width=\"150\" height=\"150\" src=\"https:\/\/personal.pmf.uns.ac.rs\/tijana.prodanovic\/wp-content\/uploads\/sites\/10\/2012\/12\/6_radionica9-150x150.jpg\" class=\"attachment-thumbnail size-thumbnail\" alt=\"\" aria-describedby=\"gallery-1-427\" \/><\/a>\n\t\t\t<\/dt>\n\t\t\t\t<dd class='wp-caption-text gallery-caption' id='gallery-1-427'>\n\t\t\t\tMilos o difuznom gama zra\u010denju\n\t\t\t\t<\/dd><\/dl><br style=\"clear: both\" \/><dl class='gallery-item'>\n\t\t\t<dt class='gallery-icon landscape'>\n\t\t\t\t<a href='https:\/\/personal.pmf.uns.ac.rs\/tijana.prodanovic\/teaching\/studentska_astro_radionica\/6_radionica11\/'><img loading=\"lazy\" decoding=\"async\" width=\"150\" height=\"150\" src=\"https:\/\/personal.pmf.uns.ac.rs\/tijana.prodanovic\/wp-content\/uploads\/sites\/10\/2012\/12\/6_radionica11-150x150.jpg\" class=\"attachment-thumbnail size-thumbnail\" alt=\"\" aria-describedby=\"gallery-1-426\" \/><\/a>\n\t\t\t<\/dt>\n\t\t\t\t<dd class='wp-caption-text gallery-caption' id='gallery-1-426'>\n\t\t\t\tJo\u0161 uvek svi na broju\n\t\t\t\t<\/dd><\/dl><dl class='gallery-item'>\n\t\t\t<dt class='gallery-icon landscape'>\n\t\t\t\t<a href='https:\/\/personal.pmf.uns.ac.rs\/tijana.prodanovic\/teaching\/studentska_astro_radionica\/6_radionica12\/'><img loading=\"lazy\" decoding=\"async\" width=\"150\" height=\"150\" src=\"https:\/\/personal.pmf.uns.ac.rs\/tijana.prodanovic\/wp-content\/uploads\/sites\/10\/2012\/12\/6_radionica12-150x150.jpg\" class=\"attachment-thumbnail size-thumbnail\" alt=\"\" aria-describedby=\"gallery-1-425\" \/><\/a>\n\t\t\t<\/dt>\n\t\t\t\t<dd class='wp-caption-text gallery-caption' id='gallery-1-425'>\n\t\t\t\tDordje o ALMA-i\n\t\t\t\t<\/dd><\/dl><dl class='gallery-item'>\n\t\t\t<dt class='gallery-icon landscape'>\n\t\t\t\t<a href='https:\/\/personal.pmf.uns.ac.rs\/tijana.prodanovic\/teaching\/studentska_astro_radionica\/6_radionica21\/'><img loading=\"lazy\" decoding=\"async\" width=\"150\" height=\"150\" src=\"https:\/\/personal.pmf.uns.ac.rs\/tijana.prodanovic\/wp-content\/uploads\/sites\/10\/2012\/12\/6_radionica21-150x150.jpg\" class=\"attachment-thumbnail size-thumbnail\" alt=\"\" aria-describedby=\"gallery-1-416\" \/><\/a>\n\t\t\t<\/dt>\n\t\t\t\t<dd class='wp-caption-text gallery-caption' id='gallery-1-416'>\n\t\t\t\tPublika i dalje pomno prati&#8230;\n\t\t\t\t<\/dd><\/dl><br style=\"clear: both\" \/><dl class='gallery-item'>\n\t\t\t<dt class='gallery-icon landscape'>\n\t\t\t\t<a href='https:\/\/personal.pmf.uns.ac.rs\/tijana.prodanovic\/teaching\/studentska_astro_radionica\/6_radionica1\/'><img loading=\"lazy\" decoding=\"async\" width=\"150\" height=\"150\" src=\"https:\/\/personal.pmf.uns.ac.rs\/tijana.prodanovic\/wp-content\/uploads\/sites\/10\/2012\/12\/6_radionica1-150x150.jpg\" class=\"attachment-thumbnail size-thumbnail\" alt=\"\" aria-describedby=\"gallery-1-407\" \/><\/a>\n\t\t\t<\/dt>\n\t\t\t\t<dd class='wp-caption-text gallery-caption' id='gallery-1-407'>\n\t\t\t\tVI SAR je po\u010deo!\n\t\t\t\t<\/dd><\/dl><dl class='gallery-item'>\n\t\t\t<dt class='gallery-icon portrait'>\n\t\t\t\t<a href='https:\/\/personal.pmf.uns.ac.rs\/tijana.prodanovic\/teaching\/studentska_astro_radionica\/6_radionica10\/'><img loading=\"lazy\" decoding=\"async\" width=\"150\" height=\"150\" src=\"https:\/\/personal.pmf.uns.ac.rs\/tijana.prodanovic\/wp-content\/uploads\/sites\/10\/2012\/12\/6_radionica10-150x150.jpg\" class=\"attachment-thumbnail size-thumbnail\" alt=\"\" aria-describedby=\"gallery-1-408\" \/><\/a>\n\t\t\t<\/dt>\n\t\t\t\t<dd class='wp-caption-text gallery-caption' id='gallery-1-408'>\n\t\t\t\tPa\u017enja\n\t\t\t\t<\/dd><\/dl><dl class='gallery-item'>\n\t\t\t<dt class='gallery-icon landscape'>\n\t\t\t\t<a href='https:\/\/personal.pmf.uns.ac.rs\/tijana.prodanovic\/teaching\/studentska_astro_radionica\/6_radionica20\/'><img loading=\"lazy\" decoding=\"async\" width=\"150\" height=\"150\" src=\"https:\/\/personal.pmf.uns.ac.rs\/tijana.prodanovic\/wp-content\/uploads\/sites\/10\/2012\/12\/6_radionica20-150x150.jpg\" class=\"attachment-thumbnail size-thumbnail\" alt=\"\" aria-describedby=\"gallery-1-417\" \/><\/a>\n\t\t\t<\/dt>\n\t\t\t\t<dd class='wp-caption-text gallery-caption' id='gallery-1-417'>\n\t\t\t\tNikolina o linearnim akceleratorima\n\t\t\t\t<\/dd><\/dl><br style=\"clear: both\" \/><dl class='gallery-item'>\n\t\t\t<dt class='gallery-icon landscape'>\n\t\t\t\t<a href='https:\/\/personal.pmf.uns.ac.rs\/tijana.prodanovic\/teaching\/studentska_astro_radionica\/6_radionica22\/'><img loading=\"lazy\" decoding=\"async\" width=\"150\" height=\"150\" src=\"https:\/\/personal.pmf.uns.ac.rs\/tijana.prodanovic\/wp-content\/uploads\/sites\/10\/2012\/12\/6_radionica22-150x150.jpg\" class=\"attachment-thumbnail size-thumbnail\" alt=\"\" aria-describedby=\"gallery-1-415\" \/><\/a>\n\t\t\t<\/dt>\n\t\t\t\t<dd class='wp-caption-text gallery-caption' id='gallery-1-415'>\n\t\t\t\t&#8230;i dru\u017eenje&#8230;\n\t\t\t\t<\/dd><\/dl><dl class='gallery-item'>\n\t\t\t<dt class='gallery-icon landscape'>\n\t\t\t\t<a href='https:\/\/personal.pmf.uns.ac.rs\/tijana.prodanovic\/teaching\/studentska_astro_radionica\/6_radionica13\/'><img loading=\"lazy\" decoding=\"async\" width=\"150\" height=\"150\" src=\"https:\/\/personal.pmf.uns.ac.rs\/tijana.prodanovic\/wp-content\/uploads\/sites\/10\/2012\/12\/6_radionica13-150x150.jpg\" class=\"attachment-thumbnail size-thumbnail\" alt=\"\" aria-describedby=\"gallery-1-424\" \/><\/a>\n\t\t\t<\/dt>\n\t\t\t\t<dd class='wp-caption-text gallery-caption' id='gallery-1-424'>\n\t\t\t\tBrojna publika\n\t\t\t\t<\/dd><\/dl><dl class='gallery-item'>\n\t\t\t<dt class='gallery-icon landscape'>\n\t\t\t\t<a href='https:\/\/personal.pmf.uns.ac.rs\/tijana.prodanovic\/teaching\/studentska_astro_radionica\/6_radionica14\/'><img loading=\"lazy\" decoding=\"async\" width=\"150\" height=\"150\" src=\"https:\/\/personal.pmf.uns.ac.rs\/tijana.prodanovic\/wp-content\/uploads\/sites\/10\/2012\/12\/6_radionica14-150x150.jpg\" class=\"attachment-thumbnail size-thumbnail\" alt=\"\" aria-describedby=\"gallery-1-423\" \/><\/a>\n\t\t\t<\/dt>\n\t\t\t\t<dd class='wp-caption-text gallery-caption' id='gallery-1-423'>\n\t\t\t\tHvala na pa\u017enji\n\t\t\t\t<\/dd><\/dl><br style=\"clear: both\" \/><dl class='gallery-item'>\n\t\t\t<dt class='gallery-icon landscape'>\n\t\t\t\t<a href='https:\/\/personal.pmf.uns.ac.rs\/tijana.prodanovic\/teaching\/studentska_astro_radionica\/6_radionica15\/'><img loading=\"lazy\" decoding=\"async\" width=\"150\" height=\"150\" src=\"https:\/\/personal.pmf.uns.ac.rs\/tijana.prodanovic\/wp-content\/uploads\/sites\/10\/2012\/12\/6_radionica15-150x150.jpg\" class=\"attachment-thumbnail size-thumbnail\" alt=\"\" aria-describedby=\"gallery-1-422\" \/><\/a>\n\t\t\t<\/dt>\n\t\t\t\t<dd class='wp-caption-text gallery-caption' id='gallery-1-422'>\n\t\t\t\tPitanja\n\t\t\t\t<\/dd><\/dl><dl class='gallery-item'>\n\t\t\t<dt class='gallery-icon landscape'>\n\t\t\t\t<a href='https:\/\/personal.pmf.uns.ac.rs\/tijana.prodanovic\/teaching\/studentska_astro_radionica\/6_radionica16\/'><img loading=\"lazy\" decoding=\"async\" width=\"150\" height=\"150\" src=\"https:\/\/personal.pmf.uns.ac.rs\/tijana.prodanovic\/wp-content\/uploads\/sites\/10\/2012\/12\/6_radionica16-150x150.jpg\" class=\"attachment-thumbnail size-thumbnail\" alt=\"\" aria-describedby=\"gallery-1-421\" \/><\/a>\n\t\t\t<\/dt>\n\t\t\t\t<dd class='wp-caption-text gallery-caption' id='gallery-1-421'>\n\t\t\t\tI jo\u0161 pitanja\n\t\t\t\t<\/dd><\/dl><dl class='gallery-item'>\n\t\t\t<dt class='gallery-icon landscape'>\n\t\t\t\t<a href='https:\/\/personal.pmf.uns.ac.rs\/tijana.prodanovic\/teaching\/studentska_astro_radionica\/6_radionica17\/'><img loading=\"lazy\" decoding=\"async\" width=\"150\" height=\"150\" src=\"https:\/\/personal.pmf.uns.ac.rs\/tijana.prodanovic\/wp-content\/uploads\/sites\/10\/2012\/12\/6_radionica17-150x150.jpg\" class=\"attachment-thumbnail size-thumbnail\" alt=\"\" aria-describedby=\"gallery-1-420\" \/><\/a>\n\t\t\t<\/dt>\n\t\t\t\t<dd class='wp-caption-text gallery-caption' id='gallery-1-420'>\n\t\t\t\tPauza za ru\u010dak\n\t\t\t\t<\/dd><\/dl><br style=\"clear: both\" \/><dl class='gallery-item'>\n\t\t\t<dt class='gallery-icon landscape'>\n\t\t\t\t<a href='https:\/\/personal.pmf.uns.ac.rs\/tijana.prodanovic\/teaching\/studentska_astro_radionica\/6_radionica18\/'><img loading=\"lazy\" decoding=\"async\" width=\"150\" height=\"150\" src=\"https:\/\/personal.pmf.uns.ac.rs\/tijana.prodanovic\/wp-content\/uploads\/sites\/10\/2012\/12\/6_radionica18-150x150.jpg\" class=\"attachment-thumbnail size-thumbnail\" alt=\"\" aria-describedby=\"gallery-1-419\" \/><\/a>\n\t\t\t<\/dt>\n\t\t\t\t<dd class='wp-caption-text gallery-caption' id='gallery-1-419'>\n\t\t\t\tMarijana o kosmolo\u0161kim lajman alfa objektima\n\t\t\t\t<\/dd><\/dl><dl class='gallery-item'>\n\t\t\t<dt class='gallery-icon landscape'>\n\t\t\t\t<a href='https:\/\/personal.pmf.uns.ac.rs\/tijana.prodanovic\/teaching\/studentska_astro_radionica\/6_radionica19\/'><img loading=\"lazy\" decoding=\"async\" width=\"150\" height=\"150\" src=\"https:\/\/personal.pmf.uns.ac.rs\/tijana.prodanovic\/wp-content\/uploads\/sites\/10\/2012\/12\/6_radionica19-150x150.jpg\" class=\"attachment-thumbnail size-thumbnail\" alt=\"\" aria-describedby=\"gallery-1-418\" \/><\/a>\n\t\t\t<\/dt>\n\t\t\t\t<dd class='wp-caption-text gallery-caption' id='gallery-1-418'>\n\t\t\t\tRade o svom u\u010de\u0161\u0107u na letnjoj \u0161koli u Jermeniji\n\t\t\t\t<\/dd><\/dl><dl class='gallery-item'>\n\t\t\t<dt class='gallery-icon landscape'>\n\t\t\t\t<a href='https:\/\/personal.pmf.uns.ac.rs\/tijana.prodanovic\/teaching\/studentska_astro_radionica\/6_radionica28\/'><img loading=\"lazy\" decoding=\"async\" width=\"150\" height=\"150\" src=\"https:\/\/personal.pmf.uns.ac.rs\/tijana.prodanovic\/wp-content\/uploads\/sites\/10\/2012\/12\/6_radionica28-150x150.jpg\" class=\"attachment-thumbnail size-thumbnail\" alt=\"\" aria-describedby=\"gallery-1-409\" \/><\/a>\n\t\t\t<\/dt>\n\t\t\t\t<dd class='wp-caption-text gallery-caption' id='gallery-1-409'>\n\t\t\t\tSlobodan program uz dru\u017eenje&#8230;\n\t\t\t\t<\/dd><\/dl><br style=\"clear: both\" \/><dl class='gallery-item'>\n\t\t\t<dt class='gallery-icon landscape'>\n\t\t\t\t<a href='https:\/\/personal.pmf.uns.ac.rs\/tijana.prodanovic\/teaching\/studentska_astro_radionica\/6_radionica27\/'><img loading=\"lazy\" decoding=\"async\" width=\"150\" height=\"150\" src=\"https:\/\/personal.pmf.uns.ac.rs\/tijana.prodanovic\/wp-content\/uploads\/sites\/10\/2012\/12\/6_radionica27-150x150.jpg\" class=\"attachment-thumbnail size-thumbnail\" alt=\"\" aria-describedby=\"gallery-1-410\" \/><\/a>\n\t\t\t<\/dt>\n\t\t\t\t<dd class='wp-caption-text gallery-caption' id='gallery-1-410'>\n\t\t\t\t&#8230;lepo vreme, Dunav i pivo.\n\t\t\t\t<\/dd><\/dl><dl class='gallery-item'>\n\t\t\t<dt class='gallery-icon landscape'>\n\t\t\t\t<a href='https:\/\/personal.pmf.uns.ac.rs\/tijana.prodanovic\/teaching\/studentska_astro_radionica\/6_radionica26\/'><img loading=\"lazy\" decoding=\"async\" width=\"150\" height=\"150\" src=\"https:\/\/personal.pmf.uns.ac.rs\/tijana.prodanovic\/wp-content\/uploads\/sites\/10\/2012\/12\/6_radionica26-150x150.jpg\" class=\"attachment-thumbnail size-thumbnail\" alt=\"\" aria-describedby=\"gallery-1-411\" \/><\/a>\n\t\t\t<\/dt>\n\t\t\t\t<dd class='wp-caption-text gallery-caption' id='gallery-1-411'>\n\t\t\t\tDragana i Tijana o svom iskustvu u istra\u017eiva\u010dkom radu\n\t\t\t\t<\/dd><\/dl><dl class='gallery-item'>\n\t\t\t<dt class='gallery-icon landscape'>\n\t\t\t\t<a href='https:\/\/personal.pmf.uns.ac.rs\/tijana.prodanovic\/teaching\/studentska_astro_radionica\/6_radionica25\/'><img loading=\"lazy\" decoding=\"async\" width=\"150\" height=\"150\" src=\"https:\/\/personal.pmf.uns.ac.rs\/tijana.prodanovic\/wp-content\/uploads\/sites\/10\/2012\/12\/6_radionica25-150x150.jpg\" class=\"attachment-thumbnail size-thumbnail\" alt=\"\" aria-describedby=\"gallery-1-412\" \/><\/a>\n\t\t\t<\/dt>\n\t\t\t\t<dd class='wp-caption-text gallery-caption' id='gallery-1-412'>\n\t\t\t\t&#8230;i polemike&#8230;\n\t\t\t\t<\/dd><\/dl><br style=\"clear: both\" \/><dl class='gallery-item'>\n\t\t\t<dt class='gallery-icon landscape'>\n\t\t\t\t<a href='https:\/\/personal.pmf.uns.ac.rs\/tijana.prodanovic\/teaching\/studentska_astro_radionica\/6_radionica24\/'><img loading=\"lazy\" decoding=\"async\" width=\"150\" height=\"150\" src=\"https:\/\/personal.pmf.uns.ac.rs\/tijana.prodanovic\/wp-content\/uploads\/sites\/10\/2012\/12\/6_radionica24-150x150.jpg\" class=\"attachment-thumbnail size-thumbnail\" alt=\"\" aria-describedby=\"gallery-1-413\" \/><\/a>\n\t\t\t<\/dt>\n\t\t\t\t<dd class='wp-caption-text gallery-caption' id='gallery-1-413'>\n\t\t\t\ti diskusije&#8230;\n\t\t\t\t<\/dd><\/dl><dl class='gallery-item'>\n\t\t\t<dt class='gallery-icon landscape'>\n\t\t\t\t<a href='https:\/\/personal.pmf.uns.ac.rs\/tijana.prodanovic\/teaching\/studentska_astro_radionica\/6_radionica23\/'><img loading=\"lazy\" decoding=\"async\" width=\"150\" height=\"150\" src=\"https:\/\/personal.pmf.uns.ac.rs\/tijana.prodanovic\/wp-content\/uploads\/sites\/10\/2012\/12\/6_radionica23-150x150.jpg\" class=\"attachment-thumbnail size-thumbnail\" alt=\"\" aria-describedby=\"gallery-1-414\" \/><\/a>\n\t\t\t<\/dt>\n\t\t\t\t<dd class='wp-caption-text gallery-caption' id='gallery-1-414'>\n\t\t\t\tNakon ru\u010dka, mali odmor&#8230;\n\t\t\t\t<\/dd><\/dl><dl class='gallery-item'>\n\t\t\t<dt class='gallery-icon landscape'>\n\t\t\t\t<a href='https:\/\/personal.pmf.uns.ac.rs\/tijana.prodanovic\/teaching\/studentska_astro_radionica\/6_radionica3\/'><img loading=\"lazy\" decoding=\"async\" width=\"150\" height=\"150\" src=\"https:\/\/personal.pmf.uns.ac.rs\/tijana.prodanovic\/wp-content\/uploads\/sites\/10\/2012\/12\/6_radionica3-150x150.jpg\" class=\"attachment-thumbnail size-thumbnail\" alt=\"\" aria-describedby=\"gallery-1-405\" \/><\/a>\n\t\t\t<\/dt>\n\t\t\t\t<dd class='wp-caption-text gallery-caption' id='gallery-1-405'>\n\t\t\t\tPauza za kafu i dru\u017eenje\n\t\t\t\t<\/dd><\/dl><br style=\"clear: both\" \/><dl class='gallery-item'>\n\t\t\t<dt class='gallery-icon landscape'>\n\t\t\t\t<a href='https:\/\/personal.pmf.uns.ac.rs\/tijana.prodanovic\/teaching\/studentska_astro_radionica\/6_radionica2\/'><img loading=\"lazy\" decoding=\"async\" width=\"150\" height=\"150\" src=\"https:\/\/personal.pmf.uns.ac.rs\/tijana.prodanovic\/wp-content\/uploads\/sites\/10\/2012\/12\/6_radionica2-150x150.jpg\" class=\"attachment-thumbnail size-thumbnail\" alt=\"\" aria-describedby=\"gallery-1-406\" \/><\/a>\n\t\t\t<\/dt>\n\t\t\t\t<dd class='wp-caption-text gallery-caption' id='gallery-1-406'>\n\t\t\t\tBojan o Objektima u blizini Zemlje\n\t\t\t\t<\/dd><\/dl>\n\t\t\t<br style='clear: both' \/>\n\t\t<\/div>\n\n<p><b>U\u010desnici<\/b>: Studenti astronomije sa Beogradskog i Novosadskog Univerziteta<br \/>\n<b>Organizatori<\/b>: <a href=\"http:\/\/www.matf.bg.ac.yu\/katedre\/astronomija\/index.html\" target=\"_blank\">Katedra za astronomiju, Matematicki fakultet u Beogradu<\/a>; <a href=\"http:\/\/www.df.uns.ac.rs\/index.php?lang=lat\" target=\"_blank\">Departman za Fiziku, Prirodno-matematicki fakultet u Novom Sadu<\/a>; <a href=\"http:\/\/www.aob.bg.ac.yu\/\" target=\"_blank\">Astronomska Opservatorija Beograd<\/a>,<\/p>\n<\/div>\n<div><img decoding=\"async\" title=\"gallery ids=&quot;407,406,405,432,430,429,428,427,416,425,423,422,420,431,414,415,413,412,419,408,418,424,421,417,426,411,409,410&quot;\" src=\"https:\/\/personal.pmf.uns.ac.rs\/tijana.prodanovic\/wp-includes\/js\/tinymce\/plugins\/wpgallery\/img\/t.gif\" alt=\"\" \/><\/div>\n<p>Pregled ostalih radionica: <a title=\"Prva Studentska Astronomska Radionica\" href=\"http:\/\/personal.pmf.uns.ac.rs\/tijana.prodanovic\/teaching\/studentska_astro_radionica\/1_studentska_astro_radionica\/\">I SAR<\/a>, <a title=\"II SAR\" href=\"http:\/\/personal.pmf.uns.ac.rs\/tijana.prodanovic\/teaching\/studentska_astro_radionica\/2_studentska_astro_radionica\/\">II SAR<\/a>, <a title=\"III SAR\" href=\"http:\/\/personal.pmf.uns.ac.rs\/tijana.prodanovic\/teaching\/studentska_astro_radionica\/3_studentska_astro_radionic\/\">III SAR <\/a>, <a title=\"IV SAR\" href=\"http:\/\/personal.pmf.uns.ac.rs\/tijana.prodanovic\/teaching\/studentska_astro_radionica\/4_studentska_astro_radionic\/\">IV SAR<\/a>, <a title=\"V SAR\" href=\"http:\/\/personal.pmf.uns.ac.rs\/tijana.prodanovic\/teaching\/studentska_astro_radionica\/v-sar\/\">V SAR<\/a><\/p>\n","protected":false},"excerpt":{"rendered":"<p>Subota, 20.04.2013. Departman za fiziku, prizemlje, \u010ditaonica, Prirodno-matemati\u010dki Fakultet PROGRAM 09:00 &#8211; 11:00 Dolazak Studenata iz Beograda i upoznavanje Plenarno predavanje 11:00 &#8211; 11:45 Bojan Novakovi\u0107 &#8211; Objekti u blizini Zemlje: nastanak, evolucija i zna\u010daj 11:45 &#8211; 12:00 Pauza Sesija I (Chair:D. Ili\u0107) 12:00 &#8211; 12:20 Darko Donevski, Ana Mitra\u0161inovi\u0107 &#8211; Prezentacija SVAP 2012 12:20 [&hellip;]<\/p>\n","protected":false},"author":11,"featured_media":0,"parent":8,"menu_order":0,"comment_status":"open","ping_status":"open","template":"","meta":{"_monsterinsights_skip_tracking":false,"_monsterinsights_sitenote_active":false,"_monsterinsights_sitenote_note":"","_monsterinsights_sitenote_category":0,"footnotes":""},"class_list":["post-489","page","type-page","status-publish","hentry"],"_links":{"self":[{"href":"https:\/\/personal.pmf.uns.ac.rs\/tijana.prodanovic\/wp-json\/wp\/v2\/pages\/489","targetHints":{"allow":["GET"]}}],"collection":[{"href":"https:\/\/personal.pmf.uns.ac.rs\/tijana.prodanovic\/wp-json\/wp\/v2\/pages"}],"about":[{"href":"https:\/\/personal.pmf.uns.ac.rs\/tijana.prodanovic\/wp-json\/wp\/v2\/types\/page"}],"author":[{"embeddable":true,"href":"https:\/\/personal.pmf.uns.ac.rs\/tijana.prodanovic\/wp-json\/wp\/v2\/users\/11"}],"replies":[{"embeddable":true,"href":"https:\/\/personal.pmf.uns.ac.rs\/tijana.prodanovic\/wp-json\/wp\/v2\/comments?post=489"}],"version-history":[{"count":5,"href":"https:\/\/personal.pmf.uns.ac.rs\/tijana.prodanovic\/wp-json\/wp\/v2\/pages\/489\/revisions"}],"predecessor-version":[{"id":666,"href":"https:\/\/personal.pmf.uns.ac.rs\/tijana.prodanovic\/wp-json\/wp\/v2\/pages\/489\/revisions\/666"}],"up":[{"embeddable":true,"href":"https:\/\/personal.pmf.uns.ac.rs\/tijana.prodanovic\/wp-json\/wp\/v2\/pages\/8"}],"wp:attachment":[{"href":"https:\/\/personal.pmf.uns.ac.rs\/tijana.prodanovic\/wp-json\/wp\/v2\/media?parent=489"}],"curies":[{"name":"wp","href":"https:\/\/api.w.org\/{rel}","templated":true}]}}