{"id":385,"date":"2013-04-03T10:31:40","date_gmt":"2013-04-03T09:31:40","guid":{"rendered":"http:\/\/personal.pmf.uns.ac.rs\/tijana.prodanovic\/?page_id=385"},"modified":"2014-03-10T11:00:43","modified_gmt":"2014-03-10T10:00:43","slug":"v-sar","status":"publish","type":"page","link":"https:\/\/personal.pmf.uns.ac.rs\/tijana.prodanovic\/teaching\/studentska_astro_radionica\/v-sar\/","title":{"rendered":"V SAR"},"content":{"rendered":"<div>\n<h2><strong><\/strong><strong>Subota, 12.11.2011.<\/strong><\/h2>\n<address><strong>Narodna Opservatorija, Astronomsko dru\u0161tvo Ru\u0111er Bo\u0161kovi\u0107, Kalemegdanska tvr\u0111ava, Beograd<\/strong><\/address>\n<p><b><a href=\"http:\/\/people.df.uns.ac.rs\/%7Eprodanvc\/radionica\/V_SAR_program.pdf\">PROGRAM<\/a><\/b><\/p>\n<p>09:00 &#8211; 11:00 Dolazak Studenata iz Novog Sada i upoznavanje<\/p>\n<p><b>Plenarno predavanje <\/b><\/p>\n<p>11:00 &#8211; 11:45 <a href=\"http:\/\/people.df.uns.ac.rs\/%7Eprodanvc\/radionica\/predavanja\/peta\/Bogosavljevic_Milan.pdf\">Milan Bogosavljevi\u0107 &#8211; <em>Astronomical Station Vidojevica<\/em><\/a><\/p>\n<p>11:45 &#8211; 12:00 Pauza<\/p>\n<p><b>Sesija I<\/b> (Chair: D. Ili\u0107)<br \/>\n12:00 &#8211; 12:20 <a href=\"http:\/\/people.df.uns.ac.rs\/%7Eprodanvc\/radionica\/predavanja\/peta\/Smole_Majda.ppt\">Majda Smole, Sanja Tomi\u0107, Stanislav Milo\u0161evi\u0107, Vladica Ran\u0111elov &#8211; <em>The Reduction and Analysis of Spectra of B Stars<\/em><\/a><br \/>\n12:20 &#8211; 12:40 <a href=\"http:\/\/people.df.uns.ac.rs\/%7Eprodanvc\/radionica\/predavanja\/peta\/Dzudzar_Robert_Slobodan_Dan.ppt\">Robert D\u017eud\u017ear, Slobodan Dan &#8211; <em>FITS Overlap<\/em><\/a><br \/>\n12:40 &#8211; 13:00 <a href=\"http:\/\/people.df.uns.ac.rs\/%7Eprodanvc\/radionica\/predavanja\/peta\/Milic_Ivan.ppt\">Stanislav Milo\u0161evi\u0107, Andrej Obuljen, Ivan Mili\u0107 &#8211; <em>MONET Physical Characteristic of Main Belt Comet<\/em><em>s<\/em><\/a><\/p>\n<p>13:00 &#8211; 14:00 Pauza za ru\u010dak<\/p>\n<p><b>Sesija II<\/b> (Chair: T. Prodanovi\u0107)<br \/>\n14:00 &#8211; 14:20 <a href=\"http:\/\/people.df.uns.ac.rs\/%7Eprodanvc\/radionica\/predavanja\/peta\/Nikolic_Branislav.ppt\">Branislav Nikoli\u0107 &#8211; <em>Neutrino: Catch Me if You Can!<\/em><\/a><br \/>\n14:20 &#8211; 14:40 <a href=\"http:\/\/people.df.uns.ac.rs\/%7Eprodanvc\/radionica\/predavanja\/peta\/Pavlovic_Dusan.pdf\">Du\u0161an Pavlovi\u0107 &#8211; <em>Meteor Brightness Due to Standard Ablation<\/em><\/a><br \/>\n14:40 &#8211; 15:00 <a href=\"http:\/\/people.df.uns.ac.rs\/%7Eprodanvc\/radionica\/predavanja\/peta\/Askar_Abbas.ppt\">Abbas Askar &#8211; <em>X-ray Bursts from Neutron Stars<\/em><\/a><\/p>\n<p>15:00 &#8211; 15:15 Diskusija + pauza<\/p>\n<p>15:15 &#8211; 15:30 <a href=\"http:\/\/people.df.uns.ac.rs\/%7Eprodanvc\/radionica\/predavanja\/peta\/Dusan_Onic1.ppt\">Du\u0161an Oni\u0107 &#8211; <em>Studentska Praksa u \u010ce\u0161koj<\/em><\/a><\/p>\n<p>16:00 &#8211; 17:00 <a href=\"http:\/\/people.df.uns.ac.rs\/%7Eprodanvc\/radionica\/predavanja\/peta\/Dusan_Onic2.ppt\">Du\u0161an Oni\u0107, Dragana Ili\u0107 &#8211; <em>Demonstracija IRAF alata<\/em><\/a><\/p>\n<p>17:00 &#8211; Slobodan program (takmi\u010denje u brzom sklapanju nebeskih tela)<\/p>\n<p><strong>Predavanja traju 15 min + 5 min za pitanja (obezbe\u0111en projektor i ra\u010dunar)<\/strong><\/p>\n<p><strong>Zvani\u010dni jezik radionice: srpski i engleski<\/strong><\/p>\n<p>&nbsp;<\/p>\n<p><b>U\u010desnici<\/b>: Studenti astronomije sa Beogradskog i Novosadskog Univerziteta<br \/>\n<b>Organizatori<\/b>: <a href=\"http:\/\/www.matf.bg.ac.yu\/katedre\/astronomija\/index.html\" target=\"_blank\">Katedra za astronomiju, Matematicki fakultet u Beogradu<\/a>; <a href=\"http:\/\/www.df.uns.ac.rs\/index.php?lang=lat\" target=\"_blank\">Departman za Fiziku, Prirodno-matematicki fakultet u Novom Sadu<\/a>; <a href=\"http:\/\/www.aob.bg.ac.yu\/\" target=\"_blank\">Astronomska Opservatorija Beograd<\/a>, <a href=\"http:\/\/adrb.org\/\" target=\"_blank\">Astronomsko Dru\u0161tvo Ru\u0111er Bo\u0161kovi\u0107 <\/a><\/p>\n<\/div>\n<div>\n<p>&nbsp;<\/p>\n<p><a href=\"http:\/\/personal.pmf.uns.ac.rs\/tijana.prodanovic\/teaching\/astro-student-workshop\/narodna_opservatorija\/\" rel=\"attachment wp-att-299\"><img loading=\"lazy\" decoding=\"async\" title=\"Narodna opservatorija\" alt=\"narodna_opservatorija\" src=\"http:\/\/personal.pmf.uns.ac.rs\/tijana.prodanovic\/wp-content\/uploads\/sites\/10\/2013\/01\/narodna_opservatorija.jpg\" width=\"380\" height=\"284\" \/><br \/>\n<\/a><\/p>\n<p><img decoding=\"async\" title=\"gallery ids=&quot;269,270,271,272,273,274,275,276,277,278,279,280&quot;\" alt=\"\" src=\"https:\/\/personal.pmf.uns.ac.rs\/tijana.prodanovic\/wp-includes\/js\/tinymce\/plugins\/wpgallery\/img\/t.gif\" \/><\/p>\n<p>&nbsp;<\/p>\n\n\t\t<style type=\"text\/css\">\n\t\t\t#gallery-1 {\n\t\t\t\tmargin: auto;\n\t\t\t}\n\t\t\t#gallery-1 .gallery-item {\n\t\t\t\tfloat: left;\n\t\t\t\tmargin-top: 10px;\n\t\t\t\ttext-align: center;\n\t\t\t\twidth: 33%;\n\t\t\t}\n\t\t\t#gallery-1 img {\n\t\t\t\tborder: 2px solid #cfcfcf;\n\t\t\t}\n\t\t\t#gallery-1 .gallery-caption {\n\t\t\t\tmargin-left: 0;\n\t\t\t}\n\t\t\t\/* see gallery_shortcode() in wp-includes\/media.php *\/\n\t\t<\/style>\n\t\t<div id='gallery-1' class='gallery galleryid-385 gallery-columns-3 gallery-size-thumbnail'><dl class='gallery-item'>\n\t\t\t<dt class='gallery-icon landscape'>\n\t\t\t\t<a href='https:\/\/personal.pmf.uns.ac.rs\/tijana.prodanovic\/teaching\/studentska_astro_radionica\/5_radionica1\/'><img loading=\"lazy\" decoding=\"async\" width=\"150\" height=\"150\" src=\"https:\/\/personal.pmf.uns.ac.rs\/tijana.prodanovic\/wp-content\/uploads\/sites\/10\/2013\/01\/5_radionica1-150x150.jpg\" class=\"attachment-thumbnail size-thumbnail\" alt=\"\" aria-describedby=\"gallery-1-269\" \/><\/a>\n\t\t\t<\/dt>\n\t\t\t\t<dd class='wp-caption-text gallery-caption' id='gallery-1-269'>\n\t\t\t\tdr Milan Bogosavljevi\u0107 &#8211; Astronomical Station Vidojevica\n\t\t\t\t<\/dd><\/dl><dl class='gallery-item'>\n\t\t\t<dt class='gallery-icon landscape'>\n\t\t\t\t<a href='https:\/\/personal.pmf.uns.ac.rs\/tijana.prodanovic\/teaching\/studentska_astro_radionica\/5_radionica2\/'><img loading=\"lazy\" decoding=\"async\" width=\"150\" height=\"150\" src=\"https:\/\/personal.pmf.uns.ac.rs\/tijana.prodanovic\/wp-content\/uploads\/sites\/10\/2013\/01\/5_radionica2-150x150.jpg\" class=\"attachment-thumbnail size-thumbnail\" alt=\"\" aria-describedby=\"gallery-1-270\" \/><\/a>\n\t\t\t<\/dt>\n\t\t\t\t<dd class='wp-caption-text gallery-caption' id='gallery-1-270'>\n\t\t\t\tMajda Smole, Sanja Tomi\u0107, Stanislav Milo\u0161evi\u0107, Vladica Ran\u0111elov &#8211; The Reduction and Analysis of Spectra of B Stars \n\t\t\t\t<\/dd><\/dl><dl class='gallery-item'>\n\t\t\t<dt class='gallery-icon landscape'>\n\t\t\t\t<a href='https:\/\/personal.pmf.uns.ac.rs\/tijana.prodanovic\/teaching\/studentska_astro_radionica\/5_radionica3\/'><img loading=\"lazy\" decoding=\"async\" width=\"150\" height=\"150\" src=\"https:\/\/personal.pmf.uns.ac.rs\/tijana.prodanovic\/wp-content\/uploads\/sites\/10\/2013\/01\/5_radionica3-150x150.jpg\" class=\"attachment-thumbnail size-thumbnail\" alt=\"\" aria-describedby=\"gallery-1-271\" \/><\/a>\n\t\t\t<\/dt>\n\t\t\t\t<dd class='wp-caption-text gallery-caption' id='gallery-1-271'>\n\t\t\t\tRobert D\u017eud\u017ear, Slobodan Dan &#8211; FITS Overlap \n\t\t\t\t<\/dd><\/dl><br style=\"clear: both\" \/><dl class='gallery-item'>\n\t\t\t<dt class='gallery-icon landscape'>\n\t\t\t\t<a href='https:\/\/personal.pmf.uns.ac.rs\/tijana.prodanovic\/teaching\/studentska_astro_radionica\/5_radionica4\/'><img loading=\"lazy\" decoding=\"async\" width=\"150\" height=\"150\" src=\"https:\/\/personal.pmf.uns.ac.rs\/tijana.prodanovic\/wp-content\/uploads\/sites\/10\/2013\/01\/5_radionica4-150x150.jpg\" class=\"attachment-thumbnail size-thumbnail\" alt=\"\" aria-describedby=\"gallery-1-272\" \/><\/a>\n\t\t\t<\/dt>\n\t\t\t\t<dd class='wp-caption-text gallery-caption' id='gallery-1-272'>\n\t\t\t\tStanislav Milo\u0161evi\u0107, Andrej Obuljen, Ivan Mili\u0107 &#8211; MONET Physical Characteristic of Main Belt Comets\n\t\t\t\t<\/dd><\/dl><dl class='gallery-item'>\n\t\t\t<dt class='gallery-icon landscape'>\n\t\t\t\t<a href='https:\/\/personal.pmf.uns.ac.rs\/tijana.prodanovic\/teaching\/studentska_astro_radionica\/5_radionica5\/'><img loading=\"lazy\" decoding=\"async\" width=\"150\" height=\"150\" src=\"https:\/\/personal.pmf.uns.ac.rs\/tijana.prodanovic\/wp-content\/uploads\/sites\/10\/2013\/01\/5_radionica5-150x150.jpg\" class=\"attachment-thumbnail size-thumbnail\" alt=\"\" aria-describedby=\"gallery-1-273\" \/><\/a>\n\t\t\t<\/dt>\n\t\t\t\t<dd class='wp-caption-text gallery-caption' id='gallery-1-273'>\n\t\t\t\tBranislav Nikoli\u0107 &#8211; Neutrino: Catch Me if You Can! \n\t\t\t\t<\/dd><\/dl><dl class='gallery-item'>\n\t\t\t<dt class='gallery-icon landscape'>\n\t\t\t\t<a href='https:\/\/personal.pmf.uns.ac.rs\/tijana.prodanovic\/teaching\/studentska_astro_radionica\/5_radionica6\/'><img loading=\"lazy\" decoding=\"async\" width=\"150\" height=\"150\" src=\"https:\/\/personal.pmf.uns.ac.rs\/tijana.prodanovic\/wp-content\/uploads\/sites\/10\/2013\/01\/5_radionica6-150x150.jpg\" class=\"attachment-thumbnail size-thumbnail\" alt=\"\" aria-describedby=\"gallery-1-274\" \/><\/a>\n\t\t\t<\/dt>\n\t\t\t\t<dd class='wp-caption-text gallery-caption' id='gallery-1-274'>\n\t\t\t\tDu\u0161an Pavlovi\u0107 &#8211; Meteor Brightness Due to Standard Ablation \n\t\t\t\t<\/dd><\/dl><br style=\"clear: both\" \/><dl class='gallery-item'>\n\t\t\t<dt class='gallery-icon landscape'>\n\t\t\t\t<a href='https:\/\/personal.pmf.uns.ac.rs\/tijana.prodanovic\/teaching\/studentska_astro_radionica\/5_radionica7\/'><img loading=\"lazy\" decoding=\"async\" width=\"150\" height=\"150\" src=\"https:\/\/personal.pmf.uns.ac.rs\/tijana.prodanovic\/wp-content\/uploads\/sites\/10\/2013\/01\/5_radionica7-150x150.jpg\" class=\"attachment-thumbnail size-thumbnail\" alt=\"\" aria-describedby=\"gallery-1-275\" \/><\/a>\n\t\t\t<\/dt>\n\t\t\t\t<dd class='wp-caption-text gallery-caption' id='gallery-1-275'>\n\t\t\t\tAbbas Askar &#8211; X-ray Bursts from Neutron Stars\n\t\t\t\t<\/dd><\/dl><dl class='gallery-item'>\n\t\t\t<dt class='gallery-icon landscape'>\n\t\t\t\t<a href='https:\/\/personal.pmf.uns.ac.rs\/tijana.prodanovic\/teaching\/studentska_astro_radionica\/5_radionica8\/'><img loading=\"lazy\" decoding=\"async\" width=\"150\" height=\"150\" src=\"https:\/\/personal.pmf.uns.ac.rs\/tijana.prodanovic\/wp-content\/uploads\/sites\/10\/2013\/01\/5_radionica8-150x150.jpg\" class=\"attachment-thumbnail size-thumbnail\" alt=\"\" \/><\/a>\n\t\t\t<\/dt><\/dl><dl class='gallery-item'>\n\t\t\t<dt class='gallery-icon landscape'>\n\t\t\t\t<a href='https:\/\/personal.pmf.uns.ac.rs\/tijana.prodanovic\/teaching\/studentska_astro_radionica\/5_radionica9\/'><img loading=\"lazy\" decoding=\"async\" width=\"150\" height=\"150\" src=\"https:\/\/personal.pmf.uns.ac.rs\/tijana.prodanovic\/wp-content\/uploads\/sites\/10\/2013\/01\/5_radionica9-150x150.jpg\" class=\"attachment-thumbnail size-thumbnail\" alt=\"\" \/><\/a>\n\t\t\t<\/dt><\/dl><br style=\"clear: both\" \/><dl class='gallery-item'>\n\t\t\t<dt class='gallery-icon landscape'>\n\t\t\t\t<a href='https:\/\/personal.pmf.uns.ac.rs\/tijana.prodanovic\/teaching\/studentska_astro_radionica\/5_radionica10\/'><img loading=\"lazy\" decoding=\"async\" width=\"150\" height=\"150\" src=\"https:\/\/personal.pmf.uns.ac.rs\/tijana.prodanovic\/wp-content\/uploads\/sites\/10\/2013\/01\/5_radionica10-150x150.jpg\" class=\"attachment-thumbnail size-thumbnail\" alt=\"\" aria-describedby=\"gallery-1-278\" \/><\/a>\n\t\t\t<\/dt>\n\t\t\t\t<dd class='wp-caption-text gallery-caption' id='gallery-1-278'>\n\t\t\t\ttakmi\u010denje u brzom sklapanju nebeskih tela\n\t\t\t\t<\/dd><\/dl><dl class='gallery-item'>\n\t\t\t<dt class='gallery-icon landscape'>\n\t\t\t\t<a href='https:\/\/personal.pmf.uns.ac.rs\/tijana.prodanovic\/teaching\/studentska_astro_radionica\/5_radionica11\/'><img loading=\"lazy\" decoding=\"async\" width=\"150\" height=\"150\" src=\"https:\/\/personal.pmf.uns.ac.rs\/tijana.prodanovic\/wp-content\/uploads\/sites\/10\/2013\/01\/5_radionica11-150x150.jpg\" class=\"attachment-thumbnail size-thumbnail\" alt=\"\" \/><\/a>\n\t\t\t<\/dt><\/dl><dl class='gallery-item'>\n\t\t\t<dt class='gallery-icon portrait'>\n\t\t\t\t<a href='https:\/\/personal.pmf.uns.ac.rs\/tijana.prodanovic\/teaching\/studentska_astro_radionica\/5_radionica12\/'><img loading=\"lazy\" decoding=\"async\" width=\"150\" height=\"150\" src=\"https:\/\/personal.pmf.uns.ac.rs\/tijana.prodanovic\/wp-content\/uploads\/sites\/10\/2013\/01\/5_radionica12-150x150.jpg\" class=\"attachment-thumbnail size-thumbnail\" alt=\"\" aria-describedby=\"gallery-1-280\" \/><\/a>\n\t\t\t<\/dt>\n\t\t\t\t<dd class='wp-caption-text gallery-caption' id='gallery-1-280'>\n\t\t\t\tPobednica takmi\u010denja u brzom sklapanju nebeskih tela\n\t\t\t\t<\/dd><\/dl><br style=\"clear: both\" \/>\n\t\t<\/div>\n\n<\/div>\n<p>Ostale slike mo\u017eete preuzeti <a href=\"http:\/\/people.df.uns.ac.rs\/%7Eprodanvc\/radionica\/slike\/SAR5_slike.rar\" target=\"_blank\">ovde<\/a>.<br \/>\nPregled ostalih radionica: <a title=\"Prva Studentska Astronomska Radionica\" href=\"http:\/\/personal.pmf.uns.ac.rs\/tijana.prodanovic\/teaching\/studentska_astro_radionica\/1_studentska_astro_radionica\/\">I SAR<\/a>, <a title=\"II SAR\" href=\"http:\/\/personal.pmf.uns.ac.rs\/tijana.prodanovic\/teaching\/studentska_astro_radionica\/2_studentska_astro_radionica\/\">II SAR<\/a>, <a title=\"III SAR\" href=\"http:\/\/personal.pmf.uns.ac.rs\/tijana.prodanovic\/teaching\/studentska_astro_radionica\/3_studentska_astro_radionic\/\">III SAR <\/a>, <a title=\"IV SAR\" href=\"http:\/\/personal.pmf.uns.ac.rs\/tijana.prodanovic\/teaching\/studentska_astro_radionica\/4_studentska_astro_radionic\/\">IV SAR<\/a><\/p>\n","protected":false},"excerpt":{"rendered":"<p>Subota, 12.11.2011. Narodna Opservatorija, Astronomsko dru\u0161tvo Ru\u0111er Bo\u0161kovi\u0107, Kalemegdanska tvr\u0111ava, Beograd PROGRAM 09:00 &#8211; 11:00 Dolazak Studenata iz Novog Sada i upoznavanje Plenarno predavanje 11:00 &#8211; 11:45 Milan Bogosavljevi\u0107 &#8211; Astronomical Station Vidojevica 11:45 &#8211; 12:00 Pauza Sesija I (Chair: D. Ili\u0107) 12:00 &#8211; 12:20 Majda Smole, Sanja Tomi\u0107, Stanislav Milo\u0161evi\u0107, Vladica Ran\u0111elov &#8211; The [&hellip;]<\/p>\n","protected":false},"author":11,"featured_media":0,"parent":8,"menu_order":0,"comment_status":"open","ping_status":"open","template":"","meta":{"_monsterinsights_skip_tracking":false,"_monsterinsights_sitenote_active":false,"_monsterinsights_sitenote_note":"","_monsterinsights_sitenote_category":0,"footnotes":""},"class_list":["post-385","page","type-page","status-publish","hentry"],"_links":{"self":[{"href":"https:\/\/personal.pmf.uns.ac.rs\/tijana.prodanovic\/wp-json\/wp\/v2\/pages\/385","targetHints":{"allow":["GET"]}}],"collection":[{"href":"https:\/\/personal.pmf.uns.ac.rs\/tijana.prodanovic\/wp-json\/wp\/v2\/pages"}],"about":[{"href":"https:\/\/personal.pmf.uns.ac.rs\/tijana.prodanovic\/wp-json\/wp\/v2\/types\/page"}],"author":[{"embeddable":true,"href":"https:\/\/personal.pmf.uns.ac.rs\/tijana.prodanovic\/wp-json\/wp\/v2\/users\/11"}],"replies":[{"embeddable":true,"href":"https:\/\/personal.pmf.uns.ac.rs\/tijana.prodanovic\/wp-json\/wp\/v2\/comments?post=385"}],"version-history":[{"count":4,"href":"https:\/\/personal.pmf.uns.ac.rs\/tijana.prodanovic\/wp-json\/wp\/v2\/pages\/385\/revisions"}],"predecessor-version":[{"id":495,"href":"https:\/\/personal.pmf.uns.ac.rs\/tijana.prodanovic\/wp-json\/wp\/v2\/pages\/385\/revisions\/495"}],"up":[{"embeddable":true,"href":"https:\/\/personal.pmf.uns.ac.rs\/tijana.prodanovic\/wp-json\/wp\/v2\/pages\/8"}],"wp:attachment":[{"href":"https:\/\/personal.pmf.uns.ac.rs\/tijana.prodanovic\/wp-json\/wp\/v2\/media?parent=385"}],"curies":[{"name":"wp","href":"https:\/\/api.w.org\/{rel}","templated":true}]}}