{"id":371,"date":"2013-02-20T09:56:12","date_gmt":"2013-02-20T08:56:12","guid":{"rendered":"http:\/\/personal.pmf.uns.ac.rs\/tijana.prodanovic\/?page_id=371"},"modified":"2020-12-08T12:18:45","modified_gmt":"2020-12-08T11:18:45","slug":"npa","status":"publish","type":"page","link":"https:\/\/personal.pmf.uns.ac.rs\/tijana.prodanovic\/teaching\/courses\/npa\/","title":{"rendered":"Nuklearna i \u010desti\u010dna astrofizika"},"content":{"rendered":"<div id=\"subnavBox\">\n<p style=\"text-align: right\"><a title=\"Exams\/Ispiti\" href=\"http:\/\/personal.pmf.uns.ac.rs\/tijana.prodanovic\/teaching\/courses\/examsispiti\/\">ISPITI<\/a> | <a href=\"http:\/\/people.df.uns.ac.rs\/%7Eprodanvc\/predavanja\/npa\/plan.pdf\">Plan i program<\/a> | <a href=\"http:\/\/people.df.uns.ac.rs\/%7Eprodanvc\/predavanja\/npa\/seminari.pdf\">Seminarski radovi <\/a> | <a href=\"http:\/\/people.df.uns.ac.rs\/%7Eprodanvc\/predavanja\/npa\/\">PowerPoint predavanja <\/a> |<br>\nDoma\u0107i zadatak: <a href=\"http:\/\/people.df.uns.ac.rs\/%7Eprodanvc\/predavanja\/npa\/hw\/hw1.pdf\">No.1<\/a>, <a href=\"http:\/\/people.df.uns.ac.rs\/%7Eprodanvc\/predavanja\/npa\/hw\/hw2.pdf\">No. 2<\/a>, <a href=\"http:\/\/people.df.uns.ac.rs\/%7Eprodanvc\/predavanja\/npa\/hw\/hw3.pdf\">No. 3<\/a><br>\nRe\u0161enja: <a href=\"http:\/\/people.df.uns.ac.rs\/%7Eprodanvc\/predavanja\/npa\/hw\/hw1_sol.pdf\">No.1<\/a>, <a href=\"http:\/\/people.df.uns.ac.rs\/%7Eprodanvc\/predavanja\/npa\/hw\/hw2_sol.pdf\">No. 2<\/a>, <a href=\"http:\/\/people.df.uns.ac.rs\/%7Eprodanvc\/predavanja\/npa\/hw\/hw3_sol.pdf\">No. 3<\/a><\/p>\n<\/div>\n<address><strong>Obave\u0161tenja:<\/strong><\/address>\n\n\n<p>8.12.2020: Doma\u0107i No. 2 postavljen.<\/p>\n","protected":false},"excerpt":{"rendered":"<p>ISPITI | Plan i program | Seminarski radovi | PowerPoint predavanja | Doma\u0107i zadatak: No.1, No. 2, No. 3 Re\u0161enja: No.1, No. 2, No. 3 Obave\u0161tenja: 8.12.2020: Doma\u0107i No. 2 postavljen.<\/p>\n","protected":false},"author":11,"featured_media":0,"parent":5,"menu_order":1,"comment_status":"open","ping_status":"open","template":"","meta":{"_monsterinsights_skip_tracking":false,"_monsterinsights_sitenote_active":false,"_monsterinsights_sitenote_note":"","_monsterinsights_sitenote_category":0,"footnotes":""},"class_list":["post-371","page","type-page","status-publish","hentry"],"_links":{"self":[{"href":"https:\/\/personal.pmf.uns.ac.rs\/tijana.prodanovic\/wp-json\/wp\/v2\/pages\/371","targetHints":{"allow":["GET"]}}],"collection":[{"href":"https:\/\/personal.pmf.uns.ac.rs\/tijana.prodanovic\/wp-json\/wp\/v2\/pages"}],"about":[{"href":"https:\/\/personal.pmf.uns.ac.rs\/tijana.prodanovic\/wp-json\/wp\/v2\/types\/page"}],"author":[{"embeddable":true,"href":"https:\/\/personal.pmf.uns.ac.rs\/tijana.prodanovic\/wp-json\/wp\/v2\/users\/11"}],"replies":[{"embeddable":true,"href":"https:\/\/personal.pmf.uns.ac.rs\/tijana.prodanovic\/wp-json\/wp\/v2\/comments?post=371"}],"version-history":[{"count":10,"href":"https:\/\/personal.pmf.uns.ac.rs\/tijana.prodanovic\/wp-json\/wp\/v2\/pages\/371\/revisions"}],"predecessor-version":[{"id":1143,"href":"https:\/\/personal.pmf.uns.ac.rs\/tijana.prodanovic\/wp-json\/wp\/v2\/pages\/371\/revisions\/1143"}],"up":[{"embeddable":true,"href":"https:\/\/personal.pmf.uns.ac.rs\/tijana.prodanovic\/wp-json\/wp\/v2\/pages\/5"}],"wp:attachment":[{"href":"https:\/\/personal.pmf.uns.ac.rs\/tijana.prodanovic\/wp-json\/wp\/v2\/media?parent=371"}],"curies":[{"name":"wp","href":"https:\/\/api.w.org\/{rel}","templated":true}]}}