{"id":318,"date":"2013-01-12T12:03:43","date_gmt":"2013-01-12T11:03:43","guid":{"rendered":"http:\/\/personal.pmf.uns.ac.rs\/tijana.prodanovic\/?page_id=318"},"modified":"2013-01-12T12:03:44","modified_gmt":"2013-01-12T11:03:44","slug":"4_studentska_astro_radionic","status":"publish","type":"page","link":"https:\/\/personal.pmf.uns.ac.rs\/tijana.prodanovic\/teaching\/studentska_astro_radionica\/4_studentska_astro_radionic\/","title":{"rendered":"IV SAR"},"content":{"rendered":"<h1>\u010cetvrta Studentska Astronomska Radionica &#8211; 19.05.2010.<\/h1>\n<h2>Planetarijum Astronomskog dru\u0161tva Novi Sad (EXIT-ov <em>Fusion stage<\/em>)<\/h2>\n<h3>Petrovaradinska tvr\u0111ava 19.05.2010.<\/h3>\n<p><b><a href=\"http:\/\/people.df.uns.ac.rs\/%7Eprodanvc\/radionica\/IV_SAR_program.pdf\">PROGRAM<\/a><\/b><\/p>\n<p>09:00 &#8211; 10:00 Dolazak Studenata iz Novog Sada<br \/>\n10:00 &#8211; 11:00 Upoznavanje \ud83d\ude42<\/p>\n<p><b>Plenarno predavanje <\/b><\/p>\n<p>11:00 &#8211; 11:45 Bojan Arbutina &#8220;<a href=\"http:\/\/people.df.uns.ac.rs\/%7Eprodanvc\/radionica\/predavanja\/cetvrta\/Bojan_Arbutina.ppt\">Goru\u0107e teme u astrofizici<\/a>&#8221;<\/p>\n<p>11:45 &#8211; 12:00 Pauza<\/p>\n<p><b>Sesija I<\/b> (Chair: T. Prodanovi\u0107)<br \/>\n12:00 &#8211; 12:20 Radica Vujeti\u0107 et al. &#8220;<a href=\"http:\/\/people.df.uns.ac.rs\/%7Eprodanvc\/radionica\/predavanja\/cetvrta\/Radica_Vujetic.ppt\">Spektri zvezda i redukcija podataka<\/a>&#8221;<br \/>\n12:20 &#8211; 12:40 Branislav Nikoli\u0107 &#8220;<a href=\"http:\/\/people.df.uns.ac.rs\/%7Eprodanvc\/radionica\/predavanja\/cetvrta\/Branisla_Nikolic.ppt\">Zvezdane oscilacije<\/a>&#8221;<br \/>\n12:40 &#8211; 13:00 Robert D\u017eud\u017ear &#8220;<a href=\"http:\/\/people.df.uns.ac.rs\/%7Eprodanvc\/radionica\/predavanja\/cetvrta\/Robert_Dzudzar.ppt\">Mogu\u0107nost postojanja \u017eivota na Evropi<\/a>&#8221;<\/p>\n<p>13:00 &#8211; 14:00 Pauza<\/p>\n<p><b>Sesija II<\/b> (Chair: D. Ili\u0107)<br \/>\n14:00 &#8211; 14:20 Kristina Rackovi\u0107 &#8220;Povezanost sun\u010devog radio i X-zra\u010denja&#8221; &#8211; OTKAZANO!<br \/>\n14:20 &#8211; 14:40 Marko Pavlovi\u0107 et al. &#8220;<a href=\"http:\/\/people.df.uns.ac.rs\/%7Eprodanvc\/radionica\/predavanja\/cetvrta\/Marko_Pavlovic.ppt\">Analiza karakteristi\u010dnih frekvencija u krivama sjaja precesiraju\u0107ih asteroida<\/a>&#8221;<br \/>\n14:40 &#8211; 15:00 Uro\u0161 Me\u0161tri\u0107 &#8220;<a href=\"http:\/\/people.df.uns.ac.rs\/%7Eprodanvc\/radionica\/predavanja\/cetvrta\/Uros_Mestric.ppt\">Da li pra\u0161ina krije deuteriujm?<\/a>&#8221;<\/p>\n<p>15:00 &#8211; 15:15 Diskusija + pauza<\/p>\n<p>15:15 &#8211; 16:00 Tijana Prodanovi\u0107 &#8220;<a href=\"http:\/\/people.df.uns.ac.rs\/%7Eprodanvc\/radionica\/predavanja\/cetvrta\/Tijana_Prodanovic.ppt\">Kako napisati nau\u010dni\/seminarski rad<\/a>&#8221;<\/p>\n<p>16:00 &#8211; 17:00 Okrugli sto &#8220;Sta i kako posle studija? (Savetnici: prof. dr Dejan Uro\u0161evi\u0107, doc. dr Dragana Ili\u0107 i i doc. dr Tijana prodanovi\u0107)<\/p>\n<p>&nbsp;<\/p>\n<p>17:15 &#8211; ??? Dru\u017eenje uz ro\u0161tilj<\/p>\n<div id=\"attachment_268\" style=\"width: 305px\" class=\"wp-caption alignnone\"><a href=\"http:\/\/personal.pmf.uns.ac.rs\/tijana.prodanovic\/teaching\/studentska_astro_radionica\/4_studentska_astro_radionic\/4_tvrdjava\/\" rel=\"attachment wp-att-268\"><img loading=\"lazy\" decoding=\"async\" aria-describedby=\"caption-attachment-268\" class=\"size-full wp-image-268\" alt=\"Planetarijum - Petrovaradinska Tvrdjava\" src=\"http:\/\/personal.pmf.uns.ac.rs\/tijana.prodanovic\/wp-content\/uploads\/sites\/10\/2013\/01\/4_tvrdjava.jpg\" width=\"295\" height=\"196\" srcset=\"https:\/\/personal.pmf.uns.ac.rs\/tijana.prodanovic\/wp-content\/uploads\/sites\/10\/2013\/01\/4_tvrdjava.jpg 480w, https:\/\/personal.pmf.uns.ac.rs\/tijana.prodanovic\/wp-content\/uploads\/sites\/10\/2013\/01\/4_tvrdjava-300x200.jpg 300w\" sizes=\"auto, (max-width: 295px) 100vw, 295px\" \/><\/a><p id=\"caption-attachment-268\" class=\"wp-caption-text\">Planetarijum &#8211; Petrovaradinska Tvrdjava<\/p><\/div>\n<div id=\"attachment_257\" style=\"width: 307px\" class=\"wp-caption alignnone\"><a href=\"http:\/\/personal.pmf.uns.ac.rs\/tijana.prodanovic\/teaching\/studentska_astro_radionica\/4_studentska_astro_radionic\/4_planetarijum_ulaz\/\" rel=\"attachment wp-att-257\"><img loading=\"lazy\" decoding=\"async\" aria-describedby=\"caption-attachment-257\" class=\"size-full wp-image-257\" alt=\"Ulaz u Planetarijum\" src=\"http:\/\/personal.pmf.uns.ac.rs\/tijana.prodanovic\/wp-content\/uploads\/sites\/10\/2013\/01\/4_planetarijum_ulaz.jpg\" width=\"297\" height=\"224\" srcset=\"https:\/\/personal.pmf.uns.ac.rs\/tijana.prodanovic\/wp-content\/uploads\/sites\/10\/2013\/01\/4_planetarijum_ulaz.jpg 480w, https:\/\/personal.pmf.uns.ac.rs\/tijana.prodanovic\/wp-content\/uploads\/sites\/10\/2013\/01\/4_planetarijum_ulaz-300x226.jpg 300w\" sizes=\"auto, (max-width: 297px) 100vw, 297px\" \/><\/a><p id=\"caption-attachment-257\" class=\"wp-caption-text\">Ulaz u Planetarijum<\/p><\/div>\n<p><strong>Predavanja traju 15 min + 5 min za pitanja (obezbe\u0111en projektor i ra\u010dunar)<\/strong><\/p>\n<p>&nbsp;<\/p>\n<p><b>U\u010desnici<\/b>: Studenti astronomije sa Beogradskog i Novosadskog Univerziteta<br \/>\n<b>Organizatori<\/b>: <a href=\"http:\/\/www.matf.bg.ac.yu\/katedre\/astronomija\/index.html\" target=\"_blank\">Katedra za astronomiju, Matematicki fakultet u Beogradu<\/a>; <a href=\"http:\/\/www.df.uns.ac.rs\/index.php?lang=lat\" target=\"_blank\">Departman za Fiziku, Prirodno-matematicki fakultet u Novom Sadu<\/a>; <a href=\"http:\/\/www.aob.bg.ac.yu\/\" target=\"_blank\">Astronomska Opservatorija Beograd<\/a>, <a href=\"http:\/\/www.adnos.org\/\" target=\"_blank\">Astronomsko Dru\u0161tvo Novi Sad <\/a><\/p>\n\n\t\t<style type=\"text\/css\">\n\t\t\t#gallery-1 {\n\t\t\t\tmargin: auto;\n\t\t\t}\n\t\t\t#gallery-1 .gallery-item {\n\t\t\t\tfloat: left;\n\t\t\t\tmargin-top: 10px;\n\t\t\t\ttext-align: center;\n\t\t\t\twidth: 33%;\n\t\t\t}\n\t\t\t#gallery-1 img {\n\t\t\t\tborder: 2px solid #cfcfcf;\n\t\t\t}\n\t\t\t#gallery-1 .gallery-caption {\n\t\t\t\tmargin-left: 0;\n\t\t\t}\n\t\t\t\/* see gallery_shortcode() in wp-includes\/media.php *\/\n\t\t<\/style>\n\t\t<div id='gallery-1' class='gallery galleryid-318 gallery-columns-3 gallery-size-thumbnail'><dl class='gallery-item'>\n\t\t\t<dt class='gallery-icon landscape'>\n\t\t\t\t<a href='https:\/\/personal.pmf.uns.ac.rs\/tijana.prodanovic\/4_radionica9\/'><img loading=\"lazy\" decoding=\"async\" width=\"150\" height=\"150\" src=\"https:\/\/personal.pmf.uns.ac.rs\/tijana.prodanovic\/wp-content\/uploads\/sites\/10\/2013\/01\/4_radionica9-150x150.jpg\" class=\"attachment-thumbnail size-thumbnail\" alt=\"\" \/><\/a>\n\t\t\t<\/dt><\/dl><dl class='gallery-item'>\n\t\t\t<dt class='gallery-icon landscape'>\n\t\t\t\t<a href='https:\/\/personal.pmf.uns.ac.rs\/tijana.prodanovic\/4_radionica8\/'><img loading=\"lazy\" decoding=\"async\" width=\"150\" height=\"150\" src=\"https:\/\/personal.pmf.uns.ac.rs\/tijana.prodanovic\/wp-content\/uploads\/sites\/10\/2013\/01\/4_radionica8-150x150.jpg\" class=\"attachment-thumbnail size-thumbnail\" alt=\"\" \/><\/a>\n\t\t\t<\/dt><\/dl><dl class='gallery-item'>\n\t\t\t<dt class='gallery-icon landscape'>\n\t\t\t\t<a href='https:\/\/personal.pmf.uns.ac.rs\/tijana.prodanovic\/4_radionica7\/'><img loading=\"lazy\" decoding=\"async\" width=\"150\" height=\"150\" src=\"https:\/\/personal.pmf.uns.ac.rs\/tijana.prodanovic\/wp-content\/uploads\/sites\/10\/2013\/01\/4_radionica7-150x150.jpg\" class=\"attachment-thumbnail size-thumbnail\" alt=\"\" \/><\/a>\n\t\t\t<\/dt><\/dl><br style=\"clear: both\" \/><dl class='gallery-item'>\n\t\t\t<dt class='gallery-icon landscape'>\n\t\t\t\t<a href='https:\/\/personal.pmf.uns.ac.rs\/tijana.prodanovic\/4_radionica6\/'><img loading=\"lazy\" decoding=\"async\" width=\"150\" height=\"150\" src=\"https:\/\/personal.pmf.uns.ac.rs\/tijana.prodanovic\/wp-content\/uploads\/sites\/10\/2013\/01\/4_radionica6-150x150.jpg\" class=\"attachment-thumbnail size-thumbnail\" alt=\"\" \/><\/a>\n\t\t\t<\/dt><\/dl><dl class='gallery-item'>\n\t\t\t<dt class='gallery-icon landscape'>\n\t\t\t\t<a href='https:\/\/personal.pmf.uns.ac.rs\/tijana.prodanovic\/4_radionica5\/'><img loading=\"lazy\" decoding=\"async\" width=\"150\" height=\"150\" src=\"https:\/\/personal.pmf.uns.ac.rs\/tijana.prodanovic\/wp-content\/uploads\/sites\/10\/2013\/01\/4_radionica5-150x150.jpg\" class=\"attachment-thumbnail size-thumbnail\" alt=\"\" \/><\/a>\n\t\t\t<\/dt><\/dl><dl class='gallery-item'>\n\t\t\t<dt class='gallery-icon landscape'>\n\t\t\t\t<a href='https:\/\/personal.pmf.uns.ac.rs\/tijana.prodanovic\/4_radionica4\/'><img loading=\"lazy\" decoding=\"async\" width=\"150\" height=\"150\" src=\"https:\/\/personal.pmf.uns.ac.rs\/tijana.prodanovic\/wp-content\/uploads\/sites\/10\/2013\/01\/4_radionica4-150x150.jpg\" class=\"attachment-thumbnail size-thumbnail\" alt=\"\" \/><\/a>\n\t\t\t<\/dt><\/dl><br style=\"clear: both\" \/><dl class='gallery-item'>\n\t\t\t<dt class='gallery-icon landscape'>\n\t\t\t\t<a href='https:\/\/personal.pmf.uns.ac.rs\/tijana.prodanovic\/4_radionica3\/'><img loading=\"lazy\" decoding=\"async\" width=\"150\" height=\"150\" src=\"https:\/\/personal.pmf.uns.ac.rs\/tijana.prodanovic\/wp-content\/uploads\/sites\/10\/2013\/01\/4_radionica3-150x150.jpg\" class=\"attachment-thumbnail size-thumbnail\" alt=\"\" \/><\/a>\n\t\t\t<\/dt><\/dl><dl class='gallery-item'>\n\t\t\t<dt class='gallery-icon landscape'>\n\t\t\t\t<a href='https:\/\/personal.pmf.uns.ac.rs\/tijana.prodanovic\/4_radionica2\/'><img loading=\"lazy\" decoding=\"async\" width=\"150\" height=\"150\" src=\"https:\/\/personal.pmf.uns.ac.rs\/tijana.prodanovic\/wp-content\/uploads\/sites\/10\/2013\/01\/4_radionica2-150x150.jpg\" class=\"attachment-thumbnail size-thumbnail\" alt=\"\" \/><\/a>\n\t\t\t<\/dt><\/dl><dl class='gallery-item'>\n\t\t\t<dt class='gallery-icon landscape'>\n\t\t\t\t<a href='https:\/\/personal.pmf.uns.ac.rs\/tijana.prodanovic\/4_radionica1\/'><img loading=\"lazy\" decoding=\"async\" width=\"150\" height=\"150\" src=\"https:\/\/personal.pmf.uns.ac.rs\/tijana.prodanovic\/wp-content\/uploads\/sites\/10\/2013\/01\/4_radionica1-150x150.jpg\" class=\"attachment-thumbnail size-thumbnail\" alt=\"\" \/><\/a>\n\t\t\t<\/dt><\/dl><br style=\"clear: both\" \/>\n\t\t<\/div>\n\n","protected":false},"excerpt":{"rendered":"<p>\u010cetvrta Studentska Astronomska Radionica &#8211; 19.05.2010. Planetarijum Astronomskog dru\u0161tva Novi Sad (EXIT-ov Fusion stage) Petrovaradinska tvr\u0111ava 19.05.2010. PROGRAM 09:00 &#8211; 10:00 Dolazak Studenata iz Novog Sada 10:00 &#8211; 11:00 Upoznavanje \ud83d\ude42 Plenarno predavanje 11:00 &#8211; 11:45 Bojan Arbutina &#8220;Goru\u0107e teme u astrofizici&#8221; 11:45 &#8211; 12:00 Pauza Sesija I (Chair: T. Prodanovi\u0107) 12:00 &#8211; 12:20 Radica [&hellip;]<\/p>\n","protected":false},"author":11,"featured_media":0,"parent":8,"menu_order":0,"comment_status":"closed","ping_status":"closed","template":"","meta":{"_monsterinsights_skip_tracking":false,"_monsterinsights_sitenote_active":false,"_monsterinsights_sitenote_note":"","_monsterinsights_sitenote_category":0,"footnotes":""},"class_list":["post-318","page","type-page","status-publish","hentry"],"_links":{"self":[{"href":"https:\/\/personal.pmf.uns.ac.rs\/tijana.prodanovic\/wp-json\/wp\/v2\/pages\/318","targetHints":{"allow":["GET"]}}],"collection":[{"href":"https:\/\/personal.pmf.uns.ac.rs\/tijana.prodanovic\/wp-json\/wp\/v2\/pages"}],"about":[{"href":"https:\/\/personal.pmf.uns.ac.rs\/tijana.prodanovic\/wp-json\/wp\/v2\/types\/page"}],"author":[{"embeddable":true,"href":"https:\/\/personal.pmf.uns.ac.rs\/tijana.prodanovic\/wp-json\/wp\/v2\/users\/11"}],"replies":[{"embeddable":true,"href":"https:\/\/personal.pmf.uns.ac.rs\/tijana.prodanovic\/wp-json\/wp\/v2\/comments?post=318"}],"version-history":[{"count":3,"href":"https:\/\/personal.pmf.uns.ac.rs\/tijana.prodanovic\/wp-json\/wp\/v2\/pages\/318\/revisions"}],"predecessor-version":[{"id":369,"href":"https:\/\/personal.pmf.uns.ac.rs\/tijana.prodanovic\/wp-json\/wp\/v2\/pages\/318\/revisions\/369"}],"up":[{"embeddable":true,"href":"https:\/\/personal.pmf.uns.ac.rs\/tijana.prodanovic\/wp-json\/wp\/v2\/pages\/8"}],"wp:attachment":[{"href":"https:\/\/personal.pmf.uns.ac.rs\/tijana.prodanovic\/wp-json\/wp\/v2\/media?parent=318"}],"curies":[{"name":"wp","href":"https:\/\/api.w.org\/{rel}","templated":true}]}}