{"id":306,"date":"2013-01-12T11:49:04","date_gmt":"2013-01-12T10:49:04","guid":{"rendered":"http:\/\/personal.pmf.uns.ac.rs\/tijana.prodanovic\/?page_id=306"},"modified":"2013-01-12T11:51:11","modified_gmt":"2013-01-12T10:51:11","slug":"1_studentska_astro_radionica","status":"publish","type":"page","link":"https:\/\/personal.pmf.uns.ac.rs\/tijana.prodanovic\/teaching\/studentska_astro_radionica\/1_studentska_astro_radionica\/","title":{"rendered":"I SAR"},"content":{"rendered":"<h2>Prva Studentska Astronomska Radionica<\/h2>\n<h2>Astrofizi\u010dki paviljon, <a href=\"http:\/\/www.aob.bg.ac.yu\/\" target=\"_blank\">AOB<\/a><\/h2>\n<h3>Beograd 16.05.2007.<\/h3>\n<p><b><a href=\"http:\/\/www.if.ns.ac.yu\/%7Eprodanvc\/radionica\/Prva%20studentska%20astronomska%20radionica.pdf\">PROGRAM<\/a><\/b><\/p>\n<p>14:00 &#8211; 15:00 Dolazak Studenata iz Novog Sada i Obilazak AOBa<br \/>\n15:00 &#8211; 15:30 Upoznavanje \ud83d\ude42<\/p>\n<p><b>Sesija I<\/b> (Chairwoman dr T. Prodanovi\u0107)<br \/>\n15:30 &#8211; 15:50 Rade Marjanovi\u0107: Ekstrakcija energije iz crnih rupa<br \/>\n15:50 &#8211; 16:10 Goran Pavi\u010di\u0107: Planeta GI 581c &#8211; otkrice i znacaj<br \/>\n16:10 &#8211; 16:30 Danica Luka\u010d: Ekstremofili: Alien vs. Zemljator<\/p>\n<p>16:30 &#8211; 17:00 Pauza<\/p>\n<p><b>Sesija II<\/b> (Chairwoman: mr Dragana Ili\u0107)<br \/>\n17:00 &#8211; 17:20 Milan Go\u0161i\u0107: U cemu je problem sa fotosferskom zastupljeno\u0161cu Indijuma?<br \/>\n17:20 &#8211; 17:40 Milica Milosavljevi\u0107:Hemija protoplanetarnih diskova<br \/>\n17:40 &#8211; 18:00 Nemanja Martinovi\u0107: Astronomija u dalekom infracrvenom i submilimetarskom delu spektra sa Her\u0161el Svemirskom Opservatorijom<\/p>\n<p>18:00 Diskusija<br \/>\n19:00 Obilazak Velikog refraktora<\/p>\n<p><b>U\u010desnici<\/b>: Studenti astronomije sa Beogradskog i Novosadskog Univerziteta<br \/>\n<b>Organizatori<\/b>: <a href=\"http:\/\/www.matf.bg.ac.yu\/katedre\/astronomija\/index.html\" target=\"_blank\">Katedra za astronomiju, Matematicki fakultet u Beogradu<\/a>; <a href=\"http:\/\/www.df.uns.ac.rs\/index.php?lang=lat\" target=\"_blank\">Departman za Fiziku, Prirodno-matematicki fakultet u Novom Sadu<\/a>; <a href=\"http:\/\/www.aob.bg.ac.yu\/\" target=\"_blank\">Astronomska Opservatorija Beograd<\/a><\/p>\n\n\t\t<style type=\"text\/css\">\n\t\t\t#gallery-1 {\n\t\t\t\tmargin: auto;\n\t\t\t}\n\t\t\t#gallery-1 .gallery-item {\n\t\t\t\tfloat: left;\n\t\t\t\tmargin-top: 10px;\n\t\t\t\ttext-align: center;\n\t\t\t\twidth: 25%;\n\t\t\t}\n\t\t\t#gallery-1 img {\n\t\t\t\tborder: 2px solid #cfcfcf;\n\t\t\t}\n\t\t\t#gallery-1 .gallery-caption {\n\t\t\t\tmargin-left: 0;\n\t\t\t}\n\t\t\t\/* see gallery_shortcode() in wp-includes\/media.php *\/\n\t\t<\/style>\n\t\t<div id='gallery-1' class='gallery galleryid-306 gallery-columns-4 gallery-size-thumbnail'><dl class='gallery-item'>\n\t\t\t<dt class='gallery-icon landscape'>\n\t\t\t\t<a href='https:\/\/personal.pmf.uns.ac.rs\/tijana.prodanovic\/prva-radionica1\/'><img loading=\"lazy\" decoding=\"async\" width=\"150\" height=\"150\" src=\"https:\/\/personal.pmf.uns.ac.rs\/tijana.prodanovic\/wp-content\/uploads\/sites\/10\/2013\/01\/prva-radionica1-150x150.jpg\" class=\"attachment-thumbnail size-thumbnail\" alt=\"\" \/><\/a>\n\t\t\t<\/dt><\/dl><dl class='gallery-item'>\n\t\t\t<dt class='gallery-icon landscape'>\n\t\t\t\t<a href='https:\/\/personal.pmf.uns.ac.rs\/tijana.prodanovic\/prva-radionica2\/'><img loading=\"lazy\" decoding=\"async\" width=\"150\" height=\"150\" src=\"https:\/\/personal.pmf.uns.ac.rs\/tijana.prodanovic\/wp-content\/uploads\/sites\/10\/2013\/01\/prva-radionica2-150x150.jpg\" class=\"attachment-thumbnail size-thumbnail\" alt=\"\" \/><\/a>\n\t\t\t<\/dt><\/dl><dl class='gallery-item'>\n\t\t\t<dt class='gallery-icon landscape'>\n\t\t\t\t<a href='https:\/\/personal.pmf.uns.ac.rs\/tijana.prodanovic\/prva-radionica3\/'><img loading=\"lazy\" decoding=\"async\" width=\"150\" height=\"150\" src=\"https:\/\/personal.pmf.uns.ac.rs\/tijana.prodanovic\/wp-content\/uploads\/sites\/10\/2013\/01\/prva-radionica3-150x150.jpg\" class=\"attachment-thumbnail size-thumbnail\" alt=\"\" \/><\/a>\n\t\t\t<\/dt><\/dl><dl class='gallery-item'>\n\t\t\t<dt class='gallery-icon landscape'>\n\t\t\t\t<a href='https:\/\/personal.pmf.uns.ac.rs\/tijana.prodanovic\/prva-radionica4\/'><img loading=\"lazy\" decoding=\"async\" width=\"150\" height=\"150\" src=\"https:\/\/personal.pmf.uns.ac.rs\/tijana.prodanovic\/wp-content\/uploads\/sites\/10\/2013\/01\/prva-radionica4-150x150.jpg\" class=\"attachment-thumbnail size-thumbnail\" alt=\"\" \/><\/a>\n\t\t\t<\/dt><\/dl><br style=\"clear: both\" \/><dl class='gallery-item'>\n\t\t\t<dt class='gallery-icon landscape'>\n\t\t\t\t<a href='https:\/\/personal.pmf.uns.ac.rs\/tijana.prodanovic\/prva-radionica5\/'><img loading=\"lazy\" decoding=\"async\" width=\"150\" height=\"150\" src=\"https:\/\/personal.pmf.uns.ac.rs\/tijana.prodanovic\/wp-content\/uploads\/sites\/10\/2013\/01\/prva-radionica5-150x150.jpg\" class=\"attachment-thumbnail size-thumbnail\" alt=\"\" \/><\/a>\n\t\t\t<\/dt><\/dl><dl class='gallery-item'>\n\t\t\t<dt class='gallery-icon landscape'>\n\t\t\t\t<a href='https:\/\/personal.pmf.uns.ac.rs\/tijana.prodanovic\/prva-radionica6\/'><img loading=\"lazy\" decoding=\"async\" width=\"150\" height=\"150\" src=\"https:\/\/personal.pmf.uns.ac.rs\/tijana.prodanovic\/wp-content\/uploads\/sites\/10\/2013\/01\/prva-radionica6-150x150.jpg\" class=\"attachment-thumbnail size-thumbnail\" alt=\"\" \/><\/a>\n\t\t\t<\/dt><\/dl><dl class='gallery-item'>\n\t\t\t<dt class='gallery-icon landscape'>\n\t\t\t\t<a href='https:\/\/personal.pmf.uns.ac.rs\/tijana.prodanovic\/prva-radionica8\/'><img loading=\"lazy\" decoding=\"async\" width=\"150\" height=\"150\" src=\"https:\/\/personal.pmf.uns.ac.rs\/tijana.prodanovic\/wp-content\/uploads\/sites\/10\/2013\/01\/prva-radionica8-150x150.jpg\" class=\"attachment-thumbnail size-thumbnail\" alt=\"\" \/><\/a>\n\t\t\t<\/dt><\/dl><dl class='gallery-item'>\n\t\t\t<dt class='gallery-icon landscape'>\n\t\t\t\t<a href='https:\/\/personal.pmf.uns.ac.rs\/tijana.prodanovic\/prva-radionica7\/'><img loading=\"lazy\" decoding=\"async\" width=\"150\" height=\"150\" src=\"https:\/\/personal.pmf.uns.ac.rs\/tijana.prodanovic\/wp-content\/uploads\/sites\/10\/2013\/01\/prva-radionica7-150x150.jpg\" class=\"attachment-thumbnail size-thumbnail\" alt=\"\" \/><\/a>\n\t\t\t<\/dt><\/dl><br style=\"clear: both\" \/>\n\t\t<\/div>\n\n","protected":false},"excerpt":{"rendered":"<p>Prva Studentska Astronomska Radionica Astrofizi\u010dki paviljon, AOB Beograd 16.05.2007. PROGRAM 14:00 &#8211; 15:00 Dolazak Studenata iz Novog Sada i Obilazak AOBa 15:00 &#8211; 15:30 Upoznavanje \ud83d\ude42 Sesija I (Chairwoman dr T. Prodanovi\u0107) 15:30 &#8211; 15:50 Rade Marjanovi\u0107: Ekstrakcija energije iz crnih rupa 15:50 &#8211; 16:10 Goran Pavi\u010di\u0107: Planeta GI 581c &#8211; otkrice i znacaj 16:10 [&hellip;]<\/p>\n","protected":false},"author":11,"featured_media":0,"parent":8,"menu_order":0,"comment_status":"closed","ping_status":"closed","template":"","meta":{"_monsterinsights_skip_tracking":false,"_monsterinsights_sitenote_active":false,"_monsterinsights_sitenote_note":"","_monsterinsights_sitenote_category":0,"footnotes":""},"class_list":["post-306","page","type-page","status-publish","hentry"],"_links":{"self":[{"href":"https:\/\/personal.pmf.uns.ac.rs\/tijana.prodanovic\/wp-json\/wp\/v2\/pages\/306","targetHints":{"allow":["GET"]}}],"collection":[{"href":"https:\/\/personal.pmf.uns.ac.rs\/tijana.prodanovic\/wp-json\/wp\/v2\/pages"}],"about":[{"href":"https:\/\/personal.pmf.uns.ac.rs\/tijana.prodanovic\/wp-json\/wp\/v2\/types\/page"}],"author":[{"embeddable":true,"href":"https:\/\/personal.pmf.uns.ac.rs\/tijana.prodanovic\/wp-json\/wp\/v2\/users\/11"}],"replies":[{"embeddable":true,"href":"https:\/\/personal.pmf.uns.ac.rs\/tijana.prodanovic\/wp-json\/wp\/v2\/comments?post=306"}],"version-history":[{"count":4,"href":"https:\/\/personal.pmf.uns.ac.rs\/tijana.prodanovic\/wp-json\/wp\/v2\/pages\/306\/revisions"}],"predecessor-version":[{"id":366,"href":"https:\/\/personal.pmf.uns.ac.rs\/tijana.prodanovic\/wp-json\/wp\/v2\/pages\/306\/revisions\/366"}],"up":[{"embeddable":true,"href":"https:\/\/personal.pmf.uns.ac.rs\/tijana.prodanovic\/wp-json\/wp\/v2\/pages\/8"}],"wp:attachment":[{"href":"https:\/\/personal.pmf.uns.ac.rs\/tijana.prodanovic\/wp-json\/wp\/v2\/media?parent=306"}],"curies":[{"name":"wp","href":"https:\/\/api.w.org\/{rel}","templated":true}]}}