{"id":236,"date":"2013-01-12T10:23:30","date_gmt":"2013-01-12T09:23:30","guid":{"rendered":"http:\/\/personal.pmf.uns.ac.rs\/tijana.prodanovic\/?page_id=236"},"modified":"2013-01-12T10:24:35","modified_gmt":"2013-01-12T09:24:35","slug":"collaborators","status":"publish","type":"page","link":"https:\/\/personal.pmf.uns.ac.rs\/tijana.prodanovic\/my-research\/collaborators\/","title":{"rendered":"Collaborators"},"content":{"rendered":"<p><a href=\"https:\/\/netfiles.uiuc.edu\/bdfields\/www\/\" target=\"_blank\"><b>Brian D. Fields<\/b><\/a> @ University of Illinois at Urbana-Champaign<br \/>\n<a href=\"http:\/\/www.astro.caltech.edu\/%7Epavlidou\/\" target=\"_blank\"><b>Vasiliki Pavlidou<\/b><\/a> @ University of Crete<br \/>\n<a href=\"http:\/\/www.astro.umd.edu\/people\/tamarab.html\" target=\"_blank\"><b>Tamara Bogdanovi\u0107<\/b><\/a> @ University of Maryland<br \/>\n<a href=\"http:\/\/www.astro.caltech.edu\/%7Epavlidou\/\" target=\"_blank\"><b>Aleksandra Dobard\u017ei\u0107<\/b><\/a> @ University of Belgrade<br \/>\n<a href=\"http:\/\/poincare.matf.bg.ac.rs\/%7Edejanu\/index_s.html\" target=\"_blank\"><b>Dejan Uro\u0161evi\u0107<\/b><\/a> @ University of Belgrade<br \/>\n<a href=\"http:\/\/www.physics.ohio-state.edu\/%7Ebeacom\/\" target=\"_blank\"><b>John F. Beacom<\/b><\/a> @ Ohio State University<br \/>\n<a href=\"http:\/\/www.physics.ohio-state.edu\/graduate_brochure\/people\/steigman.html\" target=\"_blank\"><b>Gary Steigman <\/b><\/a> @ Ohio State University<\/p>\n","protected":false},"excerpt":{"rendered":"<p>Brian D. Fields @ University of Illinois at Urbana-Champaign Vasiliki Pavlidou @ University of Crete Tamara Bogdanovi\u0107 @ University of Maryland Aleksandra Dobard\u017ei\u0107 @ University of Belgrade Dejan Uro\u0161evi\u0107 @ University of Belgrade John F. Beacom @ Ohio State University Gary Steigman @ Ohio State University<\/p>\n","protected":false},"author":11,"featured_media":0,"parent":4,"menu_order":3,"comment_status":"closed","ping_status":"closed","template":"","meta":{"_monsterinsights_skip_tracking":false,"_monsterinsights_sitenote_active":false,"_monsterinsights_sitenote_note":"","_monsterinsights_sitenote_category":0,"footnotes":""},"class_list":["post-236","page","type-page","status-publish","hentry"],"_links":{"self":[{"href":"https:\/\/personal.pmf.uns.ac.rs\/tijana.prodanovic\/wp-json\/wp\/v2\/pages\/236","targetHints":{"allow":["GET"]}}],"collection":[{"href":"https:\/\/personal.pmf.uns.ac.rs\/tijana.prodanovic\/wp-json\/wp\/v2\/pages"}],"about":[{"href":"https:\/\/personal.pmf.uns.ac.rs\/tijana.prodanovic\/wp-json\/wp\/v2\/types\/page"}],"author":[{"embeddable":true,"href":"https:\/\/personal.pmf.uns.ac.rs\/tijana.prodanovic\/wp-json\/wp\/v2\/users\/11"}],"replies":[{"embeddable":true,"href":"https:\/\/personal.pmf.uns.ac.rs\/tijana.prodanovic\/wp-json\/wp\/v2\/comments?post=236"}],"version-history":[{"count":3,"href":"https:\/\/personal.pmf.uns.ac.rs\/tijana.prodanovic\/wp-json\/wp\/v2\/pages\/236\/revisions"}],"predecessor-version":[{"id":365,"href":"https:\/\/personal.pmf.uns.ac.rs\/tijana.prodanovic\/wp-json\/wp\/v2\/pages\/236\/revisions\/365"}],"up":[{"embeddable":true,"href":"https:\/\/personal.pmf.uns.ac.rs\/tijana.prodanovic\/wp-json\/wp\/v2\/pages\/4"}],"wp:attachment":[{"href":"https:\/\/personal.pmf.uns.ac.rs\/tijana.prodanovic\/wp-json\/wp\/v2\/media?parent=236"}],"curies":[{"name":"wp","href":"https:\/\/api.w.org\/{rel}","templated":true}]}}