{"id":234,"date":"2013-01-12T10:22:20","date_gmt":"2013-01-12T09:22:20","guid":{"rendered":"http:\/\/personal.pmf.uns.ac.rs\/tijana.prodanovic\/?page_id=234"},"modified":"2020-04-08T17:36:30","modified_gmt":"2020-04-08T16:36:30","slug":"talks-and-posters","status":"publish","type":"page","link":"https:\/\/personal.pmf.uns.ac.rs\/tijana.prodanovic\/my-research\/talks-and-posters\/","title":{"rendered":"Talks and Posters"},"content":{"rendered":"<div>\n<h3><strong>Talks<\/strong><\/h3>\n<p>Belgrade University seminar, December 2012: <a href=\"http:\/\/people.df.uns.ac.rs\/%7Eprodanvc\/talk\/BG_dec2012.ppt\" target=\"_blank\" rel=\"noopener noreferrer\">\u201cBliski prolazi galaksija kao novi izvori kosmickog zracenja i litijuma\u201d<\/a><\/p>\n<p>SF11 Cosmology Summer Workshop, Santa Fe, July 2011: <a href=\"http:\/\/people.df.uns.ac.rs\/%7Eprodanvc\/talk\/prodanovic_sf2011.pdf\" target=\"_blank\" rel=\"noopener noreferrer\">\u201cPrimordial Elements: Double Trouble \u201c<\/a><\/p>\n<p>First EuroGENESIS Workshop, Dubrovnik, November 2010: <a href=\"http:\/\/people.df.uns.ac.rs\/%7Eprodanvc\/talk\/EuroGENESIS_nov2010.pdf\" target=\"_blank\" rel=\"noopener noreferrer\">\u201cWhat Can Gamma Rays Tell Us About Lithium Production\u201d<\/a><\/p>\n<p>Belgrade University seminar, March 2010: <a href=\"http:\/\/people.df.uns.ac.rs\/%7Eprodanvc\/talk\/BG_mart2010.ppt\" target=\"_blank\" rel=\"noopener noreferrer\">\u201cProblem Galaktickog deuterijuma\u201d<\/a><\/p>\n<p>IAU Symposium 268: Light Elements in the Universe, Geneva, November 2009: <a href=\"http:\/\/people.df.uns.ac.rs\/%7Eprodanvc\/talk\/IAU_Geneva_2009.ppt\" target=\"_blank\" rel=\"noopener noreferrer\">\u201cThe (Un)True Deuterium Abundance in the Galactic Disk\u201d<\/a><\/p>\n<p>XV National Conference of Astronomers of Serbia, October 2008: <a href=\"http:\/\/people.df.uns.ac.rs\/%7Eprodanvc\/talk\/SrbAstro2008.ppt\" target=\"_blank\" rel=\"noopener noreferrer\">\u201cConstraining Galactic Infall With Deuterium Observations\u201d<\/a><\/p>\n<p>University of Chicago colloquium, June 2007: <a href=\"http:\/\/people.df.uns.ac.rs\/%7Eprodanvc\/talk\/UC07.ppt\" target=\"_blank\" rel=\"noopener noreferrer\">\u201cDouble Trouble: The Lihium Problems\u201d<\/a><\/p>\n<p>International Cosmic Ray Conference, Merida, Mexico, July 2007: <a href=\"http:\/\/people.df.uns.ac.rs\/%7Eprodanvc\/talk\/ICRC2007.ppt\" target=\"_blank\" rel=\"noopener noreferrer\">\u201cCan Solar 6Li Really Be Explained by Galactic Cosmic Rays? \u201c<\/a><\/p>\n<p>Belgrade University seminar, November 2006: <a href=\"http:\/\/people.df.uns.ac.rs\/%7Eprodanvc\/talk\/BG_nov2006.ppt\" target=\"_blank\" rel=\"noopener noreferrer\">\u201cKosmicko zracenje: problem litijuma i difuznog gama zracenja\u201d<\/a><\/p>\n<p>McGill University colloquium, January 2006: <a href=\"http:\/\/people.df.uns.ac.rs\/%7Eprodanvc\/talk\/McGill_06.ppt\" target=\"_blank\" rel=\"noopener noreferrer\">\u201cProbing Dark Matter and Pre-Galactic Lihium Production with Hadronic Gamma Rays\u201d<\/a><\/p>\n<p>CITA colloquium, January 2006: <a href=\"http:\/\/people.df.uns.ac.rs\/%7Eprodanvc\/talk\/CITA_06.ppt\" target=\"_blank\" rel=\"noopener noreferrer\">\u201cProbing Dark Matter and Pre-Galactic Lihium Production with Hadronic Gamma Rays\u201d<\/a><\/p>\n<p>North Carolina State University colloquium, December 2005: <a href=\"http:\/\/people.df.uns.ac.rs\/%7Eprodanvc\/talk\/NorthCarolinaSU_05.ppt\" target=\"_blank\" rel=\"noopener noreferrer\">\u201cProbing Dark Matter and Pre-Galactic Lihium Production with Hadronic Gamma Rays\u201d<\/a><\/p>\n<p>TeV Particle Astrophysics Workshop, Fermilab, July 2005: <a href=\"http:\/\/people.df.uns.ac.rs\/%7Eprodanvc\/talk\/Fermilab_talk.ppt\" target=\"_blank\" rel=\"noopener noreferrer\">\u201cDiffuse Gamma Rays: A Model Independent Approach\u201d<\/a><\/p>\n<p>Great Lakes Cosmology VII, Ann Arbor, May 2003: <a href=\"http:\/\/people.df.uns.ac.rs\/%7Eprodanvc\/talk\/GreatLakes_Talk.ppt\" target=\"_blank\" rel=\"noopener noreferrer\">\u201cOn Non-Primordial Deuterium Production by Accelerated Particles\u201d<\/a><\/p>\n<\/div>\n<div>\n<h3><strong>Posters<\/strong><\/h3>\n<p>Cosmic-Ray Nucleosynthesis in Galactic Interactions<br \/>\nTijana Prodanovi\u0107, Darko Donevski and Aleksandra \u0106iprijanovi\u0107<br \/>\n<abbr>Nuclei in the Cosmos XV Symposium, L&#8217;Aquila, Italy; June 24-29th, 2018<\/abbr><br \/>\n<a href=\"http:\/\/people.df.uns.ac.rs\/%7Eprodanvc\/talk\/NIC15_poster.pdf\">&nbsp; .pdf version<\/a><\/p>\n<p>Deuterium Link: From Interstellar Medium and Chemical Evolution to Cosmology and Structure Formation<br \/>\nTijana Prodanovi\u0107, Gary Steigman and Brian. D. Fields<br \/>\n<abbr>Nuclei in the Cosmos XI Symposium, Heidelberg, Germany; July 19-23rd, 2010<\/abbr><br \/>\n<a href=\"http:\/\/people.df.uns.ac.rs\/%7Eprodanvc\/talk\/NIC11_poster_small.ps\" target=\"_blank\" rel=\"noopener noreferrer\">.ps version<\/a>&nbsp;&nbsp;&nbsp;&nbsp;&nbsp;&nbsp;&nbsp;&nbsp;<a href=\"http:\/\/people.df.uns.ac.rs\/%7Eprodanvc\/talk\/NIC11_poster_small.pdf\" target=\"_blank\" rel=\"noopener noreferrer\">.pdf version<\/a><\/p>\n<p>New Constraints of Galactic Infall From Deuterium Observations<br \/>\nTijana Prodanovi\u0107 and Brian. D. Fields<br \/>\n<abbr>Nuclei in the Cosmos X Symposium, Mackinac Island, Michigan, USA; July 27- August 1, 2008<\/abbr><br \/>\n<a href=\"http:\/\/people.df.uns.ac.rs\/%7Eprodanvc\/talk\/NIC10_poster.ps\" target=\"_blank\" rel=\"noopener noreferrer\">.ps version<\/a>&nbsp;&nbsp;&nbsp;&nbsp;&nbsp;&nbsp;&nbsp;&nbsp;<a href=\"http:\/\/people.df.uns.ac.rs\/%7Eprodanvc\/talk\/NIC10_poster.pdf\" target=\"_blank\" rel=\"noopener noreferrer\">.pdf version<\/a><\/p>\n<p>Lithium-6 and Gamma Rays: Constraints on Primordial Lithium, Cosmic-Rays and Cosmic Star Formation<br \/>\nTijana Prodanovi\u0107 and Brian. D. Fields<br \/>\n<abbr>Nuclei in the Cosmos VIII Symposium, Vancouver, B.C., Canada; July 19-23, 2004<\/abbr><br \/>\n<a href=\"http:\/\/people.df.uns.ac.rs\/%7Eprodanvc\/talk\/NIC8_poster.ps\" target=\"_blank\" rel=\"noopener noreferrer\">.ps version<\/a>&nbsp;&nbsp;&nbsp;&nbsp;&nbsp;&nbsp;&nbsp;&nbsp;<a href=\"http:\/\/people.df.uns.ac.rs\/%7Eprodanvc\/talk\/NIC8_poster.pdf\" target=\"_blank\" rel=\"noopener noreferrer\">.pdf version<\/a><\/p>\n<\/div>\n","protected":false},"excerpt":{"rendered":"<p>Talks Belgrade University seminar, December 2012: \u201cBliski prolazi galaksija kao novi izvori kosmickog zracenja i litijuma\u201d SF11 Cosmology Summer Workshop, Santa Fe, July 2011: \u201cPrimordial Elements: Double Trouble \u201c First EuroGENESIS Workshop, Dubrovnik, November 2010: \u201cWhat Can Gamma Rays Tell Us About Lithium Production\u201d Belgrade University seminar, March 2010: \u201cProblem Galaktickog deuterijuma\u201d IAU Symposium 268: [&hellip;]<\/p>\n","protected":false},"author":11,"featured_media":0,"parent":4,"menu_order":2,"comment_status":"closed","ping_status":"closed","template":"","meta":{"_monsterinsights_skip_tracking":false,"_monsterinsights_sitenote_active":false,"_monsterinsights_sitenote_note":"","_monsterinsights_sitenote_category":0,"footnotes":""},"class_list":["post-234","page","type-page","status-publish","hentry"],"_links":{"self":[{"href":"https:\/\/personal.pmf.uns.ac.rs\/tijana.prodanovic\/wp-json\/wp\/v2\/pages\/234","targetHints":{"allow":["GET"]}}],"collection":[{"href":"https:\/\/personal.pmf.uns.ac.rs\/tijana.prodanovic\/wp-json\/wp\/v2\/pages"}],"about":[{"href":"https:\/\/personal.pmf.uns.ac.rs\/tijana.prodanovic\/wp-json\/wp\/v2\/types\/page"}],"author":[{"embeddable":true,"href":"https:\/\/personal.pmf.uns.ac.rs\/tijana.prodanovic\/wp-json\/wp\/v2\/users\/11"}],"replies":[{"embeddable":true,"href":"https:\/\/personal.pmf.uns.ac.rs\/tijana.prodanovic\/wp-json\/wp\/v2\/comments?post=234"}],"version-history":[{"count":3,"href":"https:\/\/personal.pmf.uns.ac.rs\/tijana.prodanovic\/wp-json\/wp\/v2\/pages\/234\/revisions"}],"predecessor-version":[{"id":1117,"href":"https:\/\/personal.pmf.uns.ac.rs\/tijana.prodanovic\/wp-json\/wp\/v2\/pages\/234\/revisions\/1117"}],"up":[{"embeddable":true,"href":"https:\/\/personal.pmf.uns.ac.rs\/tijana.prodanovic\/wp-json\/wp\/v2\/pages\/4"}],"wp:attachment":[{"href":"https:\/\/personal.pmf.uns.ac.rs\/tijana.prodanovic\/wp-json\/wp\/v2\/media?parent=234"}],"curies":[{"name":"wp","href":"https:\/\/api.w.org\/{rel}","templated":true}]}}