{"id":230,"date":"2013-01-12T10:20:41","date_gmt":"2013-01-12T09:20:41","guid":{"rendered":"http:\/\/personal.pmf.uns.ac.rs\/tijana.prodanovic\/?page_id=230"},"modified":"2019-09-24T09:32:39","modified_gmt":"2019-09-24T08:32:39","slug":"publications","status":"publish","type":"page","link":"https:\/\/personal.pmf.uns.ac.rs\/tijana.prodanovic\/my-research\/publications\/","title":{"rendered":"Refereed Publications"},"content":{"rendered":"<p>Impact of Galactic Interactions on the Evolution of the Far-Infrared-Radio Correlation<br \/>\nMarina Pavlovi\u0107 and\u00a0 Tijana Prodanovi\u0107<br \/>\n<abbr>MNRAS, volume 489, 4557 (<\/abbr>2019)<br \/>\npreprint: <a href=\"https:\/\/arxiv.org\/abs\/1909.00087\" target=\"_blank\" rel=\"noopener noreferrer\">astro-ph\/1909.00087<\/a> ; <a href=\"https:\/\/academic.oup.com\/mnras\/article\/489\/4\/4557\/5572185?guestAccessKey=118e7d8d-ebd0-4e8e-9aa3-3456bdf35fac\">Electronic MNRAS<\/a><\/p>\n<p>On the Radio Background from Galaxy Cluster Accretion Shocks<br \/>\nAleksandra \u0106iprijanovi\u0107 and Tijana Prodanovi\u0107<br \/>\n<em>Submitted <abbr><abbr><\/abbr><\/abbr><\/em><\/p>\n<p>Millisecond pulsar origin of the Galactic center excess and extended gamma-ray emission from Andromeda &#8211; a closer look<br \/>\nChristopher Eckner, Xian Hou, Pasquale Serpico, Miles Winter, Gabrijela Zaharijas, Pierrick Martin, Mattia di Mauro, Nestor Mirabal, Jovana Petrovi\u0107,\u00a0 Tijana Prodanovi\u0107 and Justin Vandenbrouck<br \/>\n<abbr>The Astrophysical Journal, Volume 862, 13 pp (<\/abbr>2018)<br \/>\npreprint: <a href=\"https:\/\/arxiv.org\/pdf\/1711.05127.pdf\" target=\"_blank\" rel=\"noopener noreferrer\">astro-ph\/1711.05127<\/a> ; <a href=\"http:\/\/iopscience.iop.org\/article\/10.3847\/1538-4357\/aac029\/meta\">Electronic ApJ<\/a><\/p>\n<p>Interstellar medium structure and the slope of the radio \u03a3-D relation of supernova remnants<br \/>\nPetar Kosti\u0107, Branislav Vukoti\u0107, Dejan Uro\u0161evi\u010d, Bojan Arbutina and Tijana Prodanovi\u0107<br \/>\n<abbr>Monthly Notices of Royal Astronomical Society, 461, 1421 (<\/abbr>2016)<br \/>\npreprint: <a href=\"https:\/\/arxiv.org\/abs\/1606.02501\" target=\"_blank\" rel=\"noopener noreferrer\">astro-ph\/1606.02501<\/a> ; <a href=\"https:\/\/academic.oup.com\/mnras\/article\/461\/2\/1421\/2608484\">Electronic MNRAS<\/a><\/p>\n<p><em>Possible Breaking of the FIR-Radio Correlation in Tidally\u00a0 Interacting Galaxies<\/em><br \/>\nDarko Donevski and Tijana Prodanovi\u0107<br \/>\n<abbr>Monthly Notices of Royal Astronomical Society, 453, 638 (<\/abbr>2015)<br \/>\npreprint: <a href=\"http:\/\/arxiv.org\/abs\/1501.06910\" target=\"_blank\" rel=\"noopener noreferrer\">astro-ph\/1501.06910<\/a> ; <a href=\"http:\/\/mnras.oxfordjournals.org\/content\/453\/1\/638.full?keytype=ref&amp;ijkey=E3Tq7cj1zMTzXSO\" target=\"_blank\" rel=\"noopener noreferrer\">Electronic MNRAS<\/a><\/p>\n<p><em>Neutrino Constraints to the Diffuse Gamma-Ray Emission from Accretion Shocks<\/em><br \/>\nAleksandra Dobard\u017ei\u0107 and Tijana Prodanovi\u0107<br \/>\n<abbr>Astrophysical Journal\u00a0<\/abbr> 806, 184 (2015)<br \/>\npreprint: <a href=\"http:\/\/arxiv.org\/abs\/1412.5678\" target=\"_blank\" rel=\"noopener noreferrer\">astro-ph\/1412.5678<\/a> ; <a href=\"http:\/\/iopscience.iop.org\/0004-637X\/806\/2\/184\/\">Electronic ApJ<\/a><\/p>\n<p><em>Diffuse Pionic Gamma-Ray Emission from Large-Scale Structures<\/em> <em>in the Fermi Era<\/em><br \/>\nAleksandra Dobard\u017ei\u0107 and Tijana Prodanovi\u0107<br \/>\n<abbr>Astrophysical Journal<\/abbr>, 782, 109 (2014)<br \/>\npreprint: <a href=\"http:\/\/arxiv.org\/abs\/1210.4551\" target=\"_blank\" rel=\"noopener noreferrer\">astro-ph\/1210.4551<\/a> ; <a href=\"http:\/\/iopscience.iop.org\/0004-637X\/782\/2\/109\/\">Electronic ApJ<\/a><\/p>\n<p><em>Galactic Fly-Bys: New Source of Lithium Production<\/em><br \/>\nTijana Prodanovi\u0107, Tamara Bogdanovi\u0107 and Dejan Uro\u0161evi\u0107<br \/>\nPhysical Review D, 87, 103014 (2013)<br \/>\npreprint: <a href=\"http:\/\/arxiv.org\/abs\/1211.3118\" target=\"_blank\" rel=\"noopener noreferrer\">astro-ph\/1211.3118<\/a> ; <a href=\"http:\/\/prd.aps.org\/abstract\/PRD\/v87\/i10\/e103014\">Electronic PRD<\/a><\/p>\n<p><em>Cosmic Gamma-Ray Background from Star-Forming Galaxies<\/em><br \/>\nBrian D. Fields, Vasiliki Pavlidou and Tijana Prodanovi\u0107<br \/>\n<abbr>Astrophysical Journal Letters<\/abbr>, 722, L199 (2010)<br \/>\npreprint: <a href=\"http:\/\/arxiv.org\/abs\/1003.3647\" target=\"_blank\" rel=\"noopener noreferrer\">astro-ph\/1003.3647<\/a> ; <a href=\"http:\/\/iopscience.iop.org\/2041-8205\/722\/2\/L199\/\" target=\"_blank\" rel=\"noopener noreferrer\">Electronic ApJL <\/a><\/p>\n<p>The Deuterium Abundance in the Local Interstellar Medium<br \/>\nTijana Prodanovi\u0107, Gary Steigman and Brian D. Fields<br \/>\nMonthly Notices of the Royal Astronomical Society, Volume 406, Issue 2, pp. 1108-1115 (2010)<br \/>\npreprint: <a href=\"http:\/\/arxiv.org\/abs\/0910.4961\" target=\"_blank\" rel=\"noopener noreferrer\">astro-ph\/0910.4961<\/a> ; <a href=\"http:\/\/www3.interscience.wiley.com\/cgi-bin\/fulltext\/123429056\/HTMLSTART?onDenied=\/journal\/123429056\/abstract&amp;CRETRY=1&amp;SRETRY=0\" target=\"_blank\" rel=\"noopener noreferrer\">Electronic MNRAS<\/a><\/p>\n<p><em>FUSE Deuterium Observations: A Strong Case For Galactic Infall<\/em><br \/>\nTijana Prodanovi\u0107 and Brian D. Fields<br \/>\n<abbr>Journal of Cosmology and Astroparticle Physics, Issue 09, pp. 003 (2008) <\/abbr><br \/>\npreprint: <a href=\"http:\/\/arxiv.org\/abs\/0804.3095\" target=\"_blank\" rel=\"noopener noreferrer\">astro-ph\/0804.3095<\/a> ; <a href=\"http:\/\/www.iop.org\/EJ\/abstract\/1475-7516\/2008\/09\/003\/\" target=\"_blank\" rel=\"noopener noreferrer\">Electronic JCAP<\/a><\/p>\n<p><em>Cosmological Cosmic Rays: Sharpening the Primordial Lithium Problem<\/em><br \/>\nTijana Prodanovi\u0107 and Brian D. Fields<br \/>\n<abbr>Physical Review D, 76, 083003 (2007) <\/abbr><br \/>\npreprint: <a href=\"http:\/\/arxiv.org\/abs\/0709.3300\" target=\"_blank\" rel=\"noopener noreferrer\">astro-ph\/0709.3300<\/a> ; <a href=\"http:\/\/scitation.aip.org\/getabs\/servlet\/GetabsServlet?prog=normal&amp;id=PRVDAQ000076000008083003000001&amp;idtype=cvips&amp;gifs=yes\" target=\"_blank\" rel=\"noopener noreferrer\">Electronic PRD<\/a><\/p>\n<p><em>Diffuse Gamma Rays from the Galactic Plane: Probing the \u201cGeV Excess\u201d and Identifying the \u201cTeV Excess\u201d<\/em><br \/>\nTijana Prodanovi\u0107, Brian D. Fields and John F. Beacom<br \/>\n<abbr>The Astroparticle Physics, 27, 10-20 (2007)<\/abbr><br \/>\npreprint: <a href=\"http:\/\/arxiv.org\/abs\/astro-ph\/0603618\" target=\"_blank\" rel=\"noopener noreferrer\">astro-ph\/0603618<\/a> ; <a href=\"http:\/\/www.sciencedirect.com\/science?_ob=ArticleURL&amp;_udi=B6TJ1-4M33SK8-2&amp;_user=10&amp;_coverDate=02%2F28%2F2007&amp;_rdoc=1&amp;_fmt=&amp;_orig=search&amp;_sort=d&amp;view=c&amp;_acct=C000050221&amp;_version=1&amp;_urlVersion=0&amp;_userid=10&amp;md5=124de0f09ed5fda60cfe825c39c758d9\" target=\"_blank\" rel=\"noopener noreferrer\">Electronic APh<\/a><\/p>\n<p><em>Can Galactic Cosmic Rays Account for Solar Lithium-6 Without Overproducing Gamma Rays?<\/em><br \/>\nTijana Prodanovi\u0107 and Brian D. Fields<br \/>\n<abbr>The Astrophysical Journal Letters, 645 , L125-L128 (2006)<\/abbr><br \/>\npreprint: <a href=\"http:\/\/arxiv.org\/abs\/astro-ph\/0605675\" target=\"_blank\" rel=\"noopener noreferrer\">astro-ph\/0605675<\/a> ; <a href=\"http:\/\/www.journals.uchicago.edu\/doi\/abs\/10.1086\/506205\" target=\"_blank\" rel=\"noopener noreferrer\">Electronic ApJL<\/a><\/p>\n<p><em>Lithium-6 and Gamma Rays: Complementary Constraints on Cosmic-Ray History<\/em><br \/>\nBrian D. Fields and Tijana Prodanovi\u0107<br \/>\n<abbr>The Astrophysical Journal, 623, 877-888 (2005)<\/abbr><br \/>\npreprint: <a href=\"http:\/\/arxiv.org\/abs\/astro-ph\/0407314\" target=\"_blank\" rel=\"noopener noreferrer\">astro-ph\/0407314<\/a> ; <a href=\"http:\/\/www.journals.uchicago.edu\/doi\/abs\/10.1086\/428604\" target=\"_blank\" rel=\"noopener noreferrer\">Electronic ApJ<\/a><\/p>\n<p><em>Structure Formation Cosmic Rays: Identifying Observational Constraints<\/em><br \/>\nTijana Prodanovi\u0107 and Brian D. Fields<br \/>\n<abbr>Serbian Astronomical Journal, 170, 33-45 (2005)<\/abbr><br \/>\n.pdf version available <a href=\"http:\/\/saj.matf.bg.ac.yu\/\" target=\"_blank\" rel=\"noopener noreferrer\">online<\/a><\/p>\n<p><em>Lithium-6 and Gamma Rays: Constraints on Primordial Lithium, Cosmic Rays and Cosmic Star Formation<\/em><br \/>\n<abbr> Tijana Prodanovi\u0107 and Brian D. Fields<\/abbr><br \/>\nNuclear Physics A, 758, 799c-802c (2005)<\/p>\n<p><em>Probing Primordial and Pre-Galactic Lithium with High-Velocity Clouds<\/em><br \/>\nTijana Prodanovi\u0107 and Brian D. Fields<br \/>\n<abbr>The Astrophysical Journal Letters, 616, 115-118 (2004) <\/abbr><br \/>\npreprint: <a href=\"http:\/\/arxiv.org\/abs\/astro-ph\/0412238\" target=\"_blank\" rel=\"noopener noreferrer\">astro-ph\/0412238<\/a> ; <a href=\"http:\/\/www.journals.uchicago.edu\/cgi-bin\/resolve?id=doi:10.1086\/426814\" target=\"_blank\" rel=\"noopener noreferrer\">Electronic ApJL<\/a><\/p>\n<p><em>The Pionic Contribution to Diffuse Gamma Rays: Upper Limits<\/em><br \/>\nTijana Prodanovi\u0107 and Brian D. Fields<br \/>\n<abbr>Astroparticle Physics, 21, 627-635 (2004) <\/abbr><br \/>\npreprint: <a href=\"http:\/\/arxiv.org\/abs\/astro-ph\/0403300\" target=\"_blank\" rel=\"noopener noreferrer\">astro-ph\/0403300<\/a> ; <a href=\"http:\/\/www.sciencedirect.com\/science?_ob=ArticleURL&amp;_udi=B6TJ1-4CG2D9V-1&amp;_user=10&amp;_coverDate=09%2F30%2F2004&amp;_rdoc=1&amp;_fmt=&amp;_orig=search&amp;_sort=d&amp;view=c&amp;_acct=C000050221&amp;_version=1&amp;_urlVersion=0&amp;_userid=10&amp;md5=40253e24dbeb47e4932d4afc1d19b58b\" target=\"_blank\" rel=\"noopener noreferrer\">Electronic APh<\/a><\/p>\n<p><em>On Non-Primordial Deuterium Production by Accelerated Particles<\/em><br \/>\nTijana Prodanovi\u0107 and Brian D. Fields<br \/>\n<abbr> The Astrophysical Journal, 597, 48-56 (2003) <\/abbr><br \/>\npreprint: <a href=\"http:\/\/arxiv.org\/abs\/astro-ph\/0307183\" target=\"_blank\" rel=\"noopener noreferrer\">astro-ph\/0307183<\/a> ; <a href=\"http:\/\/www.journals.uchicago.edu\/doi\/abs\/10.1086\/378272\" target=\"_blank\" rel=\"noopener noreferrer\">Electronic ApJ<\/a><\/p>\n","protected":false},"excerpt":{"rendered":"<p>Impact of Galactic Interactions on the Evolution of the Far-Infrared-Radio Correlation Marina Pavlovi\u0107 and\u00a0 Tijana Prodanovi\u0107 MNRAS, volume 489, 4557 (2019) preprint: astro-ph\/1909.00087 ; Electronic MNRAS On the Radio Background from Galaxy Cluster Accretion Shocks Aleksandra \u0106iprijanovi\u0107 and Tijana Prodanovi\u0107 Submitted Millisecond pulsar origin of the Galactic center excess and extended gamma-ray emission from Andromeda [&hellip;]<\/p>\n","protected":false},"author":11,"featured_media":0,"parent":4,"menu_order":1,"comment_status":"closed","ping_status":"closed","template":"","meta":{"_monsterinsights_skip_tracking":false,"_monsterinsights_sitenote_active":false,"_monsterinsights_sitenote_note":"","_monsterinsights_sitenote_category":0,"footnotes":""},"class_list":["post-230","page","type-page","status-publish","hentry"],"_links":{"self":[{"href":"https:\/\/personal.pmf.uns.ac.rs\/tijana.prodanovic\/wp-json\/wp\/v2\/pages\/230","targetHints":{"allow":["GET"]}}],"collection":[{"href":"https:\/\/personal.pmf.uns.ac.rs\/tijana.prodanovic\/wp-json\/wp\/v2\/pages"}],"about":[{"href":"https:\/\/personal.pmf.uns.ac.rs\/tijana.prodanovic\/wp-json\/wp\/v2\/types\/page"}],"author":[{"embeddable":true,"href":"https:\/\/personal.pmf.uns.ac.rs\/tijana.prodanovic\/wp-json\/wp\/v2\/users\/11"}],"replies":[{"embeddable":true,"href":"https:\/\/personal.pmf.uns.ac.rs\/tijana.prodanovic\/wp-json\/wp\/v2\/comments?post=230"}],"version-history":[{"count":22,"href":"https:\/\/personal.pmf.uns.ac.rs\/tijana.prodanovic\/wp-json\/wp\/v2\/pages\/230\/revisions"}],"predecessor-version":[{"id":1088,"href":"https:\/\/personal.pmf.uns.ac.rs\/tijana.prodanovic\/wp-json\/wp\/v2\/pages\/230\/revisions\/1088"}],"up":[{"embeddable":true,"href":"https:\/\/personal.pmf.uns.ac.rs\/tijana.prodanovic\/wp-json\/wp\/v2\/pages\/4"}],"wp:attachment":[{"href":"https:\/\/personal.pmf.uns.ac.rs\/tijana.prodanovic\/wp-json\/wp\/v2\/media?parent=230"}],"curies":[{"name":"wp","href":"https:\/\/api.w.org\/{rel}","templated":true}]}}