{"id":1151,"date":"2021-03-03T18:40:10","date_gmt":"2021-03-03T17:40:10","guid":{"rendered":"https:\/\/personal.pmf.uns.ac.rs\/tijana.prodanovic\/?page_id=1151"},"modified":"2021-03-03T18:40:10","modified_gmt":"2021-03-03T17:40:10","slug":"akademske-vestine","status":"publish","type":"page","link":"https:\/\/personal.pmf.uns.ac.rs\/tijana.prodanovic\/teaching\/courses\/akademske-vestine\/","title":{"rendered":"Akademske ve\u0161tine"},"content":{"rendered":"<p><a title=\"Exams\/Ispiti\" href=\"http:\/\/personal.pmf.uns.ac.rs\/tijana.prodanovic\/teaching\/courses\/examsispiti\/\">ISPITI<\/a> | <a href=\"http:\/\/people.df.uns.ac.rs\/%7Eprodanvc\/predavanja\/akademskevestine\/plan.pdf\">Plan i opis kursa<\/a> | <a href=\"http:\/\/people.df.uns.ac.rs\/%7Eprodanvc\/predavanja\/akademskevestine\/seminari.pdf\">Teme za seminar<\/a> | <a href=\"http:\/\/people.df.uns.ac.rs\/%7Eprodanvc\/predavanja\/akademskevestine\/\">Predavanja u PowerPoint formatu<\/a> |<\/p>\n<h2><em>Obave\u0161tenja:<\/em><\/h2>\n<p><strong>3.3.2021.<\/strong><\/p>\n<p>Nastava je po\u010dela. Predavanja su \u010detvrtkom od 10-12h u u\u010dionici 60.<\/p>\n","protected":false},"excerpt":{"rendered":"<p>ISPITI | Plan i opis kursa | Teme za seminar | Predavanja u PowerPoint formatu | Obave\u0161tenja: 3.3.2021. Nastava je po\u010dela. Predavanja su \u010detvrtkom od 10-12h u u\u010dionici 60.<\/p>\n","protected":false},"author":11,"featured_media":0,"parent":5,"menu_order":0,"comment_status":"closed","ping_status":"closed","template":"","meta":{"_monsterinsights_skip_tracking":false,"_monsterinsights_sitenote_active":false,"_monsterinsights_sitenote_note":"","_monsterinsights_sitenote_category":0,"footnotes":""},"class_list":["post-1151","page","type-page","status-publish","hentry"],"_links":{"self":[{"href":"https:\/\/personal.pmf.uns.ac.rs\/tijana.prodanovic\/wp-json\/wp\/v2\/pages\/1151","targetHints":{"allow":["GET"]}}],"collection":[{"href":"https:\/\/personal.pmf.uns.ac.rs\/tijana.prodanovic\/wp-json\/wp\/v2\/pages"}],"about":[{"href":"https:\/\/personal.pmf.uns.ac.rs\/tijana.prodanovic\/wp-json\/wp\/v2\/types\/page"}],"author":[{"embeddable":true,"href":"https:\/\/personal.pmf.uns.ac.rs\/tijana.prodanovic\/wp-json\/wp\/v2\/users\/11"}],"replies":[{"embeddable":true,"href":"https:\/\/personal.pmf.uns.ac.rs\/tijana.prodanovic\/wp-json\/wp\/v2\/comments?post=1151"}],"version-history":[{"count":1,"href":"https:\/\/personal.pmf.uns.ac.rs\/tijana.prodanovic\/wp-json\/wp\/v2\/pages\/1151\/revisions"}],"predecessor-version":[{"id":1152,"href":"https:\/\/personal.pmf.uns.ac.rs\/tijana.prodanovic\/wp-json\/wp\/v2\/pages\/1151\/revisions\/1152"}],"up":[{"embeddable":true,"href":"https:\/\/personal.pmf.uns.ac.rs\/tijana.prodanovic\/wp-json\/wp\/v2\/pages\/5"}],"wp:attachment":[{"href":"https:\/\/personal.pmf.uns.ac.rs\/tijana.prodanovic\/wp-json\/wp\/v2\/media?parent=1151"}],"curies":[{"name":"wp","href":"https:\/\/api.w.org\/{rel}","templated":true}]}}