{"id":75,"date":"2015-10-10T09:47:39","date_gmt":"2015-10-10T09:47:39","guid":{"rendered":"http:\/\/personal.pmf.uns.ac.rs\/sanja.ruzicic\/?page_id=75"},"modified":"2015-10-10T17:46:25","modified_gmt":"2015-10-10T17:46:25","slug":"analiza-1","status":"publish","type":"page","link":"https:\/\/personal.pmf.uns.ac.rs\/sanja.ruzicic\/nastava\/analiza-1\/","title":{"rendered":"Analiza 1"},"content":{"rendered":"<p>Nazad na <a href=\"http:\/\/personal.pmf.uns.ac.rs\/sanja.ruzicic\/nastava\/\">Nastava<\/a><\/p>\n<hr \/>\n<p style=\"padding-left: 30px\"><em>Analiza 1\u00a0je kurs matemati\u010dke analize koji pokriva diferencijalni i integralni ra\u010dun, kao i brojne redove i funkcionalne nizove i redove.<\/em><\/p>\n<hr \/>\n<p style=\"padding-left: 30px\"><strong>M3-05<\/strong>\u00a0 \u00a0ESPB: 8 \u00a0 \u00a0i \u00a0 \u00a0\u00a0<strong>M221<\/strong>\u00a0 \u00a0ESPB: 9<\/p>\n<hr \/>\n<ul>\n<li><em>profesor: <\/em><a href=\"http:\/\/people.dmi.uns.ac.rs\/~apavlovic\/\" target=\"_blank\">dr Aleksandar Pavlovi\u0107<\/a><\/li>\n<li><em>asistenti<\/em>: Sanja Ru\u017ei\u010di\u0107, Anika Njamcul<\/li>\n<\/ul>\n<hr \/>\n<p style=\"padding-left: 30px\"><strong>Literatura<\/strong>: Lj. Gaji\u0107, <em>Predavanja iz Analize I<\/em><\/p>\n<hr \/>\n<p>&nbsp;<\/p>\n<p><strong><a href=\"http:\/\/personal.pmf.uns.ac.rs\/sanja.ruzicic\/wp-content\/uploads\/sites\/48\/2015\/10\/Formule.pdf\">Tablice<\/a>\u00a0izvoda i integrala:<\/strong><\/p>\n<p><strong>Recepti za re\u0161avanje <a href=\"http:\/\/personal.pmf.uns.ac.rs\/sanja.ruzicic\/wp-content\/uploads\/sites\/48\/2015\/10\/integrali.pdf\">integrala<\/a><\/strong><\/p>\n","protected":false},"excerpt":{"rendered":"<p>Nazad na Nastava Analiza 1\u00a0je kurs matemati\u010dke analize koji pokriva diferencijalni i integralni ra\u010dun, kao i brojne redove i funkcionalne nizove i redove. M3-05\u00a0 \u00a0ESPB: 8 \u00a0 \u00a0i \u00a0 \u00a0\u00a0M221\u00a0 \u00a0ESPB: 9 profesor: dr Aleksandar Pavlovi\u0107 asistenti: Sanja Ru\u017ei\u010di\u0107, Anika &hellip; <a href=\"https:\/\/personal.pmf.uns.ac.rs\/sanja.ruzicic\/nastava\/analiza-1\/\">Continue reading <span class=\"meta-nav\">&rarr;<\/span><\/a><\/p>\n","protected":false},"author":56,"featured_media":0,"parent":14,"menu_order":0,"comment_status":"closed","ping_status":"closed","template":"","meta":{"_monsterinsights_skip_tracking":false,"_monsterinsights_sitenote_active":false,"_monsterinsights_sitenote_note":"","_monsterinsights_sitenote_category":0,"footnotes":""},"class_list":["post-75","page","type-page","status-publish","hentry"],"_links":{"self":[{"href":"https:\/\/personal.pmf.uns.ac.rs\/sanja.ruzicic\/wp-json\/wp\/v2\/pages\/75","targetHints":{"allow":["GET"]}}],"collection":[{"href":"https:\/\/personal.pmf.uns.ac.rs\/sanja.ruzicic\/wp-json\/wp\/v2\/pages"}],"about":[{"href":"https:\/\/personal.pmf.uns.ac.rs\/sanja.ruzicic\/wp-json\/wp\/v2\/types\/page"}],"author":[{"embeddable":true,"href":"https:\/\/personal.pmf.uns.ac.rs\/sanja.ruzicic\/wp-json\/wp\/v2\/users\/56"}],"replies":[{"embeddable":true,"href":"https:\/\/personal.pmf.uns.ac.rs\/sanja.ruzicic\/wp-json\/wp\/v2\/comments?post=75"}],"version-history":[{"count":15,"href":"https:\/\/personal.pmf.uns.ac.rs\/sanja.ruzicic\/wp-json\/wp\/v2\/pages\/75\/revisions"}],"predecessor-version":[{"id":109,"href":"https:\/\/personal.pmf.uns.ac.rs\/sanja.ruzicic\/wp-json\/wp\/v2\/pages\/75\/revisions\/109"}],"up":[{"embeddable":true,"href":"https:\/\/personal.pmf.uns.ac.rs\/sanja.ruzicic\/wp-json\/wp\/v2\/pages\/14"}],"wp:attachment":[{"href":"https:\/\/personal.pmf.uns.ac.rs\/sanja.ruzicic\/wp-json\/wp\/v2\/media?parent=75"}],"curies":[{"name":"wp","href":"https:\/\/api.w.org\/{rel}","templated":true}]}}