{"id":64,"date":"2015-10-09T21:14:56","date_gmt":"2015-10-09T21:14:56","guid":{"rendered":"http:\/\/personal.pmf.uns.ac.rs\/sanja.ruzicic\/?page_id=64"},"modified":"2017-09-15T16:59:00","modified_gmt":"2017-09-15T16:59:00","slug":"uvod-u-analizu-2","status":"publish","type":"page","link":"https:\/\/personal.pmf.uns.ac.rs\/sanja.ruzicic\/nastava\/uvod-u-analizu-2\/","title":{"rendered":"Uvod u analizu"},"content":{"rendered":"<p>Nazad na <a href=\"http:\/\/personal.pmf.uns.ac.rs\/sanja.ruzicic\/nastava\/\">Nastava<\/a><\/p>\n<hr \/>\n<ul>\n<li><em>profesor<\/em>: dr Ljiljana Gaji\u0107<\/li>\n<li><em>asistent<\/em>: Sanja Ru\u017ei\u010di\u0107<\/li>\n<li><em>predavanja<\/em>: petak 8-12h<\/li>\n<li><em>ve\u017ebe<\/em>: ponedeljak 13-16h (I grupa) i \u010detvrtak 18-21h (II grupa)<\/li>\n<\/ul>\n<p style=\"padding-left: 30px\"><strong>Literatura<\/strong>: Lj. Gaji\u0107, <i>Predavanja iz uvoda u analizu, <\/i>Prirodno-matemati\u010dki fakultet, Departman za matematiku i informatiku, 2004.<\/p>\n<hr \/>\n<p style=\"padding-left: 30px\"><strong>Korisno<\/strong>:\u00a0<a href=\"http:\/\/personal.pmf.uns.ac.rs\/sanja.ruzicic\/wp-content\/uploads\/sites\/48\/2015\/10\/elementarne-funkcije.pdf\">elementarne-funkcije<\/a>,\u00a0<a href=\"http:\/\/personal.pmf.uns.ac.rs\/sanja.ruzicic\/wp-content\/uploads\/sites\/48\/2015\/10\/Skup_realnih_brojeva.pdf\">Skup_realnih_brojeva<\/a>,\u00a0<a href=\"https:\/\/personal.pmf.uns.ac.rs\/sanja.ruzicic\/wp-content\/uploads\/sites\/48\/2015\/10\/Nizovi.pdf\">Nizovi<\/a><\/p>\n<p style=\"padding-left: 30px\">Odabrani pismeni ispiti sa re\u0161enjima:\u00a0<a href=\"https:\/\/personal.pmf.uns.ac.rs\/sanja.ruzicic\/wp-content\/uploads\/sites\/48\/2015\/10\/Uvod_januar2016-1.pdf\" rel=\"\">jan-feb_2015\/2016<\/a>,\u00a0<a href=\"https:\/\/personal.pmf.uns.ac.rs\/sanja.ruzicic\/wp-content\/uploads\/sites\/48\/2015\/10\/April2016_res.pdf\">april_2015\/2016<\/a>,\u00a0\u00a0<a href=\"https:\/\/personal.pmf.uns.ac.rs\/sanja.ruzicic\/wp-content\/uploads\/sites\/48\/2015\/10\/Jan_2017_res.pdf\" target=\"_blank\" rel=\"noopener\">jan-feb_2016\/2017<\/a>,\u00a0<a href=\"https:\/\/personal.pmf.uns.ac.rs\/sanja.ruzicic\/wp-content\/uploads\/sites\/48\/2015\/10\/April_2017_res-1.pdf\">april_2016\/2017<\/a>,\u00a0<a href=\"https:\/\/personal.pmf.uns.ac.rs\/sanja.ruzicic\/wp-content\/uploads\/sites\/48\/2015\/10\/Sept2017_resenja.pdf\">sept_2016\/2017<\/a><\/p>\n<p style=\"padding-left: 30px\"><a href=\"https:\/\/personal.pmf.uns.ac.rs\/sanja.ruzicic\/wp-content\/uploads\/sites\/48\/2015\/10\/Uvod_u_analizu15-16.pdf\">Zadaci sa pismenih ispita iz Uvoda u analizu u 2015\/2016 skolskoj godini <\/a><\/p>\n<p><em><strong>Kako polo\u017eiti ispit?<\/strong><\/em><\/p>\n<ul>\n<li>NE u\u010diti napamet!<\/li>\n<li>Dobro nau\u010diti SVE \u0161to je ra\u0111eno na ve\u017ebama.<\/li>\n<li>Uporedo sa zadacima u\u010diti i teoriju.<\/li>\n<li>Do\u0107i odmoran na ispit.<\/li>\n<li>&#8230;<\/li>\n<\/ul>\n","protected":false},"excerpt":{"rendered":"<p>Nazad na Nastava profesor: dr Ljiljana Gaji\u0107 asistent: Sanja Ru\u017ei\u010di\u0107 predavanja: petak 8-12h ve\u017ebe: ponedeljak 13-16h (I grupa) i \u010detvrtak 18-21h (II grupa) Literatura: Lj. Gaji\u0107, Predavanja iz uvoda u analizu, Prirodno-matemati\u010dki fakultet, Departman za matematiku i informatiku, 2004. Korisno:\u00a0elementarne-funkcije,\u00a0Skup_realnih_brojeva,\u00a0Nizovi &hellip; <a href=\"https:\/\/personal.pmf.uns.ac.rs\/sanja.ruzicic\/nastava\/uvod-u-analizu-2\/\">Continue reading <span class=\"meta-nav\">&rarr;<\/span><\/a><\/p>\n","protected":false},"author":56,"featured_media":0,"parent":14,"menu_order":0,"comment_status":"closed","ping_status":"closed","template":"","meta":{"_monsterinsights_skip_tracking":false,"_monsterinsights_sitenote_active":false,"_monsterinsights_sitenote_note":"","_monsterinsights_sitenote_category":0,"footnotes":""},"class_list":["post-64","page","type-page","status-publish","hentry"],"_links":{"self":[{"href":"https:\/\/personal.pmf.uns.ac.rs\/sanja.ruzicic\/wp-json\/wp\/v2\/pages\/64","targetHints":{"allow":["GET"]}}],"collection":[{"href":"https:\/\/personal.pmf.uns.ac.rs\/sanja.ruzicic\/wp-json\/wp\/v2\/pages"}],"about":[{"href":"https:\/\/personal.pmf.uns.ac.rs\/sanja.ruzicic\/wp-json\/wp\/v2\/types\/page"}],"author":[{"embeddable":true,"href":"https:\/\/personal.pmf.uns.ac.rs\/sanja.ruzicic\/wp-json\/wp\/v2\/users\/56"}],"replies":[{"embeddable":true,"href":"https:\/\/personal.pmf.uns.ac.rs\/sanja.ruzicic\/wp-json\/wp\/v2\/comments?post=64"}],"version-history":[{"count":22,"href":"https:\/\/personal.pmf.uns.ac.rs\/sanja.ruzicic\/wp-json\/wp\/v2\/pages\/64\/revisions"}],"predecessor-version":[{"id":428,"href":"https:\/\/personal.pmf.uns.ac.rs\/sanja.ruzicic\/wp-json\/wp\/v2\/pages\/64\/revisions\/428"}],"up":[{"embeddable":true,"href":"https:\/\/personal.pmf.uns.ac.rs\/sanja.ruzicic\/wp-json\/wp\/v2\/pages\/14"}],"wp:attachment":[{"href":"https:\/\/personal.pmf.uns.ac.rs\/sanja.ruzicic\/wp-json\/wp\/v2\/media?parent=64"}],"curies":[{"name":"wp","href":"https:\/\/api.w.org\/{rel}","templated":true}]}}