{"id":461,"date":"2017-10-13T07:48:46","date_gmt":"2017-10-13T07:48:46","guid":{"rendered":"https:\/\/personal.pmf.uns.ac.rs\/sanja.ruzicic\/?page_id=461"},"modified":"2021-10-08T05:41:54","modified_gmt":"2021-10-08T05:41:54","slug":"verovatnoca-m3-smer","status":"publish","type":"page","link":"https:\/\/personal.pmf.uns.ac.rs\/sanja.ruzicic\/nastava\/verovatnoca-m3-smer\/","title":{"rendered":"Verovatno\u0107a (M3 smer)"},"content":{"rendered":"<p>Nazad na <a href=\"http:\/\/personal.pmf.uns.ac.rs\/sanja.ruzicic\/nastava\/\">Nastava<\/a><\/p>\n<p><span style=\"color: #000080\"><em>Dodatne informacije o predmetu se nalaze na Moodle stranici.<\/em><\/span><\/p>\n<hr \/>\n<ul>\n<li><em>profesor i asistent<\/em>: dr Sanja Ru\u017ei\u010di\u0107<\/li>\n<li><em>predavanja i ve\u017ebe<\/em>: ponedeljak 14-17h i petak 13-16h<\/li>\n<\/ul>\n<hr \/>\n<p><strong><em>O predmetu: <\/em><\/strong>Predmet je obavezan za studente \u010detvrte godine M5 smera. Ispit se pola\u017ee po modelu B (pismeni + usmeni ispit).<\/p>\n<hr \/>\n<p><strong>Zadaci sa pismenih ispita i kolokvijuma<\/strong> iz \u0161kolske 2016\/2017. godine:\u00a0<a href=\"https:\/\/personal.pmf.uns.ac.rs\/sanja.ruzicic\/wp-content\/uploads\/sites\/48\/2017\/12\/Verovatnoca-kolokvijum-2016.pdf\">kolokvijum<\/a>,\u00a0<a href=\"https:\/\/personal.pmf.uns.ac.rs\/sanja.ruzicic\/wp-content\/uploads\/sites\/48\/2017\/12\/januar-2017.pdf\">januar<\/a>,\u00a0<a href=\"https:\/\/personal.pmf.uns.ac.rs\/sanja.ruzicic\/wp-content\/uploads\/sites\/48\/2017\/12\/april-2017.pdf\">april<\/a>,\u00a0<a href=\"https:\/\/personal.pmf.uns.ac.rs\/sanja.ruzicic\/wp-content\/uploads\/sites\/48\/2017\/12\/jun-2017.pdf\">jun<\/a>,\u00a0<a href=\"https:\/\/personal.pmf.uns.ac.rs\/sanja.ruzicic\/wp-content\/uploads\/sites\/48\/2017\/12\/septembar-2017.pdf\">septembar<\/a>,\u00a0<a href=\"https:\/\/personal.pmf.uns.ac.rs\/sanja.ruzicic\/wp-content\/uploads\/sites\/48\/2017\/12\/Ver-okt-2017.pdf\">oktobar<\/a><\/p>\n<p><a href=\"https:\/\/personal.pmf.uns.ac.rs\/sanja.ruzicic\/wp-content\/uploads\/sites\/48\/2019\/01\/Verovatnoca-zadaci-20162017-compressed.pdf\">resenja 2016\/2017<\/a><\/p>\n<hr \/>\n<p><strong>Zadaci i re\u0161enja sa pismenih ispita i kolokvijuma<\/strong> iz \u0161kolske 2017\/2018. godine:\u00a0<a href=\"https:\/\/personal.pmf.uns.ac.rs\/sanja.ruzicic\/wp-content\/uploads\/sites\/48\/2018\/04\/res_kolokvijum-2017.pdf\">kolokvijum<\/a>,\u00a0<a href=\"https:\/\/personal.pmf.uns.ac.rs\/sanja.ruzicic\/wp-content\/uploads\/sites\/48\/2018\/04\/Verovatnoca_januar2018_resenja.pdf\">januar<\/a>,\u00a0<a href=\"https:\/\/personal.pmf.uns.ac.rs\/sanja.ruzicic\/wp-content\/uploads\/sites\/48\/2018\/04\/Verovatnoca_april2018_resenja.pdf\" target=\"_blank\" rel=\"noopener noreferrer\">april<\/a>,\u00a0<a href=\"https:\/\/personal.pmf.uns.ac.rs\/sanja.ruzicic\/wp-content\/uploads\/sites\/48\/2018\/06\/Verovatnoca_jun2018_resenja.pdf\">jun<\/a>,\u00a0<a href=\"https:\/\/personal.pmf.uns.ac.rs\/sanja.ruzicic\/wp-content\/uploads\/sites\/48\/2018\/09\/Septembar-2018-\u2013-res.pdf\" target=\"_blank\" rel=\"noopener noreferrer\">septembar<\/a>,\u00a0<a href=\"https:\/\/personal.pmf.uns.ac.rs\/sanja.ruzicic\/wp-content\/uploads\/sites\/48\/2018\/09\/Oktobar-2018-resenja-Ivana-Vojnovics-conflicted-copy-2018-09-22.pdf\">oktobar<\/a><\/p>\n<hr \/>\n<p><strong>Zadaci i re\u0161enja sa pismenih ispita<\/strong>\u00a0iz \u0161kolske 2018\/2019. godine:\u00a0<a href=\"https:\/\/personal.pmf.uns.ac.rs\/sanja.ruzicic\/wp-content\/uploads\/sites\/48\/2019\/01\/Verovatnoca_januar2019_resenja_M3.pdf\">januar<\/a>,\u00a0<a href=\"https:\/\/personal.pmf.uns.ac.rs\/sanja.ruzicic\/wp-content\/uploads\/sites\/48\/2019\/04\/april-18-19-re\u0161enja.pdf\">april<\/a>,\u00a0<a href=\"https:\/\/personal.pmf.uns.ac.rs\/sanja.ruzicic\/wp-content\/uploads\/sites\/48\/2019\/06\/jun-18-19-re\u0161enja-1.pdf\">jun<\/a>, <a href=\"https:\/\/personal.pmf.uns.ac.rs\/sanja.ruzicic\/wp-content\/uploads\/sites\/48\/2019\/09\/sep-18-19-re\u0161enja.pdf\">septembar<\/a><\/p>\n<hr \/>\n<p><strong>Zadaci i re\u0161enja sa pismenih ispita<\/strong> iz \u0161kolske 2019\/2020. godine: <a href=\"https:\/\/personal.pmf.uns.ac.rs\/sanja.ruzicic\/wp-content\/uploads\/sites\/48\/2020\/01\/Verovatnoca_januar2020_resenja.pdf\">januar<\/a>, <a href=\"https:\/\/personal.pmf.uns.ac.rs\/sanja.ruzicic\/wp-content\/uploads\/sites\/48\/2020\/06\/Verovatnoca_april_2020_resenja.pdf\">april<\/a>, <a href=\"https:\/\/personal.pmf.uns.ac.rs\/sanja.ruzicic\/wp-content\/uploads\/sites\/48\/2020\/09\/jun2020_resenja.pdf\">jun<\/a>, <a href=\"https:\/\/personal.pmf.uns.ac.rs\/sanja.ruzicic\/wp-content\/uploads\/sites\/48\/2020\/09\/jul2020_resenja.pdf\">jul<\/a><\/p>\n<hr \/>\n<p><a href=\"https:\/\/personal.pmf.uns.ac.rs\/sanja.ruzicic\/wp-content\/uploads\/sites\/48\/2018\/11\/Visedimenzionalna-normalna-raspodela.pdf\">Dokaz<\/a>\u00a0 da svaka komponenta vektora sa normalnom raspodelom ima normalnu raspodelu.<\/p>\n<hr \/>\n<p><strong><em>Literatura:<\/em><\/strong><\/p>\n<ol>\n<li>Rajter-\u0106iri\u0107, D., <em>Verovatno\u0107a<\/em>, Departman za matematiku i informatiku, PMF, Novi Sad, 2008.<\/li>\n<li>Lozanov-Crvenkovi\u0107, Z., Rajter, D., <em>Zbirka re\u0161enih zadataka iz verovatno\u0107e i statistike<\/em>, Univerzitet u Novom Sadu, 1999.<\/li>\n<\/ol>\n","protected":false},"excerpt":{"rendered":"<p>Nazad na Nastava Dodatne informacije o predmetu se nalaze na Moodle stranici. profesor i asistent: dr Sanja Ru\u017ei\u010di\u0107 predavanja i ve\u017ebe: ponedeljak 14-17h i petak 13-16h O predmetu: Predmet je obavezan za studente \u010detvrte godine M5 smera. Ispit se pola\u017ee &hellip; <a href=\"https:\/\/personal.pmf.uns.ac.rs\/sanja.ruzicic\/nastava\/verovatnoca-m3-smer\/\">Continue reading <span class=\"meta-nav\">&rarr;<\/span><\/a><\/p>\n","protected":false},"author":56,"featured_media":0,"parent":14,"menu_order":0,"comment_status":"closed","ping_status":"closed","template":"","meta":{"_monsterinsights_skip_tracking":false,"_monsterinsights_sitenote_active":false,"_monsterinsights_sitenote_note":"","_monsterinsights_sitenote_category":0,"footnotes":""},"class_list":["post-461","page","type-page","status-publish","hentry"],"_links":{"self":[{"href":"https:\/\/personal.pmf.uns.ac.rs\/sanja.ruzicic\/wp-json\/wp\/v2\/pages\/461","targetHints":{"allow":["GET"]}}],"collection":[{"href":"https:\/\/personal.pmf.uns.ac.rs\/sanja.ruzicic\/wp-json\/wp\/v2\/pages"}],"about":[{"href":"https:\/\/personal.pmf.uns.ac.rs\/sanja.ruzicic\/wp-json\/wp\/v2\/types\/page"}],"author":[{"embeddable":true,"href":"https:\/\/personal.pmf.uns.ac.rs\/sanja.ruzicic\/wp-json\/wp\/v2\/users\/56"}],"replies":[{"embeddable":true,"href":"https:\/\/personal.pmf.uns.ac.rs\/sanja.ruzicic\/wp-json\/wp\/v2\/comments?post=461"}],"version-history":[{"count":37,"href":"https:\/\/personal.pmf.uns.ac.rs\/sanja.ruzicic\/wp-json\/wp\/v2\/pages\/461\/revisions"}],"predecessor-version":[{"id":1276,"href":"https:\/\/personal.pmf.uns.ac.rs\/sanja.ruzicic\/wp-json\/wp\/v2\/pages\/461\/revisions\/1276"}],"up":[{"embeddable":true,"href":"https:\/\/personal.pmf.uns.ac.rs\/sanja.ruzicic\/wp-json\/wp\/v2\/pages\/14"}],"wp:attachment":[{"href":"https:\/\/personal.pmf.uns.ac.rs\/sanja.ruzicic\/wp-json\/wp\/v2\/media?parent=461"}],"curies":[{"name":"wp","href":"https:\/\/api.w.org\/{rel}","templated":true}]}}