{"id":458,"date":"2017-10-13T07:47:11","date_gmt":"2017-10-13T07:47:11","guid":{"rendered":"https:\/\/personal.pmf.uns.ac.rs\/sanja.ruzicic\/?page_id=458"},"modified":"2020-05-21T14:07:03","modified_gmt":"2020-05-21T14:07:03","slug":"analiza-za-informaticare-it-smer","status":"publish","type":"page","link":"https:\/\/personal.pmf.uns.ac.rs\/sanja.ruzicic\/nastava\/analiza-za-informaticare-it-smer\/","title":{"rendered":"Analiza za informati\u010dare (IT smer)"},"content":{"rendered":"<p>Nazad na <a href=\"http:\/\/personal.pmf.uns.ac.rs\/sanja.ruzicic\/nastava\/\">Nastava<\/a><\/p>\n<p><a href=\"https:\/\/docs.google.com\/document\/d\/1rkIffkzhvx9W4pjNb75zQZlJGalAIUg3Kqk3GrXNU0U\/edit\" target=\"_blank\" rel=\"noopener noreferrer\">Raspored ispita za informati\u010dke smerove<\/a><\/p>\n<hr \/>\n<ul>\n<li><em>profesor<\/em>: dr Du\u0161anka Peri\u0161i\u0107<\/li>\n<li><em>asistent<\/em>: Nenad Mora\u010da, Sanja Ru\u017ei\u010di\u0107<\/li>\n<li><em>predavanja<\/em>: utorak, 15-18h<\/li>\n<li><em>ve\u017ebe<\/em>:\u00a0 <strong>\u00a0I grupa<\/strong> &#8211; sreda, 8-11h (sala 61),\u00a0<strong>II grupa<\/strong> &#8211; sreda, 11-14h (sala 61)<\/li>\n<\/ul>\n<hr \/>\n<p><strong><em>O predmetu:<\/em><\/strong> Predmet je obavezan za studente prve godine IT smera. Pola\u017ee se po modelu A. Ispit se sastoji iz dva kolokvijuma i usmenog ispita. Studenti u svakom roku mogu da iza\u0111u na popravni kolokvijum ali se svakim ponovnim izlaskom poni\u0161tava prethodni rezultat.<\/p>\n<hr \/>\n<p><strong><em>Literatura:<\/em><\/strong><\/p>\n<ul>\n<li>Stewart, James.\u00a0<i>Essential calculus: Early transcendentals<\/i>. Cengage Learning, 2012.<\/li>\n<li>MIT Open Course:\u00a0<a href=\"https:\/\/ocw.mit.edu\/resources\/res-18-001-calculus-online-textbook-spring-2005\/textbook\/\" target=\"_blank\" rel=\"noopener noreferrer\">https:\/\/ocw.mit.edu\/resources\/res-18-001-calculus-online-textbook-spring-2005\/textbook\/<\/a><\/li>\n<li>Had\u017ei\u0107 O., Taka\u010di \u0110.<em>, Matemati\u010dke metode za studente prirodnih nauka\u00a0<\/em><\/li>\n<li>Taka\u010di \u0110., Taka\u010di A., \u0160tajner-Papuga I., \u0110api\u0107 P., <em>Analiza 1<\/em><\/li>\n<li>Taka\u010di \u0110., Taka\u010di A.<em>, Elementi vi\u0161e matematike<\/em><\/li>\n<\/ul>\n<p><em><strong>Materijal sa ve\u017ebi:<\/strong><\/em><\/p>\n<p><a href=\"https:\/\/personal.pmf.uns.ac.rs\/sanja.ruzicic\/wp-content\/uploads\/sites\/48\/2017\/10\/Vezbe-1.pdf\">Vezbe 1<\/a>,\u00a0<a href=\"https:\/\/personal.pmf.uns.ac.rs\/sanja.ruzicic\/wp-content\/uploads\/sites\/48\/2017\/10\/Vezbe-2.pdf\">Vezbe 2,<\/a>\u00a0<a href=\"https:\/\/personal.pmf.uns.ac.rs\/sanja.ruzicic\/wp-content\/uploads\/sites\/48\/2017\/10\/3.-vezbe.pdf\">Vezbe 3<\/a>,\u00a0<a href=\"https:\/\/personal.pmf.uns.ac.rs\/sanja.ruzicic\/wp-content\/uploads\/sites\/48\/2017\/10\/Vezbe-4.pdf\">Vezbe 4<\/a>,\u00a0<a href=\"https:\/\/personal.pmf.uns.ac.rs\/sanja.ruzicic\/wp-content\/uploads\/sites\/48\/2017\/10\/5.-vezbe.pdf\">Vezbe 5<\/a>\u00a0(<a href=\"https:\/\/personal.pmf.uns.ac.rs\/sanja.ruzicic\/wp-content\/uploads\/sites\/48\/2018\/11\/vezbe-5-resenja.pdf\">resenja<\/a>),\u00a0<a href=\"https:\/\/personal.pmf.uns.ac.rs\/sanja.ruzicic\/wp-content\/uploads\/sites\/48\/2017\/10\/Vezbe-6.pdf\">Vezbe 6 i 7<\/a>, <a href=\"https:\/\/personal.pmf.uns.ac.rs\/sanja.ruzicic\/wp-content\/uploads\/sites\/48\/2018\/12\/8.-vezbe.pdf\">Vezbe 8<\/a>,\u00a0<a href=\"https:\/\/personal.pmf.uns.ac.rs\/sanja.ruzicic\/wp-content\/uploads\/sites\/48\/2017\/12\/9.-ve\u017ebe.pdf\">Vezbe 9<\/a>, <a href=\"https:\/\/personal.pmf.uns.ac.rs\/sanja.ruzicic\/wp-content\/uploads\/sites\/48\/2018\/12\/10.-ve\u017ebe.pdf\">Ve\u017ebe 10<\/a>, <a href=\"https:\/\/personal.pmf.uns.ac.rs\/sanja.ruzicic\/wp-content\/uploads\/sites\/48\/2018\/12\/11.-ve\u017ebe.pdf\">Ve\u017ebe 11<\/a><\/p>\n<p><strong>Korisno:\u00a0<\/strong><a href=\"https:\/\/personal.pmf.uns.ac.rs\/sanja.ruzicic\/wp-content\/uploads\/sites\/48\/2017\/12\/recepti-za-integrale.pdf\">recepti za integrale<\/a>,\u00a0<a href=\"https:\/\/personal.pmf.uns.ac.rs\/sanja.ruzicic\/wp-content\/uploads\/sites\/48\/2017\/12\/tablice.pdf\">tablice<\/a><\/p>\n<p><a href=\"https:\/\/personal.pmf.uns.ac.rs\/sanja.ruzicic\/wp-content\/uploads\/sites\/48\/2018\/10\/mat2010.pdf\">Knjiga<\/a>\u00a0sa zadacima za ve\u017ebu,\u00a0<a href=\"https:\/\/personal.pmf.uns.ac.rs\/sanja.ruzicic\/wp-content\/uploads\/sites\/48\/2018\/12\/int-dom.pdf\">integrali za vezbu<\/a><\/p>\n","protected":false},"excerpt":{"rendered":"<p>Nazad na Nastava Raspored ispita za informati\u010dke smerove profesor: dr Du\u0161anka Peri\u0161i\u0107 asistent: Nenad Mora\u010da, Sanja Ru\u017ei\u010di\u0107 predavanja: utorak, 15-18h ve\u017ebe:\u00a0 \u00a0I grupa &#8211; sreda, 8-11h (sala 61),\u00a0II grupa &#8211; sreda, 11-14h (sala 61) O predmetu: Predmet je obavezan za &hellip; <a href=\"https:\/\/personal.pmf.uns.ac.rs\/sanja.ruzicic\/nastava\/analiza-za-informaticare-it-smer\/\">Continue reading <span class=\"meta-nav\">&rarr;<\/span><\/a><\/p>\n","protected":false},"author":56,"featured_media":0,"parent":14,"menu_order":0,"comment_status":"closed","ping_status":"closed","template":"","meta":{"_monsterinsights_skip_tracking":false,"_monsterinsights_sitenote_active":false,"_monsterinsights_sitenote_note":"","_monsterinsights_sitenote_category":0,"footnotes":""},"class_list":["post-458","page","type-page","status-publish","hentry"],"_links":{"self":[{"href":"https:\/\/personal.pmf.uns.ac.rs\/sanja.ruzicic\/wp-json\/wp\/v2\/pages\/458","targetHints":{"allow":["GET"]}}],"collection":[{"href":"https:\/\/personal.pmf.uns.ac.rs\/sanja.ruzicic\/wp-json\/wp\/v2\/pages"}],"about":[{"href":"https:\/\/personal.pmf.uns.ac.rs\/sanja.ruzicic\/wp-json\/wp\/v2\/types\/page"}],"author":[{"embeddable":true,"href":"https:\/\/personal.pmf.uns.ac.rs\/sanja.ruzicic\/wp-json\/wp\/v2\/users\/56"}],"replies":[{"embeddable":true,"href":"https:\/\/personal.pmf.uns.ac.rs\/sanja.ruzicic\/wp-json\/wp\/v2\/comments?post=458"}],"version-history":[{"count":19,"href":"https:\/\/personal.pmf.uns.ac.rs\/sanja.ruzicic\/wp-json\/wp\/v2\/pages\/458\/revisions"}],"predecessor-version":[{"id":1211,"href":"https:\/\/personal.pmf.uns.ac.rs\/sanja.ruzicic\/wp-json\/wp\/v2\/pages\/458\/revisions\/1211"}],"up":[{"embeddable":true,"href":"https:\/\/personal.pmf.uns.ac.rs\/sanja.ruzicic\/wp-json\/wp\/v2\/pages\/14"}],"wp:attachment":[{"href":"https:\/\/personal.pmf.uns.ac.rs\/sanja.ruzicic\/wp-json\/wp\/v2\/media?parent=458"}],"curies":[{"name":"wp","href":"https:\/\/api.w.org\/{rel}","templated":true}]}}