{"id":310,"date":"2017-02-20T11:31:41","date_gmt":"2017-02-20T11:31:41","guid":{"rendered":"https:\/\/personal.pmf.uns.ac.rs\/sanja.ruzicic\/?page_id=310"},"modified":"2018-03-02T11:59:53","modified_gmt":"2018-03-02T11:59:53","slug":"introduction-to-digital-signal-processing","status":"publish","type":"page","link":"https:\/\/personal.pmf.uns.ac.rs\/sanja.ruzicic\/nastava\/introduction-to-digital-signal-processing\/","title":{"rendered":"Introduction to Digital Signal Processing"},"content":{"rendered":"<p>Nazad na <a href=\"http:\/\/personal.pmf.uns.ac.rs\/sanja.ruzicic\/nastava\/\">Nastava<\/a><\/p>\n<hr \/>\n<ul>\n<li><em>professor<\/em>: dr\u00a0Milan Se\u010dujski<\/li>\n<li><em>assistant<\/em>: Sanja Ru\u017ei\u010di\u0107<\/li>\n<li><i>lectures<\/i>:\u00a0 Thursday 10-12h (room 15)<\/li>\n<li><i>exercises<\/i>: Friday 13-16h (RC2)<\/li>\n<\/ul>\n<hr \/>\n<p>Lectures (2017):\u00a0<a href=\"https:\/\/personal.pmf.uns.ac.rs\/sanja.ruzicic\/wp-content\/uploads\/sites\/48\/2017\/02\/IDSP-1.pdf\">IDSP 1<\/a>, \u00a0<a href=\"https:\/\/personal.pmf.uns.ac.rs\/sanja.ruzicic\/wp-content\/uploads\/sites\/48\/2017\/02\/IDSP-2.pdf\">IDSP 2<\/a>,\u00a0<a href=\"https:\/\/personal.pmf.uns.ac.rs\/sanja.ruzicic\/wp-content\/uploads\/sites\/48\/2017\/02\/IDSP-3.pdf\">IDSP 3<\/a>,\u00a0<a href=\"https:\/\/personal.pmf.uns.ac.rs\/sanja.ruzicic\/wp-content\/uploads\/sites\/48\/2017\/02\/IDSP-4.pdf\">IDSP 4<\/a>,\u00a0<a href=\"https:\/\/personal.pmf.uns.ac.rs\/sanja.ruzicic\/wp-content\/uploads\/sites\/48\/2017\/02\/IDSP-5.pdf\">IDSP 5<\/a>,\u00a0<a href=\"https:\/\/personal.pmf.uns.ac.rs\/sanja.ruzicic\/wp-content\/uploads\/sites\/48\/2017\/02\/IDSP-6-Multirate-Adaptive-Filter-design.pdf\">IDSP 6<\/a><\/p>\n<p>Exercises (2018): <a href=\"https:\/\/personal.pmf.uns.ac.rs\/sanja.ruzicic\/wp-content\/uploads\/sites\/48\/2018\/03\/Exercise_1.pdf\">Exercise_1<\/a>,\u00a0Exercise_2,\u00a0Exercise_3,\u00a0Exercise_4,\u00a0Exercise_5,\u00a0Exercise_6<\/p>\n","protected":false},"excerpt":{"rendered":"<p>Nazad na Nastava professor: dr\u00a0Milan Se\u010dujski assistant: Sanja Ru\u017ei\u010di\u0107 lectures:\u00a0 Thursday 10-12h (room 15) exercises: Friday 13-16h (RC2) Lectures (2017):\u00a0IDSP 1, \u00a0IDSP 2,\u00a0IDSP 3,\u00a0IDSP 4,\u00a0IDSP 5,\u00a0IDSP 6 Exercises (2018): Exercise_1,\u00a0Exercise_2,\u00a0Exercise_3,\u00a0Exercise_4,\u00a0Exercise_5,\u00a0Exercise_6<\/p>\n","protected":false},"author":56,"featured_media":0,"parent":14,"menu_order":0,"comment_status":"closed","ping_status":"closed","template":"","meta":{"_monsterinsights_skip_tracking":false,"_monsterinsights_sitenote_active":false,"_monsterinsights_sitenote_note":"","_monsterinsights_sitenote_category":0,"footnotes":""},"class_list":["post-310","page","type-page","status-publish","hentry"],"_links":{"self":[{"href":"https:\/\/personal.pmf.uns.ac.rs\/sanja.ruzicic\/wp-json\/wp\/v2\/pages\/310","targetHints":{"allow":["GET"]}}],"collection":[{"href":"https:\/\/personal.pmf.uns.ac.rs\/sanja.ruzicic\/wp-json\/wp\/v2\/pages"}],"about":[{"href":"https:\/\/personal.pmf.uns.ac.rs\/sanja.ruzicic\/wp-json\/wp\/v2\/types\/page"}],"author":[{"embeddable":true,"href":"https:\/\/personal.pmf.uns.ac.rs\/sanja.ruzicic\/wp-json\/wp\/v2\/users\/56"}],"replies":[{"embeddable":true,"href":"https:\/\/personal.pmf.uns.ac.rs\/sanja.ruzicic\/wp-json\/wp\/v2\/comments?post=310"}],"version-history":[{"count":15,"href":"https:\/\/personal.pmf.uns.ac.rs\/sanja.ruzicic\/wp-json\/wp\/v2\/pages\/310\/revisions"}],"predecessor-version":[{"id":644,"href":"https:\/\/personal.pmf.uns.ac.rs\/sanja.ruzicic\/wp-json\/wp\/v2\/pages\/310\/revisions\/644"}],"up":[{"embeddable":true,"href":"https:\/\/personal.pmf.uns.ac.rs\/sanja.ruzicic\/wp-json\/wp\/v2\/pages\/14"}],"wp:attachment":[{"href":"https:\/\/personal.pmf.uns.ac.rs\/sanja.ruzicic\/wp-json\/wp\/v2\/media?parent=310"}],"curies":[{"name":"wp","href":"https:\/\/api.w.org\/{rel}","templated":true}]}}