{"id":199,"date":"2016-10-09T16:27:22","date_gmt":"2016-10-09T16:27:22","guid":{"rendered":"https:\/\/personal.pmf.uns.ac.rs\/sanja.ruzicic\/?page_id=199"},"modified":"2020-06-08T14:29:04","modified_gmt":"2020-06-08T14:29:04","slug":"stohasticki-procesi-stochastic-processes","status":"publish","type":"page","link":"https:\/\/personal.pmf.uns.ac.rs\/sanja.ruzicic\/nastava\/stohasticki-procesi-stochastic-processes\/","title":{"rendered":"Stohasti\u010dki procesi (Stochastic Processes)"},"content":{"rendered":"<p>Nazad na <a href=\"http:\/\/personal.pmf.uns.ac.rs\/sanja.ruzicic\/nastava\/\">Nastava<\/a><\/p>\n<hr \/>\n<ul>\n<li><em>profesor<\/em>: dr\u00a0Danijela Rajter-\u0106iri\u0107<\/li>\n<li><em>asistent<\/em>: Sanja Ru\u017ei\u010di\u0107<\/li>\n<li><em>predavanja<\/em>: \u010detvrtak, 12-14h (\u010ditaonica)<\/li>\n<li><em>ve\u017ebe<\/em>: petak, 12-15h (\u010ditaonica)<\/li>\n<\/ul>\n<hr \/>\n<p><strong><em>Literatura:<\/em><\/strong><\/p>\n<ul>\n<li>Montgomery, Douglas C., and George C. Runger. <i>Applied statistics and probability for engineers<\/i>. John Wiley &amp; Sons, 2010.<\/li>\n<li>Lindgren, Georg, Holger Rootz\u00e9n, and Maria Sandsten. <i>Stationary stochastic processes for scientists and engineers<\/i>. CRC press, 2013.<\/li>\n<li>Yates, Roy D., and David J. Goodman. <i>Probability and stochastic processes: a friendly introduction for electrical and computer engineers<\/i>. Vol. 2. John Wiley &amp; Sons, 2005.<\/li>\n<li>Sheldon, M. Ross,\u00a0<em>Introduction to Probability Model<\/em>s, 2003.<\/li>\n<li>Gardner, William A. <i>Introduction to Random Processes: with applications to signals and systems<\/i>. Macmillan Publishing Company, 1986.<\/li>\n<\/ul>\n<hr \/>\n<p>Teorija i zadaci za ve\u017ebu: <a href=\"https:\/\/personal.pmf.uns.ac.rs\/sanja.ruzicic\/wp-content\/uploads\/sites\/48\/2019\/10\/Stochastic_processes_theory.pdf\">Stochastic_processes_theory<\/a> (poslednja izmena 9.10.2019.)<\/p>\n<p>Ve\u017ebe:\u00a0<a href=\"https:\/\/personal.pmf.uns.ac.rs\/sanja.ruzicic\/wp-content\/uploads\/sites\/48\/2018\/10\/Introduction_to_probability.pdf\">Introduction to probability<\/a>, <a href=\"https:\/\/personal.pmf.uns.ac.rs\/sanja.ruzicic\/wp-content\/uploads\/sites\/48\/2018\/11\/Random-variables.pdf\">Random variables<\/a>,\u00a0<a href=\"https:\/\/personal.pmf.uns.ac.rs\/sanja.ruzicic\/wp-content\/uploads\/sites\/48\/2018\/11\/Conditional-expectations.pdf\">Conditional expectations<\/a>,\u00a0<a href=\"https:\/\/personal.pmf.uns.ac.rs\/sanja.ruzicic\/wp-content\/uploads\/sites\/48\/2018\/11\/Stochastic-processes.pdf\">Stochastic processes<\/a>, <a href=\"https:\/\/personal.pmf.uns.ac.rs\/sanja.ruzicic\/wp-content\/uploads\/sites\/48\/2019\/12\/Markov-chains.pdf\">Markov chains<\/a>, <a href=\"https:\/\/personal.pmf.uns.ac.rs\/sanja.ruzicic\/wp-content\/uploads\/sites\/48\/2019\/12\/Poisson-process.pdf\">Poisson process<\/a>,\u00a0<a href=\"https:\/\/personal.pmf.uns.ac.rs\/sanja.ruzicic\/wp-content\/uploads\/sites\/48\/2018\/12\/Brownian-motion.pdf\">Brownian motion<\/a>,\u00a0<a href=\"https:\/\/personal.pmf.uns.ac.rs\/sanja.ruzicic\/wp-content\/uploads\/sites\/48\/2018\/12\/Martingales.pdf\">Martingales<\/a><\/p>\n<p>Zadaci sa pismenih ispita: <a href=\"https:\/\/personal.pmf.uns.ac.rs\/sanja.ruzicic\/wp-content\/uploads\/sites\/48\/2019\/10\/Exam_january.pdf\">januar 2017<\/a>, <a href=\"https:\/\/personal.pmf.uns.ac.rs\/sanja.ruzicic\/wp-content\/uploads\/sites\/48\/2019\/10\/SP_april_exam.pdf\">april 2017<\/a>, <a href=\"https:\/\/personal.pmf.uns.ac.rs\/sanja.ruzicic\/wp-content\/uploads\/sites\/48\/2019\/10\/SP_jun2017.pdf\">jun 2017<\/a>, <a href=\"https:\/\/personal.pmf.uns.ac.rs\/sanja.ruzicic\/wp-content\/uploads\/sites\/48\/2019\/10\/SP_sep2017.pdf\">septembar 2017<\/a> <a href=\"https:\/\/personal.pmf.uns.ac.rs\/sanja.ruzicic\/wp-content\/uploads\/sites\/48\/2019\/10\/SP_okt2017.pdf\">oktobar 2017<\/a><a href=\"https:\/\/personal.pmf.uns.ac.rs\/sanja.ruzicic\/wp-content\/uploads\/sites\/48\/2019\/10\/SP_january2018.pdf\">januar 2018<\/a>, <a href=\"https:\/\/personal.pmf.uns.ac.rs\/sanja.ruzicic\/wp-content\/uploads\/sites\/48\/2019\/10\/Stohastika_april2018.pdf\">april 2018<\/a>, <a href=\"https:\/\/personal.pmf.uns.ac.rs\/sanja.ruzicic\/wp-content\/uploads\/sites\/48\/2019\/10\/Stohastika_jun2018.pdf\">jun 2018<\/a>, <a href=\"https:\/\/personal.pmf.uns.ac.rs\/sanja.ruzicic\/wp-content\/uploads\/sites\/48\/2019\/10\/Stohastika_sept2018.pdf\">septembar 2018<\/a>, <a href=\"https:\/\/personal.pmf.uns.ac.rs\/sanja.ruzicic\/wp-content\/uploads\/sites\/48\/2019\/10\/Stoch_proc_okt2018.pdf\">oktobar 2018<\/a>, <a href=\"https:\/\/personal.pmf.uns.ac.rs\/sanja.ruzicic\/wp-content\/uploads\/sites\/48\/2019\/10\/StohProc_jan2019.pdf\">januar 2019<\/a>, <a href=\"https:\/\/personal.pmf.uns.ac.rs\/sanja.ruzicic\/wp-content\/uploads\/sites\/48\/2019\/10\/Stohastika_april2019.pdf\">april 2019<\/a>, <a href=\"https:\/\/personal.pmf.uns.ac.rs\/sanja.ruzicic\/wp-content\/uploads\/sites\/48\/2019\/10\/Stoch_proc_jun2019.pdf\">jun 2019<\/a>, <a href=\"https:\/\/personal.pmf.uns.ac.rs\/sanja.ruzicic\/wp-content\/uploads\/sites\/48\/2019\/10\/StohPr_sep2019.pdf\">septembar 2019<\/a>, <a href=\"https:\/\/personal.pmf.uns.ac.rs\/sanja.ruzicic\/wp-content\/uploads\/sites\/48\/2019\/10\/Stoha_okt2019.pdf\">oktobar 2019<\/a>, <a href=\"https:\/\/personal.pmf.uns.ac.rs\/sanja.ruzicic\/wp-content\/uploads\/sites\/48\/2020\/06\/Stoch_proc_jan2020_exam.pdf\">januar 2020<\/a>, <a href=\"https:\/\/personal.pmf.uns.ac.rs\/sanja.ruzicic\/wp-content\/uploads\/sites\/48\/2020\/06\/Stohastika_april2020.pdf\">april 2020<\/a><\/p>\n<p>Dodatno:\u00a0<a href=\"https:\/\/personal.pmf.uns.ac.rs\/sanja.ruzicic\/wp-content\/uploads\/sites\/48\/2016\/10\/HIV.pdf\">Tracking the number of HIV infections<\/a><\/p>\n\n\n<p><\/p>\n","protected":false},"excerpt":{"rendered":"<p>Nazad na Nastava profesor: dr\u00a0Danijela Rajter-\u0106iri\u0107 asistent: Sanja Ru\u017ei\u010di\u0107 predavanja: \u010detvrtak, 12-14h (\u010ditaonica) ve\u017ebe: petak, 12-15h (\u010ditaonica) Literatura: Montgomery, Douglas C., and George C. Runger. Applied statistics and probability for engineers. John Wiley &amp; Sons, 2010. Lindgren, Georg, Holger Rootz\u00e9n, &hellip; <a href=\"https:\/\/personal.pmf.uns.ac.rs\/sanja.ruzicic\/nastava\/stohasticki-procesi-stochastic-processes\/\">Continue reading <span class=\"meta-nav\">&rarr;<\/span><\/a><\/p>\n","protected":false},"author":56,"featured_media":0,"parent":14,"menu_order":0,"comment_status":"closed","ping_status":"closed","template":"","meta":{"_monsterinsights_skip_tracking":false,"_monsterinsights_sitenote_active":false,"_monsterinsights_sitenote_note":"","_monsterinsights_sitenote_category":0,"footnotes":""},"class_list":["post-199","page","type-page","status-publish","hentry"],"_links":{"self":[{"href":"https:\/\/personal.pmf.uns.ac.rs\/sanja.ruzicic\/wp-json\/wp\/v2\/pages\/199","targetHints":{"allow":["GET"]}}],"collection":[{"href":"https:\/\/personal.pmf.uns.ac.rs\/sanja.ruzicic\/wp-json\/wp\/v2\/pages"}],"about":[{"href":"https:\/\/personal.pmf.uns.ac.rs\/sanja.ruzicic\/wp-json\/wp\/v2\/types\/page"}],"author":[{"embeddable":true,"href":"https:\/\/personal.pmf.uns.ac.rs\/sanja.ruzicic\/wp-json\/wp\/v2\/users\/56"}],"replies":[{"embeddable":true,"href":"https:\/\/personal.pmf.uns.ac.rs\/sanja.ruzicic\/wp-json\/wp\/v2\/comments?post=199"}],"version-history":[{"count":54,"href":"https:\/\/personal.pmf.uns.ac.rs\/sanja.ruzicic\/wp-json\/wp\/v2\/pages\/199\/revisions"}],"predecessor-version":[{"id":1220,"href":"https:\/\/personal.pmf.uns.ac.rs\/sanja.ruzicic\/wp-json\/wp\/v2\/pages\/199\/revisions\/1220"}],"up":[{"embeddable":true,"href":"https:\/\/personal.pmf.uns.ac.rs\/sanja.ruzicic\/wp-json\/wp\/v2\/pages\/14"}],"wp:attachment":[{"href":"https:\/\/personal.pmf.uns.ac.rs\/sanja.ruzicic\/wp-json\/wp\/v2\/media?parent=199"}],"curies":[{"name":"wp","href":"https:\/\/api.w.org\/{rel}","templated":true}]}}