{"id":195,"date":"2016-10-09T16:22:56","date_gmt":"2016-10-09T16:22:56","guid":{"rendered":"https:\/\/personal.pmf.uns.ac.rs\/sanja.ruzicic\/?page_id=195"},"modified":"2021-10-08T05:44:01","modified_gmt":"2021-10-08T05:44:01","slug":"matematika-1","status":"publish","type":"page","link":"https:\/\/personal.pmf.uns.ac.rs\/sanja.ruzicic\/nastava\/matematika-1\/","title":{"rendered":"Matematika 1"},"content":{"rendered":"<p>Nazad na <a href=\"http:\/\/personal.pmf.uns.ac.rs\/sanja.ruzicic\/nastava\/\">Nastava<\/a><\/p>\n<hr \/>\n<ul>\n<li><em>profesor<\/em>: Sanja Ru\u017ei\u010di\u0107<\/li>\n<li><em>asistent<\/em>: Nikola Sarajlija<\/li>\n<li><em>predavanja<\/em>: utorak 8-10, \u010detvrtak 9-12h<\/li>\n<li><em>ve\u017ebe<\/em>: ponedeljak 14-17h<\/li>\n<\/ul>\n<hr \/>\n<p style=\"padding-left: 30px\"><strong>Korisno<\/strong>:\u00a0<a href=\"http:\/\/personal.pmf.uns.ac.rs\/sanja.ruzicic\/wp-content\/uploads\/sites\/48\/2015\/10\/elementarne-funkcije.pdf\">elementarne-funkcije<\/a>,\u00a0<a href=\"http:\/\/personal.pmf.uns.ac.rs\/sanja.ruzicic\/wp-content\/uploads\/sites\/48\/2015\/10\/Skup_realnih_brojeva.pdf\">Skup_realnih_brojeva<\/a>,\u00a0<a href=\"https:\/\/personal.pmf.uns.ac.rs\/sanja.ruzicic\/wp-content\/uploads\/sites\/48\/2015\/10\/integrali.pdf\">Integrali<\/a>-recepti,<\/p>\n<p style=\"padding-left: 30px\">Osnovna teorija: <a href=\"https:\/\/personal.pmf.uns.ac.rs\/sanja.ruzicic\/wp-content\/uploads\/sites\/48\/2021\/10\/Brojevi.pdf\">Brojevi, funkcije<\/a>,\u00a0Nizovi i limesi,\u00a0Funkcije i grani\u010dne vrednosti, Izvodi, \u00a0Tejlorov polinom,\u00a0Neodredjeni integral,\u00a0Osobine determinanti<\/p>\n<p style=\"padding-left: 30px\"><a href=\"https:\/\/personal.pmf.uns.ac.rs\/sanja.ruzicic\/wp-content\/uploads\/sites\/48\/2016\/10\/doma\u0107i-funkcije.pdf\">Doma\u0107i iz funkcija<\/a>,\u00a0<a href=\"https:\/\/personal.pmf.uns.ac.rs\/sanja.ruzicic\/wp-content\/uploads\/sites\/48\/2016\/10\/int-dom.pdf\">Integrali &#8211; domaci<\/a>,\u00a0<a href=\"https:\/\/personal.pmf.uns.ac.rs\/sanja.ruzicic\/wp-content\/uploads\/sites\/48\/2016\/10\/Dom_alg2004.pdf\">domaci lin. algebra<\/a><\/p>\n<p style=\"padding-left: 30px\"><a href=\"https:\/\/personal.pmf.uns.ac.rs\/sanja.ruzicic\/wp-content\/uploads\/sites\/48\/2016\/10\/OM-probni-16-17.pdf\">Probni pismeni<\/a>, <a href=\"https:\/\/personal.pmf.uns.ac.rs\/sanja.ruzicic\/wp-content\/uploads\/sites\/48\/2016\/10\/Zadaci.pdf\">Zadaci za ve\u017ebu<\/a><\/p>\n<p><a href=\"https:\/\/personal.pmf.uns.ac.rs\/sanja.ruzicic\/wp-content\/uploads\/sites\/48\/2021\/10\/JStewart_Calculus.pdf\">JStewart_Calculus<\/a> (knjiga)<\/p>\n<p style=\"padding-left: 30px\">\n","protected":false},"excerpt":{"rendered":"<p>Nazad na Nastava profesor: Sanja Ru\u017ei\u010di\u0107 asistent: Nikola Sarajlija predavanja: utorak 8-10, \u010detvrtak 9-12h ve\u017ebe: ponedeljak 14-17h Korisno:\u00a0elementarne-funkcije,\u00a0Skup_realnih_brojeva,\u00a0Integrali-recepti, Osnovna teorija: Brojevi, funkcije,\u00a0Nizovi i limesi,\u00a0Funkcije i grani\u010dne vrednosti, Izvodi, \u00a0Tejlorov polinom,\u00a0Neodredjeni integral,\u00a0Osobine determinanti Doma\u0107i iz funkcija,\u00a0Integrali &#8211; domaci,\u00a0domaci lin. algebra Probni &hellip; <a href=\"https:\/\/personal.pmf.uns.ac.rs\/sanja.ruzicic\/nastava\/matematika-1\/\">Continue reading <span class=\"meta-nav\">&rarr;<\/span><\/a><\/p>\n","protected":false},"author":56,"featured_media":0,"parent":14,"menu_order":0,"comment_status":"closed","ping_status":"closed","template":"","meta":{"_monsterinsights_skip_tracking":false,"_monsterinsights_sitenote_active":false,"_monsterinsights_sitenote_note":"","_monsterinsights_sitenote_category":0,"footnotes":""},"class_list":["post-195","page","type-page","status-publish","hentry"],"_links":{"self":[{"href":"https:\/\/personal.pmf.uns.ac.rs\/sanja.ruzicic\/wp-json\/wp\/v2\/pages\/195","targetHints":{"allow":["GET"]}}],"collection":[{"href":"https:\/\/personal.pmf.uns.ac.rs\/sanja.ruzicic\/wp-json\/wp\/v2\/pages"}],"about":[{"href":"https:\/\/personal.pmf.uns.ac.rs\/sanja.ruzicic\/wp-json\/wp\/v2\/types\/page"}],"author":[{"embeddable":true,"href":"https:\/\/personal.pmf.uns.ac.rs\/sanja.ruzicic\/wp-json\/wp\/v2\/users\/56"}],"replies":[{"embeddable":true,"href":"https:\/\/personal.pmf.uns.ac.rs\/sanja.ruzicic\/wp-json\/wp\/v2\/comments?post=195"}],"version-history":[{"count":25,"href":"https:\/\/personal.pmf.uns.ac.rs\/sanja.ruzicic\/wp-json\/wp\/v2\/pages\/195\/revisions"}],"predecessor-version":[{"id":1278,"href":"https:\/\/personal.pmf.uns.ac.rs\/sanja.ruzicic\/wp-json\/wp\/v2\/pages\/195\/revisions\/1278"}],"up":[{"embeddable":true,"href":"https:\/\/personal.pmf.uns.ac.rs\/sanja.ruzicic\/wp-json\/wp\/v2\/pages\/14"}],"wp:attachment":[{"href":"https:\/\/personal.pmf.uns.ac.rs\/sanja.ruzicic\/wp-json\/wp\/v2\/media?parent=195"}],"curies":[{"name":"wp","href":"https:\/\/api.w.org\/{rel}","templated":true}]}}