{"id":17,"date":"2015-10-09T12:44:18","date_gmt":"2015-10-09T12:44:18","guid":{"rendered":"http:\/\/personal.pmf.uns.ac.rs\/sanja.ruzicic\/?page_id=17"},"modified":"2015-11-22T21:06:45","modified_gmt":"2015-11-22T21:06:45","slug":"oglasna-tabla","status":"publish","type":"page","link":"https:\/\/personal.pmf.uns.ac.rs\/sanja.ruzicic\/oglasna-tabla\/","title":{"rendered":"Oglasna tabla"},"content":{"rendered":"<hr \/>\n<h5><\/h5>\n<h5><span style=\"color: #003366\"><strong>Analiza 1 (M3 smer)<\/strong> <\/span>&#8211; rezultati pismenog ispita u produ\u017eenom septembarskom roku<\/h5>\n<h5 style=\"padding-left: 30px\">Niko nije polo\u017eio. Rezultate mo\u017eete videti\u00a0<a href=\"http:\/\/personal.pmf.uns.ac.rs\/sanja.ruzicic\/wp-content\/uploads\/sites\/48\/2015\/10\/Anl1_rez_oktobar2015.pdf\">ovde<\/a>.<\/h5>\n","protected":false},"excerpt":{"rendered":"<p>Analiza 1 (M3 smer) &#8211; rezultati pismenog ispita u produ\u017eenom septembarskom roku Niko nije polo\u017eio. Rezultate mo\u017eete videti\u00a0ovde.<\/p>\n","protected":false},"author":56,"featured_media":0,"parent":0,"menu_order":0,"comment_status":"closed","ping_status":"closed","template":"","meta":{"_monsterinsights_skip_tracking":false,"_monsterinsights_sitenote_active":false,"_monsterinsights_sitenote_note":"","_monsterinsights_sitenote_category":0,"footnotes":""},"class_list":["post-17","page","type-page","status-publish","hentry"],"_links":{"self":[{"href":"https:\/\/personal.pmf.uns.ac.rs\/sanja.ruzicic\/wp-json\/wp\/v2\/pages\/17","targetHints":{"allow":["GET"]}}],"collection":[{"href":"https:\/\/personal.pmf.uns.ac.rs\/sanja.ruzicic\/wp-json\/wp\/v2\/pages"}],"about":[{"href":"https:\/\/personal.pmf.uns.ac.rs\/sanja.ruzicic\/wp-json\/wp\/v2\/types\/page"}],"author":[{"embeddable":true,"href":"https:\/\/personal.pmf.uns.ac.rs\/sanja.ruzicic\/wp-json\/wp\/v2\/users\/56"}],"replies":[{"embeddable":true,"href":"https:\/\/personal.pmf.uns.ac.rs\/sanja.ruzicic\/wp-json\/wp\/v2\/comments?post=17"}],"version-history":[{"count":14,"href":"https:\/\/personal.pmf.uns.ac.rs\/sanja.ruzicic\/wp-json\/wp\/v2\/pages\/17\/revisions"}],"predecessor-version":[{"id":122,"href":"https:\/\/personal.pmf.uns.ac.rs\/sanja.ruzicic\/wp-json\/wp\/v2\/pages\/17\/revisions\/122"}],"wp:attachment":[{"href":"https:\/\/personal.pmf.uns.ac.rs\/sanja.ruzicic\/wp-json\/wp\/v2\/media?parent=17"}],"curies":[{"name":"wp","href":"https:\/\/api.w.org\/{rel}","templated":true}]}}