{"id":14,"date":"2015-10-09T12:38:02","date_gmt":"2015-10-09T12:38:02","guid":{"rendered":"http:\/\/personal.pmf.uns.ac.rs\/sanja.ruzicic\/?page_id=14"},"modified":"2022-01-04T08:10:58","modified_gmt":"2022-01-04T08:10:58","slug":"nastava","status":"publish","type":"page","link":"https:\/\/personal.pmf.uns.ac.rs\/sanja.ruzicic\/nastava\/","title":{"rendered":"Nastava"},"content":{"rendered":"<h4><span style=\"color: #800000\"><strong>LETNJI SEMESTAR 2021\/2022<\/strong><\/span><\/h4>\n<p><span style=\"color: #333399\"><span style=\"color: #3366ff\"><a style=\"color: #3366ff\" href=\"https:\/\/personal.pmf.uns.ac.rs\/sanja.ruzicic\/nastava\/stohasticka-analiza-mb-smer\/\"><strong>Stohasti\u010dka analiza<\/strong><\/a><\/span>\u00a0<\/span><strong><span style=\"color: #0000ff\">(<\/span>MB smer)<\/strong><\/p>\n<ul>\n<li><em>profesor<\/em>: dr Danijela Rajter-\u0106iri\u0107<\/li>\n<li><em>asistent<\/em>: dr Sanja Ru\u017ei\u010di\u0107<\/li>\n<\/ul>\n<h4><span style=\"color: #800000\"><strong>ZIMSKI SEMESTAR 2021\/2022<\/strong><\/span><\/h4>\n<p><span style=\"color: #000080\"><a href=\"https:\/\/personal.pmf.uns.ac.rs\/sanja.ruzicic\/nastava\/matematika-1\/\"><strong>Matematika 1<\/strong><\/a>\u00a0(za fizi\u010dare)<\/span><\/p>\n<ul>\n<li><em>profesor<\/em>: dr Sanja Ru\u017ei\u010di\u0107<\/li>\n<li><em>asistent<\/em>: Nikola Sarajlija<\/li>\n<\/ul>\n<p><a href=\"https:\/\/personal.pmf.uns.ac.rs\/sanja.ruzicic\/nastava\/verovatnoca-m3-smer\/\"><strong>Verovatno\u0107a (M5 smer)<\/strong><\/a><\/p>\n<ul>\n<li><em>profesor i asistent<\/em>: dr Sanja Ru\u017ei\u010di\u0107<\/li>\n<\/ul>\n<hr \/>\n<h4><\/h4>\n<h4><span style=\"color: #800000\"><strong>LETNJI SEMESTAR 2019\/2020<\/strong><\/span><\/h4>\n<p><a href=\"https:\/\/personal.pmf.uns.ac.rs\/sanja.ruzicic\/nastava\/analiza-3-m5-smer\/\" target=\"_blank\" rel=\"noopener noreferrer\"><strong>Analiza 3 (M5 smer)<\/strong><\/a><\/p>\n<ul>\n<li><em>profesor<\/em>: dr Jelena Aleksi\u0107<\/li>\n<li><em>asistent<\/em>: Sanja Ru\u017ei\u010di\u0107<\/li>\n<\/ul>\n<p><span style=\"color: #333399\"><span style=\"color: #3366ff\"><a style=\"color: #3366ff\" href=\"https:\/\/personal.pmf.uns.ac.rs\/sanja.ruzicic\/nastava\/stohasticka-analiza-mb-smer\/\"><strong>Stohasti\u010dka analiza<\/strong><\/a><\/span>\u00a0<\/span><strong><span style=\"color: #0000ff\">(<\/span>MB smer)<\/strong><\/p>\n<ul>\n<li><em>profesor<\/em>: dr Danijela Rajter-\u0106iri\u0107<\/li>\n<li><em>asistent<\/em>: Sanja Ru\u017ei\u010di\u0107<\/li>\n<\/ul>\n<p><span style=\"color: #3366ff\"><strong><a style=\"color: #3366ff\" href=\"https:\/\/personal.pmf.uns.ac.rs\/sanja.ruzicic\/nastava\/introduction-to-digital-signal-processing\/\">Introduction to Digital Signal Processing<\/a><\/strong>\u00a0<\/span>(<strong>MDS smer<\/strong>)<\/p>\n<ul>\n<li><em>professor<\/em>: dr Milan Se\u010dujski<\/li>\n<li><em>assistant<\/em>:\u00a0 Sanja Ru\u017ei\u010di\u0107<\/li>\n<\/ul>\n<p><strong><span style=\"color: #3366ff\"><a style=\"color: #3366ff\" href=\"https:\/\/personal.pmf.uns.ac.rs\/sanja.ruzicic\/nastava\/matematicka-analiza-2-rn-smer\/\">Matemati\u010dka analiza 2<\/a><\/span> (RN smer)<\/strong><\/p>\n<ul>\n<li><em>profesor<\/em>: dr Ivana \u0160tajner-Papuga<\/li>\n<li><em>asistent<\/em>: Sanja Ru\u017ei\u010di\u0107<\/li>\n<\/ul>\n<h4><span style=\"color: #800000\"><strong>ZIMSKI SEMESTAR 2019\/2020<\/strong><\/span><\/h4>\n<p><a href=\"https:\/\/personal.pmf.uns.ac.rs\/sanja.ruzicic\/nastava\/analiza-za-informaticare-it-smer\/\"><span style=\"color: #000000\"><b>Analiza za informati\u010dare (IT smer)<\/b><\/span><\/a><\/p>\n<ul>\n<li><em>profesor<\/em>: dr Du\u0161anka Peri\u0161i\u0107<\/li>\n<li><em>asistent<\/em>: Sanja Ru\u017ei\u010di\u0107, ?<\/li>\n<\/ul>\n<p><a href=\"https:\/\/personal.pmf.uns.ac.rs\/sanja.ruzicic\/nastava\/stohasticki-procesi-stochastic-processes\/\"><strong>Stohasti\u010dki procesi<\/strong><\/a>\u00a0<strong>(MDS smer)<\/strong><\/p>\n<ul>\n<li><em>profesor<\/em>: dr Danijela Rajter-\u0106iri\u0107<\/li>\n<li><em>asistent<\/em>: Sanja Ru\u017ei\u010di\u0107<\/li>\n<\/ul>\n<p><a href=\"https:\/\/personal.pmf.uns.ac.rs\/sanja.ruzicic\/nastava\/verovatnoca-m3-smer\/\"><strong>Verovatno\u0107a (M3 smer)<\/strong><\/a><\/p>\n<ul>\n<li><em>profesor<\/em>:\u00a0dr Danijela Rajter-\u0106iri\u0107<\/li>\n<li><em>asistent<\/em>: Sanja Ru\u017ei\u010di\u0107<\/li>\n<\/ul>\n<h4><span style=\"color: #800000\"><strong>LETNJI SEMESTAR 2018\/2019<\/strong><\/span><\/h4>\n<p><span style=\"color: #333399\"><span style=\"color: #3366ff\"><a style=\"color: #3366ff\" href=\"https:\/\/personal.pmf.uns.ac.rs\/sanja.ruzicic\/nastava\/stohasticka-analiza-mb-smer\/\"><strong>Stohasti\u010dka analiza<\/strong><\/a><\/span>\u00a0<\/span><strong><span style=\"color: #0000ff\">(<\/span>MB smer)<\/strong><\/p>\n<ul>\n<li><em>profesor<\/em>: dr Danijela Rajter-\u0106iri\u0107<\/li>\n<li><em>asistent<\/em>: Sanja Ru\u017ei\u010di\u0107<\/li>\n<\/ul>\n<p><span style=\"color: #3366ff\"><strong><a style=\"color: #3366ff\" href=\"https:\/\/personal.pmf.uns.ac.rs\/sanja.ruzicic\/nastava\/introduction-to-digital-signal-processing\/\">Introduction to Digital Signal Processing<\/a><\/strong>\u00a0<\/span>(<strong>MDS smer<\/strong>)<\/p>\n<ul>\n<li><em>professor<\/em>: dr Milan Se\u010dujski<\/li>\n<li><em>assistant<\/em>:\u00a0 Sanja Ru\u017ei\u010di\u0107<\/li>\n<\/ul>\n<p><strong><span style=\"color: #3366ff\"><a style=\"color: #3366ff\" href=\"https:\/\/personal.pmf.uns.ac.rs\/sanja.ruzicic\/nastava\/matematicka-analiza-2-rn-smer\/\">Matemati\u010dka analiza 2<\/a><\/span> (RN smer)<\/strong><\/p>\n<ul>\n<li><em>profesor<\/em>: dr Ivana \u0160tajner-Papuga<\/li>\n<li><em>asistent<\/em>: Sanja Ru\u017ei\u010di\u0107<\/li>\n<\/ul>\n<h4><span style=\"color: #800000\"><strong>ZIMSKI SEMESTAR 2018\/2019<\/strong><\/span><\/h4>\n<p><a href=\"https:\/\/personal.pmf.uns.ac.rs\/sanja.ruzicic\/nastava\/analiza-za-informaticare-it-smer\/\"><span style=\"color: #000000\"><b>Analiza za informati\u010dare (IT smer)<\/b><\/span><\/a><\/p>\n<ul>\n<li><em>profesor<\/em>: dr Du\u0161anka Peri\u0161i\u0107<\/li>\n<li><em>asistent<\/em>: Maja Joli\u0107, Sanja Ru\u017ei\u010di\u0107<\/li>\n<\/ul>\n<p><a href=\"https:\/\/personal.pmf.uns.ac.rs\/sanja.ruzicic\/nastava\/stohasticki-procesi-stochastic-processes\/\"><strong>Stohasti\u010dki procesi<\/strong><\/a>\u00a0<strong>(MDS smer)<\/strong><\/p>\n<ul>\n<li><em>profesor<\/em>: dr Danijela Rajter-\u0106iri\u0107<\/li>\n<li><em>asistent<\/em>: Sanja Ru\u017ei\u010di\u0107<\/li>\n<\/ul>\n<p><a href=\"https:\/\/personal.pmf.uns.ac.rs\/sanja.ruzicic\/nastava\/verovatnoca-m3-smer\/\"><strong>Verovatno\u0107a (M3 smer)<\/strong><\/a><\/p>\n<ul>\n<li><em>profesor<\/em>:\u00a0dr Danijela Rajter-\u0106iri\u0107<\/li>\n<li><em>asistent<\/em>: Sanja Ru\u017ei\u010di\u0107<\/li>\n<\/ul>\n<p><strong>Statisti\u010dki postupci u geografiji<\/strong><\/p>\n<ul>\n<li><em>profesor<\/em>: dr Du\u0161anka Peri\u0161i\u0107<\/li>\n<li><em>asistent<\/em>: Sanja Ru\u017ei\u010di\u0107<\/li>\n<\/ul>\n<hr \/>\n<h4><span style=\"color: #800000\"><strong>LETNJI SEMESTAR 2017\/2018<\/strong><\/span><\/h4>\n<p><span style=\"color: #3366ff\"><a style=\"color: #3366ff\" href=\"https:\/\/personal.pmf.uns.ac.rs\/sanja.ruzicic\/nastava\/stohasticka-analiza-mb-smer\/\"><strong>Stohasti\u010dka analiza<\/strong><\/a><\/span>\u00a0<strong>(MB smer)<\/strong><\/p>\n<ul>\n<li><em>profesor<\/em>: dr Danijela Rajter-\u0106iri\u0107<\/li>\n<li><em>asistent<\/em>: Sanja Ru\u017ei\u010di\u0107<\/li>\n<\/ul>\n<p><strong><a href=\"https:\/\/personal.pmf.uns.ac.rs\/sanja.ruzicic\/nastava\/introduction-to-digital-signal-processing\/\">Introduction to Digital Signal Processing<\/a><\/strong>\u00a0(<strong>MDS smer<\/strong>)<\/p>\n<ul>\n<li><em>professor<\/em>: dr Milan Se\u010dujski<\/li>\n<li><em>assistant<\/em>:\u00a0 Sanja Ru\u017ei\u010di\u0107<\/li>\n<\/ul>\n<p><strong><a href=\"https:\/\/personal.pmf.uns.ac.rs\/sanja.ruzicic\/nastava\/matematicka-analiza-2-rn-smer\/\">Matemati\u010dka analiza 2<\/a> (RN smer)<\/strong><\/p>\n<ul>\n<li><em>profesor<\/em>: dr Ivana \u0160tajner-Papuga<\/li>\n<li><em>asistent<\/em>: Sanja Ru\u017ei\u010di\u0107<\/li>\n<\/ul>\n<p><strong>Seminar iz modeliranja 2 (MB smer)<\/strong><\/p>\n<ul>\n<li><em>profesor<\/em>: dr Ljiljana Gaji\u0107<\/li>\n<li><em>asistent<\/em>: Sanja Ru\u017ei\u010di\u0107<\/li>\n<\/ul>\n<hr \/>\n<h4><span style=\"color: #800000\"><strong>ZIMSKI SEMESTAR 2017\/2018<\/strong><\/span><\/h4>\n<p><a href=\"https:\/\/personal.pmf.uns.ac.rs\/sanja.ruzicic\/nastava\/analiza-za-informaticare-it-smer\/\"><span style=\"color: #000000\"><b>Analiza za informati\u010dare (IT smer)<\/b><\/span><\/a><\/p>\n<ul>\n<li><em>profesor<\/em>: dr Du\u0161anka Peri\u0161i\u0107<\/li>\n<li><em>asistent<\/em>: Maja Joli\u0107, Sanja Ru\u017ei\u010di\u0107<\/li>\n<\/ul>\n<p><a href=\"https:\/\/personal.pmf.uns.ac.rs\/sanja.ruzicic\/nastava\/stohasticki-procesi-stochastic-processes\/\"><strong>Stohasti\u010dki procesi<\/strong><\/a>\u00a0<strong>(MDS smer)<\/strong><\/p>\n<ul>\n<li><em>profesor<\/em>: dr Danijela Rajter-\u0106iri\u0107<\/li>\n<li><em>asistent<\/em>: Sanja Ru\u017ei\u010di\u0107<\/li>\n<\/ul>\n<p><a href=\"https:\/\/personal.pmf.uns.ac.rs\/sanja.ruzicic\/nastava\/verovatnoca-m3-smer\/\"><strong>Verovatno\u0107a (M3 smer)<\/strong><\/a><\/p>\n<ul>\n<li><em>profesor<\/em>:\u00a0dr Danijela Rajter-\u0106iri\u0107<\/li>\n<li><em>asistent<\/em>: Sanja Ru\u017ei\u010di\u0107<\/li>\n<\/ul>\n<p><strong>Statisti\u010dki postupci u geografiji<\/strong><\/p>\n<ul>\n<li><em>profesor<\/em>: dr Du\u0161anka Peri\u0161i\u0107<\/li>\n<li><em>asistent<\/em>: Sanja Ru\u017ei\u010di\u0107<\/li>\n<\/ul>\n<hr \/>\n<h4><span style=\"color: #800000\"><strong>LETNJI SEMESTAR 2016\/2017<\/strong><\/span><\/h4>\n<p><strong><a href=\"https:\/\/personal.pmf.uns.ac.rs\/sanja.ruzicic\/nastava\/introduction-to-digital-signal-processing\/\">Introduction to Digital Signal Processing<\/a><\/strong>\u00a0(MDS)<\/p>\n<ul>\n<li><em>professor<\/em>: dr Milan Se\u010dujski<\/li>\n<li><em>assistant<\/em>:\u00a0 Sanja Ru\u017ei\u010di\u0107<\/li>\n<\/ul>\n<hr \/>\n<h4><span style=\"color: #800000\"><strong>ZIMSKI SEMESTAR 2016\/2017<\/strong><\/span><\/h4>\n<p><span style=\"color: #000080\"><strong><a href=\"http:\/\/personal.pmf.uns.ac.rs\/sanja.ruzicic\/uvod-u-analizu-2\/\">Uvod u analizu<\/a><\/strong> (M4 smer)<\/span><\/p>\n<ul>\n<li><em>profesor<\/em>: dr Ljiljana Gaji\u0107<\/li>\n<li><em>asistent<\/em>: Sanja Ru\u017ei\u010di\u0107<\/li>\n<\/ul>\n<p><span style=\"color: #000080\"><a href=\"https:\/\/personal.pmf.uns.ac.rs\/sanja.ruzicic\/nastava\/matematika-1\/\"><strong>Matematika 1<\/strong><\/a>\u00a0(za fizi\u010dare)<\/span><\/p>\n<ul>\n<li><em>profesor<\/em>: dr \u0110ur\u0111ica Taka\u010di<\/li>\n<li><em>asistent<\/em>: Anika Njamcul, Sanja Ru\u017ei\u010di\u0107<\/li>\n<\/ul>\n<p><span style=\"color: #000080\"><a href=\"https:\/\/personal.pmf.uns.ac.rs\/sanja.ruzicic\/nastava\/stohasticki-procesi-stochastic-processes\/\"><strong>Stohasti\u010dki procesi<\/strong><\/a>\u00a0(MDS smer)<\/span><\/p>\n<ul>\n<li><em>profesor<\/em>: dr Danijela Rajter-\u0106iri\u0107<\/li>\n<li><em>asistent<\/em>: Sanja Ru\u017ei\u010di\u0107<\/li>\n<\/ul>\n<p><strong>Statisti\u010dki postupci u geografiji<\/strong><\/p>\n<ul>\n<li><em>profesor<\/em>: dr Du\u0161anka Peri\u0161i\u0107<\/li>\n<li><em>asistent<\/em>: Sanja Ru\u017ei\u010di\u0107<\/li>\n<\/ul>\n<hr \/>\n<h4><span style=\"color: #800000\"><strong>LETNJI SEMESTAR 2015\/2016<\/strong><\/span><\/h4>\n<p><span style=\"color: #000080\"><strong><a href=\"http:\/\/personal.pmf.uns.ac.rs\/sanja.ruzicic\/nastava\/poslovna-matematika\/\">Poslovna matematika T110<\/a><\/strong><\/span><\/p>\n<ul>\n<li><em>profesor<\/em>: dr\u00a0<a href=\"http:\/\/people.dmi.uns.ac.rs\/~apavlovic\/\" target=\"_blank\" rel=\"noopener noreferrer\">Aleksandar Pavlovi\u0107<\/a><\/li>\n<li><em>asistent<\/em>: Milana \u010coli\u0107, Sanja Ru\u017ei\u010di\u0107<\/li>\n<\/ul>\n<h4><span style=\"color: #800000\"><strong>ZIMSKI SEMESTAR 2015\/2016<\/strong><\/span><\/h4>\n<p><span style=\"color: #000080\"><strong><a href=\"http:\/\/personal.pmf.uns.ac.rs\/sanja.ruzicic\/uvod-u-analizu-2\/\">Uvod u analizu<\/a><\/strong> (M4 smer)<\/span><\/p>\n<ul>\n<li><em>profesor<\/em>: dr Ljiljana Gaji\u0107<\/li>\n<li><em>asistent<\/em>: Sanja Ru\u017ei\u010di\u0107<\/li>\n<\/ul>\n<hr \/>\n<h4><span style=\"color: #800000\"><strong>LETNJI SEMESTAR 2014\/2015<\/strong><\/span><\/h4>\n<p><span style=\"color: #000080\"><strong><a href=\"http:\/\/personal.pmf.uns.ac.rs\/sanja.ruzicic\/nastava\/analiza-1\/\">Analiza 1<\/a><\/strong> (M3 smer) M3-05<\/span><\/p>\n<ul>\n<li><em>profesor<\/em>: dr\u00a0<a href=\"http:\/\/people.dmi.uns.ac.rs\/~apavlovic\/\" target=\"_blank\" rel=\"noopener noreferrer\">Aleksandar Pavlovi\u0107<\/a><\/li>\n<li><em>asistenti<\/em>: Sanja Ru\u017ei\u010di\u0107, Anika Njamcul<\/li>\n<\/ul>\n<p><span style=\"color: #000080\"><strong><a href=\"http:\/\/personal.pmf.uns.ac.rs\/sanja.ruzicic\/nastava\/poslovna-matematika\/\">Poslovna matematika T110<\/a><\/strong><\/span><\/p>\n<ul>\n<li><em>profesor<\/em>: dr\u00a0<a href=\"http:\/\/people.dmi.uns.ac.rs\/~apavlovic\/\" target=\"_blank\" rel=\"noopener noreferrer\">Aleksandar Pavlovi\u0107<\/a><\/li>\n<li><em>asistent<\/em>: Sanja Ru\u017ei\u010di\u0107<\/li>\n<\/ul>\n","protected":false},"excerpt":{"rendered":"<p>LETNJI SEMESTAR 2021\/2022 Stohasti\u010dka analiza\u00a0(MB smer) profesor: dr Danijela Rajter-\u0106iri\u0107 asistent: dr Sanja Ru\u017ei\u010di\u0107 ZIMSKI SEMESTAR 2021\/2022 Matematika 1\u00a0(za fizi\u010dare) profesor: dr Sanja Ru\u017ei\u010di\u0107 asistent: Nikola Sarajlija Verovatno\u0107a (M5 smer) profesor i asistent: dr Sanja Ru\u017ei\u010di\u0107 LETNJI SEMESTAR 2019\/2020 Analiza &hellip; <a href=\"https:\/\/personal.pmf.uns.ac.rs\/sanja.ruzicic\/nastava\/\">Continue reading <span class=\"meta-nav\">&rarr;<\/span><\/a><\/p>\n","protected":false},"author":56,"featured_media":0,"parent":0,"menu_order":0,"comment_status":"closed","ping_status":"closed","template":"","meta":{"_monsterinsights_skip_tracking":false,"_monsterinsights_sitenote_active":false,"_monsterinsights_sitenote_note":"","_monsterinsights_sitenote_category":0,"footnotes":""},"class_list":["post-14","page","type-page","status-publish","hentry"],"_links":{"self":[{"href":"https:\/\/personal.pmf.uns.ac.rs\/sanja.ruzicic\/wp-json\/wp\/v2\/pages\/14","targetHints":{"allow":["GET"]}}],"collection":[{"href":"https:\/\/personal.pmf.uns.ac.rs\/sanja.ruzicic\/wp-json\/wp\/v2\/pages"}],"about":[{"href":"https:\/\/personal.pmf.uns.ac.rs\/sanja.ruzicic\/wp-json\/wp\/v2\/types\/page"}],"author":[{"embeddable":true,"href":"https:\/\/personal.pmf.uns.ac.rs\/sanja.ruzicic\/wp-json\/wp\/v2\/users\/56"}],"replies":[{"embeddable":true,"href":"https:\/\/personal.pmf.uns.ac.rs\/sanja.ruzicic\/wp-json\/wp\/v2\/comments?post=14"}],"version-history":[{"count":46,"href":"https:\/\/personal.pmf.uns.ac.rs\/sanja.ruzicic\/wp-json\/wp\/v2\/pages\/14\/revisions"}],"predecessor-version":[{"id":1280,"href":"https:\/\/personal.pmf.uns.ac.rs\/sanja.ruzicic\/wp-json\/wp\/v2\/pages\/14\/revisions\/1280"}],"wp:attachment":[{"href":"https:\/\/personal.pmf.uns.ac.rs\/sanja.ruzicic\/wp-json\/wp\/v2\/media?parent=14"}],"curies":[{"name":"wp","href":"https:\/\/api.w.org\/{rel}","templated":true}]}}