{"id":1186,"date":"2020-03-02T10:44:59","date_gmt":"2020-03-02T10:44:59","guid":{"rendered":"https:\/\/personal.pmf.uns.ac.rs\/sanja.ruzicic\/?page_id=1186"},"modified":"2020-03-02T10:44:59","modified_gmt":"2020-03-02T10:44:59","slug":"analiza-3-m5-smer","status":"publish","type":"page","link":"https:\/\/personal.pmf.uns.ac.rs\/sanja.ruzicic\/nastava\/analiza-3-m5-smer\/","title":{"rendered":"Analiza 3 (M5 smer)"},"content":{"rendered":"<p>Nazad na <a href=\"http:\/\/personal.pmf.uns.ac.rs\/sanja.ruzicic\/nastava\/\">Nastava<\/a><\/p>\n<hr \/>\n<ul>\n<li><em>profesor<\/em>: dr Jelena Aleksi\u0107<\/li>\n<li><em>asistent<\/em>: Sanja Ru\u017ei\u010di\u0107<\/li>\n<li><em>predavanja<\/em>: sreda 8-11h<\/li>\n<li><em>ve\u017ebe<\/em>: utorak 16-19h<\/li>\n<\/ul>\n<hr \/>\n<p>Informacije o predmetu mo\u017eete prona\u0107i na Moodle stranici.<\/p>\n","protected":false},"excerpt":{"rendered":"<p>Nazad na Nastava profesor: dr Jelena Aleksi\u0107 asistent: Sanja Ru\u017ei\u010di\u0107 predavanja: sreda 8-11h ve\u017ebe: utorak 16-19h Informacije o predmetu mo\u017eete prona\u0107i na Moodle stranici.<\/p>\n","protected":false},"author":56,"featured_media":0,"parent":14,"menu_order":0,"comment_status":"closed","ping_status":"closed","template":"","meta":{"_monsterinsights_skip_tracking":false,"_monsterinsights_sitenote_active":false,"_monsterinsights_sitenote_note":"","_monsterinsights_sitenote_category":0,"footnotes":""},"class_list":["post-1186","page","type-page","status-publish","hentry"],"_links":{"self":[{"href":"https:\/\/personal.pmf.uns.ac.rs\/sanja.ruzicic\/wp-json\/wp\/v2\/pages\/1186","targetHints":{"allow":["GET"]}}],"collection":[{"href":"https:\/\/personal.pmf.uns.ac.rs\/sanja.ruzicic\/wp-json\/wp\/v2\/pages"}],"about":[{"href":"https:\/\/personal.pmf.uns.ac.rs\/sanja.ruzicic\/wp-json\/wp\/v2\/types\/page"}],"author":[{"embeddable":true,"href":"https:\/\/personal.pmf.uns.ac.rs\/sanja.ruzicic\/wp-json\/wp\/v2\/users\/56"}],"replies":[{"embeddable":true,"href":"https:\/\/personal.pmf.uns.ac.rs\/sanja.ruzicic\/wp-json\/wp\/v2\/comments?post=1186"}],"version-history":[{"count":1,"href":"https:\/\/personal.pmf.uns.ac.rs\/sanja.ruzicic\/wp-json\/wp\/v2\/pages\/1186\/revisions"}],"predecessor-version":[{"id":1187,"href":"https:\/\/personal.pmf.uns.ac.rs\/sanja.ruzicic\/wp-json\/wp\/v2\/pages\/1186\/revisions\/1187"}],"up":[{"embeddable":true,"href":"https:\/\/personal.pmf.uns.ac.rs\/sanja.ruzicic\/wp-json\/wp\/v2\/pages\/14"}],"wp:attachment":[{"href":"https:\/\/personal.pmf.uns.ac.rs\/sanja.ruzicic\/wp-json\/wp\/v2\/media?parent=1186"}],"curies":[{"name":"wp","href":"https:\/\/api.w.org\/{rel}","templated":true}]}}