{"id":999,"date":"2019-12-04T18:46:07","date_gmt":"2019-12-04T16:46:07","guid":{"rendered":"https:\/\/personal.pmf.uns.ac.rs\/samir.zahirovic\/?page_id=999"},"modified":"2019-12-20T00:10:43","modified_gmt":"2019-12-19T22:10:43","slug":"analiticka-geometrija-it","status":"publish","type":"page","link":"https:\/\/personal.pmf.uns.ac.rs\/samir.zahirovic\/teaching\/analiticka-geometrija-it\/","title":{"rendered":"Analiti\u010dka geometrija (IT, RN)"},"content":{"rendered":"<p><a href=\"https:\/\/moodle.pmf.uns.ac.rs\/course\/view.php?id=680\" target=\"_blank\" rel=\"noopener noreferrer\">Moodle kurs Analiti\u010dka geometrija (IT)<\/a><\/p>\n<p>Oblasti za prvi kolokvijum (35 poena)<\/p>\n<ul>\n<li>analiti\u010dka geometrija ravni<\/li>\n<\/ul>\n<p>Oblasti za drugi kolokvijum (35 poena)<\/p>\n<ul>\n<li>analiti\u010dka geometrija prostora<\/li>\n<li>krive drugog reda u ravni<\/li>\n<\/ul>\n<p>Rokovi za popravne kolokvijume<\/p>\n<ul>\n<li>januarsko-februarski<\/li>\n<li>aprilski<\/li>\n<li>septembarski<\/li>\n<\/ul>\n","protected":false},"excerpt":{"rendered":"<p>Moodle kurs Analiti\u010dka geometrija (IT) Oblasti za prvi kolokvijum (35 poena) analiti\u010dka geometrija ravni Oblasti za drugi kolokvijum (35 poena) analiti\u010dka geometrija prostora krive drugog reda u ravni Rokovi za popravne kolokvijume januarsko-februarski aprilski septembarski<\/p>\n","protected":false},"author":51,"featured_media":0,"parent":588,"menu_order":0,"comment_status":"closed","ping_status":"closed","template":"","meta":{"_monsterinsights_skip_tracking":false,"_monsterinsights_sitenote_active":false,"_monsterinsights_sitenote_note":"","_monsterinsights_sitenote_category":0,"footnotes":""},"class_list":["post-999","page","type-page","status-publish","hentry"],"_links":{"self":[{"href":"https:\/\/personal.pmf.uns.ac.rs\/samir.zahirovic\/wp-json\/wp\/v2\/pages\/999","targetHints":{"allow":["GET"]}}],"collection":[{"href":"https:\/\/personal.pmf.uns.ac.rs\/samir.zahirovic\/wp-json\/wp\/v2\/pages"}],"about":[{"href":"https:\/\/personal.pmf.uns.ac.rs\/samir.zahirovic\/wp-json\/wp\/v2\/types\/page"}],"author":[{"embeddable":true,"href":"https:\/\/personal.pmf.uns.ac.rs\/samir.zahirovic\/wp-json\/wp\/v2\/users\/51"}],"replies":[{"embeddable":true,"href":"https:\/\/personal.pmf.uns.ac.rs\/samir.zahirovic\/wp-json\/wp\/v2\/comments?post=999"}],"version-history":[{"count":4,"href":"https:\/\/personal.pmf.uns.ac.rs\/samir.zahirovic\/wp-json\/wp\/v2\/pages\/999\/revisions"}],"predecessor-version":[{"id":1033,"href":"https:\/\/personal.pmf.uns.ac.rs\/samir.zahirovic\/wp-json\/wp\/v2\/pages\/999\/revisions\/1033"}],"up":[{"embeddable":true,"href":"https:\/\/personal.pmf.uns.ac.rs\/samir.zahirovic\/wp-json\/wp\/v2\/pages\/588"}],"wp:attachment":[{"href":"https:\/\/personal.pmf.uns.ac.rs\/samir.zahirovic\/wp-json\/wp\/v2\/media?parent=999"}],"curies":[{"name":"wp","href":"https:\/\/api.w.org\/{rel}","templated":true}]}}