{"id":797,"date":"2019-02-06T23:22:36","date_gmt":"2019-02-06T21:22:36","guid":{"rendered":"https:\/\/personal.pmf.uns.ac.rs\/samir.zahirovic\/?page_id=797"},"modified":"2019-11-10T18:21:30","modified_gmt":"2019-11-10T16:21:30","slug":"latex","status":"publish","type":"page","link":"https:\/\/personal.pmf.uns.ac.rs\/samir.zahirovic\/teaching\/latex\/","title":{"rendered":"LaTeX"},"content":{"rendered":"<ul>\n<li><a href=\"https:\/\/miktex.org\/download\" target=\"_blank\" rel=\"noopener noreferrer\">MiKTeX<\/a><br \/>\n(instalacija LaTeX-a)<\/li>\n<li><a href=\"http:\/\/www.xm1math.net\/texmaker\/download.html\" target=\"_blank\" rel=\"noopener noreferrer\">TeXmaker<\/a><br \/>\n(jedan od brojnih editora za LaTeX, mada nije neophodan iz razloga \u0161to MiKTeX instalacija sadr\u017ei i sopstveni editor TeXworks)<\/li>\n<li><a href=\"https:\/\/www.texstudio.org\/\" target=\"_blank\" rel=\"noopener noreferrer\">TeXstudio<\/a><br \/>\n(jo\u0161 jedan editor za LaTeX, ekstenzija TeXmakera, ima korisne dodatke poput Side Panela za lak\u0161e uno\u0161enje komandi)<\/li>\n<\/ul>\n<p>Korisni linkovi<\/p>\n<ul>\n<li><a href=\"https:\/\/www.overleaf.com\/\" target=\"_blank\" rel=\"noopener noreferrer\">Overleaf<\/a><\/li>\n<li><a href=\"https:\/\/tug.org\/texlive\/\" target=\"_blank\" rel=\"noopener noreferrer\">Tex Live<\/a><\/li>\n<\/ul>\n<p>Literatura<\/p>\n<ul>\n<li><a href=\"http:\/\/poincare.matf.bg.ac.rs\/~janicic\/books\/latex2e.pdf\" target=\"_blank\" rel=\"noopener noreferrer\">A. Samard\u017ei\u0107, G. Nenadi\u0107, P. Jani\u010di\u0107, <em>LaTeX 2e za autore<\/em>, 2003.<\/a><\/li>\n<li>Zoran Stojakovi\u0107, Milo\u0161 Stojakovi\u0107, <em>Vodi\u010d za LaTeX<\/em>, Novi Sad,\u00a02007.<\/li>\n<li><a href=\"https:\/\/ctan.org\/pkg\/pgf?lang=en\" target=\"_blank\" rel=\"noopener noreferrer\">Till Tantau, <em>The TikZ and PGF Packages, Manual for version 3.1.1<\/em>, 2019.<\/a><br \/>\n(TikZ je paket za LaTeX koji se koristi za crtanje grafova, automata, geometrijskih slika, grafika funkcija&#8230;)<\/li>\n<\/ul>\n<p>Dodatni resursi<\/p>\n<ul>\n<li><a href=\"https:\/\/personal.pmf.uns.ac.rs\/samir.zahirovic\/logo-uns-i-pmf\/\" target=\"_blank\" rel=\"noopener noreferrer\">Logo PMF-a i UNS-a: JPG, PNG i vektorski fajlovi (PDF i EPS)<\/a><\/li>\n<\/ul>\n","protected":false},"excerpt":{"rendered":"<p>MiKTeX (instalacija LaTeX-a) TeXmaker (jedan od brojnih editora za LaTeX, mada nije neophodan iz razloga \u0161to MiKTeX instalacija sadr\u017ei i sopstveni editor TeXworks) TeXstudio (jo\u0161 jedan editor za LaTeX, ekstenzija TeXmakera, ima korisne dodatke poput Side Panela za lak\u0161e uno\u0161enje komandi) Korisni linkovi Overleaf Tex Live Literatura A. Samard\u017ei\u0107, G. Nenadi\u0107, P. Jani\u010di\u0107, LaTeX 2e [&hellip;]<\/p>\n","protected":false},"author":51,"featured_media":0,"parent":588,"menu_order":0,"comment_status":"closed","ping_status":"closed","template":"","meta":{"_monsterinsights_skip_tracking":false,"_monsterinsights_sitenote_active":false,"_monsterinsights_sitenote_note":"","_monsterinsights_sitenote_category":0,"footnotes":""},"class_list":["post-797","page","type-page","status-publish","hentry"],"_links":{"self":[{"href":"https:\/\/personal.pmf.uns.ac.rs\/samir.zahirovic\/wp-json\/wp\/v2\/pages\/797","targetHints":{"allow":["GET"]}}],"collection":[{"href":"https:\/\/personal.pmf.uns.ac.rs\/samir.zahirovic\/wp-json\/wp\/v2\/pages"}],"about":[{"href":"https:\/\/personal.pmf.uns.ac.rs\/samir.zahirovic\/wp-json\/wp\/v2\/types\/page"}],"author":[{"embeddable":true,"href":"https:\/\/personal.pmf.uns.ac.rs\/samir.zahirovic\/wp-json\/wp\/v2\/users\/51"}],"replies":[{"embeddable":true,"href":"https:\/\/personal.pmf.uns.ac.rs\/samir.zahirovic\/wp-json\/wp\/v2\/comments?post=797"}],"version-history":[{"count":13,"href":"https:\/\/personal.pmf.uns.ac.rs\/samir.zahirovic\/wp-json\/wp\/v2\/pages\/797\/revisions"}],"predecessor-version":[{"id":975,"href":"https:\/\/personal.pmf.uns.ac.rs\/samir.zahirovic\/wp-json\/wp\/v2\/pages\/797\/revisions\/975"}],"up":[{"embeddable":true,"href":"https:\/\/personal.pmf.uns.ac.rs\/samir.zahirovic\/wp-json\/wp\/v2\/pages\/588"}],"wp:attachment":[{"href":"https:\/\/personal.pmf.uns.ac.rs\/samir.zahirovic\/wp-json\/wp\/v2\/media?parent=797"}],"curies":[{"name":"wp","href":"https:\/\/api.w.org\/{rel}","templated":true}]}}