{"id":609,"date":"2018-03-13T23:24:11","date_gmt":"2018-03-13T21:24:11","guid":{"rendered":"https:\/\/personal.pmf.uns.ac.rs\/samir.zahirovic\/?page_id=609"},"modified":"2025-12-31T00:28:32","modified_gmt":"2025-12-30T22:28:32","slug":"diskretne-strukture-2-it","status":"publish","type":"page","link":"https:\/\/personal.pmf.uns.ac.rs\/samir.zahirovic\/teaching\/diskretne-strukture-2-it\/","title":{"rendered":"Diskretne strukture 2 (IT)"},"content":{"rendered":"<p><a href=\"https:\/\/moodle.pmf.uns.ac.rs\/course\/view.php?id=614\" target=\"_blank\" rel=\"noopener noreferrer\">Moodle kurs Diskretne strukture 2 (IT)<\/a><\/p>\n<p>Literatura<\/p>\n<ul>\n<li>Dragan Ma\u0161ulovi\u0107, Maja Pech, <em>Zbirka zadataka iz kombinatorike<\/em><\/li>\n<li>Garnier, Taylor, <em>Discrete Mathematics &#8211; Proofs, Structures and Applications<\/em><\/li>\n<li>Boris \u0160obot, <em>Teorija grafova<\/em>,<\/li>\n<li>Ivica Bo\u0161njak, Dragan Ma\u0161ulovi\u0107, Vojislav Petrovi\u0107, Ratko To\u0161i\u0107,<em> Zbirka zadataka iz teorije grafova<\/em><\/li>\n<li>Drago\u0161 Cvetkovi\u0107, Slobodan Simi\u0107, <em>Diskretna matematika<\/em><\/li>\n<\/ul>\n<p>Ve\u017ebe &#8211; studijski program do 2023-2024.<\/p>\n<ul>\n<li><a href=\"https:\/\/cloud.pmf.uns.ac.rs\/s\/eSnfNkdeKZ2e5be\/download\" target=\"_blank\" rel=\"noopener noreferrer\">Sve ve\u017ebe<\/a><\/li>\n<li><a href=\"https:\/\/cloud.pmf.uns.ac.rs\/s\/qLZ5TjDbzxGeWpm\/download\" target=\"_blank\" rel=\"noopener noreferrer\">Ve\u017ebe 1<\/a><\/li>\n<li><a href=\"https:\/\/cloud.pmf.uns.ac.rs\/s\/uldk1XhY3lU6QZk\/download\" target=\"_blank\" rel=\"noopener noreferrer\">Ve\u017ebe 2<\/a><\/li>\n<li><a href=\"https:\/\/cloud.pmf.uns.ac.rs\/s\/yTLEFxgM5OGZNAo\/download\" target=\"_blank\" rel=\"noopener noreferrer\">Ve\u017ebe 3<\/a><\/li>\n<li><a href=\"https:\/\/cloud.pmf.uns.ac.rs\/s\/0RyanaRNTAdSS6N\/download\" target=\"_blank\" rel=\"noopener noreferrer\">Ve\u017ebe 4<\/a><\/li>\n<li><a href=\"https:\/\/cloud.pmf.uns.ac.rs\/s\/Ui2bq1P7R1FvDQy\/download\" target=\"_blank\" rel=\"noopener noreferrer\">Ve\u017ebe 5<\/a><\/li>\n<li><a href=\"https:\/\/cloud.pmf.uns.ac.rs\/s\/plHtSgwRdEhkNlw\/download\" target=\"_blank\" rel=\"noopener noreferrer\">Ve\u017ebe 6<\/a><\/li>\n<li><a href=\"https:\/\/cloud.pmf.uns.ac.rs\/s\/6r99RheGDBAcFle\/download\" target=\"_blank\" rel=\"noopener noreferrer\">Ve\u017ebe 7<\/a><\/li>\n<li><a href=\"https:\/\/cloud.pmf.uns.ac.rs\/s\/ntyjcaLrRATKnqZ\/download\" target=\"_blank\" rel=\"noopener noreferrer\">Ve\u017ebe 8<\/a><\/li>\n<li><a href=\"https:\/\/cloud.pmf.uns.ac.rs\/s\/aQaHyZMqRMk2imc\/download\" target=\"_blank\" rel=\"noopener noreferrer\">Ve\u017ebe 9<\/a><\/li>\n<li><a href=\"https:\/\/cloud.pmf.uns.ac.rs\/s\/NJAoGC92EP5RPYT\/download\" target=\"_blank\" rel=\"noopener noreferrer\">Ve\u017ebe 10<\/a><\/li>\n<li><a href=\"https:\/\/cloud.pmf.uns.ac.rs\/s\/YgwkodE5nsongAe\/download\" target=\"_blank\" rel=\"noopener noreferrer\">Ve\u017ebe 11<\/a><\/li>\n<li><a href=\"https:\/\/cloud.pmf.uns.ac.rs\/s\/F3WfHsC7TwkAXGe\/download\" target=\"_blank\" rel=\"noopener noreferrer\">Ve\u017ebe 12<\/a><\/li>\n<\/ul>\n<p>Stari kolokvijumi<\/p>\n<ul>\n<li><a href=\"https:\/\/cloud.pmf.uns.ac.rs\/s\/cJQr8oH5cPoqQkp\/download\" target=\"_blank\" rel=\"noopener noreferrer\">stari kolokvijumi 2017\/2018. &#8211; <\/a><\/li>\n<\/ul>\n<p>Oblasti za prvi kolokvijum &#8211; \u00a0studijski program od 2024-2025. (35 poena)<\/p>\n<ul>\n<li>determinante<\/li>\n<li>matrice<\/li>\n<li>sistemi linearnih jedna\u010dina<\/li>\n<\/ul>\n<p>Oblasti za drugi kolokvijum &#8211; \u00a0studijski program od 2024-2025. (35 poena)<\/p>\n<ul>\n<li>modularni ra\u010dun<\/li>\n<li>polinomi<\/li>\n<li>kompleksni brojevi<\/li>\n<\/ul>\n<p>Oblasti za prvi kolokvijum &#8211; \u00a0studijski program do 2023-2024. (35 poena)<\/p>\n<ul>\n<li>kombinatorika<\/li>\n<li>determinante<\/li>\n<li>matrice<\/li>\n<li>sistemi linearnih jedna\u010dina<\/li>\n<\/ul>\n<p>Oblasti za drugi kolokvijum &#8211; \u00a0studijski program do 2023-2024. (35 poena)<\/p>\n<ul>\n<li>modularni ra\u010dun<\/li>\n<li>teorija grafova<\/li>\n<\/ul>\n<p>Rokovi za popravne kolokvijume<\/p>\n<ul>\n<li>junski<\/li>\n<li>septembarski<\/li>\n<li>oktobarski<\/li>\n<\/ul>\n","protected":false},"excerpt":{"rendered":"<p>Moodle kurs Diskretne strukture 2 (IT) Literatura Dragan Ma\u0161ulovi\u0107, Maja Pech, Zbirka zadataka iz kombinatorike Garnier, Taylor, Discrete Mathematics &#8211; Proofs, Structures and Applications Boris \u0160obot, Teorija grafova, Ivica Bo\u0161njak, Dragan Ma\u0161ulovi\u0107, Vojislav Petrovi\u0107, Ratko To\u0161i\u0107, Zbirka zadataka iz teorije grafova Drago\u0161 Cvetkovi\u0107, Slobodan Simi\u0107, Diskretna matematika Ve\u017ebe &#8211; studijski program do 2023-2024. Sve ve\u017ebe [&hellip;]<\/p>\n","protected":false},"author":51,"featured_media":0,"parent":588,"menu_order":0,"comment_status":"closed","ping_status":"closed","template":"","meta":{"_monsterinsights_skip_tracking":false,"_monsterinsights_sitenote_active":false,"_monsterinsights_sitenote_note":"","_monsterinsights_sitenote_category":0,"footnotes":""},"class_list":["post-609","page","type-page","status-publish","hentry"],"_links":{"self":[{"href":"https:\/\/personal.pmf.uns.ac.rs\/samir.zahirovic\/wp-json\/wp\/v2\/pages\/609","targetHints":{"allow":["GET"]}}],"collection":[{"href":"https:\/\/personal.pmf.uns.ac.rs\/samir.zahirovic\/wp-json\/wp\/v2\/pages"}],"about":[{"href":"https:\/\/personal.pmf.uns.ac.rs\/samir.zahirovic\/wp-json\/wp\/v2\/types\/page"}],"author":[{"embeddable":true,"href":"https:\/\/personal.pmf.uns.ac.rs\/samir.zahirovic\/wp-json\/wp\/v2\/users\/51"}],"replies":[{"embeddable":true,"href":"https:\/\/personal.pmf.uns.ac.rs\/samir.zahirovic\/wp-json\/wp\/v2\/comments?post=609"}],"version-history":[{"count":37,"href":"https:\/\/personal.pmf.uns.ac.rs\/samir.zahirovic\/wp-json\/wp\/v2\/pages\/609\/revisions"}],"predecessor-version":[{"id":2264,"href":"https:\/\/personal.pmf.uns.ac.rs\/samir.zahirovic\/wp-json\/wp\/v2\/pages\/609\/revisions\/2264"}],"up":[{"embeddable":true,"href":"https:\/\/personal.pmf.uns.ac.rs\/samir.zahirovic\/wp-json\/wp\/v2\/pages\/588"}],"wp:attachment":[{"href":"https:\/\/personal.pmf.uns.ac.rs\/samir.zahirovic\/wp-json\/wp\/v2\/media?parent=609"}],"curies":[{"name":"wp","href":"https:\/\/api.w.org\/{rel}","templated":true}]}}