{"id":565,"date":"2018-01-21T11:18:54","date_gmt":"2018-01-21T09:18:54","guid":{"rendered":"https:\/\/personal.pmf.uns.ac.rs\/samir.zahirovic\/?page_id=565"},"modified":"2025-12-31T00:28:01","modified_gmt":"2025-12-30T22:28:01","slug":"diskretne-strukture-1-it","status":"publish","type":"page","link":"https:\/\/personal.pmf.uns.ac.rs\/samir.zahirovic\/teaching\/diskretne-strukture-1-it\/","title":{"rendered":"Diskretne strukture 1 (IT)"},"content":{"rendered":"<p><a href=\"https:\/\/moodle.pmf.uns.ac.rs\/course\/view.php?id=576\" target=\"_blank\" rel=\"noopener noreferrer\">Moodle kurs Diskretne strukture 1 (IT)<\/a><\/p>\n<p>Literatura<\/p>\n<ul>\n<li><a href=\"https:\/\/cloud.pmf.uns.ac.rs\/s\/TsvL0Q5SO8SXOcJ\/download\" target=\"_blank\" rel=\"noopener noreferrer\">Boris \u0160obot, <em>Teorijski osnovi informatike I &#8211; sa zbirkom zadataka<\/em><\/a><\/li>\n<li>Garnier, Taylor, <em>Discrete Mathematics &#8211; Proofs, Structures and Applications<\/em><\/li>\n<\/ul>\n<p>Ve\u017ebe<\/p>\n<ul>\n<li><a href=\"https:\/\/cloud.pmf.uns.ac.rs\/s\/MbJ7oy3tqJbjfMe\/download\" target=\"_blank\" rel=\"noopener noreferrer\">Sve ve\u017ebe<\/a><\/li>\n<li><a href=\"https:\/\/cloud.pmf.uns.ac.rs\/s\/zbtSoNCWWfCM3ez\/download\" target=\"_blank\" rel=\"noopener\">Uvodne ve\u017ebe<\/a><\/li>\n<li><a href=\"https:\/\/cloud.pmf.uns.ac.rs\/s\/Li97gSYCzN2QS6X\/download\" target=\"_blank\" rel=\"noopener noreferrer\">Ve\u017ebe 1<\/a><\/li>\n<li><a href=\"https:\/\/cloud.pmf.uns.ac.rs\/s\/JEHGgitjfnjrQno\/download\" target=\"_blank\" rel=\"noopener noreferrer\">Ve\u017ebe 2<\/a><\/li>\n<li><a href=\"https:\/\/cloud.pmf.uns.ac.rs\/s\/ZjRo6X86rPwHaJf\/download\" target=\"_blank\" rel=\"noopener noreferrer\">Ve\u017ebe 3<\/a><\/li>\n<li><a href=\"https:\/\/cloud.pmf.uns.ac.rs\/s\/FKB4PawAdFfePSa\/download\" target=\"_blank\" rel=\"noopener noreferrer\">Ve\u017ebe 4<\/a><\/li>\n<li><a href=\"https:\/\/cloud.pmf.uns.ac.rs\/s\/tm4HdNWkxTfstX2\/download\" target=\"_blank\" rel=\"noopener noreferrer\">Ve\u017ebe 5<\/a><\/li>\n<li><a href=\"https:\/\/cloud.pmf.uns.ac.rs\/s\/KqzWyyFAezYfrrf\/download\" target=\"_blank\" rel=\"noopener noreferrer\">Ve\u017ebe 6<\/a><\/li>\n<li><a href=\"https:\/\/cloud.pmf.uns.ac.rs\/s\/AYpSs44jJoXCSDX\/download\" target=\"_blank\" rel=\"noopener noreferrer\">Ve\u017ebe 7<\/a><\/li>\n<li><a href=\"https:\/\/cloud.pmf.uns.ac.rs\/s\/A2TTfKT8gb9Fndd\/download\" target=\"_blank\" rel=\"noopener noreferrer\">Ve\u017ebe 8<\/a><\/li>\n<li><a href=\"https:\/\/cloud.pmf.uns.ac.rs\/s\/qiHkHRWsoNQFbjt\/download\" target=\"_blank\" rel=\"noopener noreferrer\">Ve\u017ebe 9<\/a><\/li>\n<li><a href=\"https:\/\/cloud.pmf.uns.ac.rs\/s\/q5TJs78HrTKC3BD\/download\" target=\"_blank\" rel=\"noopener noreferrer\">Ve\u017ebe 10<\/a><\/li>\n<li><a href=\"https:\/\/cloud.pmf.uns.ac.rs\/s\/LmJ3gi6b4kEZB4H\/download\" target=\"_blank\" rel=\"noopener noreferrer\">Ve\u017ebe 11<\/a><\/li>\n<li><a href=\"https:\/\/cloud.pmf.uns.ac.rs\/s\/4KHHB5cRX9RocEG\/download\" target=\"_blank\" rel=\"noopener noreferrer\">Ve\u017ebe 12<\/a><\/li>\n<\/ul>\n<p>Stari kolokvijumi<\/p>\n<ul>\n<li><a href=\"https:\/\/cloud.pmf.uns.ac.rs\/s\/6sbnbeGJDdabW27\/download\" target=\"_blank\" rel=\"noopener noreferrer\">stari kolokvijumi 2017\/2018. &#8211; <\/a><\/li>\n<\/ul>\n<p>Oblasti za prvi kolokvijum (35 poena)<\/p>\n<ul>\n<li>iskazna logika<\/li>\n<li>logi\u010dka kola<\/li>\n<li>matemati\u010dka indukcija<\/li>\n<li>skupovi<\/li>\n<\/ul>\n<p>Oblasti za drugi kolokvijum (35 poena)<\/p>\n<ul>\n<li>predikatska logika i modeli<\/li>\n<li>relacije<\/li>\n<li>funkcije<\/li>\n<\/ul>\n<p>Rokovi za popravne kolokvijume<\/p>\n<ul>\n<li>januarsko-februarski<\/li>\n<li>aprilski<\/li>\n<li>septembarski<\/li>\n<\/ul>\n\n\n<p><\/p>\n","protected":false},"excerpt":{"rendered":"<p>Moodle kurs Diskretne strukture 1 (IT) Literatura Boris \u0160obot, Teorijski osnovi informatike I &#8211; sa zbirkom zadataka Garnier, Taylor, Discrete Mathematics &#8211; Proofs, Structures and Applications Ve\u017ebe Sve ve\u017ebe Uvodne ve\u017ebe Ve\u017ebe 1 Ve\u017ebe 2 Ve\u017ebe 3 Ve\u017ebe 4 Ve\u017ebe 5 Ve\u017ebe 6 Ve\u017ebe 7 Ve\u017ebe 8 Ve\u017ebe 9 Ve\u017ebe 10 Ve\u017ebe 11 Ve\u017ebe 12 [&hellip;]<\/p>\n","protected":false},"author":51,"featured_media":0,"parent":588,"menu_order":0,"comment_status":"closed","ping_status":"closed","template":"","meta":{"_monsterinsights_skip_tracking":false,"_monsterinsights_sitenote_active":false,"_monsterinsights_sitenote_note":"","_monsterinsights_sitenote_category":0,"footnotes":""},"class_list":["post-565","page","type-page","status-publish","hentry"],"_links":{"self":[{"href":"https:\/\/personal.pmf.uns.ac.rs\/samir.zahirovic\/wp-json\/wp\/v2\/pages\/565","targetHints":{"allow":["GET"]}}],"collection":[{"href":"https:\/\/personal.pmf.uns.ac.rs\/samir.zahirovic\/wp-json\/wp\/v2\/pages"}],"about":[{"href":"https:\/\/personal.pmf.uns.ac.rs\/samir.zahirovic\/wp-json\/wp\/v2\/types\/page"}],"author":[{"embeddable":true,"href":"https:\/\/personal.pmf.uns.ac.rs\/samir.zahirovic\/wp-json\/wp\/v2\/users\/51"}],"replies":[{"embeddable":true,"href":"https:\/\/personal.pmf.uns.ac.rs\/samir.zahirovic\/wp-json\/wp\/v2\/comments?post=565"}],"version-history":[{"count":52,"href":"https:\/\/personal.pmf.uns.ac.rs\/samir.zahirovic\/wp-json\/wp\/v2\/pages\/565\/revisions"}],"predecessor-version":[{"id":2263,"href":"https:\/\/personal.pmf.uns.ac.rs\/samir.zahirovic\/wp-json\/wp\/v2\/pages\/565\/revisions\/2263"}],"up":[{"embeddable":true,"href":"https:\/\/personal.pmf.uns.ac.rs\/samir.zahirovic\/wp-json\/wp\/v2\/pages\/588"}],"wp:attachment":[{"href":"https:\/\/personal.pmf.uns.ac.rs\/samir.zahirovic\/wp-json\/wp\/v2\/media?parent=565"}],"curies":[{"name":"wp","href":"https:\/\/api.w.org\/{rel}","templated":true}]}}