{"id":1939,"date":"2023-10-15T08:32:40","date_gmt":"2023-10-15T06:32:40","guid":{"rendered":"https:\/\/personal.pmf.uns.ac.rs\/samir.zahirovic\/?page_id=1939"},"modified":"2023-10-15T08:37:20","modified_gmt":"2023-10-15T06:37:20","slug":"linearna-algebra-gimnazija","status":"publish","type":"page","link":"https:\/\/personal.pmf.uns.ac.rs\/samir.zahirovic\/linearna-algebra-gimnazija\/","title":{"rendered":"Linearna algebra (gimnazija)"},"content":{"rendered":"\n<p>Literatura<\/p>\n\n\n\n<ul class=\"wp-block-list\">\n<li>Dragan Ma\u0161ulovi\u0107 &#8211; Analiti\u010dka geometrija za informati\u010dare<\/li>\n\n\n\n<li>Zoran Stojakovi\u0107, Dragoslav Herceg &#8211; Linearna algebra i analiti\u010dka geometrija<\/li>\n\n\n\n<li>\u017divorad Ivanovi\u0107, Sr\u0111an Ognjanovi\u0107 &#8211; Matematika &#8211; zbirka zadataka i testova za III razred gimnazija i tehni\u010dkih \u0161kola, Krug Beograd<\/li>\n\n\n\n<li>Igor Vladimirovi\u010d Proskurjakov &#8211; Zbirka zadataka iz linearne algebre<\/li>\n<\/ul>\n","protected":false},"excerpt":{"rendered":"<p>Literatura<\/p>\n","protected":false},"author":51,"featured_media":0,"parent":0,"menu_order":0,"comment_status":"closed","ping_status":"closed","template":"","meta":{"_monsterinsights_skip_tracking":false,"_monsterinsights_sitenote_active":false,"_monsterinsights_sitenote_note":"","_monsterinsights_sitenote_category":0,"footnotes":""},"class_list":["post-1939","page","type-page","status-publish","hentry"],"_links":{"self":[{"href":"https:\/\/personal.pmf.uns.ac.rs\/samir.zahirovic\/wp-json\/wp\/v2\/pages\/1939","targetHints":{"allow":["GET"]}}],"collection":[{"href":"https:\/\/personal.pmf.uns.ac.rs\/samir.zahirovic\/wp-json\/wp\/v2\/pages"}],"about":[{"href":"https:\/\/personal.pmf.uns.ac.rs\/samir.zahirovic\/wp-json\/wp\/v2\/types\/page"}],"author":[{"embeddable":true,"href":"https:\/\/personal.pmf.uns.ac.rs\/samir.zahirovic\/wp-json\/wp\/v2\/users\/51"}],"replies":[{"embeddable":true,"href":"https:\/\/personal.pmf.uns.ac.rs\/samir.zahirovic\/wp-json\/wp\/v2\/comments?post=1939"}],"version-history":[{"count":1,"href":"https:\/\/personal.pmf.uns.ac.rs\/samir.zahirovic\/wp-json\/wp\/v2\/pages\/1939\/revisions"}],"predecessor-version":[{"id":1940,"href":"https:\/\/personal.pmf.uns.ac.rs\/samir.zahirovic\/wp-json\/wp\/v2\/pages\/1939\/revisions\/1940"}],"wp:attachment":[{"href":"https:\/\/personal.pmf.uns.ac.rs\/samir.zahirovic\/wp-json\/wp\/v2\/media?parent=1939"}],"curies":[{"name":"wp","href":"https:\/\/api.w.org\/{rel}","templated":true}]}}