{"id":9,"date":"2020-09-14T10:57:08","date_gmt":"2020-09-14T10:57:08","guid":{"rendered":"http:\/\/personal.pmf.uns.ac.rs\/rajter\/?page_id=9"},"modified":"2020-10-21T23:35:41","modified_gmt":"2020-10-21T23:35:41","slug":"biografija","status":"publish","type":"page","link":"https:\/\/personal.pmf.uns.ac.rs\/rajter\/biografija\/","title":{"rendered":"Biografija"},"content":{"rendered":"\n<div class=\"wp-block-columns is-layout-flex wp-container-core-columns-is-layout-9d6595d7 wp-block-columns-is-layout-flex\">\n<div class=\"wp-block-column is-layout-flow wp-block-column-is-layout-flow\">\n<figure class=\"wp-block-image size-large\"><img loading=\"lazy\" decoding=\"async\" width=\"1024\" height=\"1024\" src=\"https:\/\/personal.pmf.uns.ac.rs\/rajter\/wp-content\/uploads\/sites\/77\/2020\/10\/slika-za-profil-1024x1024.jpg\" alt=\"\" class=\"wp-image-86\" srcset=\"https:\/\/personal.pmf.uns.ac.rs\/rajter\/wp-content\/uploads\/sites\/77\/2020\/10\/slika-za-profil-1024x1024.jpg 1024w, https:\/\/personal.pmf.uns.ac.rs\/rajter\/wp-content\/uploads\/sites\/77\/2020\/10\/slika-za-profil-300x300.jpg 300w, https:\/\/personal.pmf.uns.ac.rs\/rajter\/wp-content\/uploads\/sites\/77\/2020\/10\/slika-za-profil-150x150.jpg 150w, https:\/\/personal.pmf.uns.ac.rs\/rajter\/wp-content\/uploads\/sites\/77\/2020\/10\/slika-za-profil-768x768.jpg 768w, https:\/\/personal.pmf.uns.ac.rs\/rajter\/wp-content\/uploads\/sites\/77\/2020\/10\/slika-za-profil.jpg 1167w\" sizes=\"auto, (max-width: 1024px) 100vw, 1024px\" \/><\/figure>\n<\/div>\n\n\n\n<div class=\"wp-block-column is-layout-flow wp-block-column-is-layout-flow\">\n<p><\/p>\n\n\n\n<p>Ro\u0111ena: 13.4.1973.<\/p>\n\n\n\n<p>Diplomirala: 2.7.1996.<\/p>\n\n\n\n<p>Magistrirala: 22.9.1999.<\/p>\n\n\n\n<p>Doktorirala: 14.2.2002.<\/p>\n\n\n\n<p>U\u017ea nau\u010dna oblast: Analiza i verovatno\u0107a<\/p>\n\n\n\n<p>Redovni profesor od 5.3.2012.<\/p>\n\n\n\n<p>Pomo\u0107nik direktora DMI od 2009.<\/p>\n\n\n\n<p><\/p>\n<\/div>\n<\/div>\n\n\n\n<p>CV link<\/p>\n","protected":false},"excerpt":{"rendered":"<p>Ro\u0111ena: 13.4.1973. Diplomirala: 2.7.1996. Magistrirala: 22.9.1999. Doktorirala: 14.2.2002. U\u017ea nau\u010dna oblast: Analiza i verovatno\u0107a Redovni profesor od 5.3.2012. Pomo\u0107nik direktora DMI od 2009. CV link<\/p>\n","protected":false},"author":99,"featured_media":0,"parent":0,"menu_order":0,"comment_status":"closed","ping_status":"closed","template":"","meta":{"_monsterinsights_skip_tracking":false,"_monsterinsights_sitenote_active":false,"_monsterinsights_sitenote_note":"","_monsterinsights_sitenote_category":0,"footnotes":""},"class_list":["post-9","page","type-page","status-publish","hentry"],"_links":{"self":[{"href":"https:\/\/personal.pmf.uns.ac.rs\/rajter\/wp-json\/wp\/v2\/pages\/9","targetHints":{"allow":["GET"]}}],"collection":[{"href":"https:\/\/personal.pmf.uns.ac.rs\/rajter\/wp-json\/wp\/v2\/pages"}],"about":[{"href":"https:\/\/personal.pmf.uns.ac.rs\/rajter\/wp-json\/wp\/v2\/types\/page"}],"author":[{"embeddable":true,"href":"https:\/\/personal.pmf.uns.ac.rs\/rajter\/wp-json\/wp\/v2\/users\/99"}],"replies":[{"embeddable":true,"href":"https:\/\/personal.pmf.uns.ac.rs\/rajter\/wp-json\/wp\/v2\/comments?post=9"}],"version-history":[{"count":6,"href":"https:\/\/personal.pmf.uns.ac.rs\/rajter\/wp-json\/wp\/v2\/pages\/9\/revisions"}],"predecessor-version":[{"id":87,"href":"https:\/\/personal.pmf.uns.ac.rs\/rajter\/wp-json\/wp\/v2\/pages\/9\/revisions\/87"}],"wp:attachment":[{"href":"https:\/\/personal.pmf.uns.ac.rs\/rajter\/wp-json\/wp\/v2\/media?parent=9"}],"curies":[{"name":"wp","href":"https:\/\/api.w.org\/{rel}","templated":true}]}}