{"id":7,"date":"2020-09-14T10:52:45","date_gmt":"2020-09-14T10:52:45","guid":{"rendered":"http:\/\/personal.pmf.uns.ac.rs\/rajter\/?page_id=7"},"modified":"2020-09-14T17:32:04","modified_gmt":"2020-09-14T17:32:04","slug":"kontakt","status":"publish","type":"page","link":"https:\/\/personal.pmf.uns.ac.rs\/rajter\/kontakt\/","title":{"rendered":"Kontakt"},"content":{"rendered":"<p><strong>Adresa<\/strong>: Danijela Rajter-\u0106iri\u0107, Departman za matematiku i informatiku, Prirodno-matemati\u010dki fakultet, Univerzitet u Novom Sadu<\/p>\n<p><strong>email<\/strong>: rajter@dmi.uns.ac.rs<\/p>\n<p><strong>Konsultacije<\/strong>: po dogovoru<\/p>\n\n\n<p><\/p>\n","protected":false},"excerpt":{"rendered":"<p>Adresa: Danijela Rajter-\u0106iri\u0107, Departman za matematiku i informatiku, Prirodno-matemati\u010dki fakultet, Univerzitet u Novom Sadu email: rajter@dmi.uns.ac.rs Konsultacije: po dogovoru<\/p>\n","protected":false},"author":99,"featured_media":0,"parent":0,"menu_order":0,"comment_status":"closed","ping_status":"closed","template":"","meta":{"_monsterinsights_skip_tracking":false,"_monsterinsights_sitenote_active":false,"_monsterinsights_sitenote_note":"","_monsterinsights_sitenote_category":0,"footnotes":""},"class_list":["post-7","page","type-page","status-publish","hentry"],"_links":{"self":[{"href":"https:\/\/personal.pmf.uns.ac.rs\/rajter\/wp-json\/wp\/v2\/pages\/7","targetHints":{"allow":["GET"]}}],"collection":[{"href":"https:\/\/personal.pmf.uns.ac.rs\/rajter\/wp-json\/wp\/v2\/pages"}],"about":[{"href":"https:\/\/personal.pmf.uns.ac.rs\/rajter\/wp-json\/wp\/v2\/types\/page"}],"author":[{"embeddable":true,"href":"https:\/\/personal.pmf.uns.ac.rs\/rajter\/wp-json\/wp\/v2\/users\/99"}],"replies":[{"embeddable":true,"href":"https:\/\/personal.pmf.uns.ac.rs\/rajter\/wp-json\/wp\/v2\/comments?post=7"}],"version-history":[{"count":2,"href":"https:\/\/personal.pmf.uns.ac.rs\/rajter\/wp-json\/wp\/v2\/pages\/7\/revisions"}],"predecessor-version":[{"id":78,"href":"https:\/\/personal.pmf.uns.ac.rs\/rajter\/wp-json\/wp\/v2\/pages\/7\/revisions\/78"}],"wp:attachment":[{"href":"https:\/\/personal.pmf.uns.ac.rs\/rajter\/wp-json\/wp\/v2\/media?parent=7"}],"curies":[{"name":"wp","href":"https:\/\/api.w.org\/{rel}","templated":true}]}}