{"id":50,"date":"2020-09-14T11:58:06","date_gmt":"2020-09-14T11:58:06","guid":{"rendered":"http:\/\/personal.pmf.uns.ac.rs\/rajter\/?page_id=50"},"modified":"2020-09-14T17:25:54","modified_gmt":"2020-09-14T17:25:54","slug":"pocetna","status":"publish","type":"page","link":"https:\/\/personal.pmf.uns.ac.rs\/rajter\/","title":{"rendered":"Po\u010detna"},"content":{"rendered":"\n<p><strong>&#8220;Ma\u0161ta je va\u017enija od znanja. Znanje je ograni\u010deno, a ma\u0161ta okru\u017euje svet.&#8221;<\/strong> <\/p>\n\n\n\n<p><em>Albert Ajn\u0161tajn<\/em><\/p>\n","protected":false},"excerpt":{"rendered":"<p>&#8220;Ma\u0161ta je va\u017enija od znanja. Znanje je ograni\u010deno, a ma\u0161ta okru\u017euje svet.&#8221; Albert Ajn\u0161tajn<\/p>\n","protected":false},"author":99,"featured_media":0,"parent":0,"menu_order":0,"comment_status":"closed","ping_status":"closed","template":"","meta":{"_monsterinsights_skip_tracking":false,"_monsterinsights_sitenote_active":false,"_monsterinsights_sitenote_note":"","_monsterinsights_sitenote_category":0,"footnotes":""},"class_list":["post-50","page","type-page","status-publish","hentry"],"_links":{"self":[{"href":"https:\/\/personal.pmf.uns.ac.rs\/rajter\/wp-json\/wp\/v2\/pages\/50","targetHints":{"allow":["GET"]}}],"collection":[{"href":"https:\/\/personal.pmf.uns.ac.rs\/rajter\/wp-json\/wp\/v2\/pages"}],"about":[{"href":"https:\/\/personal.pmf.uns.ac.rs\/rajter\/wp-json\/wp\/v2\/types\/page"}],"author":[{"embeddable":true,"href":"https:\/\/personal.pmf.uns.ac.rs\/rajter\/wp-json\/wp\/v2\/users\/99"}],"replies":[{"embeddable":true,"href":"https:\/\/personal.pmf.uns.ac.rs\/rajter\/wp-json\/wp\/v2\/comments?post=50"}],"version-history":[{"count":5,"href":"https:\/\/personal.pmf.uns.ac.rs\/rajter\/wp-json\/wp\/v2\/pages\/50\/revisions"}],"predecessor-version":[{"id":74,"href":"https:\/\/personal.pmf.uns.ac.rs\/rajter\/wp-json\/wp\/v2\/pages\/50\/revisions\/74"}],"wp:attachment":[{"href":"https:\/\/personal.pmf.uns.ac.rs\/rajter\/wp-json\/wp\/v2\/media?parent=50"}],"curies":[{"name":"wp","href":"https:\/\/api.w.org\/{rel}","templated":true}]}}