{"id":22,"date":"2020-09-14T11:36:33","date_gmt":"2020-09-14T11:36:33","guid":{"rendered":"http:\/\/personal.pmf.uns.ac.rs\/rajter\/?page_id=22"},"modified":"2020-09-14T11:43:54","modified_gmt":"2020-09-14T11:43:54","slug":"teorija-operatora","status":"publish","type":"page","link":"https:\/\/personal.pmf.uns.ac.rs\/rajter\/nastava\/teorija-operatora\/","title":{"rendered":"Teorija operatora"},"content":{"rendered":"<p>Nastavnik: Danijela Rajter-\u0106iri\u0107<\/p>\n<p>Smer: MA, M5<\/p>\n<p>Fond \u010dasova: 3+1<\/p>\n<p>Kratak opis predmeta: Obavezan predmet na master akademskim studijama Matematika (MA) i izborni predmet na integrisanim akademskim studijama Master profesor matematike (M5). Ispit se pola\u017ee preko seminarskih radova.<\/p>\n","protected":false},"excerpt":{"rendered":"<p>Nastavnik: Danijela Rajter-\u0106iri\u0107 Smer: MA, M5 Fond \u010dasova: 3+1 Kratak opis predmeta: Obavezan predmet na master akademskim studijama Matematika (MA) i izborni predmet na integrisanim akademskim studijama Master profesor matematike (M5). Ispit se pola\u017ee preko seminarskih radova.<\/p>\n","protected":false},"author":99,"featured_media":0,"parent":11,"menu_order":3,"comment_status":"closed","ping_status":"closed","template":"","meta":{"_monsterinsights_skip_tracking":false,"_monsterinsights_sitenote_active":false,"_monsterinsights_sitenote_note":"","_monsterinsights_sitenote_category":0,"footnotes":""},"class_list":["post-22","page","type-page","status-publish","hentry"],"_links":{"self":[{"href":"https:\/\/personal.pmf.uns.ac.rs\/rajter\/wp-json\/wp\/v2\/pages\/22","targetHints":{"allow":["GET"]}}],"collection":[{"href":"https:\/\/personal.pmf.uns.ac.rs\/rajter\/wp-json\/wp\/v2\/pages"}],"about":[{"href":"https:\/\/personal.pmf.uns.ac.rs\/rajter\/wp-json\/wp\/v2\/types\/page"}],"author":[{"embeddable":true,"href":"https:\/\/personal.pmf.uns.ac.rs\/rajter\/wp-json\/wp\/v2\/users\/99"}],"replies":[{"embeddable":true,"href":"https:\/\/personal.pmf.uns.ac.rs\/rajter\/wp-json\/wp\/v2\/comments?post=22"}],"version-history":[{"count":2,"href":"https:\/\/personal.pmf.uns.ac.rs\/rajter\/wp-json\/wp\/v2\/pages\/22\/revisions"}],"predecessor-version":[{"id":24,"href":"https:\/\/personal.pmf.uns.ac.rs\/rajter\/wp-json\/wp\/v2\/pages\/22\/revisions\/24"}],"up":[{"embeddable":true,"href":"https:\/\/personal.pmf.uns.ac.rs\/rajter\/wp-json\/wp\/v2\/pages\/11"}],"wp:attachment":[{"href":"https:\/\/personal.pmf.uns.ac.rs\/rajter\/wp-json\/wp\/v2\/media?parent=22"}],"curies":[{"name":"wp","href":"https:\/\/api.w.org\/{rel}","templated":true}]}}