{"id":20,"date":"2020-09-14T11:31:13","date_gmt":"2020-09-14T11:31:13","guid":{"rendered":"http:\/\/personal.pmf.uns.ac.rs\/rajter\/?page_id=20"},"modified":"2020-09-14T13:04:19","modified_gmt":"2020-09-14T13:04:19","slug":"stochastic-processes","status":"publish","type":"page","link":"https:\/\/personal.pmf.uns.ac.rs\/rajter\/nastava\/stochastic-processes\/","title":{"rendered":"Stochastic processes"},"content":{"rendered":"<div class=\"post-inner thin \">\n<div class=\"entry-content\">\n<p>Nastavnik: Danijela Rajter-\u0106iri\u0107<\/p>\n<p>Smer: MDS<\/p>\n<p>Asistent: Sanja Ru\u017ei\u010di\u0107<\/p>\n<p>Fond \u010dasova: 2+3<\/p>\n<p>Kratak opis predmeta: Obavezan predmet na master akademskim studijama Primenjena matematika &#8211; nauka o podacima (MDS). Nastava se slu\u0161a na engleskom jeziku. Predmet se pola\u017ee na engleskom jeziku i po modelu B. Za vi\u0161e detalja pogledati <a href=\"https:\/\/www.pmf.uns.ac.rs\/wp-content\/uploads\/2017\/03\/MDS02.pdf\">link<\/a><\/p>\n<p>Ostale informacije su dostupne na Moodle stranici link<\/p>\n<\/div>\n<\/div>\n<div class=\"section-inner\">\n<div class=\"post-meta-wrapper post-meta-edit-link-wrapper\">\n<\/div>\n<\/div>\n","protected":false},"excerpt":{"rendered":"<p>Nastavnik: Danijela Rajter-\u0106iri\u0107 Smer: MDS Asistent: Sanja Ru\u017ei\u010di\u0107 Fond \u010dasova: 2+3 Kratak opis predmeta: Obavezan predmet na master akademskim studijama Primenjena matematika &#8211; nauka o podacima (MDS). Nastava se slu\u0161a na engleskom jeziku. Predmet se pola\u017ee na engleskom jeziku i &hellip; <a href=\"https:\/\/personal.pmf.uns.ac.rs\/rajter\/nastava\/stochastic-processes\/\">Continue reading <span class=\"meta-nav\">&rarr;<\/span><\/a><\/p>\n","protected":false},"author":99,"featured_media":0,"parent":11,"menu_order":2,"comment_status":"closed","ping_status":"closed","template":"","meta":{"_monsterinsights_skip_tracking":false,"_monsterinsights_sitenote_active":false,"_monsterinsights_sitenote_note":"","_monsterinsights_sitenote_category":0,"footnotes":""},"class_list":["post-20","page","type-page","status-publish","hentry"],"_links":{"self":[{"href":"https:\/\/personal.pmf.uns.ac.rs\/rajter\/wp-json\/wp\/v2\/pages\/20","targetHints":{"allow":["GET"]}}],"collection":[{"href":"https:\/\/personal.pmf.uns.ac.rs\/rajter\/wp-json\/wp\/v2\/pages"}],"about":[{"href":"https:\/\/personal.pmf.uns.ac.rs\/rajter\/wp-json\/wp\/v2\/types\/page"}],"author":[{"embeddable":true,"href":"https:\/\/personal.pmf.uns.ac.rs\/rajter\/wp-json\/wp\/v2\/users\/99"}],"replies":[{"embeddable":true,"href":"https:\/\/personal.pmf.uns.ac.rs\/rajter\/wp-json\/wp\/v2\/comments?post=20"}],"version-history":[{"count":2,"href":"https:\/\/personal.pmf.uns.ac.rs\/rajter\/wp-json\/wp\/v2\/pages\/20\/revisions"}],"predecessor-version":[{"id":70,"href":"https:\/\/personal.pmf.uns.ac.rs\/rajter\/wp-json\/wp\/v2\/pages\/20\/revisions\/70"}],"up":[{"embeddable":true,"href":"https:\/\/personal.pmf.uns.ac.rs\/rajter\/wp-json\/wp\/v2\/pages\/11"}],"wp:attachment":[{"href":"https:\/\/personal.pmf.uns.ac.rs\/rajter\/wp-json\/wp\/v2\/media?parent=20"}],"curies":[{"name":"wp","href":"https:\/\/api.w.org\/{rel}","templated":true}]}}