{"id":13,"date":"2020-09-14T11:21:37","date_gmt":"2020-09-14T11:21:37","guid":{"rendered":"http:\/\/personal.pmf.uns.ac.rs\/rajter\/?page_id=13"},"modified":"2020-09-14T13:01:10","modified_gmt":"2020-09-14T13:01:10","slug":"verovatnoca","status":"publish","type":"page","link":"https:\/\/personal.pmf.uns.ac.rs\/rajter\/nastava\/verovatnoca\/","title":{"rendered":"Verovatno\u0107a"},"content":{"rendered":"<p>Nastavnik: Danijela Rajter-\u0106iri\u0107<\/p>\n<p>Smerovi: M, M4, M5<\/p>\n<p>Asistenti: Sanja Ru\u017ei\u010di\u0107 (M), Nevena Dugand\u017eija (M4,M5)<\/p>\n<p>Fond \u010dasova: 3+3<\/p>\n<p>Kratak opis predmeta: Obavezan predmet na osnovnim akademskim studijama Matematika (M), Diplomirani profesor matematike (M4) i na integrisanim akademskim studijama Master profesor matematike (M5). Predmet se pola\u017ee po modelu B. Za vi\u0161e detalja pogledati <a href=\"https:\/\/www.pmf.uns.ac.rs\/wp-content\/uploads\/2018\/DMI\/M\/M117.pdf\">link<\/a><\/p>\n<p>Ostale informacije su dostupne na Moodle stranici <a href=\"https:\/\/moodle.pmf.uns.ac.rs\/course\/view.php?id=710\">link<\/a><\/p>\n","protected":false},"excerpt":{"rendered":"<p>Nastavnik: Danijela Rajter-\u0106iri\u0107 Smerovi: M, M4, M5 Asistenti: Sanja Ru\u017ei\u010di\u0107 (M), Nevena Dugand\u017eija (M4,M5) Fond \u010dasova: 3+3 Kratak opis predmeta: Obavezan predmet na osnovnim akademskim studijama Matematika (M), Diplomirani profesor matematike (M4) i na integrisanim akademskim studijama Master profesor matematike &hellip; <a href=\"https:\/\/personal.pmf.uns.ac.rs\/rajter\/nastava\/verovatnoca\/\">Continue reading <span class=\"meta-nav\">&rarr;<\/span><\/a><\/p>\n","protected":false},"author":99,"featured_media":0,"parent":11,"menu_order":0,"comment_status":"closed","ping_status":"closed","template":"","meta":{"_monsterinsights_skip_tracking":false,"_monsterinsights_sitenote_active":false,"_monsterinsights_sitenote_note":"","_monsterinsights_sitenote_category":0,"footnotes":""},"class_list":["post-13","page","type-page","status-publish","hentry"],"_links":{"self":[{"href":"https:\/\/personal.pmf.uns.ac.rs\/rajter\/wp-json\/wp\/v2\/pages\/13","targetHints":{"allow":["GET"]}}],"collection":[{"href":"https:\/\/personal.pmf.uns.ac.rs\/rajter\/wp-json\/wp\/v2\/pages"}],"about":[{"href":"https:\/\/personal.pmf.uns.ac.rs\/rajter\/wp-json\/wp\/v2\/types\/page"}],"author":[{"embeddable":true,"href":"https:\/\/personal.pmf.uns.ac.rs\/rajter\/wp-json\/wp\/v2\/users\/99"}],"replies":[{"embeddable":true,"href":"https:\/\/personal.pmf.uns.ac.rs\/rajter\/wp-json\/wp\/v2\/comments?post=13"}],"version-history":[{"count":3,"href":"https:\/\/personal.pmf.uns.ac.rs\/rajter\/wp-json\/wp\/v2\/pages\/13\/revisions"}],"predecessor-version":[{"id":85,"href":"https:\/\/personal.pmf.uns.ac.rs\/rajter\/wp-json\/wp\/v2\/pages\/13\/revisions\/85"}],"up":[{"embeddable":true,"href":"https:\/\/personal.pmf.uns.ac.rs\/rajter\/wp-json\/wp\/v2\/pages\/11"}],"wp:attachment":[{"href":"https:\/\/personal.pmf.uns.ac.rs\/rajter\/wp-json\/wp\/v2\/media?parent=13"}],"curies":[{"name":"wp","href":"https:\/\/api.w.org\/{rel}","templated":true}]}}