{"id":746,"date":"2018-10-17T10:54:43","date_gmt":"2018-10-17T09:54:43","guid":{"rendered":"https:\/\/personal.pmf.uns.ac.rs\/nevena.dugandzija\/?page_id=746"},"modified":"2019-09-12T09:13:11","modified_gmt":"2019-09-12T08:13:11","slug":"verovatnoca","status":"publish","type":"page","link":"https:\/\/personal.pmf.uns.ac.rs\/nevena.dugandzija\/nastava\/verovatnoca\/","title":{"rendered":"Verovatno\u0107a (M4)"},"content":{"rendered":"<p>Ispit se sastoji iz pismenog (60 bodova) i usmenog dela (40 bodova).<\/p>\n<p><em>Literatura:<\/em><\/p>\n<ul>\n<li>&#8220;Verovatno\u0107a&#8221;, Danijela &#8211; Rajter \u0106iri\u0107<\/li>\n<li>&#8220;Zbirka re\u0161enih zadataka iz verovatno\u0107e i statistike&#8221;, D. Rajter, Z. Lozanov &#8211; Crvenkovi\u0107<\/li>\n<li>&#8220;Re\u0161eni ispitni zadaci iz Verovatno\u0107e i Statistike za studente informatike&#8221;, D. Sele\u0161i<\/li>\n<li>&#8220;Zbirka re\u0161enih zadataka iz verovatno\u0107e i statistike&#8221;\u00a0<a href=\"https:\/\/personal.pmf.uns.ac.rs\/nevena.dugandzija\/wp-content\/uploads\/sites\/42\/2018\/10\/Statistika-zbirka.pdf\">Statistika zbirka<\/a><\/li>\n<\/ul>\n<p><em>Prethodni rokovi:<\/em><\/p>\n<p>2016\/17:\u00a0<a href=\"https:\/\/personal.pmf.uns.ac.rs\/nevena.dugandzija\/wp-content\/uploads\/sites\/42\/2018\/12\/Verovatnoca-pismeni-januar-2017-reseni-zadaci.pdf\">Verovatnoca-pismeni-januar-2017-reseni-zadaci<\/a>\u00a0 \u00a0<a href=\"https:\/\/personal.pmf.uns.ac.rs\/nevena.dugandzija\/wp-content\/uploads\/sites\/42\/2018\/12\/res_kolokvijum-2017.pdf\">res_kolokvijum-2017<\/a>\u00a0 \u00a0<a href=\"https:\/\/personal.pmf.uns.ac.rs\/nevena.dugandzija\/wp-content\/uploads\/sites\/42\/2018\/12\/Verovatnoca-resenja-septembar-2017.pdf\">Verovatnoca-resenja-septembar-2017<\/a>\u00a0 \u00a0<a href=\"https:\/\/personal.pmf.uns.ac.rs\/nevena.dugandzija\/wp-content\/uploads\/sites\/42\/2018\/12\/Verovatnoca-resenja-zadataka-u-aprilskom-roku-2017.pdf\">Verovatnoca-resenja-zadataka-u-aprilskom-roku-2017<\/a>\u00a0 \u00a0 \u00a0<a href=\"https:\/\/personal.pmf.uns.ac.rs\/nevena.dugandzija\/wp-content\/uploads\/sites\/42\/2019\/01\/Ver-okt-2017.pdf\">Ver-okt-2017<\/a>\u00a0\u00a0\u00a0<a href=\"https:\/\/personal.pmf.uns.ac.rs\/nevena.dugandzija\/wp-content\/uploads\/sites\/42\/2018\/12\/ver-resenja-oktobar-2017.pdf\">ver-resenja-oktobar-2017<\/a>\u00a0 \u00a0 \u00a0 \u00a0<a href=\"https:\/\/personal.pmf.uns.ac.rs\/nevena.dugandzija\/wp-content\/uploads\/sites\/42\/2018\/12\/ver-res-jun-2017.pdf\">ver-res-jun-2017<\/a>\u00a0 \u00a0\u00a0<a href=\"https:\/\/personal.pmf.uns.ac.rs\/nevena.dugandzija\/wp-content\/uploads\/sites\/42\/2019\/01\/jun-2017.pdf\">jun-2017<\/a><\/p>\n<p>2017\/18:\u00a0<a href=\"https:\/\/personal.pmf.uns.ac.rs\/nevena.dugandzija\/wp-content\/uploads\/sites\/42\/2018\/10\/Verovatnoca_januar2018_resenja.pdf\">Verovatnoca_januar2018_resenja<\/a>\u00a0 \u00a0 <a href=\"https:\/\/personal.pmf.uns.ac.rs\/nevena.dugandzija\/wp-content\/uploads\/sites\/42\/2018\/10\/Verovatnoca_jun2018_resenja.pdf\">Verovatnoca_jun2018_resenja<\/a>\u00a0 \u00a0 <a href=\"https:\/\/personal.pmf.uns.ac.rs\/nevena.dugandzija\/wp-content\/uploads\/sites\/42\/2018\/10\/Oktobar-2018-resenja-Ivana-Vojnovics-conflicted-copy-2018-09-22.pdf\">Oktobar-2018-resenja<\/a>\u00a0 \u00a0\u00a0<a href=\"https:\/\/personal.pmf.uns.ac.rs\/nevena.dugandzija\/wp-content\/uploads\/sites\/42\/2018\/10\/Septembar-2018-\u2013-res.pdf\">Septembar-2018-\u2013-res<\/a>\u00a0 \u00a0 \u00a0<a href=\"https:\/\/personal.pmf.uns.ac.rs\/nevena.dugandzija\/wp-content\/uploads\/sites\/42\/2018\/10\/Verovatnoca_april2018_resenja.pdf\">Verovatnoca_april2018_resenja<\/a><\/p>\n<p>2018\/19:\u00a0<a href=\"https:\/\/personal.pmf.uns.ac.rs\/nevena.dugandzija\/wp-content\/uploads\/sites\/42\/2019\/01\/Verovatnoca_januar2019_resenja_M4.pdf\">Verovatnoca_januar2019_resenja_M4<\/a>\u00a0 \u00a0<a href=\"https:\/\/personal.pmf.uns.ac.rs\/nevena.dugandzija\/wp-content\/uploads\/sites\/42\/2019\/04\/april-18-19-re\u0161enja.pdf\">april 18-19 re\u0161enja<\/a>\u00a0 \u00a0\u00a0<a href=\"https:\/\/personal.pmf.uns.ac.rs\/nevena.dugandzija\/wp-content\/uploads\/sites\/42\/2019\/06\/jun-18-19-re\u0161enja.pdf\">jun 18-19 re\u0161enja<\/a>\u00a0 <a href=\"https:\/\/personal.pmf.uns.ac.rs\/nevena.dugandzija\/wp-content\/uploads\/sites\/42\/2019\/08\/sep-18-19-re\u0161enja.pdf\">sep-18-19-re\u0161enja<\/a> <a href=\"https:\/\/personal.pmf.uns.ac.rs\/nevena.dugandzija\/wp-content\/uploads\/sites\/42\/2019\/09\/okt-18-19-re\u0161enja.pdf\">okt 18-19 re\u0161enja<\/a><\/p>\n<p><em>Materijal sa ve\u017ebi:<\/em><\/p>\n<p><a href=\"https:\/\/personal.pmf.uns.ac.rs\/nevena.dugandzija\/wp-content\/uploads\/sites\/42\/2018\/11\/Visedimenzionalna-normalna-raspodela.pdf\">Visedimenzionalna normalna raspodela<\/a><\/p>\n<p>Na pismeni je dozvoljeno poneti digitron i pribor za pisanje. Tablice normalne raspodele \u0107e biti podeljene.<br \/>O\u010dekivanja, disperzije i karakteristi\u010dne funkcije zna\u010dajnih slu\u010dajnih promenljivih \u0107e biti napisane ukoliko bude potrebno.<br \/>Dolazak na usmeni potrebno je potvrditi mejlom (nakon objavljenih rezultata pismenog).<\/p>\n\n\n<p><\/p>\n","protected":false},"excerpt":{"rendered":"<p>Ispit se sastoji iz pismenog (60 bodova) i usmenog dela (40 bodova). Literatura: &#8220;Verovatno\u0107a&#8221;, Danijela &#8211; Rajter \u0106iri\u0107 &#8220;Zbirka re\u0161enih zadataka iz verovatno\u0107e i statistike&#8221;, D. Rajter, Z. Lozanov &#8211; Crvenkovi\u0107 &#8220;Re\u0161eni ispitni zadaci iz Verovatno\u0107e i Statistike za studente informatike&#8221;, D. Sele\u0161i &#8220;Zbirka re\u0161enih zadataka iz verovatno\u0107e i statistike&#8221;\u00a0Statistika zbirka Prethodni rokovi: 2016\/17:\u00a0Verovatnoca-pismeni-januar-2017-reseni-zadaci\u00a0 \u00a0res_kolokvijum-2017\u00a0 \u00a0Verovatnoca-resenja-septembar-2017\u00a0 \u00a0Verovatnoca-resenja-zadataka-u-aprilskom-roku-2017\u00a0 \u00a0 \u00a0Ver-okt-2017\u00a0\u00a0\u00a0ver-resenja-oktobar-2017\u00a0 \u00a0 \u00a0 \u00a0ver-res-jun-2017\u00a0 \u00a0\u00a0jun-2017 2017\/18:\u00a0Verovatnoca_januar2018_resenja\u00a0 \u00a0 Verovatnoca_jun2018_resenja\u00a0 \u00a0 Oktobar-2018-resenja\u00a0 \u00a0\u00a0Septembar-2018-\u2013-res\u00a0 \u00a0 \u00a0Verovatnoca_april2018_resenja 2018\/19:\u00a0Verovatnoca_januar2019_resenja_M4\u00a0 \u00a0april 18-19 re\u0161enja\u00a0 \u00a0\u00a0jun 18-19 re\u0161enja\u00a0 sep-18-19-re\u0161enja okt 18-19 re\u0161enja Materijal sa ve\u017ebi:&#8230;<span class=\"clearfix clearfix-post\"><\/span><a href=\"https:\/\/personal.pmf.uns.ac.rs\/nevena.dugandzija\/nastava\/verovatnoca\/\" class=\"more-link\">Continue Reading <span class=\"screen-reader-text\">&#8220;Verovatno\u0107a (M4)&#8221;<\/span> <span class=\"meta-nav\">&rarr;<\/span><\/a><\/p>\n","protected":false},"author":55,"featured_media":0,"parent":26,"menu_order":0,"comment_status":"closed","ping_status":"closed","template":"","meta":{"_monsterinsights_skip_tracking":false,"_monsterinsights_sitenote_active":false,"_monsterinsights_sitenote_note":"","_monsterinsights_sitenote_category":0,"footnotes":""},"class_list":["post-746","page","type-page","status-publish","hentry"],"_links":{"self":[{"href":"https:\/\/personal.pmf.uns.ac.rs\/nevena.dugandzija\/wp-json\/wp\/v2\/pages\/746","targetHints":{"allow":["GET"]}}],"collection":[{"href":"https:\/\/personal.pmf.uns.ac.rs\/nevena.dugandzija\/wp-json\/wp\/v2\/pages"}],"about":[{"href":"https:\/\/personal.pmf.uns.ac.rs\/nevena.dugandzija\/wp-json\/wp\/v2\/types\/page"}],"author":[{"embeddable":true,"href":"https:\/\/personal.pmf.uns.ac.rs\/nevena.dugandzija\/wp-json\/wp\/v2\/users\/55"}],"replies":[{"embeddable":true,"href":"https:\/\/personal.pmf.uns.ac.rs\/nevena.dugandzija\/wp-json\/wp\/v2\/comments?post=746"}],"version-history":[{"count":17,"href":"https:\/\/personal.pmf.uns.ac.rs\/nevena.dugandzija\/wp-json\/wp\/v2\/pages\/746\/revisions"}],"predecessor-version":[{"id":963,"href":"https:\/\/personal.pmf.uns.ac.rs\/nevena.dugandzija\/wp-json\/wp\/v2\/pages\/746\/revisions\/963"}],"up":[{"embeddable":true,"href":"https:\/\/personal.pmf.uns.ac.rs\/nevena.dugandzija\/wp-json\/wp\/v2\/pages\/26"}],"wp:attachment":[{"href":"https:\/\/personal.pmf.uns.ac.rs\/nevena.dugandzija\/wp-json\/wp\/v2\/media?parent=746"}],"curies":[{"name":"wp","href":"https:\/\/api.w.org\/{rel}","templated":true}]}}