{"id":613,"date":"2017-02-09T13:41:08","date_gmt":"2017-02-09T12:41:08","guid":{"rendered":"https:\/\/personal.pmf.uns.ac.rs\/nevena.dugandzija\/?page_id=613"},"modified":"2017-02-09T13:41:08","modified_gmt":"2017-02-09T12:41:08","slug":"201617-2","status":"publish","type":"page","link":"https:\/\/personal.pmf.uns.ac.rs\/nevena.dugandzija\/nastava\/arhiva\/201617-2\/","title":{"rendered":"2016\/17"},"content":{"rendered":"<ul>\n<li>Rezultati pismenog ispita iz Op\u0161te matematike su u prilogu:<br \/>\n<a href=\"https:\/\/personal.pmf.uns.ac.rs\/nevena.dugandzija\/wp-content\/uploads\/sites\/42\/2015\/11\/rezultati_hemicari-2.pdf\">rezultati_hemicari<\/a><br \/>\nRadovi se mogu pogledati na usmenom.<\/li>\n<li>Rezultati pismenog ispita iz Primenjene statistike su u prilogu:<br \/>\n<a href=\"https:\/\/personal.pmf.uns.ac.rs\/nevena.dugandzija\/wp-content\/uploads\/sites\/42\/2015\/11\/predrok-16-17.pdf\">predrok 16-17<\/a><br \/>\nNaredni rok je 10.2. u 13h, amf. A1.<\/li>\n<li>Ispravljeni rezultati drugog kolokvijuma iz Op\u0161te matematike su u prilogu:<br \/>\n<a href=\"https:\/\/personal.pmf.uns.ac.rs\/nevena.dugandzija\/wp-content\/uploads\/sites\/42\/2015\/11\/rezultati_hemicari.pdf\">rezultati_hemicari<\/a><br \/>\nStudenti koji nisu pogledali radove mogu potra\u017eiti mene (kabinet 41) ili koleginicu Aniku (kabinet 14) ili sa\u010dekati naredna predavanja\/ve\u017ebe. Ukoliko \u017eelite da pogledate zadatke iz funkcija pitajte profesoricu na predavanju.<\/li>\n<li>Rezultati kolokvijuma iz Uvoda u analizu su u prilogu<a href=\"https:\/\/personal.pmf.uns.ac.rs\/nevena.dugandzija\/wp-content\/uploads\/sites\/42\/2015\/11\/kolokvijum_rezultati.pdf\"><br \/>\n<\/a><a href=\"https:\/\/personal.pmf.uns.ac.rs\/nevena.dugandzija\/wp-content\/uploads\/sites\/42\/2015\/11\/kolokvijum_rezultati-1.pdf\">kolokvijum_rezultati-1<\/a><a href=\"https:\/\/personal.pmf.uns.ac.rs\/nevena.dugandzija\/wp-content\/uploads\/sites\/42\/2015\/11\/kolokvijum_rezultati.pdf\"><br \/>\n<\/a>Radovi se mogu pogledati u ponedeljak u 13h u kabinetu 14.<\/li>\n<li>Kona\u010dni (ispravljeni) rezultati\u00a0prvog kolokvijuma iz Op\u0161te matematike su u prilogu:<br \/>\n<a href=\"https:\/\/personal.pmf.uns.ac.rs\/nevena.dugandzija\/wp-content\/uploads\/sites\/42\/2016\/11\/prvi-kolokvijum_hemicari-4.pdf\">prvi-kolokvijum_hemicari-4<\/a><a href=\"https:\/\/personal.pmf.uns.ac.rs\/nevena.dugandzija\/wp-content\/uploads\/sites\/42\/2015\/11\/prvi-kolokvijum_hemicari.pdf\"><br \/>\n<\/a>Zadaci iz funkcija se mogu pogledati u petak kod profesorice.<\/li>\n<\/ul>\n","protected":false},"excerpt":{"rendered":"<p>Rezultati pismenog ispita iz Op\u0161te matematike su u prilogu: rezultati_hemicari Radovi se mogu pogledati na usmenom. Rezultati pismenog ispita iz Primenjene statistike su u prilogu: predrok 16-17 Naredni rok je 10.2. u 13h, amf. A1. Ispravljeni rezultati drugog kolokvijuma iz Op\u0161te matematike su u prilogu: rezultati_hemicari Studenti koji nisu pogledali radove mogu potra\u017eiti mene (kabinet 41) ili koleginicu Aniku (kabinet 14) ili sa\u010dekati naredna predavanja\/ve\u017ebe. Ukoliko \u017eelite da pogledate zadatke iz funkcija pitajte profesoricu na predavanju. Rezultati kolokvijuma iz Uvoda u analizu su u prilogu&#8230;<span class=\"clearfix clearfix-post\"><\/span><a href=\"https:\/\/personal.pmf.uns.ac.rs\/nevena.dugandzija\/nastava\/arhiva\/201617-2\/\" class=\"more-link\">Continue Reading <span class=\"screen-reader-text\">&#8220;2016\/17&#8221;<\/span> <span class=\"meta-nav\">&rarr;<\/span><\/a><\/p>\n","protected":false},"author":55,"featured_media":0,"parent":401,"menu_order":0,"comment_status":"closed","ping_status":"closed","template":"","meta":{"_monsterinsights_skip_tracking":false,"_monsterinsights_sitenote_active":false,"_monsterinsights_sitenote_note":"","_monsterinsights_sitenote_category":0,"footnotes":""},"class_list":["post-613","page","type-page","status-publish","hentry"],"_links":{"self":[{"href":"https:\/\/personal.pmf.uns.ac.rs\/nevena.dugandzija\/wp-json\/wp\/v2\/pages\/613","targetHints":{"allow":["GET"]}}],"collection":[{"href":"https:\/\/personal.pmf.uns.ac.rs\/nevena.dugandzija\/wp-json\/wp\/v2\/pages"}],"about":[{"href":"https:\/\/personal.pmf.uns.ac.rs\/nevena.dugandzija\/wp-json\/wp\/v2\/types\/page"}],"author":[{"embeddable":true,"href":"https:\/\/personal.pmf.uns.ac.rs\/nevena.dugandzija\/wp-json\/wp\/v2\/users\/55"}],"replies":[{"embeddable":true,"href":"https:\/\/personal.pmf.uns.ac.rs\/nevena.dugandzija\/wp-json\/wp\/v2\/comments?post=613"}],"version-history":[{"count":1,"href":"https:\/\/personal.pmf.uns.ac.rs\/nevena.dugandzija\/wp-json\/wp\/v2\/pages\/613\/revisions"}],"predecessor-version":[{"id":614,"href":"https:\/\/personal.pmf.uns.ac.rs\/nevena.dugandzija\/wp-json\/wp\/v2\/pages\/613\/revisions\/614"}],"up":[{"embeddable":true,"href":"https:\/\/personal.pmf.uns.ac.rs\/nevena.dugandzija\/wp-json\/wp\/v2\/pages\/401"}],"wp:attachment":[{"href":"https:\/\/personal.pmf.uns.ac.rs\/nevena.dugandzija\/wp-json\/wp\/v2\/media?parent=613"}],"curies":[{"name":"wp","href":"https:\/\/api.w.org\/{rel}","templated":true}]}}