{"id":501,"date":"2016-11-10T10:16:22","date_gmt":"2016-11-10T09:16:22","guid":{"rendered":"https:\/\/personal.pmf.uns.ac.rs\/nevena.dugandzija\/?page_id=501"},"modified":"2018-12-25T12:14:15","modified_gmt":"2018-12-25T11:14:15","slug":"primenjena-statistika","status":"publish","type":"page","link":"https:\/\/personal.pmf.uns.ac.rs\/nevena.dugandzija\/nastava\/primenjena-statistika\/","title":{"rendered":"Primenjena statistika"},"content":{"rendered":"<p>Literatura<\/p>\n<ul>\n<li><em>&#8220;Statistika&#8221;<\/em>, Zagorka Lozanov-Crvenkovi\u0107<\/li>\n<li><a href=\"https:\/\/personal.pmf.uns.ac.rs\/nevena.dugandzija\/wp-content\/uploads\/sites\/42\/2016\/02\/Statistika-zbirka.pdf\" rel=\"\">Statistika zbirka<\/a><\/li>\n<li><a href=\"https:\/\/personal.pmf.uns.ac.rs\/nevena.dugandzija\/wp-content\/uploads\/sites\/42\/2016\/11\/Slucajne_promenljive.pdf\">slucajne_promenljive<\/a><\/li>\n<li><a href=\"https:\/\/personal.pmf.uns.ac.rs\/nevena.dugandzija\/wp-content\/uploads\/sites\/42\/2016\/11\/tablice.pdf\">tablice<\/a><\/li>\n<\/ul>\n<p>Ispit se sastoji iz pismenog dela (40 bodova), seminarskog (20 bodova) i usmenog dela ispita (40 bodova).<\/p>\n<p>Gradivo za pismeni ispit:<\/p>\n<ul>\n<li>Deskriptivna statistika<\/li>\n<li>Ta\u010dkaste ocene parametara<\/li>\n<li>Testiranje hipoteza<\/li>\n<li>Hi-kvadrat test<\/li>\n<li>Mann-Whitney-ev test<\/li>\n<\/ul>\n<p>Materijal s ve\u017ebi<\/p>\n<p><a href=\"https:\/\/personal.pmf.uns.ac.rs\/nevena.dugandzija\/wp-content\/uploads\/sites\/42\/2018\/11\/deskriptivna-statistika-i-ta\u010dkaste-ocene.pdf\">deskriptivna statistika i ta\u010dkaste ocene<\/a><\/p>\n<p><a href=\"https:\/\/personal.pmf.uns.ac.rs\/nevena.dugandzija\/wp-content\/uploads\/sites\/42\/2018\/11\/ta\u010dkaste-ocene-nastavak.pdf\">ta\u010dkaste ocene nastavak<\/a><\/p>\n<p><a href=\"https:\/\/personal.pmf.uns.ac.rs\/nevena.dugandzija\/wp-content\/uploads\/sites\/42\/2018\/11\/testiranje-hipoteza.pdf\">testiranje hipoteza<\/a><\/p>\n<p><a href=\"https:\/\/personal.pmf.uns.ac.rs\/nevena.dugandzija\/wp-content\/uploads\/sites\/42\/2018\/11\/neparametarski-testovi.pdf\">neparametarski testovi<\/a><\/p>\n<p>&nbsp;<\/p>\n<p>Zadaci za ve\u017ebu<\/p>\n<p><a href=\"https:\/\/personal.pmf.uns.ac.rs\/nevena.dugandzija\/wp-content\/uploads\/sites\/42\/2018\/12\/jun-17-18.pdf\">jun 17-18<\/a><\/p>\n<p><a href=\"https:\/\/personal.pmf.uns.ac.rs\/nevena.dugandzija\/wp-content\/uploads\/sites\/42\/2018\/12\/oktobar-17-18.pdf\">oktobar 17-18<\/a><\/p>\n<p><a href=\"https:\/\/personal.pmf.uns.ac.rs\/nevena.dugandzija\/wp-content\/uploads\/sites\/42\/2018\/12\/april-17-18.pdf\">april 17-18<\/a><\/p>\n<p><a href=\"https:\/\/personal.pmf.uns.ac.rs\/nevena.dugandzija\/wp-content\/uploads\/sites\/42\/2018\/12\/januar-17-18.pdf\">januar 17-18<\/a><\/p>\n","protected":false},"excerpt":{"rendered":"<p>Literatura &#8220;Statistika&#8221;, Zagorka Lozanov-Crvenkovi\u0107 Statistika zbirka slucajne_promenljive tablice Ispit se sastoji iz pismenog dela (40 bodova), seminarskog (20 bodova) i usmenog dela ispita (40 bodova). Gradivo za pismeni ispit: Deskriptivna statistika Ta\u010dkaste ocene parametara Testiranje hipoteza Hi-kvadrat test Mann-Whitney-ev test Materijal s ve\u017ebi deskriptivna statistika i ta\u010dkaste ocene ta\u010dkaste ocene nastavak testiranje hipoteza neparametarski testovi &nbsp; Zadaci za ve\u017ebu jun 17-18 oktobar 17-18 april 17-18 januar 17-18<\/p>\n","protected":false},"author":55,"featured_media":0,"parent":26,"menu_order":0,"comment_status":"closed","ping_status":"closed","template":"","meta":{"_monsterinsights_skip_tracking":false,"_monsterinsights_sitenote_active":false,"_monsterinsights_sitenote_note":"","_monsterinsights_sitenote_category":0,"footnotes":""},"class_list":["post-501","page","type-page","status-publish","hentry"],"_links":{"self":[{"href":"https:\/\/personal.pmf.uns.ac.rs\/nevena.dugandzija\/wp-json\/wp\/v2\/pages\/501","targetHints":{"allow":["GET"]}}],"collection":[{"href":"https:\/\/personal.pmf.uns.ac.rs\/nevena.dugandzija\/wp-json\/wp\/v2\/pages"}],"about":[{"href":"https:\/\/personal.pmf.uns.ac.rs\/nevena.dugandzija\/wp-json\/wp\/v2\/types\/page"}],"author":[{"embeddable":true,"href":"https:\/\/personal.pmf.uns.ac.rs\/nevena.dugandzija\/wp-json\/wp\/v2\/users\/55"}],"replies":[{"embeddable":true,"href":"https:\/\/personal.pmf.uns.ac.rs\/nevena.dugandzija\/wp-json\/wp\/v2\/comments?post=501"}],"version-history":[{"count":13,"href":"https:\/\/personal.pmf.uns.ac.rs\/nevena.dugandzija\/wp-json\/wp\/v2\/pages\/501\/revisions"}],"predecessor-version":[{"id":806,"href":"https:\/\/personal.pmf.uns.ac.rs\/nevena.dugandzija\/wp-json\/wp\/v2\/pages\/501\/revisions\/806"}],"up":[{"embeddable":true,"href":"https:\/\/personal.pmf.uns.ac.rs\/nevena.dugandzija\/wp-json\/wp\/v2\/pages\/26"}],"wp:attachment":[{"href":"https:\/\/personal.pmf.uns.ac.rs\/nevena.dugandzija\/wp-json\/wp\/v2\/media?parent=501"}],"curies":[{"name":"wp","href":"https:\/\/api.w.org\/{rel}","templated":true}]}}