{"id":50,"date":"2014-03-09T14:59:35","date_gmt":"2014-03-09T13:59:35","guid":{"rendered":"http:\/\/personal.pmf.uns.ac.rs\/nevena.mutlak\/?page_id=50"},"modified":"2019-10-06T13:10:52","modified_gmt":"2019-10-06T12:10:52","slug":"obavestenja","status":"publish","type":"page","link":"https:\/\/personal.pmf.uns.ac.rs\/nevena.dugandzija\/nastava\/obavestenja\/","title":{"rendered":"Obave\u0161tenja"},"content":{"rendered":"<p>Sutra\u0161nje ve\u017ebe iz Verovatno\u0107e (7.10.) se ne\u0107e odrzati.<\/p>\n<p>Pravila za pismeni i usmeni iz Verovatno\u0107e:<br \/>\nNa pismeni je dozvoljeno poneti digitron i pribor za pisanje. Tablice normalne raspodele \u0107e biti podeljene.<br \/>\nO\u010dekivanja, disperzije i karakteristi\u010dne funkcije zna\u010dajnih slu\u010dajnih promenljivih \u0107e biti napisane ukoliko bude potrebno.<br \/>\nDolazak na usmeni potrebno je potvrditi mejlom i za izlazak na usmeni neophodno je prijaviti ispit.<\/p>\n","protected":false},"excerpt":{"rendered":"<p>Sutra\u0161nje ve\u017ebe iz Verovatno\u0107e (7.10.) se ne\u0107e odrzati. Pravila za pismeni i usmeni iz Verovatno\u0107e: Na pismeni je dozvoljeno poneti digitron i pribor za pisanje. Tablice normalne raspodele \u0107e biti podeljene. O\u010dekivanja, disperzije i karakteristi\u010dne funkcije zna\u010dajnih slu\u010dajnih promenljivih \u0107e biti napisane ukoliko bude potrebno. Dolazak na usmeni potrebno je potvrditi mejlom i za izlazak na usmeni neophodno je prijaviti ispit.<\/p>\n","protected":false},"author":50,"featured_media":0,"parent":26,"menu_order":0,"comment_status":"closed","ping_status":"closed","template":"","meta":{"_monsterinsights_skip_tracking":false,"_monsterinsights_sitenote_active":false,"_monsterinsights_sitenote_note":"","_monsterinsights_sitenote_category":0,"footnotes":""},"class_list":["post-50","page","type-page","status-publish","hentry"],"_links":{"self":[{"href":"https:\/\/personal.pmf.uns.ac.rs\/nevena.dugandzija\/wp-json\/wp\/v2\/pages\/50","targetHints":{"allow":["GET"]}}],"collection":[{"href":"https:\/\/personal.pmf.uns.ac.rs\/nevena.dugandzija\/wp-json\/wp\/v2\/pages"}],"about":[{"href":"https:\/\/personal.pmf.uns.ac.rs\/nevena.dugandzija\/wp-json\/wp\/v2\/types\/page"}],"author":[{"embeddable":true,"href":"https:\/\/personal.pmf.uns.ac.rs\/nevena.dugandzija\/wp-json\/wp\/v2\/users\/50"}],"replies":[{"embeddable":true,"href":"https:\/\/personal.pmf.uns.ac.rs\/nevena.dugandzija\/wp-json\/wp\/v2\/comments?post=50"}],"version-history":[{"count":181,"href":"https:\/\/personal.pmf.uns.ac.rs\/nevena.dugandzija\/wp-json\/wp\/v2\/pages\/50\/revisions"}],"predecessor-version":[{"id":1002,"href":"https:\/\/personal.pmf.uns.ac.rs\/nevena.dugandzija\/wp-json\/wp\/v2\/pages\/50\/revisions\/1002"}],"up":[{"embeddable":true,"href":"https:\/\/personal.pmf.uns.ac.rs\/nevena.dugandzija\/wp-json\/wp\/v2\/pages\/26"}],"wp:attachment":[{"href":"https:\/\/personal.pmf.uns.ac.rs\/nevena.dugandzija\/wp-json\/wp\/v2\/media?parent=50"}],"curies":[{"name":"wp","href":"https:\/\/api.w.org\/{rel}","templated":true}]}}