{"id":492,"date":"2016-11-10T08:44:49","date_gmt":"2016-11-10T07:44:49","guid":{"rendered":"https:\/\/personal.pmf.uns.ac.rs\/nevena.dugandzija\/?page_id=492"},"modified":"2016-12-28T09:14:57","modified_gmt":"2016-12-28T08:14:57","slug":"analiza-za-informaticare","status":"publish","type":"page","link":"https:\/\/personal.pmf.uns.ac.rs\/nevena.dugandzija\/nastava\/analiza-za-informaticare\/","title":{"rendered":"Analiza za informati\u010dare"},"content":{"rendered":"<p>Zbirke:<\/p>\n<ul>\n<li><em>&#8220;Matemati\u010dke metode za studente prirodnih nauka&#8221;,<\/em> O. Had\u017ei\u0107 i \u0110. Taka\u010di &#8211; knjiga sadr\u017ei oblasti koje radimo na ve\u017ebama (i vi\u0161e od toga), kao i prate\u0107u teoriju<\/li>\n<li><em>&#8220;Analiza 1&#8221;,\u00a0<\/em>\u0110. Taka\u010di, A. Taka\u010di, I. \u0160tajner-Papuga, N. \u0110api\u0107<\/li>\n<li><em>\u201cElementi vi\u0161e matematike\u201d, <\/em>\u0110. Taka\u010di, A. Taka\u010di, A. Taka\u010di<\/li>\n<li>http:\/\/imft.ftn.uns.ac.rs\/~slavica\/zbirka_4.pdf<\/li>\n<li>http:\/\/www.cwladis.com\/math301\/indeterminateforms.php<\/li>\n<li><a href=\"https:\/\/personal.pmf.uns.ac.rs\/nevena.dugandzija\/wp-content\/uploads\/sites\/42\/2016\/11\/tablica-limesa.pdf\">tablica-limesa<\/a><\/li>\n<\/ul>\n<p>Ispit se pola\u017ee po A modelu, sastoji se iz dva kolokvijuma od po 30 bodova i usmenog od 40 bodova. Popravni kolokvijumi su u januarsko-februarskom, aprilskom i septembarskom ispitnom roku.<\/p>\n<p>Materijal sa ve\u017ebi:<\/p>\n<ul>\n<li><a href=\"https:\/\/personal.pmf.uns.ac.rs\/nevena.dugandzija\/wp-content\/uploads\/sites\/42\/2016\/11\/1.-ve\u017ebe.pdf\">1-vezbe<\/a><\/li>\n<li><a href=\"https:\/\/personal.pmf.uns.ac.rs\/nevena.dugandzija\/wp-content\/uploads\/sites\/42\/2016\/11\/2.-ve\u017ebe-1.pdf\">2-vezbe<\/a><\/li>\n<li><a href=\"https:\/\/personal.pmf.uns.ac.rs\/nevena.dugandzija\/wp-content\/uploads\/sites\/42\/2016\/11\/3.-ve\u017ebe.pdf\">3-vezbe<\/a><\/li>\n<li><a href=\"https:\/\/personal.pmf.uns.ac.rs\/nevena.dugandzija\/wp-content\/uploads\/sites\/42\/2016\/11\/4.-ve\u017ebe.pdf\">4-vezbe<\/a><\/li>\n<li><a href=\"https:\/\/personal.pmf.uns.ac.rs\/nevena.dugandzija\/wp-content\/uploads\/sites\/42\/2016\/11\/5.-ve\u017ebe.pdf\">5-vezbe<\/a><\/li>\n<li><a href=\"https:\/\/personal.pmf.uns.ac.rs\/nevena.dugandzija\/wp-content\/uploads\/sites\/42\/2016\/11\/Dodatni-zadaci.pdf\">dodatni-zadaci<\/a><\/li>\n<li><a href=\"https:\/\/personal.pmf.uns.ac.rs\/nevena.dugandzija\/wp-content\/uploads\/sites\/42\/2016\/11\/6.-ve\u017ebe.pdf\">6-vezbe<\/a><\/li>\n<li><a href=\"https:\/\/personal.pmf.uns.ac.rs\/nevena.dugandzija\/wp-content\/uploads\/sites\/42\/2016\/11\/7.-ve\u017ebe.pdf\">7-vezbe<\/a><\/li>\n<li><a href=\"https:\/\/personal.pmf.uns.ac.rs\/nevena.dugandzija\/wp-content\/uploads\/sites\/42\/2016\/11\/tablice-1.pdf\">tablice<\/a><\/li>\n<li><a href=\"https:\/\/personal.pmf.uns.ac.rs\/nevena.dugandzija\/wp-content\/uploads\/sites\/42\/2016\/11\/8.-ve\u017ebe.pdf\">8-vezbe<\/a><\/li>\n<li><a href=\"https:\/\/personal.pmf.uns.ac.rs\/nevena.dugandzija\/wp-content\/uploads\/sites\/42\/2016\/11\/recepti-za-integrale.pdf\">recepti-za-integrale<\/a>\u00a0(vi\u0161e nego \u0161to smo radili)<\/li>\n<li><a href=\"https:\/\/personal.pmf.uns.ac.rs\/nevena.dugandzija\/wp-content\/uploads\/sites\/42\/2016\/11\/9.-ve\u017ebe.pdf\">9-vezbe<\/a><\/li>\n<li><a href=\"https:\/\/personal.pmf.uns.ac.rs\/nevena.dugandzija\/wp-content\/uploads\/sites\/42\/2016\/11\/10.-ve\u017ebe.pdf\">10-vezbe<\/a><\/li>\n<li><a href=\"https:\/\/personal.pmf.uns.ac.rs\/nevena.dugandzija\/wp-content\/uploads\/sites\/42\/2016\/11\/12.-vezbe.pdf\">12-vezbe<\/a><\/li>\n<\/ul>\n<p>&nbsp;<\/p>\n","protected":false},"excerpt":{"rendered":"<p>Zbirke: &#8220;Matemati\u010dke metode za studente prirodnih nauka&#8221;, O. Had\u017ei\u0107 i \u0110. Taka\u010di &#8211; knjiga sadr\u017ei oblasti koje radimo na ve\u017ebama (i vi\u0161e od toga), kao i prate\u0107u teoriju &#8220;Analiza 1&#8221;,\u00a0\u0110. Taka\u010di, A. Taka\u010di, I. \u0160tajner-Papuga, N. \u0110api\u0107 \u201cElementi vi\u0161e matematike\u201d, \u0110. Taka\u010di, A. Taka\u010di, A. Taka\u010di http:\/\/imft.ftn.uns.ac.rs\/~slavica\/zbirka_4.pdf http:\/\/www.cwladis.com\/math301\/indeterminateforms.php tablica-limesa Ispit se pola\u017ee po A modelu, sastoji se iz dva kolokvijuma od po 30 bodova i usmenog od 40 bodova. Popravni kolokvijumi su u januarsko-februarskom, aprilskom i septembarskom ispitnom roku. Materijal sa ve\u017ebi: 1-vezbe 2-vezbe 3-vezbe&#8230;<span class=\"clearfix clearfix-post\"><\/span><a href=\"https:\/\/personal.pmf.uns.ac.rs\/nevena.dugandzija\/nastava\/analiza-za-informaticare\/\" class=\"more-link\">Continue Reading <span class=\"screen-reader-text\">&#8220;Analiza za informati\u010dare&#8221;<\/span> <span class=\"meta-nav\">&rarr;<\/span><\/a><\/p>\n","protected":false},"author":55,"featured_media":0,"parent":26,"menu_order":0,"comment_status":"closed","ping_status":"closed","template":"","meta":{"_monsterinsights_skip_tracking":false,"_monsterinsights_sitenote_active":false,"_monsterinsights_sitenote_note":"","_monsterinsights_sitenote_category":0,"footnotes":""},"class_list":["post-492","page","type-page","status-publish","hentry"],"_links":{"self":[{"href":"https:\/\/personal.pmf.uns.ac.rs\/nevena.dugandzija\/wp-json\/wp\/v2\/pages\/492","targetHints":{"allow":["GET"]}}],"collection":[{"href":"https:\/\/personal.pmf.uns.ac.rs\/nevena.dugandzija\/wp-json\/wp\/v2\/pages"}],"about":[{"href":"https:\/\/personal.pmf.uns.ac.rs\/nevena.dugandzija\/wp-json\/wp\/v2\/types\/page"}],"author":[{"embeddable":true,"href":"https:\/\/personal.pmf.uns.ac.rs\/nevena.dugandzija\/wp-json\/wp\/v2\/users\/55"}],"replies":[{"embeddable":true,"href":"https:\/\/personal.pmf.uns.ac.rs\/nevena.dugandzija\/wp-json\/wp\/v2\/comments?post=492"}],"version-history":[{"count":18,"href":"https:\/\/personal.pmf.uns.ac.rs\/nevena.dugandzija\/wp-json\/wp\/v2\/pages\/492\/revisions"}],"predecessor-version":[{"id":578,"href":"https:\/\/personal.pmf.uns.ac.rs\/nevena.dugandzija\/wp-json\/wp\/v2\/pages\/492\/revisions\/578"}],"up":[{"embeddable":true,"href":"https:\/\/personal.pmf.uns.ac.rs\/nevena.dugandzija\/wp-json\/wp\/v2\/pages\/26"}],"wp:attachment":[{"href":"https:\/\/personal.pmf.uns.ac.rs\/nevena.dugandzija\/wp-json\/wp\/v2\/media?parent=492"}],"curies":[{"name":"wp","href":"https:\/\/api.w.org\/{rel}","templated":true}]}}