{"id":405,"date":"2016-08-05T10:22:29","date_gmt":"2016-08-05T09:22:29","guid":{"rendered":"https:\/\/personal.pmf.uns.ac.rs\/nevena.dugandzija\/?page_id=405"},"modified":"2016-11-14T14:02:59","modified_gmt":"2016-11-14T13:02:59","slug":"2016-2","status":"publish","type":"page","link":"https:\/\/personal.pmf.uns.ac.rs\/nevena.dugandzija\/nastava\/arhiva\/2016-2\/","title":{"rendered":"2015\/16"},"content":{"rendered":"<ul>\n<li>Rezultati iz Poslovne statistike, oktobar 2:<br \/>\n<a href=\"https:\/\/personal.pmf.uns.ac.rs\/nevena.dugandzija\/wp-content\/uploads\/sites\/42\/2015\/11\/oktobar-2.pdf\">oktobar-2<\/a><\/li>\n<li>Rezultati iz Poslovne statistike su u prilogu<br \/>\n<a href=\"https:\/\/personal.pmf.uns.ac.rs\/nevena.dugandzija\/wp-content\/uploads\/sites\/42\/2015\/11\/oktobar-2016-2.pdf\">oktobar-2016<\/a><br \/>\nTermin za upis ocene bi\u0107e naknadno objavljen.<\/li>\n<li>Rezultati pismenog dela iz Uvoda u analizu su u prilogu<br \/>\n<a href=\"https:\/\/personal.pmf.uns.ac.rs\/nevena.dugandzija\/wp-content\/uploads\/sites\/42\/2015\/11\/Oktobar-2016-1.pdf\">oktobar-2016<\/a><a href=\"https:\/\/personal.pmf.uns.ac.rs\/nevena.dugandzija\/wp-content\/uploads\/sites\/42\/2015\/11\/Oktobar-2016.pdf\"><br \/>\nI<\/a>SPRAVKA: studenti koji u zbiru sa kolokvijumom imaju 50 i vi\u0161e bodova se pozivaju na usmeni.<\/li>\n<li>Rezultati pismenog dela iz Statistike su u prilogu<br \/>\n<a href=\"https:\/\/personal.pmf.uns.ac.rs\/nevena.dugandzija\/wp-content\/uploads\/sites\/42\/2015\/11\/oktobar-2016-1.pdf\">oktobar-2016<\/a><br \/>\nPolo\u017eili su svi sa 25 i vi\u0161e bodova, studenti sa 22 boda se pozivaju uslovno na usmeni. Usmeni je 5.10. u 8:30 u sali 65.<br \/>\nRadovi se mogu pogledati sutra (petak) u 9h ili u ponedeljak u 12h\u00a0u kabinetu\u00a014.<br \/>\nJaviti se mejlom radi prakti\u010dnog dela ispita.<\/li>\n<li>Rezultati septembarskog roka iz Poslovne statistike su u prilogu.<a href=\"https:\/\/personal.pmf.uns.ac.rs\/nevena.dugandzija\/wp-content\/uploads\/sites\/42\/2015\/11\/septembar-rezultati.pdf\"><br \/>\nseptembar rezultati<br \/>\nR<\/a>adovi se mogu pogledati u ponedeljak, 5.9. u 12h, kabinet 14.<\/li>\n<\/ul>\n<ul>\n<li>Rezultati iz Poslovne statistike iz\u00a0julskog roka:<br \/>\n<a href=\"https:\/\/personal.pmf.uns.ac.rs\/nevena.dugandzija\/wp-content\/uploads\/sites\/42\/2015\/11\/Geografi-jul-2016-rezultati.pdf\">Geografi &#8211; jul 2016 &#8211; rezultati<\/a><br \/>\nRadovi iz drugog dela mogu se pogledati sutra, 6.7. u 10h., kabinet 14h. Za prvi deo javiti se Branku:<br \/>\nbranko.markovic@dmi.uns.ac.rs<\/li>\n<li>Rezultati iz Statistike M0 smera:<br \/>\n<a href=\"https:\/\/personal.pmf.uns.ac.rs\/nevena.dugandzija\/wp-content\/uploads\/sites\/42\/2015\/11\/rezstatM0jun2016.pdf\">rezstatM0jun2016<\/a><\/li>\n<li>Rezultati pismenog iz Statistike:<br \/>\n<a href=\"https:\/\/personal.pmf.uns.ac.rs\/nevena.dugandzija\/wp-content\/uploads\/sites\/42\/2015\/11\/statistika-jun-2016-1.pdf\">statistika jun 2016<\/a><\/li>\n<li>Rezultati popravnog iz Poslovne statistike:<br \/>\n<a href=\"https:\/\/personal.pmf.uns.ac.rs\/nevena.dugandzija\/wp-content\/uploads\/sites\/42\/2016\/06\/Geografi-jun-2016-REZULTATI.pdf\">Geografi &#8211; jun 2016 &#8211; REZULTATI<br \/>\n<\/a>Radovi iz prvog dela se mogu pogledati u \u010detvrtak u 10h, kabinet 14.<\/li>\n<li>Rezultati pismenog iz Uvoda u analizu:<br \/>\n<a href=\"https:\/\/personal.pmf.uns.ac.rs\/nevena.dugandzija\/wp-content\/uploads\/sites\/42\/2016\/06\/Uvod-jun-2016-REZULTATI.pdf\">Uvod jun 2016 &#8211; REZULTATI<\/a><br \/>\n(ISPRAVKA: radovi se mogu pogledati u petak u <strong>11h<\/strong>)<\/li>\n<li>Rezultati iz Op\u0161te matematike u junskom roku: <a href=\"https:\/\/personal.pmf.uns.ac.rs\/nevena.dugandzija\/wp-content\/uploads\/sites\/42\/2015\/11\/Jun-hemija-rezultati.pdf\">Jun hemija rezultati<\/a>.<br \/>\nTermin za pismeni u julskom roku je 4.7, ta\u010dno vreme bi\u0107e naknadno objavljeno.<\/li>\n<li><a href=\"https:\/\/personal.pmf.uns.ac.rs\/nevena.dugandzija\/wp-content\/uploads\/sites\/42\/2015\/11\/stat-M2-2015-1016.pdf\">stat M2 &#8211; 2015-1016<\/a><br \/>\nRezultati pismenog iz Statistike. Na usmeni se pozivaju oni koji imaju 25 i vi\u0161e na pismenom i oni koji sakupe 5 i vi\u0161e na prakti\u010dnom. Termin za usmeni bi\u0107e objavljen u \u010detvrtak.<\/li>\n<\/ul>\n","protected":false},"excerpt":{"rendered":"<p>Rezultati iz Poslovne statistike, oktobar 2: oktobar-2 Rezultati iz Poslovne statistike su u prilogu oktobar-2016 Termin za upis ocene bi\u0107e naknadno objavljen. Rezultati pismenog dela iz Uvoda u analizu su u prilogu oktobar-2016 ISPRAVKA: studenti koji u zbiru sa kolokvijumom imaju 50 i vi\u0161e bodova se pozivaju na usmeni. Rezultati pismenog dela iz Statistike su u prilogu oktobar-2016 Polo\u017eili su svi sa 25 i vi\u0161e bodova, studenti sa 22 boda se pozivaju uslovno na usmeni. Usmeni je 5.10. u 8:30 u sali 65. Radovi se&#8230;<span class=\"clearfix clearfix-post\"><\/span><a href=\"https:\/\/personal.pmf.uns.ac.rs\/nevena.dugandzija\/nastava\/arhiva\/2016-2\/\" class=\"more-link\">Continue Reading <span class=\"screen-reader-text\">&#8220;2015\/16&#8221;<\/span> <span class=\"meta-nav\">&rarr;<\/span><\/a><\/p>\n","protected":false},"author":55,"featured_media":0,"parent":401,"menu_order":0,"comment_status":"closed","ping_status":"closed","template":"","meta":{"_monsterinsights_skip_tracking":false,"_monsterinsights_sitenote_active":false,"_monsterinsights_sitenote_note":"","_monsterinsights_sitenote_category":0,"footnotes":""},"class_list":["post-405","page","type-page","status-publish","hentry"],"_links":{"self":[{"href":"https:\/\/personal.pmf.uns.ac.rs\/nevena.dugandzija\/wp-json\/wp\/v2\/pages\/405","targetHints":{"allow":["GET"]}}],"collection":[{"href":"https:\/\/personal.pmf.uns.ac.rs\/nevena.dugandzija\/wp-json\/wp\/v2\/pages"}],"about":[{"href":"https:\/\/personal.pmf.uns.ac.rs\/nevena.dugandzija\/wp-json\/wp\/v2\/types\/page"}],"author":[{"embeddable":true,"href":"https:\/\/personal.pmf.uns.ac.rs\/nevena.dugandzija\/wp-json\/wp\/v2\/users\/55"}],"replies":[{"embeddable":true,"href":"https:\/\/personal.pmf.uns.ac.rs\/nevena.dugandzija\/wp-json\/wp\/v2\/comments?post=405"}],"version-history":[{"count":3,"href":"https:\/\/personal.pmf.uns.ac.rs\/nevena.dugandzija\/wp-json\/wp\/v2\/pages\/405\/revisions"}],"predecessor-version":[{"id":530,"href":"https:\/\/personal.pmf.uns.ac.rs\/nevena.dugandzija\/wp-json\/wp\/v2\/pages\/405\/revisions\/530"}],"up":[{"embeddable":true,"href":"https:\/\/personal.pmf.uns.ac.rs\/nevena.dugandzija\/wp-json\/wp\/v2\/pages\/401"}],"wp:attachment":[{"href":"https:\/\/personal.pmf.uns.ac.rs\/nevena.dugandzija\/wp-json\/wp\/v2\/media?parent=405"}],"curies":[{"name":"wp","href":"https:\/\/api.w.org\/{rel}","templated":true}]}}