{"id":193,"date":"2015-11-13T16:41:17","date_gmt":"2015-11-13T15:41:17","guid":{"rendered":"http:\/\/personal.pmf.uns.ac.rs\/nevena.dugandzija\/?page_id=193"},"modified":"2019-09-12T11:26:14","modified_gmt":"2019-09-12T10:26:14","slug":"rezultati","status":"publish","type":"page","link":"https:\/\/personal.pmf.uns.ac.rs\/nevena.dugandzija\/nastava\/rezultati\/","title":{"rendered":"Rezultati"},"content":{"rendered":"<p>Rezultati pismenog iz Verovatno\u0107e su u prilogu, polo\u017eili su studenti sa 30 i vi\u0161e bodova.<\/p>\n<p><a href=\"https:\/\/personal.pmf.uns.ac.rs\/nevena.dugandzija\/wp-content\/uploads\/sites\/42\/2019\/09\/rezultati-oktobar.pdf\">rezultati oktobar<\/a><\/p>\n<p>Radovi se mogu pogledati danas u 12h ili sutra u 14:30h.<\/p>\n<p>Usmeni \u0107e biti krajem slede\u0107e nedelje (mogu\u0107i termini su <strong>sreda popodne<\/strong>, \u010detvrtak i petak), prijave do utorka u 12h na mejl<br \/>\nnevena.dugandzija@dmi.uns.ac.rs<\/p>\n<p>Za izlazak na usmeni neophodno je <strong>prijaviti<\/strong> ispit (na stud.slu\u017ebi).<\/p>\n<p>Re\u0161enja \u0107e biti uskoro objavljena na stranici\u00a0<a href=\"https:\/\/personal.pmf.uns.ac.rs\/nevena.dugandzija\/nastava\/verovatnoca\/\">Verovatno\u0107a (M4)<\/a>.<\/p>\n","protected":false},"excerpt":{"rendered":"<p>Rezultati pismenog iz Verovatno\u0107e su u prilogu, polo\u017eili su studenti sa 30 i vi\u0161e bodova. rezultati oktobar Radovi se mogu pogledati danas u 12h ili sutra u 14:30h. Usmeni \u0107e biti krajem slede\u0107e nedelje (mogu\u0107i termini su sreda popodne, \u010detvrtak i petak), prijave do utorka u 12h na mejl nevena.dugandzija@dmi.uns.ac.rs Za izlazak na usmeni neophodno je prijaviti ispit (na stud.slu\u017ebi). Re\u0161enja \u0107e biti uskoro objavljena na stranici\u00a0Verovatno\u0107a (M4).<\/p>\n","protected":false},"author":55,"featured_media":0,"parent":26,"menu_order":0,"comment_status":"closed","ping_status":"closed","template":"","meta":{"_monsterinsights_skip_tracking":false,"_monsterinsights_sitenote_active":false,"_monsterinsights_sitenote_note":"","_monsterinsights_sitenote_category":0,"footnotes":""},"class_list":["post-193","page","type-page","status-publish","hentry"],"_links":{"self":[{"href":"https:\/\/personal.pmf.uns.ac.rs\/nevena.dugandzija\/wp-json\/wp\/v2\/pages\/193","targetHints":{"allow":["GET"]}}],"collection":[{"href":"https:\/\/personal.pmf.uns.ac.rs\/nevena.dugandzija\/wp-json\/wp\/v2\/pages"}],"about":[{"href":"https:\/\/personal.pmf.uns.ac.rs\/nevena.dugandzija\/wp-json\/wp\/v2\/types\/page"}],"author":[{"embeddable":true,"href":"https:\/\/personal.pmf.uns.ac.rs\/nevena.dugandzija\/wp-json\/wp\/v2\/users\/55"}],"replies":[{"embeddable":true,"href":"https:\/\/personal.pmf.uns.ac.rs\/nevena.dugandzija\/wp-json\/wp\/v2\/comments?post=193"}],"version-history":[{"count":127,"href":"https:\/\/personal.pmf.uns.ac.rs\/nevena.dugandzija\/wp-json\/wp\/v2\/pages\/193\/revisions"}],"predecessor-version":[{"id":969,"href":"https:\/\/personal.pmf.uns.ac.rs\/nevena.dugandzija\/wp-json\/wp\/v2\/pages\/193\/revisions\/969"}],"up":[{"embeddable":true,"href":"https:\/\/personal.pmf.uns.ac.rs\/nevena.dugandzija\/wp-json\/wp\/v2\/pages\/26"}],"wp:attachment":[{"href":"https:\/\/personal.pmf.uns.ac.rs\/nevena.dugandzija\/wp-json\/wp\/v2\/media?parent=193"}],"curies":[{"name":"wp","href":"https:\/\/api.w.org\/{rel}","templated":true}]}}