{"id":186,"date":"2015-11-13T16:24:49","date_gmt":"2015-11-13T15:24:49","guid":{"rendered":"http:\/\/personal.pmf.uns.ac.rs\/nevena.dugandzija\/?page_id=186"},"modified":"2017-11-16T11:20:56","modified_gmt":"2017-11-16T10:20:56","slug":"opsta-matematika","status":"publish","type":"page","link":"https:\/\/personal.pmf.uns.ac.rs\/nevena.dugandzija\/nastava\/opsta-matematika\/","title":{"rendered":"Op\u0161ta matematika"},"content":{"rendered":"<p>Literatura:<\/p>\n<ul>\n<li><em>&#8220;Elementi vi\u0161e matematike&#8221;, <\/em>\u0110. Taka\u010di, A. Taka\u010di, A. Taka\u010di<\/li>\n<li>http:\/\/imft.ftn.uns.ac.rs\/~slavica\/zbirka_4.pdf<\/li>\n<li><a href=\"http:\/\/personal.pmf.uns.ac.rs\/nevena.dugandzija\/wp-content\/uploads\/sites\/42\/2015\/11\/Parametarske-funkcije.pdf\">Parametarske funkcije<\/a><\/li>\n<\/ul>\n<p>Doma\u0107i:<\/p>\n<ul>\n<li><a href=\"https:\/\/personal.pmf.uns.ac.rs\/nevena.dugandzija\/wp-content\/uploads\/sites\/42\/2015\/11\/grafici-doma\u0107i.pdf\">grafici-domaci<\/a><\/li>\n<li><a href=\"https:\/\/personal.pmf.uns.ac.rs\/nevena.dugandzija\/wp-content\/uploads\/sites\/42\/2015\/11\/integrali_domaci_verzija-2.pdf\">integrali_domaci_verzija-2<\/a><\/li>\n<li><a href=\"https:\/\/personal.pmf.uns.ac.rs\/nevena.dugandzija\/wp-content\/uploads\/sites\/42\/2016\/11\/recepti-za-integrale.pdf\">recepti-za-integrale<\/a>\u00a0(vi\u0161e nego \u0161to smo radili)<\/li>\n<\/ul>\n<p>Prethodni rokovi:<\/p>\n<ul>\n<li><a href=\"https:\/\/personal.pmf.uns.ac.rs\/nevena.dugandzija\/wp-content\/uploads\/sites\/42\/2015\/11\/januar-pismeni.pdf\">januar pismeni<\/a><\/li>\n<li><a href=\"https:\/\/personal.pmf.uns.ac.rs\/nevena.dugandzija\/wp-content\/uploads\/sites\/42\/2015\/11\/Op\u0161ta-matematika-april-2016.pdf\">Op\u0161ta matematika april 2016<\/a><\/li>\n<\/ul>\n","protected":false},"excerpt":{"rendered":"<p>Literatura: &#8220;Elementi vi\u0161e matematike&#8221;, \u0110. Taka\u010di, A. Taka\u010di, A. Taka\u010di http:\/\/imft.ftn.uns.ac.rs\/~slavica\/zbirka_4.pdf Parametarske funkcije Doma\u0107i: grafici-domaci integrali_domaci_verzija-2 recepti-za-integrale\u00a0(vi\u0161e nego \u0161to smo radili) Prethodni rokovi: januar pismeni Op\u0161ta matematika april 2016<\/p>\n","protected":false},"author":55,"featured_media":0,"parent":26,"menu_order":0,"comment_status":"closed","ping_status":"closed","template":"","meta":{"_monsterinsights_skip_tracking":false,"_monsterinsights_sitenote_active":false,"_monsterinsights_sitenote_note":"","_monsterinsights_sitenote_category":0,"footnotes":""},"class_list":["post-186","page","type-page","status-publish","hentry"],"_links":{"self":[{"href":"https:\/\/personal.pmf.uns.ac.rs\/nevena.dugandzija\/wp-json\/wp\/v2\/pages\/186","targetHints":{"allow":["GET"]}}],"collection":[{"href":"https:\/\/personal.pmf.uns.ac.rs\/nevena.dugandzija\/wp-json\/wp\/v2\/pages"}],"about":[{"href":"https:\/\/personal.pmf.uns.ac.rs\/nevena.dugandzija\/wp-json\/wp\/v2\/types\/page"}],"author":[{"embeddable":true,"href":"https:\/\/personal.pmf.uns.ac.rs\/nevena.dugandzija\/wp-json\/wp\/v2\/users\/55"}],"replies":[{"embeddable":true,"href":"https:\/\/personal.pmf.uns.ac.rs\/nevena.dugandzija\/wp-json\/wp\/v2\/comments?post=186"}],"version-history":[{"count":7,"href":"https:\/\/personal.pmf.uns.ac.rs\/nevena.dugandzija\/wp-json\/wp\/v2\/pages\/186\/revisions"}],"predecessor-version":[{"id":739,"href":"https:\/\/personal.pmf.uns.ac.rs\/nevena.dugandzija\/wp-json\/wp\/v2\/pages\/186\/revisions\/739"}],"up":[{"embeddable":true,"href":"https:\/\/personal.pmf.uns.ac.rs\/nevena.dugandzija\/wp-json\/wp\/v2\/pages\/26"}],"wp:attachment":[{"href":"https:\/\/personal.pmf.uns.ac.rs\/nevena.dugandzija\/wp-json\/wp\/v2\/media?parent=186"}],"curies":[{"name":"wp","href":"https:\/\/api.w.org\/{rel}","templated":true}]}}