{"id":184,"date":"2015-11-13T16:22:58","date_gmt":"2015-11-13T15:22:58","guid":{"rendered":"http:\/\/personal.pmf.uns.ac.rs\/nevena.dugandzija\/?page_id=184"},"modified":"2016-11-22T10:32:59","modified_gmt":"2016-11-22T09:32:59","slug":"uvod-u-analizu","status":"publish","type":"page","link":"https:\/\/personal.pmf.uns.ac.rs\/nevena.dugandzija\/nastava\/uvod-u-analizu\/","title":{"rendered":"Uvod u analizu"},"content":{"rendered":"<p>Literatura:<\/p>\n<ul>\n<li><em>&#8220;Diferencijalni i integralni ra\u010dun&#8221;<\/em>, \u0110. Taka\u010di, A. Taka\u010di<\/li>\n<li>&#8220;<em>Predavanja iz uvoda u analizu&#8221;, <\/em>Lj. Gaji\u0107<\/li>\n<li><em>&#8220;Analiza 1&#8221;,\u00a0<\/em>\u0110. Taka\u010di, A. Taka\u010di, I. \u0160tajner-Papuga, N. \u0110api\u0107<\/li>\n<li>Zadaci od prethodnih godina se mogu na\u0107i u biblioteci<\/li>\n<li>Zanimljivi linkovi:<br \/>\n<a href=\"http:\/\/www.cwladis.com\/math301\/indeterminateforms.php\">http:\/\/www.cwladis.com\/math301\/indeterminateforms.php<\/a><br \/>\n<a href=\"https:\/\/en.wikipedia.org\/wiki\/0.999...\">https:\/\/en.wikipedia.org\/wiki\/0.999&#8230;<\/a><\/li>\n<\/ul>\n<p>Ispit se sastoji iz pismenog i usmenog dela, kao i kolokvijuma. Potrebno je imati bar: 50 od 100 bodova na pismenom ili 45 bodova na pismenom i 5 na kolokvijumu da bi se stekao uslov za usmeni. Kolokvijum se pola\u017ee jednom u toku semestra, a pismeni ispit u svakom ispitnom roku (5 mogu\u0107nosti).<\/p>\n<ul>\n<li><a href=\"https:\/\/personal.pmf.uns.ac.rs\/nevena.dugandzija\/wp-content\/uploads\/sites\/42\/2015\/11\/Kolokvijum-sa-resenjima.pdf\" rel=\"\">Kolokvijum sa resenjima<\/a> , <a href=\"https:\/\/personal.pmf.uns.ac.rs\/nevena.dugandzija\/wp-content\/uploads\/sites\/42\/2015\/11\/Uvod-januar-zadaci-sa-resenjima.pdf\" rel=\"\">Uvod januar, zadaci sa resenjima<\/a><\/li>\n<li><a href=\"https:\/\/personal.pmf.uns.ac.rs\/nevena.dugandzija\/wp-content\/uploads\/sites\/42\/2015\/11\/sinusoide-1.pdf\">sinusoide-1<\/a>,\u00a0<a href=\"https:\/\/personal.pmf.uns.ac.rs\/nevena.dugandzija\/wp-content\/uploads\/sites\/42\/2015\/11\/sinusoide-2.pdf\">sinusoide-2<\/a>,\u00a0<a href=\"https:\/\/personal.pmf.uns.ac.rs\/nevena.dugandzija\/wp-content\/uploads\/sites\/42\/2015\/11\/sinusoide-3.pdf\">sinusoide-3<\/a><\/li>\n<li><a href=\"https:\/\/personal.pmf.uns.ac.rs\/nevena.dugandzija\/wp-content\/uploads\/sites\/42\/2015\/11\/Uvod-oktobar-16.pdf\">uvod-oktobar-16<\/a>, <a href=\"https:\/\/personal.pmf.uns.ac.rs\/nevena.dugandzija\/wp-content\/uploads\/sites\/42\/2015\/11\/Uvod-septembar-16.pdf\">uvod-septembar-16<\/a>\u00a0,\u00a0<a href=\"https:\/\/personal.pmf.uns.ac.rs\/nevena.dugandzija\/wp-content\/uploads\/sites\/42\/2015\/11\/Uvod-april-16.pdf\">uvod-april-16<\/a>, <a href=\"https:\/\/personal.pmf.uns.ac.rs\/nevena.dugandzija\/wp-content\/uploads\/sites\/42\/2015\/11\/Uvod-jun-16.pdf\">uvod-jun-16<\/a><\/li>\n<\/ul>\n<p>Mogu\u0107e je i prijaviti se na kurs na Moodle-u.<\/p>\n<p>&nbsp;<\/p>\n","protected":false},"excerpt":{"rendered":"<p>Literatura: &#8220;Diferencijalni i integralni ra\u010dun&#8221;, \u0110. Taka\u010di, A. Taka\u010di &#8220;Predavanja iz uvoda u analizu&#8221;, Lj. Gaji\u0107 &#8220;Analiza 1&#8221;,\u00a0\u0110. Taka\u010di, A. Taka\u010di, I. \u0160tajner-Papuga, N. \u0110api\u0107 Zadaci od prethodnih godina se mogu na\u0107i u biblioteci Zanimljivi linkovi: http:\/\/www.cwladis.com\/math301\/indeterminateforms.php https:\/\/en.wikipedia.org\/wiki\/0.999&#8230; Ispit se sastoji iz pismenog i usmenog dela, kao i kolokvijuma. Potrebno je imati bar: 50 od 100 bodova na pismenom ili 45 bodova na pismenom i 5 na kolokvijumu da bi se stekao uslov za usmeni. Kolokvijum se pola\u017ee jednom u toku semestra, a pismeni ispit&#8230;<span class=\"clearfix clearfix-post\"><\/span><a href=\"https:\/\/personal.pmf.uns.ac.rs\/nevena.dugandzija\/nastava\/uvod-u-analizu\/\" class=\"more-link\">Continue Reading <span class=\"screen-reader-text\">&#8220;Uvod u analizu&#8221;<\/span> <span class=\"meta-nav\">&rarr;<\/span><\/a><\/p>\n","protected":false},"author":55,"featured_media":0,"parent":26,"menu_order":0,"comment_status":"closed","ping_status":"closed","template":"","meta":{"_monsterinsights_skip_tracking":false,"_monsterinsights_sitenote_active":false,"_monsterinsights_sitenote_note":"","_monsterinsights_sitenote_category":0,"footnotes":""},"class_list":["post-184","page","type-page","status-publish","hentry"],"_links":{"self":[{"href":"https:\/\/personal.pmf.uns.ac.rs\/nevena.dugandzija\/wp-json\/wp\/v2\/pages\/184","targetHints":{"allow":["GET"]}}],"collection":[{"href":"https:\/\/personal.pmf.uns.ac.rs\/nevena.dugandzija\/wp-json\/wp\/v2\/pages"}],"about":[{"href":"https:\/\/personal.pmf.uns.ac.rs\/nevena.dugandzija\/wp-json\/wp\/v2\/types\/page"}],"author":[{"embeddable":true,"href":"https:\/\/personal.pmf.uns.ac.rs\/nevena.dugandzija\/wp-json\/wp\/v2\/users\/55"}],"replies":[{"embeddable":true,"href":"https:\/\/personal.pmf.uns.ac.rs\/nevena.dugandzija\/wp-json\/wp\/v2\/comments?post=184"}],"version-history":[{"count":17,"href":"https:\/\/personal.pmf.uns.ac.rs\/nevena.dugandzija\/wp-json\/wp\/v2\/pages\/184\/revisions"}],"predecessor-version":[{"id":543,"href":"https:\/\/personal.pmf.uns.ac.rs\/nevena.dugandzija\/wp-json\/wp\/v2\/pages\/184\/revisions\/543"}],"up":[{"embeddable":true,"href":"https:\/\/personal.pmf.uns.ac.rs\/nevena.dugandzija\/wp-json\/wp\/v2\/pages\/26"}],"wp:attachment":[{"href":"https:\/\/personal.pmf.uns.ac.rs\/nevena.dugandzija\/wp-json\/wp\/v2\/media?parent=184"}],"curies":[{"name":"wp","href":"https:\/\/api.w.org\/{rel}","templated":true}]}}