{"id":62,"date":"2015-10-01T10:47:18","date_gmt":"2015-10-01T10:47:18","guid":{"rendered":"http:\/\/personal.pmf.uns.ac.rs\/nenad.teofanov\/?page_id=62"},"modified":"2021-10-15T11:51:25","modified_gmt":"2021-10-15T11:51:25","slug":"izabrana-poglavlja","status":"publish","type":"page","link":"https:\/\/personal.pmf.uns.ac.rs\/nenad.teofanov\/teaching\/izabrana-poglavlja\/","title":{"rendered":"Izabrana poglavlja primenjene analize"},"content":{"rendered":"<p>[tabela tablesorter=&#8221;1&#8243; id=&#8221;someid&#8221;]<br \/>\nsifra,fond,model polaganja,espb<br \/>\nM\u0411-33,3+1, C, 5<br \/>\n[\/tabela]<\/p>\n<p>Predavanja po rasporedu: petak, 12:15 &#8211; 14h, u\u010dionica 62<\/p>\n<p>Konsultacije po dogovoru: kabinet 42, II sprat Departmana za matematiku i informatiku<\/p>\n<p><strong>Kratak sadr\u017eaj kursa:<\/strong><br \/>\nFurijeova transformacija<br \/>\nTeorema o uzorcima, Poasonova formula, princip neodre\u0111enosti<br \/>\nKratkotrajna Furijeova transformacija i malotalasna transformacija<br \/>\nBaze i okviri<br \/>\nGaborovi i malotalasni okviri<\/p>\n<p><strong>Skripte:<\/strong><br \/>\n<a href=\"https:\/\/personal.pmf.uns.ac.rs\/nenad.teofanov\/wp-content\/uploads\/sites\/17\/2018\/11\/uvodno-predavanje-2018.pdf\">prvo predavanje,<\/a>\u00a0<a href=\"https:\/\/personal.pmf.uns.ac.rs\/nenad.teofanov\/wp-content\/uploads\/sites\/17\/2018\/11\/drugo-predavanje-2018.pdf\">drugo predavanje<\/a>, <a href=\"https:\/\/personal.pmf.uns.ac.rs\/nenad.teofanov\/wp-content\/uploads\/sites\/17\/2018\/11\/lecture-notes-03.pdf\">tre\u0107e predavanje,<\/a> <a href=\"https:\/\/personal.pmf.uns.ac.rs\/nenad.teofanov\/wp-content\/uploads\/sites\/17\/2018\/11\/lecture-notes-04.pdf\">\u010detvrto predavanje<\/a>,<br \/>\n<a href=\"https:\/\/personal.pmf.uns.ac.rs\/nenad.teofanov\/wp-content\/uploads\/sites\/17\/2018\/11\/lecture-04b-mali-talasi.pdf\">peto predavanje,\u00a0<\/a><a href=\"https:\/\/personal.pmf.uns.ac.rs\/nenad.teofanov\/wp-content\/uploads\/sites\/17\/2018\/11\/Balian-Lou-teorema.pdf\">\u0161esto predavanje (okviri),<\/a> <a href=\"https:\/\/personal.pmf.uns.ac.rs\/nenad.teofanov\/wp-content\/uploads\/sites\/17\/2018\/12\/lecture-notes-vajerstras.pdf\">sedmo predavanje<\/a><\/p>\n<p><a href=\"https:\/\/personal.pmf.uns.ac.rs\/nenad.teofanov\/wp-content\/uploads\/sites\/17\/2016\/01\/ispitna-pitanja.pdf\" rel=\"\">Ispitna pitanja (2017\/28)<\/a><\/p>\n<p><strong>Skripte (prethodna \u0161k. godina):<\/strong><br \/>\n<a href=\"https:\/\/personal.pmf.uns.ac.rs\/nenad.teofanov\/wp-content\/uploads\/sites\/17\/2017\/11\/uvodno-predavanje-2017.pdf\">Uvodno predavanje<\/a><br \/>\n<a href=\"https:\/\/personal.pmf.uns.ac.rs\/nenad.teofanov\/wp-content\/uploads\/sites\/17\/2017\/11\/lecture-notes-02-2017.pdf\">Furijeova transformacija 1<\/a><br \/>\n<a href=\"https:\/\/personal.pmf.uns.ac.rs\/nenad.teofanov\/wp-content\/uploads\/sites\/17\/2017\/12\/lecture-notes-03.pdf\">Furijeova transformacija 2<\/a><br \/>\n<a href=\"https:\/\/personal.pmf.uns.ac.rs\/nenad.teofanov\/wp-content\/uploads\/sites\/17\/2017\/12\/lecture-notes-04.pdf\">Kratkotrajna Furijeova transformacija<\/a><br \/>\n<a href=\"https:\/\/personal.pmf.uns.ac.rs\/nenad.teofanov\/wp-content\/uploads\/sites\/17\/2017\/12\/lecture-notes-06.pdf\">Vajerstrasova teorema<\/a><\/p>\n<p>Bonus lekcija: <a href=\"https:\/\/personal.pmf.uns.ac.rs\/nenad.teofanov\/wp-content\/uploads\/sites\/17\/2017\/12\/lecture-notes-05.pdf\">Okviri &#8211; frames<\/a><\/p>\n<p><strong>Literatura:<\/strong> odabrana poglavlja iz<br \/>\nC. Heil &#8211; A Basis Theory Primer (2011)<br \/>\nK. Grochenig &#8211; Foundations of Time-Frequency Analysis (2001)<br \/>\nI. Daubechies &#8211; Ten Lectures on Wavelets (1992)<br \/>\nM. J. Mohlenkamp, M. C. Pereyira &#8211; Wavelets, Their Friends, and What They Can Do For You (2008)<\/p>\n<p><strong>Predznanje: <\/strong>Po\u017eeljno je, ali ne i neophodno, poznavanje gradiva predmeta Furijeova transformacija, kako je izlo\u017eeno u ud\u017ebeniku<br \/>\nN. Teofanov &#8211;\u00a0 <a href=\"http:\/\/www.zavod.co.rs\/index.php?route=product\/product&amp;product_id=2960\">Predavanja iz primenjene analize<\/a><\/p>\n","protected":false},"excerpt":{"rendered":"<p>[tabela tablesorter=&#8221;1&#8243; id=&#8221;someid&#8221;] sifra,fond,model polaganja,espb M\u0411-33,3+1, C, 5 [\/tabela] Predavanja po rasporedu: petak, 12:15 &#8211; 14h, u\u010dionica 62 Konsultacije po dogovoru: kabinet 42, II sprat Departmana za matematiku i informatiku Kratak sadr\u017eaj kursa: Furijeova transformacija Teorema o uzorcima, Poasonova formula, &hellip; <a href=\"https:\/\/personal.pmf.uns.ac.rs\/nenad.teofanov\/teaching\/izabrana-poglavlja\/\">Continue reading <span class=\"meta-nav\">&rarr;<\/span><\/a><\/p>\n","protected":false},"author":24,"featured_media":0,"parent":27,"menu_order":3,"comment_status":"closed","ping_status":"closed","template":"","meta":{"_monsterinsights_skip_tracking":false,"_monsterinsights_sitenote_active":false,"_monsterinsights_sitenote_note":"","_monsterinsights_sitenote_category":0,"footnotes":""},"class_list":["post-62","page","type-page","status-publish","hentry"],"_links":{"self":[{"href":"https:\/\/personal.pmf.uns.ac.rs\/nenad.teofanov\/wp-json\/wp\/v2\/pages\/62","targetHints":{"allow":["GET"]}}],"collection":[{"href":"https:\/\/personal.pmf.uns.ac.rs\/nenad.teofanov\/wp-json\/wp\/v2\/pages"}],"about":[{"href":"https:\/\/personal.pmf.uns.ac.rs\/nenad.teofanov\/wp-json\/wp\/v2\/types\/page"}],"author":[{"embeddable":true,"href":"https:\/\/personal.pmf.uns.ac.rs\/nenad.teofanov\/wp-json\/wp\/v2\/users\/24"}],"replies":[{"embeddable":true,"href":"https:\/\/personal.pmf.uns.ac.rs\/nenad.teofanov\/wp-json\/wp\/v2\/comments?post=62"}],"version-history":[{"count":40,"href":"https:\/\/personal.pmf.uns.ac.rs\/nenad.teofanov\/wp-json\/wp\/v2\/pages\/62\/revisions"}],"predecessor-version":[{"id":1005,"href":"https:\/\/personal.pmf.uns.ac.rs\/nenad.teofanov\/wp-json\/wp\/v2\/pages\/62\/revisions\/1005"}],"up":[{"embeddable":true,"href":"https:\/\/personal.pmf.uns.ac.rs\/nenad.teofanov\/wp-json\/wp\/v2\/pages\/27"}],"wp:attachment":[{"href":"https:\/\/personal.pmf.uns.ac.rs\/nenad.teofanov\/wp-json\/wp\/v2\/media?parent=62"}],"curies":[{"name":"wp","href":"https:\/\/api.w.org\/{rel}","templated":true}]}}