{"id":60,"date":"2014-06-19T10:44:53","date_gmt":"2014-06-19T10:44:53","guid":{"rendered":"http:\/\/personal.pmf.uns.ac.rs\/nenad.teofanov\/?page_id=60"},"modified":"2021-10-15T11:50:59","modified_gmt":"2021-10-15T11:50:59","slug":"uvod-u-analizu","status":"publish","type":"page","link":"https:\/\/personal.pmf.uns.ac.rs\/nenad.teofanov\/teaching\/uvod-u-analizu\/","title":{"rendered":"Uvod u analizu"},"content":{"rendered":"<p>[tabela tablesorter=&#8221;1&#8243; id=&#8221;someid&#8221;]<\/p>\n<p>sifra,fond,model polaganja,espb<br \/>\nM102 M502, 3+3,B,8<br \/>\n[\/tabela]<\/p>\n<p><strong>Predavanja<\/strong>: M102 utorkom od 8 do 11 \u010dasova, u\u010dionica 65,<br \/>\nM502 \u010detvrtkom od 11 do 14 \u010dasova, u\u010dionica 65,<br \/>\nIII sprat Departmana za matematiku i informatiku<\/p>\n<p><strong>Konsultacije<\/strong>: ponedeljkom od 11 \u010dasova i utorkom od 12 \u010dasova,<br \/>\nkabinet 42<\/p>\n<p><strong>Ve\u017ebe<\/strong> se odr\u017eavaju po rasporedu \u010dasova.<br \/>\n<strong>Asistent<\/strong>: Nikola Sarajlija<\/p>\n<p><strong>Predavanja 2021-2022<\/strong>: skripte \u0107e se redovno postavljati na moodle<\/p>\n<p><strong>Ispitna pitanja 2021-2022: <\/strong>spisak pitanja \u0107e biti objavljen po zavr\u0161etku kursa<\/p>\n<p><strong>Literatura<\/strong>: Lj. Gaji\u0107, <i>Predavanja iz uvoda u analizu, <\/i>Prirodno-matemati\u010dki fakultet, Departman za matematiku i informatiku, 2004.<i><br \/>\n<\/i><\/p>\n<p>Neophodno je znati: <a href=\"http:\/\/personal.pmf.uns.ac.rs\/nenad.teofanov\/wp-content\/uploads\/sites\/17\/2014\/12\/elementarne-funkcije.pdf\">Elementarne funkcije<\/a><\/p>\n<p>Kutak za radoznale:<br \/>\n<a href=\"http:\/\/personal.pmf.uns.ac.rs\/nenad.teofanov\/wp-content\/uploads\/sites\/17\/2014\/10\/nula-je-manje-od-jedan.pdf\">0&lt;1<\/a><br \/>\n<a href=\"http:\/\/personal.pmf.uns.ac.rs\/nenad.teofanov\/wp-content\/uploads\/sites\/17\/2014\/11\/prebrajanje-razlomaka.pdf\">prebrajanje razlomaka &#8211; MAA<\/a><br \/>\n<a href=\"http:\/\/personal.pmf.uns.ac.rs\/nenad.teofanov\/wp-content\/uploads\/sites\/17\/2014\/11\/Schroeder-Bernstein-Theorem.pdf\">Teorema \u0160reder-Bern\u0161tajn- seminarski rad<\/a><\/p>\n","protected":false},"excerpt":{"rendered":"<p>[tabela tablesorter=&#8221;1&#8243; id=&#8221;someid&#8221;] sifra,fond,model polaganja,espb M102 M502, 3+3,B,8 [\/tabela] Predavanja: M102 utorkom od 8 do 11 \u010dasova, u\u010dionica 65, M502 \u010detvrtkom od 11 do 14 \u010dasova, u\u010dionica 65, III sprat Departmana za matematiku i informatiku Konsultacije: ponedeljkom od 11 \u010dasova &hellip; <a href=\"https:\/\/personal.pmf.uns.ac.rs\/nenad.teofanov\/teaching\/uvod-u-analizu\/\">Continue reading <span class=\"meta-nav\">&rarr;<\/span><\/a><\/p>\n","protected":false},"author":24,"featured_media":0,"parent":27,"menu_order":1,"comment_status":"closed","ping_status":"closed","template":"","meta":{"_monsterinsights_skip_tracking":false,"_monsterinsights_sitenote_active":false,"_monsterinsights_sitenote_note":"","_monsterinsights_sitenote_category":0,"footnotes":""},"class_list":["post-60","page","type-page","status-publish","hentry"],"_links":{"self":[{"href":"https:\/\/personal.pmf.uns.ac.rs\/nenad.teofanov\/wp-json\/wp\/v2\/pages\/60","targetHints":{"allow":["GET"]}}],"collection":[{"href":"https:\/\/personal.pmf.uns.ac.rs\/nenad.teofanov\/wp-json\/wp\/v2\/pages"}],"about":[{"href":"https:\/\/personal.pmf.uns.ac.rs\/nenad.teofanov\/wp-json\/wp\/v2\/types\/page"}],"author":[{"embeddable":true,"href":"https:\/\/personal.pmf.uns.ac.rs\/nenad.teofanov\/wp-json\/wp\/v2\/users\/24"}],"replies":[{"embeddable":true,"href":"https:\/\/personal.pmf.uns.ac.rs\/nenad.teofanov\/wp-json\/wp\/v2\/comments?post=60"}],"version-history":[{"count":94,"href":"https:\/\/personal.pmf.uns.ac.rs\/nenad.teofanov\/wp-json\/wp\/v2\/pages\/60\/revisions"}],"predecessor-version":[{"id":1004,"href":"https:\/\/personal.pmf.uns.ac.rs\/nenad.teofanov\/wp-json\/wp\/v2\/pages\/60\/revisions\/1004"}],"up":[{"embeddable":true,"href":"https:\/\/personal.pmf.uns.ac.rs\/nenad.teofanov\/wp-json\/wp\/v2\/pages\/27"}],"wp:attachment":[{"href":"https:\/\/personal.pmf.uns.ac.rs\/nenad.teofanov\/wp-json\/wp\/v2\/media?parent=60"}],"curies":[{"name":"wp","href":"https:\/\/api.w.org\/{rel}","templated":true}]}}