{"id":3380,"date":"2024-10-15T22:22:02","date_gmt":"2024-10-15T21:22:02","guid":{"rendered":"https:\/\/personal.pmf.uns.ac.rs\/milica.zigic\/?page_id=3380"},"modified":"2026-03-03T00:34:36","modified_gmt":"2026-03-02T23:34:36","slug":"kompleksna-analiza-2","status":"publish","type":"page","link":"https:\/\/personal.pmf.uns.ac.rs\/milica.zigic\/teaching\/kompleksna-analiza-2\/","title":{"rendered":"\u041a\u043e\u043c\u043f\u043b\u0435\u043a\u0441\u043d\u0430 \u0430\u043d\u0430\u043b\u0438\u0437\u0430 2"},"content":{"rendered":"\n<h2 class=\"wp-block-heading\">\u041b\u0435\u0442\u045a\u0438 \u0441\u0435\u043c\u0435\u0441\u0442\u0430\u0440 2025\/26.<\/h2>\n\n\n\n<table id=\"tablepress-8\" class=\"tablepress tablepress-id-8\">\n<thead>\n<tr class=\"row-1\">\n\t<th class=\"column-1\">\u0448\u0438\u0444\u0440\u0430<\/th><th class=\"column-2\">\u0444\u043e\u043d\u0434<\/th><th class=\"column-3\">\u043c\u043e\u0434\u0435\u043b \u043f\u043e\u043b\u0430\u0433\u0430\u045a\u0430<\/th><th class=\"column-4\">\u0415\u0421\u041f\u0411<\/th>\n<\/tr>\n<\/thead>\n<tbody class=\"row-striping row-hover\">\n<tr class=\"row-2\">\n\t<td class=\"column-1\"><a href=\"https:\/\/www.pmf.uns.ac.rs\/wp-content\/uploads\/2024\/DMI\/MAS-MA\/MA13.pdf\" rel=\"noopener\" target=\"_blank\">MA13<\/a> (\u043a\u0440\u0430\u0442\u0430\u043a \u043e\u043f\u0438\u0441) <\/td><td class=\"column-2\">3+2<\/td><td class=\"column-3\">\u0426<\/td><td class=\"column-4\">6<\/td>\n<\/tr>\n<\/tbody>\n<\/table>\n<!-- #tablepress-8 from cache -->\n\n\n\n<h2 class=\"wp-block-heading\">Moodle \u0441\u0442\u0440\u0430\u043d\u0438\u0446\u0430<\/h2>\n\n\n<p>\u0421\u0442\u0440\u0430\u043d\u0438\u0446\u0430 <strong>\u041a\u043e\u043c\u043f\u043b\u0435\u043a\u0441\u043d\u0430 \u0430\u043d\u0430\u043b\u0438\u0437\u0430 2<\/strong> \u043d\u0430 \u043f\u043b\u0430\u0442\u0444\u043e\u0440\u043c\u0438 <strong>Moodle<\/strong> \u0458\u0435 \u043d\u0430 \u0430\u0434\u0440\u0435\u0441\u0438 &#8212;&gt; <a href=\"https:\/\/moodle.pmf.uns.ac.rs\/course\/view.php?id=1442\" target=\"_blank\" rel=\"noopener noreferrer\">\u043b\u0438\u043d\u043a<\/a><\/p>\n<p>\u0430 \u0448\u0438\u0444\u0440\u0430 \u0458\u0435 &#8212;&gt; <strong>Riman2<\/strong><\/p>\n\n\n<h2 class=\"wp-block-heading\">\u041f\u0440\u0435\u0434\u0430\u0432\u0430\u0447\u0438 \u0438 \u0442\u0435\u0440\u043c\u0438\u043d\u0438<\/h2>\n\n\n<p><strong>\u041f\u0440\u043e\u0444\u0435\u0441\u043e\u0440<\/strong><span style=\"color: #000080\">:<\/span> \u041c\u0438\u043b\u0438\u0446\u0430 \u0416\u0438\u0433\u0438\u045b &#8212; <a href=\"mailto:milica.zigic@dmi.uns.ac.rs\">email \u0430\u0434\u0440\u0435\u0441\u0430<\/a><\/p>\n<p><strong>\u0422\u0435\u0440\u043c\u0438\u043d \u043f\u0440\u0435\u0434\u0430\u0432\u0430\u045a\u0430 \u0438 \u0432\u0435\u0436\u0431\u0438:\u00a0<\/strong><strong><br \/><\/strong><\/p>\n\n\n<h2 class=\"wp-block-heading\">\u0421\u0430\u0434\u0440\u0436\u0430\u0458 \u043a\u0443\u0440\u0441\u0430<\/h2>\n\n\n\n<ol class=\"wp-block-list\">\n<li><span style=\"color: #666666;font-family: Poppins, sans-serif;font-size: 14px\"><strong>\u041f\u0440\u0438\u043c\u0435\u043d\u0430 \u0442\u0435\u043e\u0440\u0438\u0458\u0435 \u043e\u0441\u0442\u0430\u0442\u0430\u043a\u0430<\/strong> &#8211; \u0420\u0443\u0448\u0435\u043e\u0432\u0430 \u0442\u0435\u043e\u0440\u0435\u043c\u0430, \u043f\u0440\u0438\u043d\u0446\u0438\u043f \u0430\u0440\u0433\u0443\u043c\u0435\u043d\u0442\u0430, \u0442\u0435\u043e\u0440\u0435\u043c\u0430 \u043e \u0438\u043d\u0432\u0435\u0440\u0437\u043d\u043e\u0458 \u0444\u0443\u043d\u043a\u0446\u0438\u0458\u0438;<\/span><\/li>\n\n\n\n<li><span style=\"color: #666666;font-family: Poppins, sans-serif;font-size: 14px\"><strong>\u041c\u0435\u0440\u043e\u043c\u043e\u0440\u0444\u043d\u0435 \u0444\u0443\u043d\u043a\u0446\u0438\u0458\u0435<\/strong> &#8211; \u0420\u0443\u043d\u0433\u0435\u043e\u0432\u0430 \u0438 \u041c\u0438\u0442\u0430\u0433-\u041b\u0435\u0444\u043b\u0435\u0440\u043e\u0432\u0430 \u0442\u0435\u043e\u0440\u0435\u043c\u0430;<\/span><\/li>\n\n\n\n<li><span style=\"color: #666666;font-family: Poppins, sans-serif;font-size: 14px\"><strong>\u041a\u043e\u043d\u0444\u043e\u0440\u043c\u043d\u0430 \u043f\u0440\u0435\u0441\u043b\u0438\u043a\u0430\u0432\u0430\u045a\u0430<\/strong> &#8211; \u0444\u0443\u043d\u043a\u0446\u0438\u0458\u0430 \u0416\u0443\u043a\u043e\u0432\u0441\u043a\u043e\u0433, \u0420\u0438\u043c\u0430\u043d\u043e\u0432\u0430 \u0442\u0435\u043e\u0440\u0435\u043c\u0430;<\/span><\/li>\n\n\n\n<li><span style=\"color: #666666;font-family: Poppins, sans-serif;font-size: 14px\"><strong>\u0410\u043d\u0430\u043b\u0438\u0442\u0438\u0447\u043a\u043e \u043f\u0440\u043e\u0434\u0443\u0436\u0435\u045a\u0435<\/strong> &#8211; \u0442\u0435\u043e\u0440\u0435\u043c\u0430 \u043e \u043c\u043e\u043d\u043e\u0434\u0440\u043e\u043c\u0438\u0458\u0438, \u0428\u0432\u0430\u0440\u0446\u043e\u0432 \u043f\u0440\u0438\u043d\u0446\u0438\u043f \u0440\u0435\u0444\u043b\u0435\u043a\u0441\u0438\u0458\u0435;<\/span><\/li>\n\n\n\n<li><span style=\"color: #666666;font-family: Poppins, sans-serif;font-size: 14px\"><strong>\u0426\u0435\u043b\u0435 \u0444\u0443\u043d\u043a\u0446\u0438\u0458\u0435<\/strong> &#8211; \u0408\u0435\u043d\u0441\u0435\u043d\u043e\u0432\u0430 \u0444\u043e\u0440\u043c\u0443\u043b\u0430, \u041a\u0430\u0440\u0430\u0442\u0435\u043e\u0434\u043e\u0440\u0438\u0458\u0435\u0432\u0430 \u0442\u0435\u043e\u0440\u0435\u043c\u0430<\/span>;<\/li>\n\n\n\n<li><span style=\"color: #666666;font-family: Poppins, sans-serif;font-size: 14px\"><strong>\u0424\u0443\u0440\u0438\u0458\u0435\u043e\u0432\u0438 \u0440\u0435\u0434\u043e\u0432\u0438, \u0424\u0443\u0440\u0438\u0458\u0435\u043e\u0432\u0430 \u0442\u0440\u0430\u043d\u0441\u0444\u043e\u0440\u043c\u0430\u0446\u0438\u0458\u0430<\/strong> &#8211; \u041f\u043b\u0430\u043d\u0448\u0435\u0440\u0435\u043b\u043e\u0432\u0430 \u0442\u0435\u043e\u0440\u0435\u043c\u0430, \u043f\u0440\u0438\u043d\u0446\u0438\u043f \u043d\u0435\u043e\u0434\u0440\u0435\u0452\u0435\u043d\u043e\u0441\u0442\u0438<\/span>.<\/li>\n<\/ol>\n\n\n\n<h2 class=\"wp-block-heading\">\u041b\u0438\u0442\u0435\u0440\u0430\u0442\u0443\u0440\u0430<\/h2>\n\n\n<ol>\n<li>B. Stankovi\u0107<em>, Teorija funkcija kompleksne promenljive<\/em>, Nau\u010dna knjiga, Beograd, 1972.<\/li>\n<li>M. Mateljevi\u0107, <em>Kompleksne funkcije 1 &amp; 2<\/em>, Dru\u0161tvo matemati\u010dara Srbije, Beograd, 2006.<\/li>\n<li>H. Kraljevi\u0107, S. Kurepa, <em>Matemati\u010dka analiza\u2013funkcija kompleksne varijable<\/em>, 4\/I, Tehni\u010dka knjiga, Zagreb, 1986.<\/li>\n<li><a id=\"yui_3_17_2_1_1584546426842_933\" href=\"https:\/\/www.google.com\/url?sa=t&amp;rct=j&amp;q=&amp;esrc=s&amp;source=web&amp;cd=7&amp;cad=rja&amp;uact=8&amp;ved=2ahUKEwi4uc64hs_gAhVN2qQKHVQDAFkQFjAGegQIABAC&amp;url=http%3A%2F%2Foperator.pmf.ni.ac.rs%2Flicne_prezentacije%2FDDjordjevic%2Fza%2520studente%2Fpredavanja%2Fkompleksna%2520analiza.pdf&amp;usg=AOvVaw2J4PZ86xhfXIaLfW7i98nG\" target=\"_blank\" rel=\"noopener noreferrer\">D. \u0110or\u0111evi\u0107,\u00a0<i id=\"yui_3_17_2_1_1584546426842_934\">Kompleksna analiza<\/i><\/a>\u00a0(\u0435\u043b\u0435\u043a\u0442\u0440\u043e\u043d\u0441\u043a\u0430 \u0432\u0435\u0440\u0437\u0438\u0458\u0430 \u0441\u043a\u0440\u0438\u043f\u0442\u0435)<\/li>\n<li>E. B. Saff, A. D. Snider, <em>Fundamentals of Complex Analysis with Applications to Engineering, Science, and Mathematics. <\/em>3rd ed, Upper Saddle River: Pearson Education, 2003.<\/li>\n<li>E. Freitag, R. Busam, <em>Complex Analysis<\/em>, 2nd ed., Springer-Verlag, Berlin, 2009.<\/li>\n<li>W. Rudin, <em>Real and Complex Analysis<\/em>, McGraw-Hill Book Co., New York 1966.<\/li>\n<li>D. Nikoli\u0107-Despotovi\u0107, M. Budin\u010devi\u0107,<em> Zbirka re\u0161enih zadataka iz Kompleksne analize, <\/em>Univerzitet u Novom Sadu, PMF, Novi Sad, 1998.<\/li>\n<li><a href=\"https:\/\/emineter.files.wordpress.com\/2016\/03\/kompleksna-analiza.pdf\" target=\"_blank\" rel=\"noopener noreferrer\">D. S. Mitrinovi\u0107, J. D. Ke\u010dki\u0107,\u00a0<i id=\"yui_3_17_2_1_1584546426842_886\"><span id=\"yui_3_17_2_1_1584546426842_887\">Kompleksna analiza<\/span>, zbornik zadataka i problema<\/i>, Nau\u010dna knjiga, Beograd, 1989.<\/a><\/li>\n<li><a href=\"https:\/\/www.fing.edu.uy\/~cerminar\/Complex_Analysis.pdf\" target=\"_blank\" rel=\"noopener noreferrer\">E. M. Stein, R. Shakarchi, <span class=\"title\"><em>Complex analysis<\/em>.<\/span> Princeton Lectures in Analysis 2, <em>Princeton University Press, Princeton, NJ,<\/em> 2003.<\/a><\/li>\n<li>J. Taylor, <em>Complex variables<\/em>, American Mathematical Society, Providence, Rhode Island, 2011.<\/li>\n<li><a id=\"yui_3_17_2_1_1666174839102_1694\" href=\"https:\/\/mccuan.math.gatech.edu\/courses\/6321\/lars-ahlfors-complex-analysis-third-edition-mcgraw-hill-science_engineering_math-1979.pdf\" target=\"_blank\" rel=\"noopener\">L. V. Ahlfors, <em>Complex analysis. Third edition<\/em>, McGraw-Hill Book Co., New York, 1979.<\/a><\/li>\n<\/ol>\n\n\n<h2 class=\"wp-block-heading\">\u041d\u0430\u0447\u0438\u043d \u043f\u043e\u043b\u0430\u0433\u0430\u045a\u0430 \u0438\u0441\u043f\u0438\u0442\u0430<\/h2>\n\n\n<ul>\n<li><strong>\u043f\u0440\u0435\u0434\u0438\u0441\u043f\u0438\u0442\u043d\u0435 \u043e\u0431\u0430\u0432\u0435\u0437\u0435<\/strong> \u0441\u0435 \u0438\u0441\u043f\u0443\u045a\u0430\u0432\u0430\u0458\u0443 \u043d\u0430 \u0458\u0435\u0434\u0430\u043d \u043e\u0434 \u0434\u0432\u0430 \u043d\u0430\u0432\u0435\u0434\u0435\u043d\u0430 \u043d\u0430\u0447\u0438\u043d\u0430:\n<ol>\n<li>\u0441\u0442\u0443\u0434\u0435\u043d\u0442\u0438 \u0443 \u0442\u043e\u043a\u0443 \u0441\u0435\u043c\u0435\u0441\u0442\u0440\u0430 \u043c\u043e\u0433\u0443 \u0431\u0438\u0440\u0430\u0442\u0438 \u0434\u0430 \u0438\u0437\u0440\u0430\u0434\u0435 \u0441\u0435\u043c\u0438\u043d\u0430\u0440\u0441\u043a\u0438 \u0440\u0430\u0434 \u043d\u0430 \u043e\u0434\u0440\u0435\u0452\u0435\u043d\u0443 \u0442\u0435\u043c\u0443 \u0438 \u043f\u0440\u0435\u0434\u0430\u0458\u0443 \u0433\u0430 \u0443 \u043f\u0438\u0441\u0430\u043d\u043e\u0458 \u0444\u043e\u0440\u043c\u0438;<\/li>\n<li>\u0437\u0430 \u043e\u0441\u0442\u0430\u043b\u0435 \u0441\u0442\u0443\u0434\u0435\u043d\u0442\u0435 \u043c\u043e\u0436\u0435\u043c\u043e \u043e\u0440\u0433\u0430\u043d\u0438\u0437\u043e\u0432\u0430\u0442\u0438 \u043f\u043e\u043b\u0430\u0433\u0430\u045a\u0435 \u043f\u043e \u043c\u043e\u0434\u0435\u043b\u0443 \u0411, \u043e\u0434\u043d\u043e\u0441\u043d\u043e \u043f\u043e\u043b\u0430\u0433\u0430\u045a\u0435 \u0443 \u043e\u0431\u043b\u0438\u043a\u0443 \u043f\u0438\u0441\u043c\u0435\u043d\u043e\u0433 \u0438\u0441\u043f\u0438\u0442\u0430 \u0443 \u0441\u0432\u0430\u043a\u043e\u043c \u043e\u0434 \u043f\u0440\u0435\u0434\u0432\u0438\u0452\u0435\u043d\u0438\u0445 \u0438\u0441\u043f\u0438\u0442\u043d\u0438\u0445 \u0440\u043e\u043a\u043e\u0432\u0430.<\/li>\n<\/ol>\n<\/li>\n<li><strong>(\u0443\u0441\u043c\u0435\u043d\u0438) \u0438\u0441\u043f\u0438\u0442 <\/strong>\u0441\u0435 \u043f\u043e\u043b\u0430\u0436\u0435 \u043d\u0430\u043a\u043e\u043d \u0438\u0441\u043f\u0443\u045a\u0435\u043d\u0438\u0445 \u043f\u0440\u0435\u0434\u0438\u0441\u043f\u0438\u0442\u043d\u0438\u0445 \u043e\u0431\u0430\u0432\u0435\u0437\u0430, \u0430 \u0443 \u0441\u0432\u0430\u043a\u043e\u043c \u043e\u0434 \u043f\u0440\u0435\u0434\u0432\u0438\u0452\u0435\u043d\u0438\u0445 \u0438\u0441\u043f\u0438\u0442\u043d\u0438\u0445 \u0440\u043e\u043a\u043e\u0432\u0430<\/li>\n<li><strong>\u043a\u043e\u043d\u0430\u0447\u043d\u0430 \u043e\u0446\u0435\u043d\u0430<\/strong> \u0441\u0435 \u0434\u043e\u0431\u0438\u0458\u0430 \u043a\u0430\u043e \u0430\u0440\u0438\u0442\u043c\u0435\u0442\u0438\u0447\u043a\u0430 \u0441\u0440\u0435\u0434\u0438\u043d\u0430 \u043e\u0446\u0435\u043d\u0435 \u043d\u0430 \u043f\u0438\u0441\u043c\u0435\u043d\u043e\u043c (\u043a\u043e\u043b\u043e\u043a\u0432\u0438\u0458\u0443\u043c\u0438) \u0438 \u0443\u0441\u043c\u0435\u043d\u043e\u043c \u0434\u0435\u043b\u0443 \u0438\u0441\u043f\u0438\u0442\u0430.<\/li>\n<\/ul>\n\n\n<h2 class=\"wp-block-heading\">\u041a\u043e\u0440\u0438\u0441\u043d\u0438 \u043b\u0438\u043d\u043a\u043e\u0432\u0438<\/h2>\n\n\n<ul>\n<li>\u00a0<a id=\"yui_3_17_2_1_1606441555159_696\" href=\"https:\/\/matematika.pmf.uns.ac.rs\/uputstvo-za-studente\/\" target=\"_blank\" rel=\"noopener noreferrer\">\u041f\u0440\u0430\u0432\u0438\u043b\u0430 \u0438 \u043f\u0440\u043e\u0446\u0435\u0434\u0443\u0440\u0435 \u0441\u0442\u0443\u0434\u0438\u0440\u0430\u045a\u0430<\/a><\/li>\n<li>\u00a0<a id=\"yui_3_17_2_1_1606441555159_783\" href=\"https:\/\/matematika.pmf.uns.ac.rs\/studije\/modeli-polaganja-ispita\/\" target=\"_blank\" rel=\"noopener noreferrer\">\u041c\u043e\u0434\u0435\u043b\u0438 \u043f\u043e\u043b\u0430\u0433\u0430\u045a\u0430 \u0438\u0441\u043f\u0438\u0442\u0430<\/a><\/li>\n<li>\u00a0<a id=\"yui_3_17_2_1_1606441555159_865\" href=\"https:\/\/matematika.pmf.uns.ac.rs\/studije\/rasporedi\/\" target=\"_blank\" rel=\"noopener noreferrer\">\u0420\u0430\u0441\u043f\u043e\u0440\u0435\u0434\u0438<\/a><\/li>\n<li>\u00a0<a href=\"https:\/\/www.pmf.uns.ac.rs\/\" target=\"_blank\" rel=\"noopener\">\u041f\u0440\u0438\u0440\u043e\u0434\u043d\u043e-\u043c\u0430\u0442\u0435\u043c\u0430\u0442\u0438\u0447\u043a\u0438 \u0444\u0430\u043a\u0443\u043b\u0442\u0435\u0442, \u041d\u043e\u0432\u0438 \u0421\u0430\u0434<\/a><\/li>\n<li>\u00a0<a id=\"yui_3_17_2_1_1606441555159_1004\" href=\"https:\/\/www.dmi.uns.ac.rs\/\" target=\"_blank\" rel=\"noopener noreferrer\">\u0414\u0435\u043f\u0430\u0440\u0442\u043c\u0430\u043d \u0437\u0430 \u043c\u0430\u0442\u0435\u043c\u0430\u0442\u0438\u043a\u0443 \u0438 \u0438\u043d\u0444\u043e\u0440\u043c\u0430\u0442\u0438\u043a\u0443<\/a><\/li>\n<li>\u00a0<a id=\"yui_3_17_2_1_1606441555159_1201\" href=\"https:\/\/matematika.pmf.uns.ac.rs\/\" target=\"_blank\" rel=\"noopener noreferrer\">\u041e\u0434\u0441\u0435\u043a \u0437\u0430 \u043c\u0430\u0442\u0435\u043c\u0430\u0442\u0438\u043a\u0443<\/a><\/li>\n<\/ul>","protected":false},"excerpt":{"rendered":"<p>\u041b\u0435\u0442\u045a\u0438 \u0441\u0435\u043c\u0435\u0441\u0442\u0430\u0440 2025\/26. Moodle \u0441\u0442\u0440\u0430\u043d\u0438\u0446\u0430 \u0421\u0442\u0440\u0430\u043d\u0438\u0446\u0430 \u041a\u043e\u043c\u043f\u043b\u0435\u043a\u0441\u043d\u0430 \u0430\u043d\u0430\u043b\u0438\u0437\u0430 2 \u043d\u0430 \u043f\u043b\u0430\u0442\u0444\u043e\u0440\u043c\u0438 Moodle \u0458\u0435 \u043d\u0430 \u0430\u0434\u0440\u0435\u0441\u0438 &#8212;&gt; \u043b\u0438\u043d\u043a \u0430 \u0448\u0438\u0444\u0440\u0430 \u0458\u0435 &#8212;&gt; Riman2 \u041f\u0440\u0435\u0434\u0430\u0432\u0430\u0447\u0438 \u0438 \u0442\u0435\u0440\u043c\u0438\u043d\u0438 \u041f\u0440\u043e\u0444\u0435\u0441\u043e\u0440: \u041c\u0438\u043b\u0438\u0446\u0430 \u0416\u0438\u0433\u0438\u045b &#8212; email \u0430\u0434\u0440\u0435\u0441\u0430 \u0422\u0435\u0440\u043c\u0438\u043d \u043f\u0440\u0435\u0434\u0430\u0432\u0430\u045a\u0430 \u0438 \u0432\u0435\u0436\u0431\u0438:\u00a0 \u0421\u0430\u0434\u0440\u0436\u0430\u0458 \u043a\u0443\u0440\u0441\u0430 \u041b\u0438\u0442\u0435\u0440\u0430\u0442\u0443\u0440\u0430 B. Stankovi\u0107, Teorija funkcija kompleksne promenljive, Nau\u010dna knjiga, Beograd, 1972. M. Mateljevi\u0107, Kompleksne funkcije 1 &amp; 2,&hellip;<\/p>\n","protected":false},"author":12,"featured_media":0,"parent":21,"menu_order":4,"comment_status":"closed","ping_status":"closed","template":"","meta":{"_monsterinsights_skip_tracking":false,"_monsterinsights_sitenote_active":false,"_monsterinsights_sitenote_note":"","_monsterinsights_sitenote_category":0,"footnotes":""},"class_list":["post-3380","page","type-page","status-publish","hentry"],"_links":{"self":[{"href":"https:\/\/personal.pmf.uns.ac.rs\/milica.zigic\/wp-json\/wp\/v2\/pages\/3380","targetHints":{"allow":["GET"]}}],"collection":[{"href":"https:\/\/personal.pmf.uns.ac.rs\/milica.zigic\/wp-json\/wp\/v2\/pages"}],"about":[{"href":"https:\/\/personal.pmf.uns.ac.rs\/milica.zigic\/wp-json\/wp\/v2\/types\/page"}],"author":[{"embeddable":true,"href":"https:\/\/personal.pmf.uns.ac.rs\/milica.zigic\/wp-json\/wp\/v2\/users\/12"}],"replies":[{"embeddable":true,"href":"https:\/\/personal.pmf.uns.ac.rs\/milica.zigic\/wp-json\/wp\/v2\/comments?post=3380"}],"version-history":[{"count":10,"href":"https:\/\/personal.pmf.uns.ac.rs\/milica.zigic\/wp-json\/wp\/v2\/pages\/3380\/revisions"}],"predecessor-version":[{"id":3497,"href":"https:\/\/personal.pmf.uns.ac.rs\/milica.zigic\/wp-json\/wp\/v2\/pages\/3380\/revisions\/3497"}],"up":[{"embeddable":true,"href":"https:\/\/personal.pmf.uns.ac.rs\/milica.zigic\/wp-json\/wp\/v2\/pages\/21"}],"wp:attachment":[{"href":"https:\/\/personal.pmf.uns.ac.rs\/milica.zigic\/wp-json\/wp\/v2\/media?parent=3380"}],"curies":[{"name":"wp","href":"https:\/\/api.w.org\/{rel}","templated":true}]}}