{"id":21,"date":"2013-01-08T22:18:57","date_gmt":"2013-01-08T21:18:57","guid":{"rendered":"http:\/\/personal.pmf.uns.ac.rs\/milica.zigic\/?page_id=21"},"modified":"2025-12-08T00:53:19","modified_gmt":"2025-12-07T23:53:19","slug":"teaching","status":"publish","type":"page","link":"https:\/\/personal.pmf.uns.ac.rs\/milica.zigic\/teaching\/","title":{"rendered":"\u041d\u0430\u0441\u0442\u0430\u0432\u0430"},"content":{"rendered":"\n<h2 class=\"wp-block-heading\">Teaching<\/h2>\n\n\n\n<div class=\"wp-block-columns is-layout-flex wp-container-core-columns-is-layout-9d6595d7 wp-block-columns-is-layout-flex\">\n<div class=\"wp-block-column is-layout-flow wp-block-column-is-layout-flow\" style=\"flex-basis:100%\">\n<div class=\"wp-block-group\"><div class=\"wp-block-group__inner-container is-layout-flow wp-block-group-is-layout-flow\">\n<div class=\"wp-block-buttons is-horizontal is-content-justification-left is-layout-flex wp-container-core-buttons-is-layout-7e5fce0a wp-block-buttons-is-layout-flex\" id=\"kursevi\">\n<div class=\"wp-block-button is-style-fill\"><a class=\"wp-block-button__link has-light-green-cyan-background-color has-background wp-element-button\" href=\"https:\/\/personal.pmf.uns.ac.rs\/milica.zigic\/teaching\/%d0%b8%d0%bd%d1%84%d0%be%d1%80%d0%bc%d0%b0%d1%86%d0%b8%d1%98%d0%b5-%d0%ba%d0%be%d0%bd%d1%81%d1%83%d0%bb%d1%82%d0%b0%d1%86%d0%b8%d1%98%d0%b5\/\" target=\"_blank\" rel=\"https:\/\/personal.pmf.uns.ac.rs\/milica.zigic\/teaching\/%d0%b8%d0%bd%d1%84%d0%be%d1%80%d0%bc%d0%b0%d1%86%d0%b8%d1%98%d0%b5-%d0%ba%d0%be%d0%bd%d1%81%d1%83%d0%bb%d1%82%d0%b0%d1%86%d0%b8%d1%98%d0%b5\/ noopener\">\u041e\u043f\u0448\u0442\u0435 \u0438\u043d\u0444\u043e\u0440\u043c\u0430\u0446\u0438\u0458\u0435<\/a><\/div>\n\n\n\n<div class=\"wp-block-button\"><a class=\"wp-block-button__link has-vivid-green-cyan-background-color has-background wp-element-button\" href=\"https:\/\/personal.pmf.uns.ac.rs\/milica.zigic\/teaching\/analiticka-geometrija\/\" target=\"_blank\" rel=\"noreferrer noopener\">\u0410\u043d\u0430\u043b\u0438\u0442\u0438\u0447\u043a\u0430 \u0433\u0435\u043e\u043c\u0435\u0442\u0440\u0438\u0458\u0430<\/a><\/div>\n\n\n\n<div class=\"wp-block-button\"><a class=\"wp-block-button__link has-pale-cyan-blue-background-color has-background wp-element-button\" href=\"https:\/\/personal.pmf.uns.ac.rs\/milica.zigic\/teaching\/kompleksna-analiza\/\" target=\"_blank\" rel=\"noreferrer noopener\">\u041a\u043e\u043c\u043f\u043b\u0435\u043a\u0441\u043d\u0430 \u0430\u043d\u0430\u043b\u0438\u0437\u0430<\/a><\/div>\n\n\n\n<div class=\"wp-block-button\"><a class=\"wp-block-button__link has-vivid-purple-background-color has-background wp-element-button\" href=\"https:\/\/personal.pmf.uns.ac.rs\/milica.zigic\/teaching\/optimizacija\/\" target=\"_blank\" rel=\"noreferrer noopener\">\u041e\u043f\u0442\u0438\u043c\u0438\u0437\u0430\u0446\u0438\u0458\u0430<\/a><\/div>\n\n\n\n<div class=\"wp-block-button is-style-fill\"><a class=\"wp-block-button__link has-cyan-bluish-gray-background-color has-background wp-element-button\" href=\"https:\/\/personal.pmf.uns.ac.rs\/milica.zigic\/teaching\/kompleksna-analiza-2\/\" style=\"border-radius:100px\" target=\"_blank\" rel=\"noreferrer noopener\">\u041a\u043e\u043c\u043f\u043b\u0435\u043a\u0441\u043d\u0430 \u0430\u043d\u0430\u043b\u0438\u0437\u0430 2<\/a><\/div>\n\n\n\n<div class=\"wp-block-button\"><a class=\"wp-block-button__link has-vivid-red-background-color has-background wp-element-button\" href=\"https:\/\/personal.pmf.uns.ac.rs\/milica.zigic\/teaching\/%d0%bc%d0%b0%d1%81%d1%82%d0%b5%d1%80-%d1%80%d0%b0%d0%b4\/\" target=\"_blank\" rel=\"noreferrer noopener\">\u041c\u0430\u0441\u0442\u0435\u0440 \u0440\u0430\u0434<\/a><\/div>\n<\/div>\n<\/div><\/div>\n<\/div>\n<\/div>\n\n\n<p>CONDUCT COURSES &#8211; currently<\/p>\n<p style=\"padding-left: 40px\">Analytic Geometry, Complex Analysis, Optimization, Complex Analysis 2<\/p>\n<p style=\"padding-left: 40px\">and previously: Projective Geometry<\/p>\n<p>TEACHING ASSISTANT ON COURSES &#8211; previously\u00a0<\/p>\n<p style=\"padding-left: 40px\"><i>Introduction to Analysis<\/i>, <i>Analysis 1<\/i>, <i>Analysis 2<\/i>,<em> Complex Analysis<\/em>, <i>Projective Geometry<\/i>, <i>Metric and Normed Spaces<\/i>, <i>Differential Geometry<\/i>, <i>Optimization<\/i>, Equations of Mathematical Physics, <i>Probability and Statistics<\/i>, <i>Mathematics 1<\/i> (for physics students), <i>Mathematics 2<\/i> (for physics students), Mathematics (for chemistry students), Statistics in Pharmacy (Faculty of Medicine)<\/p>\n<p>TEXTBOOK (in serbian)<\/p>\n<ul>\n<li style=\"text-align: left\">N. Teofanov, M. \u017digi\u0107: <em>Osnovi optimizacije<\/em>, PMF Novi Sad, 2018. (elektronsko izdanje)<\/li>\n<\/ul>\n<p style=\"padding-left: 80px\">ISBN: 978-86-7031-361-3<br \/>link: <a href=\"https:\/\/www.pmf.uns.ac.rs\/studije\/epublikacije\/matinf\/teofanov_zigic_osnovi_optimizacije.pdf\">https:\/\/www.pmf.uns.ac.rs\/studije\/epublikacije\/matinf\/teofanov_zigic_osnovi_optimizacije.pdf<\/a><\/p>\n<p>LECTURE NOTES (in serbian)<\/p>\n<ul>\n<li>M. \u017digi\u0107:<em> Kompleksna analiza &#8211; bele\u0161ke sa predavanja<\/em>, 2020.<\/li>\n<li>M. \u017digi\u0107: <em>Projektivna geometrija &#8211; bele\u0161ke sa predavanja<\/em>, 2017.<\/li>\n<\/ul>","protected":false},"excerpt":{"rendered":"<p>Teaching CONDUCT COURSES &#8211; currently Analytic Geometry, Complex Analysis, Optimization, Complex Analysis 2 and previously: Projective Geometry TEACHING ASSISTANT ON COURSES &#8211; previously\u00a0 Introduction to Analysis, Analysis 1, Analysis 2, Complex Analysis, Projective Geometry, Metric and Normed Spaces, Differential Geometry, Optimization, Equations of Mathematical Physics, Probability and Statistics, Mathematics 1 (for physics students), Mathematics 2&hellip;<\/p>\n","protected":false},"author":12,"featured_media":0,"parent":0,"menu_order":0,"comment_status":"closed","ping_status":"closed","template":"","meta":{"_monsterinsights_skip_tracking":false,"_monsterinsights_sitenote_active":false,"_monsterinsights_sitenote_note":"","_monsterinsights_sitenote_category":0,"footnotes":""},"class_list":["post-21","page","type-page","status-publish","hentry"],"_links":{"self":[{"href":"https:\/\/personal.pmf.uns.ac.rs\/milica.zigic\/wp-json\/wp\/v2\/pages\/21","targetHints":{"allow":["GET"]}}],"collection":[{"href":"https:\/\/personal.pmf.uns.ac.rs\/milica.zigic\/wp-json\/wp\/v2\/pages"}],"about":[{"href":"https:\/\/personal.pmf.uns.ac.rs\/milica.zigic\/wp-json\/wp\/v2\/types\/page"}],"author":[{"embeddable":true,"href":"https:\/\/personal.pmf.uns.ac.rs\/milica.zigic\/wp-json\/wp\/v2\/users\/12"}],"replies":[{"embeddable":true,"href":"https:\/\/personal.pmf.uns.ac.rs\/milica.zigic\/wp-json\/wp\/v2\/comments?post=21"}],"version-history":[{"count":328,"href":"https:\/\/personal.pmf.uns.ac.rs\/milica.zigic\/wp-json\/wp\/v2\/pages\/21\/revisions"}],"predecessor-version":[{"id":3487,"href":"https:\/\/personal.pmf.uns.ac.rs\/milica.zigic\/wp-json\/wp\/v2\/pages\/21\/revisions\/3487"}],"wp:attachment":[{"href":"https:\/\/personal.pmf.uns.ac.rs\/milica.zigic\/wp-json\/wp\/v2\/media?parent=21"}],"curies":[{"name":"wp","href":"https:\/\/api.w.org\/{rel}","templated":true}]}}